{"id":9765,"date":"2026-04-02T12:38:24","date_gmt":"2026-04-02T10:38:24","guid":{"rendered":"https:\/\/www.itpspa.it\/?page_id=9765"},"modified":"2026-04-02T12:56:40","modified_gmt":"2026-04-02T10:56:40","slug":"junction-a4-a5-deviation-provisoire-de-camolesa","status":"publish","type":"page","link":"https:\/\/www.itpspa.it\/fr\/troncon-a55-a5\/junction-a4-a5-deviation-provisoire-de-camolesa\/","title":{"rendered":"Junction A4\/A5, d\u00e9viation provisoire de Camolesa"},"content":{"rendered":"<div class=\"wpb-content-wrapper\"><p>[vc_row css_animation=\u00a0\u00bb\u00a0\u00bb row_type=\u00a0\u00bbrow\u00a0\u00bb use_row_as_full_screen_section=\u00a0\u00bbno\u00a0\u00bb type=\u00a0\u00bbfull_width\u00a0\u00bb angled_section=\u00a0\u00bbno\u00a0\u00bb text_align=\u00a0\u00bbleft\u00a0\u00bb background_image_as_pattern=\u00a0\u00bbwithout_pattern\u00a0\u00bb z_index=\u00a0\u00bb\u00a0\u00bb el_class=\u00a0\u00bbriga-testo-padding\u00a0\u00bb][vc_column offset=\u00a0\u00bbvc_col-md-3&Prime;][vc_widget_sidebar sidebar_id=\u00a0\u00bbSidebar-Info-Servizi\u00a0\u00bb][\/vc_column][vc_column offset=\u00a0\u00bbvc_col-md-9&Prime;][vc_column_text css=\u00a0\u00bb\u00a0\u00bb]La Soci\u00e9t\u00e9 a pris en charge la gestion des tron\u00e7ons autoroutiers A21 Turin-Alexandrie-Plaisance, A5 Turin-Ivrea-Quincinetto, A4\/A5 bretelle Ivrea-Santhi\u00e0, du r\u00e9seau autoroutier p\u00e9riph\u00e9rique de Turin et de ses embranchements \u00e0 compter du 1er d\u00e9cembre 2024, poursuivant, entre autres, les activit\u00e9s d\u00e9j\u00e0 engag\u00e9es par les gestionnaires pr\u00e9c\u00e9dents (ATIVA S.p.A. et SATAP S.p.A.).<\/p>\n<p>En ce qui concerne la bretelle autorouti\u00e8re A4\/A5 Ivrea-Santhi\u00e0, il convient de pr\u00e9ciser que la Soci\u00e9t\u00e9, compte tenu de la situation d&rsquo;urgence h\u00e9rit\u00e9e li\u00e9e aux d\u00e9faillances structurelles constat\u00e9es sur le viaduc de la \u00ab Camolesa \u00bb et sur indication du Minist\u00e8re des Infrastructures et des Transports, conc\u00e9dant de la concession, \u00e0 l&rsquo;ancien gestionnaire ATIVA S.p.A., a poursuivi la r\u00e9alisation et mis en service une voie de circulation provisoire sur remblai, afin d\u2019\u00e9viter la fermeture de l\u2019ensemble du tron\u00e7on autoroutier et de permettre la circulation des usagers sur une voie dans chaque sens sans limitation de poids, dans l\u2019attente de l\u2019ach\u00e8vement de la conception des travaux de mise en conformit\u00e9 du viaduc, actuellement en phase d\u2019\u00e9valuation des incidences sur l\u2019environnement aupr\u00e8s du minist\u00e8re de l\u2019Environnement et de la S\u00e9curit\u00e9 \u00e9nerg\u00e9tique.<\/p>\n<p>Les travaux de mise en conformit\u00e9 du viaduc d\u00e9buteront d\u00e8s l&rsquo;obtention de toutes les autorisations requises par la r\u00e9glementation en vigueur, y compris en mati\u00e8re d&rsquo;environnement.<\/p>\n<p>La mise en place d&rsquo;une d\u00e9viation provisoire entre le km 16+200 et le km 15+600 environ peut entra\u00eener, en fonction du trafic, des ralentissements et\/ou des embouteillages les jours f\u00e9ri\u00e9s et les week-ends.<\/p>\n<p>En particulier :<\/p>\n<ul>\n<li>les jours pr\u00e9c\u00e9dant les jours f\u00e9ri\u00e9s, des ralentissements et\/ou des embouteillages sont possibles en provenance de Milan\/G\u00eanes en direction d&rsquo;Aoste, \u00e0 partir de la jonction entre le raccordement A4\/A5 et les autoroutes A4 Torno-Milan et A26 G\u00eanes-Gravellona-Toce &#8211; Embranchement A26\/A4 Stroppiana-Santhi\u00e0 (km 23+000) jusqu&rsquo;\u00e0 la d\u00e9viation provisoire (km 15+600) ;<\/li>\n<li>les jours f\u00e9ri\u00e9s, marqu\u00e9s par le retour des stations de montagne, des ralentissements et\/ou des bouchons peuvent se produire en provenance d&rsquo;Aoste vers Milan\/G\u00eanes, sur la bretelle A4\/A5 \u00e0 partir du km 9+000 environ (apr\u00e8s la sortie d&rsquo;Albiano au km 8+000) jusqu&rsquo;au km 16+200 environ ;<\/li>\n<li>le week-end, \u00e0 partir du vendredi soir de 18 h 00 environ \u00e0 22 h 00 environ et le samedi matin de 8 h 00 \u00e0 10 h 00 environ, des ralentissements et\/ou des embouteillages sont possibles \u00e0 partir de la jonction entre la bretelle A4\/A5 et les autoroutes A4 Torno-Milan et A26 G\u00eanes-Gravellona-Toce &#8211; de l&#8217;embranchement A26\/A4 Stroppiana-Santhi\u00e0 (km 23+000) jusqu&rsquo;\u00e0 la d\u00e9viation provisoire (km 15+600) ;<\/li>\n<li>le dimanche, jour marqu\u00e9 par le retour des stations de montagne, des ralentissements et\/ou des embouteillages sont \u00e0 pr\u00e9voir en provenance d&rsquo;Aoste en direction de Milan\/G\u00eanes, sur la bretelle A4\/A5 \u00e0 partir du km 9+000 environ (apr\u00e8s la sortie d&rsquo;Albiano au km 8+000) jusqu&rsquo;au km 16+200 environ.<\/li>\n<\/ul>\n<p>Les plans indiquent les <a href=\"\/wp-content\/uploads\/ITP-2026_03_21_PercorsiAlternativiCamolesa.pdf\" target=\"_blank\" rel=\"noopener\"><strong>itin\u00e9raires alternatifs<\/strong><\/a> possibles pendant les jours et les tranches horaires o\u00f9 le trafic est le plus dense :<\/p>\n<ul>\n<li>itin\u00e9raires de Milan\/G\u00eanes vers Aoste ;<\/li>\n<li>itin\u00e9raires d&rsquo;Aoste vers Milan ;<\/li>\n<li>itin\u00e9raires d&rsquo;Aoste vers Alexandrie\/G\u00eanes.<\/li>\n<\/ul>\n<p>La Soci\u00e9t\u00e9 a mis \u00e0 la disposition des usagers le num\u00e9ro vert gratuit <strong><a href=\"tel:800005021\">800 005 021<\/a><\/strong>, joignable depuis l&rsquo;Italie, et le num\u00e9ro de t\u00e9l\u00e9phone fixe <a href=\"tel:+3901119517872\"><strong>+39 011-19517872<\/strong><\/a>, joignable depuis l&rsquo;\u00e9tranger, pour toute information et\/ou assistance 24 heures sur 24.[\/vc_column_text][vc_empty_space]\n\n\t<a href=\"\/wp-content\/uploads\/ITP-2026_03_21_PercorsiAlternativiCamolesa.pdf\" target=\"_blank\"  class=\"qode-btn qode-btn-medium qode-btn-solid qode-btn-icon qode-btn-default-hover\"  >\n\t    <span class=\"qode-btn-text\"> Itin\u00e9raires alternatifs<\/span><span class=\"qode-button-v2-icon-holder\"  ><i class=\"qode_icon_font_awesome fa fa-download qode-button-v2-icon-holder-inner\" ><\/i><\/span>\t<\/a>\n\n[\/vc_column][\/vc_row]<\/p>\n<\/div>","protected":false},"excerpt":{"rendered":"<p>[vc_row css_animation=\u00a0\u00bb\u00a0\u00bb row_type=\u00a0\u00bbrow\u00a0\u00bb use_row_as_full_screen_section=\u00a0\u00bbno\u00a0\u00bb type=\u00a0\u00bbfull_width\u00a0\u00bb angled_section=\u00a0\u00bbno\u00a0\u00bb text_align=\u00a0\u00bbleft\u00a0\u00bb background_image_as_pattern=\u00a0\u00bbwithout_pattern\u00a0\u00bb z_index=\u00a0\u00bb\u00a0\u00bb el_class=\u00a0\u00bbriga-testo-padding\u00a0\u00bb][vc_column offset=\u00a0\u00bbvc_col-md-3&Prime;][vc_widget_sidebar sidebar_id=\u00a0\u00bbSidebar-Info-Servizi\u00a0\u00bb][\/vc_column][vc_column offset=\u00a0\u00bbvc_col-md-9&Prime;][vc_column_text css=\u00a0\u00bb\u00a0\u00bb]La Soci\u00e9t\u00e9 a pris en charge la gestion des tron\u00e7ons autoroutiers A21 Turin-Alexandrie-Plaisance, A5 Turin-Ivrea-Quincinetto, A4\/A5 bretelle Ivrea-Santhi\u00e0, du r\u00e9seau autoroutier p\u00e9riph\u00e9rique de Turin et de ses embranchements \u00e0 compter du 1er&#8230;<\/p>\n","protected":false},"author":2,"featured_media":0,"parent":9057,"menu_order":0,"comment_status":"closed","ping_status":"closed","template":"full_width.php","meta":{"_acf_changed":false,"inline_featured_image":false,"footnotes":""},"class_list":["post-9765","page","type-page","status-publish","hentry","wpautop"],"acf":[],"yoast_head":"<!-- This site is optimized with the Yoast SEO plugin v27.2 - https:\/\/yoast.com\/product\/yoast-seo-wordpress\/ -->\n<title>Junction A4\/A5, d\u00e9viation provisoire de Camolesa - ITP - Ivrea Torino Piacenza S.p.A.<\/title>\n<meta name=\"robots\" content=\"index, follow, max-snippet:-1, max-image-preview:large, max-video-preview:-1\" \/>\n<link rel=\"canonical\" href=\"https:\/\/www.itpspa.it\/fr\/troncon-a55-a5\/junction-a4-a5-deviation-provisoire-de-camolesa\/\" \/>\n<meta property=\"og:locale\" content=\"fr_FR\" \/>\n<meta property=\"og:type\" content=\"article\" \/>\n<meta property=\"og:title\" content=\"Junction A4\/A5, d\u00e9viation provisoire de Camolesa - ITP - Ivrea Torino Piacenza S.p.A.\" \/>\n<meta property=\"og:description\" content=\"[vc_row css_animation=\u00a0\u00bb\u00a0\u00bb row_type=\u00a0\u00bbrow\u00a0\u00bb use_row_as_full_screen_section=\u00a0\u00bbno\u00a0\u00bb type=\u00a0\u00bbfull_width\u00a0\u00bb angled_section=\u00a0\u00bbno\u00a0\u00bb text_align=\u00a0\u00bbleft\u00a0\u00bb background_image_as_pattern=\u00a0\u00bbwithout_pattern\u00a0\u00bb z_index=\u00a0\u00bb\u00a0\u00bb el_class=\u00a0\u00bbriga-testo-padding\u00a0\u00bb][vc_column offset=\u00a0\u00bbvc_col-md-3&Prime;][vc_widget_sidebar sidebar_id=\u00a0\u00bbSidebar-Info-Servizi\u00a0\u00bb][\/vc_column][vc_column offset=\u00a0\u00bbvc_col-md-9&Prime;][vc_column_text css=\u00a0\u00bb\u00a0\u00bb]La Soci\u00e9t\u00e9 a pris en charge la gestion des tron\u00e7ons autoroutiers A21 Turin-Alexandrie-Plaisance, A5 Turin-Ivrea-Quincinetto, A4\/A5 bretelle Ivrea-Santhi\u00e0, du r\u00e9seau autoroutier p\u00e9riph\u00e9rique de Turin et de ses embranchements \u00e0 compter du 1er...\" \/>\n<meta property=\"og:url\" content=\"https:\/\/www.itpspa.it\/fr\/troncon-a55-a5\/junction-a4-a5-deviation-provisoire-de-camolesa\/\" \/>\n<meta property=\"og:site_name\" content=\"ITP - Ivrea Torino Piacenza S.p.A.\" \/>\n<meta property=\"article:modified_time\" content=\"2026-04-02T10:56:40+00:00\" \/>\n<meta name=\"twitter:card\" content=\"summary_large_image\" \/>\n<meta name=\"twitter:label1\" content=\"Dur\u00e9e de lecture estim\u00e9e\" \/>\n\t<meta name=\"twitter:data1\" content=\"3 minutes\" \/>\n<script type=\"application\/ld+json\" class=\"yoast-schema-graph\">{\"@context\":\"https:\/\/schema.org\",\"@graph\":[{\"@type\":\"WebPage\",\"@id\":\"https:\/\/www.itpspa.it\/fr\/troncon-a55-a5\/junction-a4-a5-deviation-provisoire-de-camolesa\/\",\"url\":\"https:\/\/www.itpspa.it\/fr\/troncon-a55-a5\/junction-a4-a5-deviation-provisoire-de-camolesa\/\",\"name\":\"Junction A4\/A5, d\u00e9viation provisoire de Camolesa - ITP - Ivrea Torino Piacenza S.p.A.\",\"isPartOf\":{\"@id\":\"https:\/\/www.itpspa.it\/#website\"},\"datePublished\":\"2026-04-02T10:38:24+00:00\",\"dateModified\":\"2026-04-02T10:56:40+00:00\",\"breadcrumb\":{\"@id\":\"https:\/\/www.itpspa.it\/fr\/troncon-a55-a5\/junction-a4-a5-deviation-provisoire-de-camolesa\/#breadcrumb\"},\"inLanguage\":\"fr-FR\",\"potentialAction\":[{\"@type\":\"ReadAction\",\"target\":[\"https:\/\/www.itpspa.it\/fr\/troncon-a55-a5\/junction-a4-a5-deviation-provisoire-de-camolesa\/\"]}]},{\"@type\":\"BreadcrumbList\",\"@id\":\"https:\/\/www.itpspa.it\/fr\/troncon-a55-a5\/junction-a4-a5-deviation-provisoire-de-camolesa\/#breadcrumb\",\"itemListElement\":[{\"@type\":\"ListItem\",\"position\":1,\"name\":\"Home\",\"item\":\"https:\/\/www.itpspa.it\/fr\/\"},{\"@type\":\"ListItem\",\"position\":2,\"name\":\"Tron\u00e7on 1 A55\/A5\",\"item\":\"https:\/\/www.itpspa.it\/fr\/troncon-a55-a5\/\"},{\"@type\":\"ListItem\",\"position\":3,\"name\":\"Junction A4\/A5, d\u00e9viation provisoire de Camolesa\"}]},{\"@type\":\"WebSite\",\"@id\":\"https:\/\/www.itpspa.it\/#website\",\"url\":\"https:\/\/www.itpspa.it\/\",\"name\":\"ITP - Ivrea Torino Piacenza S.p.A.\",\"description\":\"ITP - Ivrea Torino Piacenza S.p.A.\",\"publisher\":{\"@id\":\"https:\/\/www.itpspa.it\/#organization\"},\"alternateName\":\"ITP S.p.A.\",\"potentialAction\":[{\"@type\":\"SearchAction\",\"target\":{\"@type\":\"EntryPoint\",\"urlTemplate\":\"https:\/\/www.itpspa.it\/?s={search_term_string}\"},\"query-input\":{\"@type\":\"PropertyValueSpecification\",\"valueRequired\":true,\"valueName\":\"search_term_string\"}}],\"inLanguage\":\"fr-FR\"},{\"@type\":\"Organization\",\"@id\":\"https:\/\/www.itpspa.it\/#organization\",\"name\":\"ITP - Ivrea Torino Piacenza S.p.A.\",\"alternateName\":\"ITP S.p.A.\",\"url\":\"https:\/\/www.itpspa.it\/\",\"logo\":{\"@type\":\"ImageObject\",\"inLanguage\":\"fr-FR\",\"@id\":\"https:\/\/www.itpspa.it\/#\/schema\/logo\/image\/\",\"url\":\"https:\/\/www.itpspa.it\/wp-content\/uploads\/ITP-Concessionaria-autostrada-IVREA-TORINO-PIACENZA-1-1.svg\",\"contentUrl\":\"https:\/\/www.itpspa.it\/wp-content\/uploads\/ITP-Concessionaria-autostrada-IVREA-TORINO-PIACENZA-1-1.svg\",\"width\":\"1024\",\"height\":\"1024\",\"caption\":\"ITP - Ivrea Torino Piacenza S.p.A.\"},\"image\":{\"@id\":\"https:\/\/www.itpspa.it\/#\/schema\/logo\/image\/\"}}]}<\/script>\n<!-- \/ Yoast SEO plugin. -->","yoast_head_json":{"title":"Junction A4\/A5, d\u00e9viation provisoire de Camolesa - ITP - Ivrea Torino Piacenza S.p.A.","robots":{"index":"index","follow":"follow","max-snippet":"max-snippet:-1","max-image-preview":"max-image-preview:large","max-video-preview":"max-video-preview:-1"},"canonical":"https:\/\/www.itpspa.it\/fr\/troncon-a55-a5\/junction-a4-a5-deviation-provisoire-de-camolesa\/","og_locale":"fr_FR","og_type":"article","og_title":"Junction A4\/A5, d\u00e9viation provisoire de Camolesa - ITP - Ivrea Torino Piacenza S.p.A.","og_description":"[vc_row css_animation=\u00a0\u00bb\u00a0\u00bb row_type=\u00a0\u00bbrow\u00a0\u00bb use_row_as_full_screen_section=\u00a0\u00bbno\u00a0\u00bb type=\u00a0\u00bbfull_width\u00a0\u00bb angled_section=\u00a0\u00bbno\u00a0\u00bb text_align=\u00a0\u00bbleft\u00a0\u00bb background_image_as_pattern=\u00a0\u00bbwithout_pattern\u00a0\u00bb z_index=\u00a0\u00bb\u00a0\u00bb el_class=\u00a0\u00bbriga-testo-padding\u00a0\u00bb][vc_column offset=\u00a0\u00bbvc_col-md-3&Prime;][vc_widget_sidebar sidebar_id=\u00a0\u00bbSidebar-Info-Servizi\u00a0\u00bb][\/vc_column][vc_column offset=\u00a0\u00bbvc_col-md-9&Prime;][vc_column_text css=\u00a0\u00bb\u00a0\u00bb]La Soci\u00e9t\u00e9 a pris en charge la gestion des tron\u00e7ons autoroutiers A21 Turin-Alexandrie-Plaisance, A5 Turin-Ivrea-Quincinetto, A4\/A5 bretelle Ivrea-Santhi\u00e0, du r\u00e9seau autoroutier p\u00e9riph\u00e9rique de Turin et de ses embranchements \u00e0 compter du 1er...","og_url":"https:\/\/www.itpspa.it\/fr\/troncon-a55-a5\/junction-a4-a5-deviation-provisoire-de-camolesa\/","og_site_name":"ITP - Ivrea Torino Piacenza S.p.A.","article_modified_time":"2026-04-02T10:56:40+00:00","twitter_card":"summary_large_image","twitter_misc":{"Dur\u00e9e de lecture estim\u00e9e":"3 minutes"},"schema":{"@context":"https:\/\/schema.org","@graph":[{"@type":"WebPage","@id":"https:\/\/www.itpspa.it\/fr\/troncon-a55-a5\/junction-a4-a5-deviation-provisoire-de-camolesa\/","url":"https:\/\/www.itpspa.it\/fr\/troncon-a55-a5\/junction-a4-a5-deviation-provisoire-de-camolesa\/","name":"Junction A4\/A5, d\u00e9viation provisoire de Camolesa - ITP - Ivrea Torino Piacenza S.p.A.","isPartOf":{"@id":"https:\/\/www.itpspa.it\/#website"},"datePublished":"2026-04-02T10:38:24+00:00","dateModified":"2026-04-02T10:56:40+00:00","breadcrumb":{"@id":"https:\/\/www.itpspa.it\/fr\/troncon-a55-a5\/junction-a4-a5-deviation-provisoire-de-camolesa\/#breadcrumb"},"inLanguage":"fr-FR","potentialAction":[{"@type":"ReadAction","target":["https:\/\/www.itpspa.it\/fr\/troncon-a55-a5\/junction-a4-a5-deviation-provisoire-de-camolesa\/"]}]},{"@type":"BreadcrumbList","@id":"https:\/\/www.itpspa.it\/fr\/troncon-a55-a5\/junction-a4-a5-deviation-provisoire-de-camolesa\/#breadcrumb","itemListElement":[{"@type":"ListItem","position":1,"name":"Home","item":"https:\/\/www.itpspa.it\/fr\/"},{"@type":"ListItem","position":2,"name":"Tron\u00e7on 1 A55\/A5","item":"https:\/\/www.itpspa.it\/fr\/troncon-a55-a5\/"},{"@type":"ListItem","position":3,"name":"Junction A4\/A5, d\u00e9viation provisoire de Camolesa"}]},{"@type":"WebSite","@id":"https:\/\/www.itpspa.it\/#website","url":"https:\/\/www.itpspa.it\/","name":"ITP - Ivrea Torino Piacenza S.p.A.","description":"ITP - Ivrea Torino Piacenza S.p.A.","publisher":{"@id":"https:\/\/www.itpspa.it\/#organization"},"alternateName":"ITP S.p.A.","potentialAction":[{"@type":"SearchAction","target":{"@type":"EntryPoint","urlTemplate":"https:\/\/www.itpspa.it\/?s={search_term_string}"},"query-input":{"@type":"PropertyValueSpecification","valueRequired":true,"valueName":"search_term_string"}}],"inLanguage":"fr-FR"},{"@type":"Organization","@id":"https:\/\/www.itpspa.it\/#organization","name":"ITP - Ivrea Torino Piacenza S.p.A.","alternateName":"ITP S.p.A.","url":"https:\/\/www.itpspa.it\/","logo":{"@type":"ImageObject","inLanguage":"fr-FR","@id":"https:\/\/www.itpspa.it\/#\/schema\/logo\/image\/","url":"https:\/\/www.itpspa.it\/wp-content\/uploads\/ITP-Concessionaria-autostrada-IVREA-TORINO-PIACENZA-1-1.svg","contentUrl":"https:\/\/www.itpspa.it\/wp-content\/uploads\/ITP-Concessionaria-autostrada-IVREA-TORINO-PIACENZA-1-1.svg","width":"1024","height":"1024","caption":"ITP - Ivrea Torino Piacenza S.p.A."},"image":{"@id":"https:\/\/www.itpspa.it\/#\/schema\/logo\/image\/"}}]}},"publishpress_future_workflow_manual_trigger":{"enabledWorkflows":[]},"_links":{"self":[{"href":"https:\/\/www.itpspa.it\/fr\/wp-json\/wp\/v2\/pages\/9765","targetHints":{"allow":["GET"]}}],"collection":[{"href":"https:\/\/www.itpspa.it\/fr\/wp-json\/wp\/v2\/pages"}],"about":[{"href":"https:\/\/www.itpspa.it\/fr\/wp-json\/wp\/v2\/types\/page"}],"author":[{"embeddable":true,"href":"https:\/\/www.itpspa.it\/fr\/wp-json\/wp\/v2\/users\/2"}],"replies":[{"embeddable":true,"href":"https:\/\/www.itpspa.it\/fr\/wp-json\/wp\/v2\/comments?post=9765"}],"version-history":[{"count":4,"href":"https:\/\/www.itpspa.it\/fr\/wp-json\/wp\/v2\/pages\/9765\/revisions"}],"predecessor-version":[{"id":9787,"href":"https:\/\/www.itpspa.it\/fr\/wp-json\/wp\/v2\/pages\/9765\/revisions\/9787"}],"up":[{"embeddable":true,"href":"https:\/\/www.itpspa.it\/fr\/wp-json\/wp\/v2\/pages\/9057"}],"wp:attachment":[{"href":"https:\/\/www.itpspa.it\/fr\/wp-json\/wp\/v2\/media?parent=9765"}],"curies":[{"name":"wp","href":"https:\/\/api.w.org\/{rel}","templated":true}]}}