{"id":9482,"date":"2024-11-26T11:54:10","date_gmt":"2024-11-26T10:54:10","guid":{"rendered":"https:\/\/www.itpspa.it\/itp-ivrea-torino-piacenza\/"},"modified":"2026-02-26T16:07:57","modified_gmt":"2026-02-26T15:07:57","slug":"itp-ivrea-torino-piacenza-2","status":"publish","type":"page","link":"https:\/\/www.itpspa.it\/fr\/","title":{"rendered":"ITP &#8211; Ivrea Torino Piacenza S.p.A., Concessionnaire des Autoroutes A55\/A5 et A21"},"content":{"rendered":"<div class=\"wpb-content-wrapper\"><p>[vc_row css_animation=\u00a0\u00bb\u00a0\u00bb row_type=\u00a0\u00bbrow\u00a0\u00bb use_row_as_full_screen_section=\u00a0\u00bbno\u00a0\u00bb type=\u00a0\u00bbfull_width\u00a0\u00bb angled_section=\u00a0\u00bbno\u00a0\u00bb text_align=\u00a0\u00bbleft\u00a0\u00bb background_image_as_pattern=\u00a0\u00bbwithout_pattern\u00a0\u00bb z_index=\u00a0\u00bb\u00a0\u00bb css=\u00a0\u00bb.vc_custom_1732621870277{margin-top: 0px !important;margin-right: 0px !important;margin-bottom: 0px !important;margin-left: 0px !important;padding-right: 0px !important;padding-bottom: 0px !important;padding-left: 0px !important;}\u00a0\u00bb][vc_column css=\u00a0\u00bb.vc_custom_1732622131081{padding-left: 40px !important;}\u00a0\u00bb]<div class=\"qode-advanced-image-gallery  qode-aig-slider-type qode-no-space   \">\n\t<div class=\"qode-aig-slider qode-owl-slider\" data-number-of-items=\"1\" data-enable-loop=\"yes\" data-enable-autoplay=\"yes\" data-slider-speed=\"5000\" data-slider-speed-animation=\"600\" data-slider-padding=\"no\" data-enable-navigation=\"no\" data-enable-pagination=\"no\">\n\t\t\t\t\t<div class=\"qode-aig-image\">\n\t\t\t\t\t\t\t\t\t<img loading=\"lazy\" decoding=\"async\" width=\"2560\" height=\"950\" src=\"https:\/\/www.itpspa.it\/wp-content\/uploads\/Viadotto-Marchetti-A5-ITP.jpg\" class=\"attachment-full size-full\" alt=\"Viadotto Marchetti - A5, ITP\" srcset=\"https:\/\/www.itpspa.it\/wp-content\/uploads\/Viadotto-Marchetti-A5-ITP.jpg 2560w, https:\/\/www.itpspa.it\/wp-content\/uploads\/Viadotto-Marchetti-A5-ITP-300x111.jpg 300w, https:\/\/www.itpspa.it\/wp-content\/uploads\/Viadotto-Marchetti-A5-ITP-1024x380.jpg 1024w, https:\/\/www.itpspa.it\/wp-content\/uploads\/Viadotto-Marchetti-A5-ITP-768x285.jpg 768w, https:\/\/www.itpspa.it\/wp-content\/uploads\/Viadotto-Marchetti-A5-ITP-1536x570.jpg 1536w, https:\/\/www.itpspa.it\/wp-content\/uploads\/Viadotto-Marchetti-A5-ITP-2048x760.jpg 2048w, https:\/\/www.itpspa.it\/wp-content\/uploads\/Viadotto-Marchetti-A5-ITP-700x260.jpg 700w\" sizes=\"auto, (max-width: 2560px) 100vw, 2560px\" \/>\t\t\t\t\t<span class=\"aig-gallery-hover\">\n\t\t\t\t\t\t\t\t\t\t\t<\/span>\n\t\t\t\t\t\t\t<\/div>\n\t\t\t\t\t<div class=\"qode-aig-image\">\n\t\t\t\t\t\t\t\t\t<img loading=\"lazy\" decoding=\"async\" width=\"2560\" height=\"950\" src=\"https:\/\/www.itpspa.it\/wp-content\/uploads\/Autostrada_A21-ITP-1.jpg\" class=\"attachment-full size-full\" alt=\"Autostrada_A21 - ITP\" srcset=\"https:\/\/www.itpspa.it\/wp-content\/uploads\/Autostrada_A21-ITP-1.jpg 2560w, https:\/\/www.itpspa.it\/wp-content\/uploads\/Autostrada_A21-ITP-1-300x111.jpg 300w, https:\/\/www.itpspa.it\/wp-content\/uploads\/Autostrada_A21-ITP-1-1024x380.jpg 1024w, https:\/\/www.itpspa.it\/wp-content\/uploads\/Autostrada_A21-ITP-1-768x285.jpg 768w, https:\/\/www.itpspa.it\/wp-content\/uploads\/Autostrada_A21-ITP-1-1536x570.jpg 1536w, https:\/\/www.itpspa.it\/wp-content\/uploads\/Autostrada_A21-ITP-1-2048x760.jpg 2048w, https:\/\/www.itpspa.it\/wp-content\/uploads\/Autostrada_A21-ITP-1-700x260.jpg 700w\" sizes=\"auto, (max-width: 2560px) 100vw, 2560px\" \/>\t\t\t\t\t<span class=\"aig-gallery-hover\">\n\t\t\t\t\t\t\t\t\t\t\t<\/span>\n\t\t\t\t\t\t\t<\/div>\n\t\t\t<\/div>\n<\/div>[\/vc_column][\/vc_row][vc_row css_animation=\u00a0\u00bb\u00a0\u00bb row_type=\u00a0\u00bbrow\u00a0\u00bb use_row_as_full_screen_section=\u00a0\u00bbno\u00a0\u00bb type=\u00a0\u00bbfull_width\u00a0\u00bb angled_section=\u00a0\u00bbno\u00a0\u00bb text_align=\u00a0\u00bbleft\u00a0\u00bb background_image_as_pattern=\u00a0\u00bbwithout_pattern\u00a0\u00bb z_index=\u00a0\u00bb\u00a0\u00bb][vc_column][qode_elements_holder number_of_columns=\u00a0\u00bbtwo_columns\u00a0\u00bb][qode_elements_holder_item item_padding=\u00a0\u00bb40px 40px 40px 40px\u00a0\u00bb vertical_alignment=\u00a0\u00bbmiddle\u00a0\u00bb advanced_animations=\u00a0\u00bbno\u00a0\u00bb][vc_column_text css=\u00a0\u00bb\u00a0\u00bb]<\/p>\n<h1 class=\"sottile \" style=\"text-align: right;\"><strong>ITP\u00a0<\/strong>EST LA SOCI\u00c9T\u00c9 QUI G\u00c8RE<br \/>\nLES\u00a0<strong>AUTOROUTES A55\/A5 ET A21<\/strong><\/h1>\n<p>[\/vc_column_text][\/qode_elements_holder_item][qode_elements_holder_item item_padding=\u00a0\u00bb55px 40px 40px 40px\u00a0\u00bb advanced_animations=\u00a0\u00bbno\u00a0\u00bb][vc_column_text css=\u00a0\u00bb\u00a0\u00bb]La soci\u00e9t\u00e9 IVREA TORINO PIACENZA S.p.A., plus bri\u00e8vement ITP S.p.A., est la soci\u00e9t\u00e9 concessionnaire de la gestion des tron\u00e7ons autoroutiers A5 Torino-Ivrea-Quincinetto, de la bretelle d\u2019acc\u00e8s A4\/A5 Ivrea-Santhi\u00e0, de l&#8217;embranchement Torino-Pinerolo et du syst\u00e8me p\u00e9riph\u00e9rique de Turin (SATT) (ITP Tron\u00e7on 1), et du tron\u00e7on autoroutier A21 Torino-Alessandria-Piacenza (ITP Tron\u00e7on 2).<\/p>\n<p>ITP S.p.a. a son si\u00e8ge \u00e0 Turin, Corso Vittorio Emanuele II, 178 &#8211; 10138 Torino.<\/p>\n<p>Les bureaux op\u00e9rationnels se trouvent dans les locaux situ\u00e9s\u00a0<a href=\"https:\/\/www.google.it\/maps\/place\/Str.+della+Cebrosa,+86,+10156+Torino+TO\/@45.1191056,7.7330486,17z\/data=!3m1!4b1!4m6!3m5!1s0x478871f3379c61e7:0xf285b3e1d10b079f!8m2!3d45.1191056!4d7.7330486!16s%2Fg%2F11bw3z776n?entry=ttu&amp;g_ep=EgoyMDI0MTEyNC4xIKXMDSoASAFQAw%3D%3D\" target=\"_blank\" rel=\"noopener\">Strada della Cebrosa, 86 &#8211; 10156 Torino<\/a>\u00a0&#8211; t\u00e9l.\u00a0<a href=\"tel:+390113814100\">+39 011 3814100<\/a>.[\/vc_column_text][\/qode_elements_holder_item][\/qode_elements_holder][\/vc_column][\/vc_row][vc_row css_animation=\u00a0\u00bb\u00a0\u00bb row_type=\u00a0\u00bbrow\u00a0\u00bb use_row_as_full_screen_section=\u00a0\u00bbyes\u00a0\u00bb type=\u00a0\u00bbfull_width\u00a0\u00bb angled_section=\u00a0\u00bbno\u00a0\u00bb text_align=\u00a0\u00bbcenter\u00a0\u00bb background_image_as_pattern=\u00a0\u00bbwithout_pattern\u00a0\u00bb z_index=\u00a0\u00bb7&Prime; css=\u00a0\u00bb.vc_custom_1772108039007{padding-top: 70px !important;padding-bottom: 20px !important;background-color: #ffffff !important;}\u00a0\u00bb el_class=\u00a0\u00bbsfondo-righe-chiaro-01&Prime;][vc_column width=\u00a0\u00bb1\/4&Prime;][vc_single_image image=\u00a0\u00bb9590&Prime; img_size=\u00a0\u00bbfull\u00a0\u00bb alignment=\u00a0\u00bbcenter\u00a0\u00bb onclick=\u00a0\u00bbcustom_link\u00a0\u00bb css=\u00a0\u00bb\u00a0\u00bb qode_css_animation=\u00a0\u00bb\u00a0\u00bb link=\u00a0\u00bb\/fr\/organes-dentreprise\/\u00a0\u00bb][vc_column_text css=\u00a0\u00bb\u00a0\u00bb]<\/p>\n<p style=\"text-align: center;\"><a href=\"https:\/\/www.itpspa.it\/fr\/organes-dentreprise\/\">La Soci\u00e9t\u00e9<\/a><\/p>\n<p>[\/vc_column_text][vc_empty_space height=\u00a0\u00bb30px\u00a0\u00bb][\/vc_column][vc_column width=\u00a0\u00bb1\/4&Prime;][vc_single_image image=\u00a0\u00bb9582&Prime; img_size=\u00a0\u00bbfull\u00a0\u00bb alignment=\u00a0\u00bbcenter\u00a0\u00bb onclick=\u00a0\u00bbcustom_link\u00a0\u00bb css=\u00a0\u00bb\u00a0\u00bb qode_css_animation=\u00a0\u00bb\u00a0\u00bb link=\u00a0\u00bb\/fr\/troncon-a55-a5\/a55-tangenziale-a5-torino-quincinetto\/\u00a0\u00bb][vc_column_text css=\u00a0\u00bb\u00a0\u00bb]<\/p>\n<p style=\"text-align: center;\"><a href=\"https:\/\/www.itpspa.it\/fr\/troncon-a55-a5\/a55-tangenziale-a5-torino-quincinetto\/\">Tron\u00e7on 1 &#8211; A55\/A5<\/a><\/p>\n<p>[\/vc_column_text][vc_empty_space height=\u00a0\u00bb30px\u00a0\u00bb][\/vc_column][vc_column width=\u00a0\u00bb1\/4&Prime;][vc_single_image image=\u00a0\u00bb9582&Prime; img_size=\u00a0\u00bbfull\u00a0\u00bb alignment=\u00a0\u00bbcenter\u00a0\u00bb onclick=\u00a0\u00bbcustom_link\u00a0\u00bb css=\u00a0\u00bb\u00a0\u00bb qode_css_animation=\u00a0\u00bb\u00a0\u00bb link=\u00a0\u00bb\/fr\/troncon-2-a21\/a21-torino-piacenza\/\u00a0\u00bb][vc_column_text css=\u00a0\u00bb\u00a0\u00bb]<\/p>\n<p style=\"text-align: center;\"><a href=\"https:\/\/www.itpspa.it\/fr\/troncon-2-a21\/a21-torino-piacenza\/\">Tron\u00e7on 2 &#8211; A21<\/a><\/p>\n<p>[\/vc_column_text][vc_empty_space height=\u00a0\u00bb30px\u00a0\u00bb][\/vc_column][vc_column width=\u00a0\u00bb1\/4&Prime;][vc_single_image image=\u00a0\u00bb9586&Prime; img_size=\u00a0\u00bbfull\u00a0\u00bb alignment=\u00a0\u00bbcenter\u00a0\u00bb onclick=\u00a0\u00bbcustom_link\u00a0\u00bb css=\u00a0\u00bb\u00a0\u00bb qode_css_animation=\u00a0\u00bb\u00a0\u00bb link=\u00a0\u00bb\/fr\/depannage\/\u00a0\u00bb][vc_column_text css=\u00a0\u00bb\u00a0\u00bb]<\/p>\n<p style=\"text-align: center;\"><a href=\"https:\/\/www.itpspa.it\/fr\/depannage\/\">Services<\/a><\/p>\n<p>[\/vc_column_text][vc_empty_space height=\u00a0\u00bb30px\u00a0\u00bb][\/vc_column][\/vc_row][vc_row css_animation=\u00a0\u00bb\u00a0\u00bb row_type=\u00a0\u00bbrow\u00a0\u00bb use_row_as_full_screen_section=\u00a0\u00bbno\u00a0\u00bb type=\u00a0\u00bbfull_width\u00a0\u00bb angled_section=\u00a0\u00bbno\u00a0\u00bb text_align=\u00a0\u00bbleft\u00a0\u00bb background_image_as_pattern=\u00a0\u00bbwithout_pattern\u00a0\u00bb z_index=\u00a0\u00bb\u00a0\u00bb][vc_column][vc_empty_space][vc_column_text css=\u00a0\u00bb\u00a0\u00bb]<\/p>\n<h2 style=\"text-align: center;\"><span style=\"color: #000000;\">Le service client\u00e8le d\u2019ITP est disponible au num\u00e9ro gratuit suivant<\/span><br \/>\n<a href=\"tel:800005021\">800 005 021<\/a><span style=\"color: #000000;\"> (depuis l\u2019Italie)<br \/>\nou au num\u00e9ro de t\u00e9l\u00e9phone fixe avec l\u2019indicatif international<\/span><br \/>\n<a href=\"tel:+3901119517872\">+39 011-19517872<\/a><span style=\"color: #000000;\"> (depuis l\u2019\u00e9tranger)<br \/>\nactifs 24 heures sur 24.<\/span><\/h2>\n<p>[\/vc_column_text][vc_empty_space][\/vc_column][\/vc_row][vc_row css_animation=\u00a0\u00bb\u00a0\u00bb row_type=\u00a0\u00bbrow\u00a0\u00bb use_row_as_full_screen_section=\u00a0\u00bbyes\u00a0\u00bb type=\u00a0\u00bbfull_width\u00a0\u00bb angled_section=\u00a0\u00bbno\u00a0\u00bb text_align=\u00a0\u00bbcenter\u00a0\u00bb background_image_as_pattern=\u00a0\u00bbwithout_pattern\u00a0\u00bb z_index=\u00a0\u00bb7&Prime; css=\u00a0\u00bb.vc_custom_1772117841014{padding-top: 70px !important;padding-bottom: 20px !important;background-color: #ffffff !important;}\u00a0\u00bb el_class=\u00a0\u00bbsfondo-righe-chiaro-01&Prime; el_id=\u00a0\u00bbbottoni-itp\u00a0\u00bb][vc_column width=\u00a0\u00bb1\/4&Prime;]\n\n\t<a href=\"\/fr\/informations-generales-sur-lutilisation-et-la-gestion-des-infrastructures-et-des-services\/\" target=\"_self\"  class=\"qode-btn qode-btn-medium qode-btn-solid qode-btn-icon bott-itp qode-btn-default-hover\"  >\n\t    <span class=\"qode-btn-text\">Informations g\u00e9n\u00e9rales<\/span><span class=\"qode-button-v2-icon-holder\"  ><i class=\"qode_icon_font_awesome fa fa-angle-double-right qode-button-v2-icon-holder-inner\" ><\/i><\/span>\t<\/a>\n\n[vc_empty_space height=\u00a0\u00bb30px\u00a0\u00bb]\n\n\t<a href=\"\/fr\/charte-des-services\/\" target=\"_self\"  class=\"qode-btn qode-btn-medium qode-btn-solid qode-btn-icon bott-itp qode-btn-default-hover\"  >\n\t    <span class=\"qode-btn-text\">Charte des services<\/span><span class=\"qode-button-v2-icon-holder\"  ><i class=\"qode_icon_font_awesome fa fa-angle-double-right qode-button-v2-icon-holder-inner\" ><\/i><\/span>\t<\/a>\n\n[vc_empty_space height=\u00a0\u00bb30px\u00a0\u00bb][\/vc_column][vc_column width=\u00a0\u00bb1\/4&Prime;]\n\n\t<a href=\"\/fr\/troncon-a55-a5\/accessibilite-pmr\/\" target=\"_self\"  class=\"qode-btn qode-btn-medium qode-btn-solid qode-btn-icon bott-itp qode-btn-default-hover\"  >\n\t    <span class=\"qode-btn-text\">Accessibilit\u00e9 PMR A55\/A5<\/span><span class=\"qode-button-v2-icon-holder\"  ><i class=\"qode_icon_font_awesome fa fa-angle-double-right qode-button-v2-icon-holder-inner\" ><\/i><\/span>\t<\/a>\n\n[vc_empty_space height=\u00a0\u00bb30px\u00a0\u00bb]\n\n\t<a href=\"\/fr\/troncon-2-a21\/accessibilite-pmr\/\" target=\"_self\"  class=\"qode-btn qode-btn-medium qode-btn-solid qode-btn-icon bott-itp qode-btn-default-hover\"  >\n\t    <span class=\"qode-btn-text\">Accessibilit\u00e9 PMR A21<\/span><span class=\"qode-button-v2-icon-holder\"  ><i class=\"qode_icon_font_awesome fa fa-angle-double-right qode-button-v2-icon-holder-inner\" ><\/i><\/span>\t<\/a>\n\n[vc_empty_space height=\u00a0\u00bb30px\u00a0\u00bb][\/vc_column][vc_column width=\u00a0\u00bb1\/4&Prime;]\n\n\t<a href=\"\/fr\/troncon-a55-a5\/reclamations\/\" target=\"_self\"  class=\"qode-btn qode-btn-medium qode-btn-solid qode-btn-icon bott-itp qode-btn-default-hover\"  >\n\t    <span class=\"qode-btn-text\">R\u00e9clamations A55\/A5<\/span><span class=\"qode-button-v2-icon-holder\"  ><i class=\"qode_icon_font_awesome fa fa-angle-double-right qode-button-v2-icon-holder-inner\" ><\/i><\/span>\t<\/a>\n\n[vc_empty_space height=\u00a0\u00bb30px\u00a0\u00bb]\n\n\t<a href=\"\/fr\/troncon-2-a21\/reclamations\/\" target=\"_self\"  class=\"qode-btn qode-btn-medium qode-btn-solid qode-btn-icon bott-itp qode-btn-default-hover\"  >\n\t    <span class=\"qode-btn-text\">R\u00e9clamations A21<\/span><span class=\"qode-button-v2-icon-holder\"  ><i class=\"qode_icon_font_awesome fa fa-angle-double-right qode-button-v2-icon-holder-inner\" ><\/i><\/span>\t<\/a>\n\n[vc_empty_space height=\u00a0\u00bb30px\u00a0\u00bb][\/vc_column][vc_column width=\u00a0\u00bb1\/4&Prime;]\n\n\t<a href=\"\/fr\/troncon-a55-a5\/info-trafic\/\" target=\"_self\"  class=\"qode-btn qode-btn-medium qode-btn-solid qode-btn-icon bott-itp qode-btn-default-hover\"  >\n\t    <span class=\"qode-btn-text\">Perturbations de la circulation A55\/A5<\/span><span class=\"qode-button-v2-icon-holder\"  ><i class=\"qode_icon_font_awesome fa fa-angle-double-right qode-button-v2-icon-holder-inner\" ><\/i><\/span>\t<\/a>\n\n[vc_empty_space height=\u00a0\u00bb30px\u00a0\u00bb]\n\n\t<a href=\"\/fr\/troncon-2-a21\/info-trafic\/\" target=\"_self\"  class=\"qode-btn qode-btn-medium qode-btn-solid qode-btn-icon bott-itp qode-btn-default-hover\"  >\n\t    <span class=\"qode-btn-text\">Perturbations de la circulation A21<\/span><span class=\"qode-button-v2-icon-holder\"  ><i class=\"qode_icon_font_awesome fa fa-angle-double-right qode-button-v2-icon-holder-inner\" ><\/i><\/span>\t<\/a>\n\n[vc_empty_space height=\u00a0\u00bb30px\u00a0\u00bb][\/vc_column][\/vc_row]<\/p>\n<\/div>","protected":false},"excerpt":{"rendered":"<p>[vc_row css_animation=\u00a0\u00bb\u00a0\u00bb row_type=\u00a0\u00bbrow\u00a0\u00bb use_row_as_full_screen_section=\u00a0\u00bbno\u00a0\u00bb type=\u00a0\u00bbfull_width\u00a0\u00bb angled_section=\u00a0\u00bbno\u00a0\u00bb text_align=\u00a0\u00bbleft\u00a0\u00bb background_image_as_pattern=\u00a0\u00bbwithout_pattern\u00a0\u00bb z_index=\u00a0\u00bb\u00a0\u00bb css=\u00a0\u00bb.vc_custom_1732621870277{margin-top: 0px !important;margin-right: 0px !important;margin-bottom: 0px !important;margin-left: 0px !important;padding-right: 0px !important;padding-bottom: 0px !important;padding-left: 0px !important;}\u00a0\u00bb][vc_column css=\u00a0\u00bb.vc_custom_1732622131081{padding-left: 40px !important;}\u00a0\u00bb][\/vc_column][\/vc_row][vc_row css_animation=\u00a0\u00bb\u00a0\u00bb row_type=\u00a0\u00bbrow\u00a0\u00bb use_row_as_full_screen_section=\u00a0\u00bbno\u00a0\u00bb type=\u00a0\u00bbfull_width\u00a0\u00bb angled_section=\u00a0\u00bbno\u00a0\u00bb text_align=\u00a0\u00bbleft\u00a0\u00bb background_image_as_pattern=\u00a0\u00bbwithout_pattern\u00a0\u00bb z_index=\u00a0\u00bb\u00a0\u00bb][vc_column][qode_elements_holder number_of_columns=\u00a0\u00bbtwo_columns\u00a0\u00bb][qode_elements_holder_item item_padding=\u00a0\u00bb40px 40px 40px 40px\u00a0\u00bb vertical_alignment=\u00a0\u00bbmiddle\u00a0\u00bb advanced_animations=\u00a0\u00bbno\u00a0\u00bb][vc_column_text css=\u00a0\u00bb\u00a0\u00bb] ITP\u00a0EST LA&#8230;<\/p>\n","protected":false},"author":2,"featured_media":0,"parent":0,"menu_order":0,"comment_status":"closed","ping_status":"closed","template":"full_width.php","meta":{"_acf_changed":false,"inline_featured_image":false,"footnotes":""},"class_list":["post-9482","page","type-page","status-publish","hentry","wpautop"],"acf":[],"yoast_head":"<!-- This site is optimized with the Yoast SEO plugin v27.2 - https:\/\/yoast.com\/product\/yoast-seo-wordpress\/ -->\n<title>ITP - Ivrea Torino Piacenza S.p.A.<\/title>\n<meta name=\"description\" content=\"ITP S.p.A. est la soci\u00e9t\u00e9 concessionnaire des tron\u00e7ons autoroutiers A5 Torino-Quincinetto, A55 Tangenziale di Torino et A21 Torino-Piacenza\" \/>\n<meta name=\"robots\" content=\"index, follow, max-snippet:-1, max-image-preview:large, max-video-preview:-1\" \/>\n<link rel=\"canonical\" href=\"https:\/\/www.itpspa.it\/fr\/\" \/>\n<meta property=\"og:locale\" content=\"fr_FR\" \/>\n<meta property=\"og:type\" content=\"article\" \/>\n<meta property=\"og:title\" content=\"ITP - Ivrea Torino Piacenza S.p.A.\" \/>\n<meta property=\"og:description\" content=\"ITP S.p.A. est la soci\u00e9t\u00e9 concessionnaire des tron\u00e7ons autoroutiers A5 Torino-Quincinetto, A55 Tangenziale di Torino et A21 Torino-Piacenza\" \/>\n<meta property=\"og:url\" content=\"https:\/\/www.itpspa.it\/fr\/\" \/>\n<meta property=\"og:site_name\" content=\"ITP - Ivrea Torino Piacenza S.p.A.\" \/>\n<meta property=\"article:modified_time\" content=\"2026-02-26T15:07:57+00:00\" \/>\n<meta name=\"twitter:card\" content=\"summary_large_image\" \/>\n<meta name=\"twitter:label1\" content=\"Dur\u00e9e de lecture estim\u00e9e\" \/>\n\t<meta name=\"twitter:data1\" content=\"2 minutes\" \/>\n<script type=\"application\/ld+json\" class=\"yoast-schema-graph\">{\"@context\":\"https:\/\/schema.org\",\"@graph\":[{\"@type\":\"WebPage\",\"@id\":\"https:\/\/www.itpspa.it\/fr\/\",\"url\":\"https:\/\/www.itpspa.it\/fr\/\",\"name\":\"ITP - Ivrea Torino Piacenza S.p.A.\",\"isPartOf\":{\"@id\":\"https:\/\/www.itpspa.it\/#website\"},\"datePublished\":\"2024-11-26T10:54:10+00:00\",\"dateModified\":\"2026-02-26T15:07:57+00:00\",\"description\":\"ITP S.p.A. est la soci\u00e9t\u00e9 concessionnaire des tron\u00e7ons autoroutiers A5 Torino-Quincinetto, A55 Tangenziale di Torino et A21 Torino-Piacenza\",\"breadcrumb\":{\"@id\":\"https:\/\/www.itpspa.it\/fr\/#breadcrumb\"},\"inLanguage\":\"fr-FR\",\"potentialAction\":[{\"@type\":\"ReadAction\",\"target\":[\"https:\/\/www.itpspa.it\/fr\/\"]}]},{\"@type\":\"BreadcrumbList\",\"@id\":\"https:\/\/www.itpspa.it\/fr\/#breadcrumb\",\"itemListElement\":[{\"@type\":\"ListItem\",\"position\":1,\"name\":\"Home\",\"item\":\"https:\/\/www.itpspa.it\/fr\/\"},{\"@type\":\"ListItem\",\"position\":2,\"name\":\"ITP &#8211; Ivrea Torino Piacenza S.p.A., Concessionnaire des Autoroutes A55\/A5 et A21\"}]},{\"@type\":\"WebSite\",\"@id\":\"https:\/\/www.itpspa.it\/#website\",\"url\":\"https:\/\/www.itpspa.it\/\",\"name\":\"ITP - Ivrea Torino Piacenza S.p.A.\",\"description\":\"ITP - Ivrea Torino Piacenza S.p.A.\",\"publisher\":{\"@id\":\"https:\/\/www.itpspa.it\/#organization\"},\"alternateName\":\"ITP S.p.A.\",\"potentialAction\":[{\"@type\":\"SearchAction\",\"target\":{\"@type\":\"EntryPoint\",\"urlTemplate\":\"https:\/\/www.itpspa.it\/?s={search_term_string}\"},\"query-input\":{\"@type\":\"PropertyValueSpecification\",\"valueRequired\":true,\"valueName\":\"search_term_string\"}}],\"inLanguage\":\"fr-FR\"},{\"@type\":\"Organization\",\"@id\":\"https:\/\/www.itpspa.it\/#organization\",\"name\":\"ITP - Ivrea Torino Piacenza S.p.A.\",\"alternateName\":\"ITP S.p.A.\",\"url\":\"https:\/\/www.itpspa.it\/\",\"logo\":{\"@type\":\"ImageObject\",\"inLanguage\":\"fr-FR\",\"@id\":\"https:\/\/www.itpspa.it\/#\/schema\/logo\/image\/\",\"url\":\"https:\/\/www.itpspa.it\/wp-content\/uploads\/ITP-Concessionaria-autostrada-IVREA-TORINO-PIACENZA-1-1.svg\",\"contentUrl\":\"https:\/\/www.itpspa.it\/wp-content\/uploads\/ITP-Concessionaria-autostrada-IVREA-TORINO-PIACENZA-1-1.svg\",\"width\":\"1024\",\"height\":\"1024\",\"caption\":\"ITP - Ivrea Torino Piacenza S.p.A.\"},\"image\":{\"@id\":\"https:\/\/www.itpspa.it\/#\/schema\/logo\/image\/\"}}]}<\/script>\n<!-- \/ Yoast SEO plugin. -->","yoast_head_json":{"title":"ITP - Ivrea Torino Piacenza S.p.A.","description":"ITP S.p.A. est la soci\u00e9t\u00e9 concessionnaire des tron\u00e7ons autoroutiers A5 Torino-Quincinetto, A55 Tangenziale di Torino et A21 Torino-Piacenza","robots":{"index":"index","follow":"follow","max-snippet":"max-snippet:-1","max-image-preview":"max-image-preview:large","max-video-preview":"max-video-preview:-1"},"canonical":"https:\/\/www.itpspa.it\/fr\/","og_locale":"fr_FR","og_type":"article","og_title":"ITP - Ivrea Torino Piacenza S.p.A.","og_description":"ITP S.p.A. est la soci\u00e9t\u00e9 concessionnaire des tron\u00e7ons autoroutiers A5 Torino-Quincinetto, A55 Tangenziale di Torino et A21 Torino-Piacenza","og_url":"https:\/\/www.itpspa.it\/fr\/","og_site_name":"ITP - Ivrea Torino Piacenza S.p.A.","article_modified_time":"2026-02-26T15:07:57+00:00","twitter_card":"summary_large_image","twitter_misc":{"Dur\u00e9e de lecture estim\u00e9e":"2 minutes"},"schema":{"@context":"https:\/\/schema.org","@graph":[{"@type":"WebPage","@id":"https:\/\/www.itpspa.it\/fr\/","url":"https:\/\/www.itpspa.it\/fr\/","name":"ITP - Ivrea Torino Piacenza S.p.A.","isPartOf":{"@id":"https:\/\/www.itpspa.it\/#website"},"datePublished":"2024-11-26T10:54:10+00:00","dateModified":"2026-02-26T15:07:57+00:00","description":"ITP S.p.A. est la soci\u00e9t\u00e9 concessionnaire des tron\u00e7ons autoroutiers A5 Torino-Quincinetto, A55 Tangenziale di Torino et A21 Torino-Piacenza","breadcrumb":{"@id":"https:\/\/www.itpspa.it\/fr\/#breadcrumb"},"inLanguage":"fr-FR","potentialAction":[{"@type":"ReadAction","target":["https:\/\/www.itpspa.it\/fr\/"]}]},{"@type":"BreadcrumbList","@id":"https:\/\/www.itpspa.it\/fr\/#breadcrumb","itemListElement":[{"@type":"ListItem","position":1,"name":"Home","item":"https:\/\/www.itpspa.it\/fr\/"},{"@type":"ListItem","position":2,"name":"ITP &#8211; Ivrea Torino Piacenza S.p.A., Concessionnaire des Autoroutes A55\/A5 et A21"}]},{"@type":"WebSite","@id":"https:\/\/www.itpspa.it\/#website","url":"https:\/\/www.itpspa.it\/","name":"ITP - Ivrea Torino Piacenza S.p.A.","description":"ITP - Ivrea Torino Piacenza S.p.A.","publisher":{"@id":"https:\/\/www.itpspa.it\/#organization"},"alternateName":"ITP S.p.A.","potentialAction":[{"@type":"SearchAction","target":{"@type":"EntryPoint","urlTemplate":"https:\/\/www.itpspa.it\/?s={search_term_string}"},"query-input":{"@type":"PropertyValueSpecification","valueRequired":true,"valueName":"search_term_string"}}],"inLanguage":"fr-FR"},{"@type":"Organization","@id":"https:\/\/www.itpspa.it\/#organization","name":"ITP - Ivrea Torino Piacenza S.p.A.","alternateName":"ITP S.p.A.","url":"https:\/\/www.itpspa.it\/","logo":{"@type":"ImageObject","inLanguage":"fr-FR","@id":"https:\/\/www.itpspa.it\/#\/schema\/logo\/image\/","url":"https:\/\/www.itpspa.it\/wp-content\/uploads\/ITP-Concessionaria-autostrada-IVREA-TORINO-PIACENZA-1-1.svg","contentUrl":"https:\/\/www.itpspa.it\/wp-content\/uploads\/ITP-Concessionaria-autostrada-IVREA-TORINO-PIACENZA-1-1.svg","width":"1024","height":"1024","caption":"ITP - Ivrea Torino Piacenza S.p.A."},"image":{"@id":"https:\/\/www.itpspa.it\/#\/schema\/logo\/image\/"}}]}},"publishpress_future_workflow_manual_trigger":{"enabledWorkflows":[]},"_links":{"self":[{"href":"https:\/\/www.itpspa.it\/fr\/wp-json\/wp\/v2\/pages\/9482","targetHints":{"allow":["GET"]}}],"collection":[{"href":"https:\/\/www.itpspa.it\/fr\/wp-json\/wp\/v2\/pages"}],"about":[{"href":"https:\/\/www.itpspa.it\/fr\/wp-json\/wp\/v2\/types\/page"}],"author":[{"embeddable":true,"href":"https:\/\/www.itpspa.it\/fr\/wp-json\/wp\/v2\/users\/2"}],"replies":[{"embeddable":true,"href":"https:\/\/www.itpspa.it\/fr\/wp-json\/wp\/v2\/comments?post=9482"}],"version-history":[{"count":8,"href":"https:\/\/www.itpspa.it\/fr\/wp-json\/wp\/v2\/pages\/9482\/revisions"}],"predecessor-version":[{"id":9622,"href":"https:\/\/www.itpspa.it\/fr\/wp-json\/wp\/v2\/pages\/9482\/revisions\/9622"}],"wp:attachment":[{"href":"https:\/\/www.itpspa.it\/fr\/wp-json\/wp\/v2\/media?parent=9482"}],"curies":[{"name":"wp","href":"https:\/\/api.w.org\/{rel}","templated":true}]}}