{"id":9470,"date":"2025-09-01T15:11:55","date_gmt":"2025-09-01T13:11:55","guid":{"rendered":"https:\/\/www.itpspa.it\/sicurezza-in-galleria\/"},"modified":"2026-04-10T11:28:06","modified_gmt":"2026-04-10T09:28:06","slug":"securite-dans-les-tunnels","status":"publish","type":"page","link":"https:\/\/www.itpspa.it\/fr\/securite-dans-les-tunnels\/","title":{"rendered":"S\u00e9curit\u00e9 dans les tunnels"},"content":{"rendered":"<div class=\"wpb-content-wrapper\"><p>[vc_row css_animation=\u00a0\u00bb\u00a0\u00bb row_type=\u00a0\u00bbrow\u00a0\u00bb use_row_as_full_screen_section=\u00a0\u00bbno\u00a0\u00bb type=\u00a0\u00bbfull_width\u00a0\u00bb angled_section=\u00a0\u00bbno\u00a0\u00bb text_align=\u00a0\u00bbleft\u00a0\u00bb background_image_as_pattern=\u00a0\u00bbwithout_pattern\u00a0\u00bb z_index=\u00a0\u00bb\u00a0\u00bb el_class=\u00a0\u00bbriga-testo-padding\u00a0\u00bb][vc_column offset=\u00a0\u00bbvc_col-md-3&Prime;][vc_widget_sidebar sidebar_id=\u00a0\u00bbSidebar-Sicurezza\u00a0\u00bb][\/vc_column][vc_column offset=\u00a0\u00bbvc_col-md-9&Prime;][vc_column_text css=\u00a0\u00bb.vc_custom_1775813279976{margin-bottom: 35px !important;}\u00a0\u00bb]Voici quelques indications sur la mani\u00e8re de se comporter dans les tunnels et de faire face aux diff\u00e9rentes situations qui peuvent se pr\u00e9senter\u00a0:<\/p>\n<h3>Comportement dans les tunnels<\/h3>\n<ul>\n<li>Toujours respecter la distance de s\u00e9curit\u00e9 avec le v\u00e9hicule qui pr\u00e9c\u00e8de<\/li>\n<li>Ne jamais d\u00e9passer la limite de vitesse prescrite<\/li>\n<li>Ne pas faire demi-tour ou marche arri\u00e8re<\/li>\n<li>Pr\u00eater attention aux feux tricolores \u00e0 l&rsquo;entr\u00e9e du tunnel<\/li>\n<\/ul>\n<h3>Feux tricolores<\/h3>\n<p>Des feux tricolores sont pr\u00e9sents \u00e0 l\u2019entr\u00e9e des tunnels\u00a0:<\/p>\n<ul>\n<li>le feu vert indique que le tunnel est praticable<\/li>\n<li>le feu rouge indique que le tunnel n&rsquo;est pas praticable<\/li>\n<li>le feu orange clignotant indique des situations inhabituelles sur le tron\u00e7on, telles que des chantiers ou des v\u00e9hicules arr\u00eat\u00e9s pour cause de panne ou d&rsquo;accident<\/li>\n<\/ul>\n<h3>V\u00e9hicule en panne<\/h3>\n<p>Si vous constatez des signes \u00e9vidents de panne et\/ou de dysfonctionnement de votre v\u00e9hicule, arr\u00eatez-vous, si possible, sur la portion de route pr\u00e9c\u00e9dant le tunnel.<br \/>\nEn cas de panne du v\u00e9hicule\u00a0:<\/p>\n<ul>\n<li>si possible, tenter de mettre le v\u00e9hicule en s\u00e9curit\u00e9 en dehors du tunnel, sinon s\u2019arr\u00eater le plus possible \u00e0 droite de la chauss\u00e9e, m\u00eame si cela implique d\u2019empi\u00e9ter partiellement sur la bordure ou le trottoir, et allumer les feux de d\u00e9tresse (quatre clignotants)\u00a0;<\/li>\n<li>\u00e9teindre le moteur sans retirer les cl\u00e9s du tableau de bord<\/li>\n<li>porter un gilet haute visibilit\u00e9<\/li>\n<li>placer le triangle de s\u00e9curit\u00e9 \u00e0 une distance d\u2019au moins 100 m\u00e8tres\u00a0;<\/li>\n<li>Utilisez toujours les feux de stationnement et les feux de d\u00e9tresse<\/li>\n<li>appeler le num\u00e9ro d&rsquo;urgence 112 ou avancer le long de la bordure ou du trottoir pour rejoindre un poste SOS afin d\u2019appeler les secours et rester si possible \u00e0 l\u2019int\u00e9rieur des niches avec les autres passagers.<\/li>\n<\/ul>\n<h3>Incendie<\/h3>\n<p>En cas de pr\u00e9sence dans un tunnel o\u00f9 un incendie est en cours, il est n\u00e9cessaire de suivre ces r\u00e8gles simples mais importantes\u00a0:<\/p>\n<ul>\n<li>s\u2019arr\u00eater sur le c\u00f4t\u00e9 droit de la voie de circulation, si possible \u00e0 une distance suffisante de l\u2019endroit o\u00f9 se d\u00e9roule l\u2019incendie<\/li>\n<li>allumer les feux de d\u00e9tresse (quatre clignotants)<\/li>\n<li>s\u2019\u00e9loigner rapidement du v\u00e9hicule sans n\u00e9cessairement r\u00e9cup\u00e9rer ses effets personnels, mais en laissant les cl\u00e9s ins\u00e9r\u00e9es sans verrouiller le v\u00e9hicule<\/li>\n<li>toujours pr\u00eater attention aux v\u00e9hicules qui circulent<\/li>\n<li>identifier les fl\u00e8ches vertes sur le mur de la voie de gauche, qui indiquent les distances \u00e0 parcourir jusqu\u2019\u00e0 l\u2019entr\u00e9e \/ sortie du tunnel et jusqu\u2019aux issues de secours, si elles existent, qui permettent d\u2019atteindre un lieu s\u00fbr en attendant l\u2019arriv\u00e9e des secours<\/li>\n<li>si possible, se d\u00e9placer comme d\u00e9crit au point pr\u00e9c\u00e9dent dans la direction oppos\u00e9e \u00e0 la fum\u00e9e qui se d\u00e9veloppe<\/li>\n<li>aider les personnes ayant moins d\u2019autonomie dans cette op\u00e9ration d\u2019\u00e9vacuation<\/li>\n<li>contacter les services d&rsquo;urgence, via les colonnes SOS ou en appelant le 112, en donnant toutes les informations n\u00e9cessaires<\/li>\n<\/ul>\n<h3>File ou embouteillage dans un tunnel<\/h3>\n<p>En cas d\u2019embouteillage ou de circulation bloqu\u00e9e \u00e0 l&rsquo;int\u00e9rieur d&rsquo;un tunnel, pour assurer une plus grande s\u00e9curit\u00e9 pour tous\u00a0:<\/p>\n<ul>\n<li>allumer les feux de d\u00e9tresse (quatre clignotants)<\/li>\n<li>laisser une marge d\u2019espace entre son v\u00e9hicule et celui qui le pr\u00e9c\u00e8de<\/li>\n<li>positionner le v\u00e9hicule le plus \u00e0 droite possible pour ceux qui stationnent sur la voie de circulation et le plus \u00e0 gauche possible pour ceux qui occupent la voie rapide, en laissant toujours une all\u00e9e centrale pour le passage d&rsquo;\u00e9ventuels v\u00e9hicules de secours<\/li>\n<li>couper le moteur et ne pas quitter le v\u00e9hicule<\/li>\n<li>ne jamais faire demi-tour ni marche arri\u00e8re<\/li>\n<\/ul>\n<p><strong>Le num\u00e9ro d\u2019appel d\u2019urgence unique est le 112\u00a0; il est disponible en cas d\u2019urgence.<\/strong>[\/vc_column_text][\/vc_column][\/vc_row]<\/p>\n<\/div>","protected":false},"excerpt":{"rendered":"<p>[vc_row css_animation=\u00a0\u00bb\u00a0\u00bb row_type=\u00a0\u00bbrow\u00a0\u00bb use_row_as_full_screen_section=\u00a0\u00bbno\u00a0\u00bb type=\u00a0\u00bbfull_width\u00a0\u00bb angled_section=\u00a0\u00bbno\u00a0\u00bb text_align=\u00a0\u00bbleft\u00a0\u00bb background_image_as_pattern=\u00a0\u00bbwithout_pattern\u00a0\u00bb z_index=\u00a0\u00bb\u00a0\u00bb el_class=\u00a0\u00bbriga-testo-padding\u00a0\u00bb][vc_column offset=\u00a0\u00bbvc_col-md-3&Prime;][vc_widget_sidebar sidebar_id=\u00a0\u00bbSidebar-Sicurezza\u00a0\u00bb][\/vc_column][vc_column offset=\u00a0\u00bbvc_col-md-9&Prime;][vc_column_text css=\u00a0\u00bb.vc_custom_1775813279976{margin-bottom: 35px !important;}\u00a0\u00bb]Voici quelques indications sur la mani\u00e8re de se comporter dans les tunnels et de faire face aux diff\u00e9rentes situations qui peuvent se pr\u00e9senter\u00a0: Comportement dans les tunnels Toujours respecter la&#8230;<\/p>\n","protected":false},"author":1,"featured_media":0,"parent":0,"menu_order":0,"comment_status":"closed","ping_status":"closed","template":"full_width.php","meta":{"_acf_changed":false,"inline_featured_image":false,"footnotes":""},"class_list":["post-9470","page","type-page","status-publish","hentry","wpautop"],"acf":[],"yoast_head":"<!-- This site is optimized with the Yoast SEO plugin v27.2 - https:\/\/yoast.com\/product\/yoast-seo-wordpress\/ -->\n<title>S\u00e9curit\u00e9 dans les tunnels - ITP - Ivrea Torino Piacenza S.p.A.<\/title>\n<meta name=\"robots\" content=\"index, follow, max-snippet:-1, max-image-preview:large, max-video-preview:-1\" \/>\n<link rel=\"canonical\" href=\"https:\/\/www.itpspa.it\/fr\/securite-dans-les-tunnels\/\" \/>\n<meta property=\"og:locale\" content=\"fr_FR\" \/>\n<meta property=\"og:type\" content=\"article\" \/>\n<meta property=\"og:title\" content=\"S\u00e9curit\u00e9 dans les tunnels - ITP - Ivrea Torino Piacenza S.p.A.\" \/>\n<meta property=\"og:description\" content=\"[vc_row css_animation=\u00a0\u00bb\u00a0\u00bb row_type=\u00a0\u00bbrow\u00a0\u00bb use_row_as_full_screen_section=\u00a0\u00bbno\u00a0\u00bb type=\u00a0\u00bbfull_width\u00a0\u00bb angled_section=\u00a0\u00bbno\u00a0\u00bb text_align=\u00a0\u00bbleft\u00a0\u00bb background_image_as_pattern=\u00a0\u00bbwithout_pattern\u00a0\u00bb z_index=\u00a0\u00bb\u00a0\u00bb el_class=\u00a0\u00bbriga-testo-padding\u00a0\u00bb][vc_column offset=\u00a0\u00bbvc_col-md-3&Prime;][vc_widget_sidebar sidebar_id=\u00a0\u00bbSidebar-Sicurezza\u00a0\u00bb][\/vc_column][vc_column offset=\u00a0\u00bbvc_col-md-9&Prime;][vc_column_text css=\u00a0\u00bb.vc_custom_1775813279976{margin-bottom: 35px !important;}\u00a0\u00bb]Voici quelques indications sur la mani\u00e8re de se comporter dans les tunnels et de faire face aux diff\u00e9rentes situations qui peuvent se pr\u00e9senter\u00a0: Comportement dans les tunnels Toujours respecter la...\" \/>\n<meta property=\"og:url\" content=\"https:\/\/www.itpspa.it\/fr\/securite-dans-les-tunnels\/\" \/>\n<meta property=\"og:site_name\" content=\"ITP - Ivrea Torino Piacenza S.p.A.\" \/>\n<meta property=\"article:modified_time\" content=\"2026-04-10T09:28:06+00:00\" \/>\n<meta name=\"twitter:card\" content=\"summary_large_image\" \/>\n<meta name=\"twitter:label1\" content=\"Dur\u00e9e de lecture estim\u00e9e\" \/>\n\t<meta name=\"twitter:data1\" content=\"4 minutes\" \/>\n<script type=\"application\/ld+json\" class=\"yoast-schema-graph\">{\"@context\":\"https:\/\/schema.org\",\"@graph\":[{\"@type\":\"WebPage\",\"@id\":\"https:\/\/www.itpspa.it\/fr\/securite-dans-les-tunnels\/\",\"url\":\"https:\/\/www.itpspa.it\/fr\/securite-dans-les-tunnels\/\",\"name\":\"S\u00e9curit\u00e9 dans les tunnels - ITP - Ivrea Torino Piacenza S.p.A.\",\"isPartOf\":{\"@id\":\"https:\/\/www.itpspa.it\/#website\"},\"datePublished\":\"2025-09-01T13:11:55+00:00\",\"dateModified\":\"2026-04-10T09:28:06+00:00\",\"breadcrumb\":{\"@id\":\"https:\/\/www.itpspa.it\/fr\/securite-dans-les-tunnels\/#breadcrumb\"},\"inLanguage\":\"fr-FR\",\"potentialAction\":[{\"@type\":\"ReadAction\",\"target\":[\"https:\/\/www.itpspa.it\/fr\/securite-dans-les-tunnels\/\"]}]},{\"@type\":\"BreadcrumbList\",\"@id\":\"https:\/\/www.itpspa.it\/fr\/securite-dans-les-tunnels\/#breadcrumb\",\"itemListElement\":[{\"@type\":\"ListItem\",\"position\":1,\"name\":\"Home\",\"item\":\"https:\/\/www.itpspa.it\/fr\/\"},{\"@type\":\"ListItem\",\"position\":2,\"name\":\"S\u00e9curit\u00e9 dans les tunnels\"}]},{\"@type\":\"WebSite\",\"@id\":\"https:\/\/www.itpspa.it\/#website\",\"url\":\"https:\/\/www.itpspa.it\/\",\"name\":\"ITP - Ivrea Torino Piacenza S.p.A.\",\"description\":\"ITP - Ivrea Torino Piacenza S.p.A.\",\"publisher\":{\"@id\":\"https:\/\/www.itpspa.it\/#organization\"},\"alternateName\":\"ITP S.p.A.\",\"potentialAction\":[{\"@type\":\"SearchAction\",\"target\":{\"@type\":\"EntryPoint\",\"urlTemplate\":\"https:\/\/www.itpspa.it\/?s={search_term_string}\"},\"query-input\":{\"@type\":\"PropertyValueSpecification\",\"valueRequired\":true,\"valueName\":\"search_term_string\"}}],\"inLanguage\":\"fr-FR\"},{\"@type\":\"Organization\",\"@id\":\"https:\/\/www.itpspa.it\/#organization\",\"name\":\"ITP - Ivrea Torino Piacenza S.p.A.\",\"alternateName\":\"ITP S.p.A.\",\"url\":\"https:\/\/www.itpspa.it\/\",\"logo\":{\"@type\":\"ImageObject\",\"inLanguage\":\"fr-FR\",\"@id\":\"https:\/\/www.itpspa.it\/#\/schema\/logo\/image\/\",\"url\":\"https:\/\/www.itpspa.it\/wp-content\/uploads\/ITP-Concessionaria-autostrada-IVREA-TORINO-PIACENZA-1-1.svg\",\"contentUrl\":\"https:\/\/www.itpspa.it\/wp-content\/uploads\/ITP-Concessionaria-autostrada-IVREA-TORINO-PIACENZA-1-1.svg\",\"width\":\"1024\",\"height\":\"1024\",\"caption\":\"ITP - Ivrea Torino Piacenza S.p.A.\"},\"image\":{\"@id\":\"https:\/\/www.itpspa.it\/#\/schema\/logo\/image\/\"}}]}<\/script>\n<!-- \/ Yoast SEO plugin. -->","yoast_head_json":{"title":"S\u00e9curit\u00e9 dans les tunnels - ITP - Ivrea Torino Piacenza S.p.A.","robots":{"index":"index","follow":"follow","max-snippet":"max-snippet:-1","max-image-preview":"max-image-preview:large","max-video-preview":"max-video-preview:-1"},"canonical":"https:\/\/www.itpspa.it\/fr\/securite-dans-les-tunnels\/","og_locale":"fr_FR","og_type":"article","og_title":"S\u00e9curit\u00e9 dans les tunnels - ITP - Ivrea Torino Piacenza S.p.A.","og_description":"[vc_row css_animation=\u00a0\u00bb\u00a0\u00bb row_type=\u00a0\u00bbrow\u00a0\u00bb use_row_as_full_screen_section=\u00a0\u00bbno\u00a0\u00bb type=\u00a0\u00bbfull_width\u00a0\u00bb angled_section=\u00a0\u00bbno\u00a0\u00bb text_align=\u00a0\u00bbleft\u00a0\u00bb background_image_as_pattern=\u00a0\u00bbwithout_pattern\u00a0\u00bb z_index=\u00a0\u00bb\u00a0\u00bb el_class=\u00a0\u00bbriga-testo-padding\u00a0\u00bb][vc_column offset=\u00a0\u00bbvc_col-md-3&Prime;][vc_widget_sidebar sidebar_id=\u00a0\u00bbSidebar-Sicurezza\u00a0\u00bb][\/vc_column][vc_column offset=\u00a0\u00bbvc_col-md-9&Prime;][vc_column_text css=\u00a0\u00bb.vc_custom_1775813279976{margin-bottom: 35px !important;}\u00a0\u00bb]Voici quelques indications sur la mani\u00e8re de se comporter dans les tunnels et de faire face aux diff\u00e9rentes situations qui peuvent se pr\u00e9senter\u00a0: Comportement dans les tunnels Toujours respecter la...","og_url":"https:\/\/www.itpspa.it\/fr\/securite-dans-les-tunnels\/","og_site_name":"ITP - Ivrea Torino Piacenza S.p.A.","article_modified_time":"2026-04-10T09:28:06+00:00","twitter_card":"summary_large_image","twitter_misc":{"Dur\u00e9e de lecture estim\u00e9e":"4 minutes"},"schema":{"@context":"https:\/\/schema.org","@graph":[{"@type":"WebPage","@id":"https:\/\/www.itpspa.it\/fr\/securite-dans-les-tunnels\/","url":"https:\/\/www.itpspa.it\/fr\/securite-dans-les-tunnels\/","name":"S\u00e9curit\u00e9 dans les tunnels - ITP - Ivrea Torino Piacenza S.p.A.","isPartOf":{"@id":"https:\/\/www.itpspa.it\/#website"},"datePublished":"2025-09-01T13:11:55+00:00","dateModified":"2026-04-10T09:28:06+00:00","breadcrumb":{"@id":"https:\/\/www.itpspa.it\/fr\/securite-dans-les-tunnels\/#breadcrumb"},"inLanguage":"fr-FR","potentialAction":[{"@type":"ReadAction","target":["https:\/\/www.itpspa.it\/fr\/securite-dans-les-tunnels\/"]}]},{"@type":"BreadcrumbList","@id":"https:\/\/www.itpspa.it\/fr\/securite-dans-les-tunnels\/#breadcrumb","itemListElement":[{"@type":"ListItem","position":1,"name":"Home","item":"https:\/\/www.itpspa.it\/fr\/"},{"@type":"ListItem","position":2,"name":"S\u00e9curit\u00e9 dans les tunnels"}]},{"@type":"WebSite","@id":"https:\/\/www.itpspa.it\/#website","url":"https:\/\/www.itpspa.it\/","name":"ITP - Ivrea Torino Piacenza S.p.A.","description":"ITP - Ivrea Torino Piacenza S.p.A.","publisher":{"@id":"https:\/\/www.itpspa.it\/#organization"},"alternateName":"ITP S.p.A.","potentialAction":[{"@type":"SearchAction","target":{"@type":"EntryPoint","urlTemplate":"https:\/\/www.itpspa.it\/?s={search_term_string}"},"query-input":{"@type":"PropertyValueSpecification","valueRequired":true,"valueName":"search_term_string"}}],"inLanguage":"fr-FR"},{"@type":"Organization","@id":"https:\/\/www.itpspa.it\/#organization","name":"ITP - Ivrea Torino Piacenza S.p.A.","alternateName":"ITP S.p.A.","url":"https:\/\/www.itpspa.it\/","logo":{"@type":"ImageObject","inLanguage":"fr-FR","@id":"https:\/\/www.itpspa.it\/#\/schema\/logo\/image\/","url":"https:\/\/www.itpspa.it\/wp-content\/uploads\/ITP-Concessionaria-autostrada-IVREA-TORINO-PIACENZA-1-1.svg","contentUrl":"https:\/\/www.itpspa.it\/wp-content\/uploads\/ITP-Concessionaria-autostrada-IVREA-TORINO-PIACENZA-1-1.svg","width":"1024","height":"1024","caption":"ITP - Ivrea Torino Piacenza S.p.A."},"image":{"@id":"https:\/\/www.itpspa.it\/#\/schema\/logo\/image\/"}}]}},"publishpress_future_workflow_manual_trigger":{"enabledWorkflows":[]},"_links":{"self":[{"href":"https:\/\/www.itpspa.it\/fr\/wp-json\/wp\/v2\/pages\/9470","targetHints":{"allow":["GET"]}}],"collection":[{"href":"https:\/\/www.itpspa.it\/fr\/wp-json\/wp\/v2\/pages"}],"about":[{"href":"https:\/\/www.itpspa.it\/fr\/wp-json\/wp\/v2\/types\/page"}],"author":[{"embeddable":true,"href":"https:\/\/www.itpspa.it\/fr\/wp-json\/wp\/v2\/users\/1"}],"replies":[{"embeddable":true,"href":"https:\/\/www.itpspa.it\/fr\/wp-json\/wp\/v2\/comments?post=9470"}],"version-history":[{"count":3,"href":"https:\/\/www.itpspa.it\/fr\/wp-json\/wp\/v2\/pages\/9470\/revisions"}],"predecessor-version":[{"id":9850,"href":"https:\/\/www.itpspa.it\/fr\/wp-json\/wp\/v2\/pages\/9470\/revisions\/9850"}],"wp:attachment":[{"href":"https:\/\/www.itpspa.it\/fr\/wp-json\/wp\/v2\/media?parent=9470"}],"curies":[{"name":"wp","href":"https:\/\/api.w.org\/{rel}","templated":true}]}}