{"id":9445,"date":"2018-03-22T17:10:09","date_gmt":"2018-03-22T16:10:09","guid":{"rendered":"https:\/\/www.itpspa.it\/soccorso-meccanico\/"},"modified":"2026-02-17T12:59:21","modified_gmt":"2026-02-17T11:59:21","slug":"depannage","status":"publish","type":"page","link":"https:\/\/www.itpspa.it\/fr\/depannage\/","title":{"rendered":"D\u00e9pannage"},"content":{"rendered":"<div class=\"wpb-content-wrapper\"><p>[vc_row css_animation=\u00a0\u00bb\u00a0\u00bb row_type=\u00a0\u00bbrow\u00a0\u00bb use_row_as_full_screen_section=\u00a0\u00bbno\u00a0\u00bb type=\u00a0\u00bbfull_width\u00a0\u00bb angled_section=\u00a0\u00bbno\u00a0\u00bb text_align=\u00a0\u00bbleft\u00a0\u00bb background_image_as_pattern=\u00a0\u00bbwithout_pattern\u00a0\u00bb z_index=\u00a0\u00bb\u00a0\u00bb el_class=\u00a0\u00bbriga-testo-padding\u00a0\u00bb][vc_column offset=\u00a0\u00bbvc_col-md-3&Prime;][vc_widget_sidebar sidebar_id=\u00a0\u00bbSidebar-Servizi\u00a0\u00bb][\/vc_column][vc_column offset=\u00a0\u00bbvc_col-md-9&Prime;][vc_column_text css=\u00a0\u00bb\u00a0\u00bb]<\/p>\n<h2>Centre des op\u00e9rations et de contr\u00f4le<\/h2>\n<p>[\/vc_column_text][vc_column_text css=\u00a0\u00bb\u00a0\u00bb]Le Centre des op\u00e9rations et de contr\u00f4le du concessionnaire supervise et coordonne les activit\u00e9s de d\u00e9pannage sur les tron\u00e7ons concern\u00e9s.<\/p>\n<p><strong>Sur les tron\u00e7ons de comp\u00e9tence ITP<\/strong>, les organismes suivants sont autoris\u00e9s\u00a0: ACI Global Servizi, Europ Assistance VAI, ESA Euro Service Assistance, IMA Italia Assistance, AXA Assistance, MAWDY Services,\u00a0<span data-olk-copy-source=\"MessageBody\">Rete Soccorritori Indipendenti 24 Network Nord-Ovest<\/span>.<\/p>\n<p>Ces organismes op\u00e8rent par l\u2019interm\u00e9diaire de garages agr\u00e9\u00e9s et le service est garanti 24\u00a0heures sur 24. Le d\u00e9pannage peut \u00eatre demand\u00e9 directement aux organismes agr\u00e9\u00e9s ou au Centre des op\u00e9rations et de contr\u00f4le du concessionnaire.[\/vc_column_text][vc_empty_space][vc_raw_html css=\u00a0\u00bb\u00a0\u00bb]JTNDZGl2JTIwY2xhc3MlM0QlMjJxX2ljb25fd2l0aF90aXRsZSUyMHRpbnklMjBub3JtYWxfaWNvbiUyMGxlZnRfZnJvbV90aXRsZSUyMCUyMiUzRSUwQSUwOSUzQ2RpdiUyMGNsYXNzJTNEJTIyaWNvbl90ZXh0X2hvbGRlciUyMiUyMHN0eWxlJTNEJTIyJTIyJTNFJTBBJTA5JTA5JTNDZGl2JTIwY2xhc3MlM0QlMjJpY29uX3RleHRfaW5uZXIlMjIlMjBzdHlsZSUzRCUyMiUyMiUzRSUwQSUwOSUwOSUwOSUzQ2RpdiUyMGNsYXNzJTNEJTIyaWNvbl90aXRsZV9ob2xkZXIlMjIlM0UlMEElMDklMDklMDklMDklM0NkaXYlMjBjbGFzcyUzRCUyMmljb25faG9sZGVyJTIwJTIyJTIwc3R5bGUlM0QlMjIlMjAlMjIlM0UlMEElMDklMDklMDklMDklMDklM0NzcGFuJTIwZGF0YS1pY29uLXR5cGUlM0QlMjJub3JtYWwlMjIlMjBzdHlsZSUzRCUyMiUyMiUyMGNsYXNzJTNEJTIycW9kZV9pd3RfaWNvbl9ob2xkZXIlMjBxX2ZvbnRfYXdzb21lX2ljb24lMjBmYS1sZyUyMCUyMCUyMiUzRSUwQSUwOSUwOSUwOSUwOSUwOSUwOSUzQ2klMjBjbGFzcyUzRCUyMnFvZGVfaWNvbl9mb250X2F3ZXNvbWUlMjBmYSUyMGZhLXBob25lJTIwcW9kZV9pd3RfaWNvbl9lbGVtZW50JTIyJTIwc3R5bGUlM0QlMjIlMjIlM0UlM0MlMkZpJTNFJTBBJTA5JTA5JTA5JTA5JTA5JTNDJTJGc3BhbiUzRSUwQSUwOSUwOSUwOSUwOSUzQyUyRmRpdiUzRSUwQSUwOSUwOSUwOSUwOSUzQ2g2JTIwY2xhc3MlM0QlMjJpY29uX3RpdGxlJTIyJTNFJTBBJTA5JTA5JTA5JTA5JTA5Q2VudHJlJTIwZGVzJTIwb3AlQzMlQTlyYXRpb25zJTIwZXQlMjBkZSUyMGNvbnRyJUMzJUI0bGUlMjBJVFAlMjBUcm9uJUMzJUE3b24lMjAxJTIwLSUyMEE1NSUyRkE1JTIwdCVDMyVBOWwlMjAlM0NhJTIwaHJlZiUzRCUyMnRlbCUzQSUyQjM5MDExMzgxNDQwMSUyMiUzRSUyQjM5JTIwMDExJTIwMzgxNDQwMSUzQyUyRmElM0UlMEElMDklMDklMDklMDklM0MlMkZoNiUzRSUwQSUwOSUwOSUwOSUzQyUyRmRpdiUzRSUwQSUwOSUwOSUwOSUzQ3AlMjBzdHlsZSUzRCUyMiUyMiUzRSUzQyUyRnAlM0UlMEElMDklMDklM0MlMkZkaXYlM0UlMEElMDklM0MlMkZkaXYlM0UlMEElM0MlMkZkaXYlM0U=[\/vc_raw_html][vc_raw_html css=\u00a0\u00bb\u00a0\u00bb]JTNDZGl2JTIwY2xhc3MlM0QlMjJxX2ljb25fd2l0aF90aXRsZSUyMHRpbnklMjBub3JtYWxfaWNvbiUyMGxlZnRfZnJvbV90aXRsZSUyMCUyMiUzRSUwQSUwOSUzQ2RpdiUyMGNsYXNzJTNEJTIyaWNvbl90ZXh0X2hvbGRlciUyMiUyMHN0eWxlJTNEJTIyJTIyJTNFJTBBJTA5JTA5JTNDZGl2JTIwY2xhc3MlM0QlMjJpY29uX3RleHRfaW5uZXIlMjIlMjBzdHlsZSUzRCUyMiUyMiUzRSUwQSUwOSUwOSUwOSUzQ2RpdiUyMGNsYXNzJTNEJTIyaWNvbl90aXRsZV9ob2xkZXIlMjIlM0UlMEElMDklMDklMDklMDklM0NkaXYlMjBjbGFzcyUzRCUyMmljb25faG9sZGVyJTIwJTIyJTIwc3R5bGUlM0QlMjIlMjAlMjIlM0UlMEElMDklMDklMDklMDklMDklM0NzcGFuJTIwZGF0YS1pY29uLXR5cGUlM0QlMjJub3JtYWwlMjIlMjBzdHlsZSUzRCUyMiUyMiUyMGNsYXNzJTNEJTIycW9kZV9pd3RfaWNvbl9ob2xkZXIlMjBxX2ZvbnRfYXdzb21lX2ljb24lMjBmYS1sZyUyMCUyMCUyMiUzRSUwQSUwOSUwOSUwOSUwOSUwOSUwOSUzQ2klMjBjbGFzcyUzRCUyMnFvZGVfaWNvbl9mb250X2F3ZXNvbWUlMjBmYSUyMGZhLXBob25lJTIwcW9kZV9pd3RfaWNvbl9lbGVtZW50JTIyJTIwc3R5bGUlM0QlMjIlMjIlM0UlM0MlMkZpJTNFJTBBJTA5JTA5JTA5JTA5JTA5JTNDJTJGc3BhbiUzRSUwQSUwOSUwOSUwOSUwOSUzQyUyRmRpdiUzRSUwQSUwOSUwOSUwOSUwOSUzQ2g2JTIwY2xhc3MlM0QlMjJpY29uX3RpdGxlJTIyJTNFJTBBJTA5JTA5JTA5JTA5JTA5JTA5Q2VudHJlJTIwZGVzJTIwb3AlQzMlQTlyYXRpb25zJTIwZXQlMjBkZSUyMGNvbnRyJUMzJUI0bGUlMjBJVFAlMjBUcm9uJUMzJUE3b24lMjAyJTIwLSUyMEEyMSUyMHQlQzMlQTlsJTIwJTNDYSUyMGhyZWYlM0QlMjJ0ZWwlM0ElMkIzOTAxNDE5MzE0MDAlMjIlM0UlMkIzOSUyMDAxNDElMjA5MzE0MDAlM0MlMkZhJTNFJTBBJTA5JTA5JTA5JTA5JTNDJTJGaDYlM0UlMEElMDklMDklMDklM0MlMkZkaXYlM0UlMEElMDklMDklMDklM0NwJTIwc3R5bGUlM0QlMjIlMjIlM0UlM0MlMkZwJTNFJTBBJTA5JTA5JTNDJTJGZGl2JTNFJTBBJTA5JTNDJTJGZGl2JTNFJTBBJTNDJTJGZGl2JTNF[\/vc_raw_html][vc_column_text css=\u00a0\u00bb\u00a0\u00bb]Si l&rsquo;appel parvient au Centre des op\u00e9rations et de contr\u00f4le du concessionnaire, l&rsquo;op\u00e9rateur v\u00e9rifiera si le v\u00e9hicule est en position de s\u00e9curit\u00e9 et si l&rsquo;usager souhaite faire appel \u00e0 un organisme en particulier.[\/vc_column_text][vc_column_text css=\u00a0\u00bb\u00a0\u00bb]Si le v\u00e9hicule n\u2019est pas en s\u00e9curit\u00e9 ou cr\u00e9e un obstacle ou un danger, s\u2019agissant d\u2019un cas d\u2019<strong>assistance publique essentielle<\/strong>, le Centre des op\u00e9rations et de contr\u00f4le enverra sur place une d\u00e9panneuse d\u2019un organisme autoris\u00e9 \u00e0 fournir ce service, quel que soit l\u2019organisme indiqu\u00e9 par l\u2019usager.<\/p>\n<p>Pour tous les v\u00e9hicules d\u2019une capacit\u00e9 inf\u00e9rieure ou \u00e9gale \u00e0 35 quintaux, il existe, entre les organismes, le service de \u00ab\u00a0r\u00e9ciprocit\u00e9 tarifaire\u00a0\u00bb en vertu duquel une personne assur\u00e9e ACI, VAI, ESA, IMA, AXA, MAWDY ou\u00a0<span data-olk-copy-source=\"MessageBody\">S.I.24\u00a0<\/span>a droit \u00e0 l\u2019assistance gratuite, m\u00eame si, pour quelque raison que ce soit, elle re\u00e7oit une assistance d\u2019un autre organisme que celui auquel elle est associ\u00e9e.[\/vc_column_text][vc_empty_space][vc_row_inner row_type=\u00a0\u00bbrow\u00a0\u00bb type=\u00a0\u00bbfull_width\u00a0\u00bb text_align=\u00a0\u00bbleft\u00a0\u00bb css_animation=\u00a0\u00bb\u00a0\u00bb][vc_column_inner width=\u00a0\u00bb1\/2&Prime;][vc_column_text css=\u00a0\u00bb\u00a0\u00bb]<\/p>\n<h2>Tron\u00e7on\u00a01 &#8211; A55\/A5<\/h2>\n<p>[\/vc_column_text]\n\n\t<a href=\"\/wp-content\/uploads\/ACI_2025.pdf\" target=\"_blank\"  class=\"qode-btn qode-btn-medium qode-btn-solid qode-btn-icon qode-btn-default-hover\"  >\n\t    <span class=\"qode-btn-text\">Tarifs ACI 2025<\/span><span class=\"qode-button-v2-icon-holder\"  ><i class=\"qode_icon_font_awesome fa fa-download qode-button-v2-icon-holder-inner\" ><\/i><\/span>\t<\/a>\n\n\n\n\t<a href=\"\/wp-content\/uploads\/TARIFFARIO-VIABILITA-AUTOSTRADALE_01_06_2025.pdf\" target=\"_blank\"  class=\"qode-btn qode-btn-medium qode-btn-solid qode-btn-icon qode-btn-default-hover\"  >\n\t    <span class=\"qode-btn-text\">Tarifs IMA 2025<\/span><span class=\"qode-button-v2-icon-holder\"  ><i class=\"qode_icon_font_awesome fa fa-download qode-button-v2-icon-holder-inner\" ><\/i><\/span>\t<\/a>\n\n\n\n\t<a href=\"\/wp-content\/uploads\/ListinoVAIpaganti01082025_def.pdf\" target=\"_blank\"  class=\"qode-btn qode-btn-medium qode-btn-solid qode-btn-icon qode-btn-default-hover\"  >\n\t    <span class=\"qode-btn-text\">Tarifs VAI 2025<\/span><span class=\"qode-button-v2-icon-holder\"  ><i class=\"qode_icon_font_awesome fa fa-download qode-button-v2-icon-holder-inner\" ><\/i><\/span>\t<\/a>\n\n\n\n\t<a href=\"\/wp-content\/uploads\/AXA.pdf\" target=\"_blank\"  class=\"qode-btn qode-btn-medium qode-btn-solid qode-btn-icon qode-btn-default-hover\"  >\n\t    <span class=\"qode-btn-text\">Tarifs AXA 2024<\/span><span class=\"qode-button-v2-icon-holder\"  ><i class=\"qode_icon_font_awesome fa fa-download qode-button-v2-icon-holder-inner\" ><\/i><\/span>\t<\/a>\n\n\n\n\t<a href=\"\/wp-content\/uploads\/ESA-TARIFFE-AUTOSTRADA_2024-04-06-2024def.pdf\" target=\"_blank\"  class=\"qode-btn qode-btn-medium qode-btn-solid qode-btn-icon qode-btn-default-hover\"  >\n\t    <span class=\"qode-btn-text\">Tarifs ESA 2024<\/span><span class=\"qode-button-v2-icon-holder\"  ><i class=\"qode_icon_font_awesome fa fa-download qode-button-v2-icon-holder-inner\" ><\/i><\/span>\t<\/a>\n\n\n\n\t<a href=\"\/wp-content\/uploads\/MAWDY.pdf\" target=\"_blank\"  class=\"qode-btn qode-btn-medium qode-btn-solid qode-btn-icon qode-btn-default-hover\"  >\n\t    <span class=\"qode-btn-text\">Tarifs MAWDY 2024<\/span><span class=\"qode-button-v2-icon-holder\"  ><i class=\"qode_icon_font_awesome fa fa-download qode-button-v2-icon-holder-inner\" ><\/i><\/span>\t<\/a>\n\n\n\n\t<a href=\"\/wp-content\/uploads\/VAI-Listino_Paganti_dal_01_Giugno_2023.pdf\" target=\"_blank\"  class=\"qode-btn qode-btn-medium qode-btn-solid qode-btn-icon qode-btn-default-hover\"  >\n\t    <span class=\"qode-btn-text\">Tarifs VAI 2024<\/span><span class=\"qode-button-v2-icon-holder\"  ><i class=\"qode_icon_font_awesome fa fa-download qode-button-v2-icon-holder-inner\" ><\/i><\/span>\t<\/a>\n\n[\/vc_column_inner][vc_column_inner width=\u00a0\u00bb1\/2&Prime;][vc_column_text css=\u00a0\u00bb\u00a0\u00bb]<\/p>\n<h2>Tron\u00e7on 2 &#8211; A21<\/h2>\n<p>[\/vc_column_text]\n\n\t<a href=\"\/wp-content\/uploads\/Tariffe-ACI-2024-ITP.pdf\" target=\"_blank\"  class=\"qode-btn qode-btn-medium qode-btn-solid qode-btn-icon qode-btn-default-hover\"  >\n\t    <span class=\"qode-btn-text\">Tarifs ACI 2024<\/span><span class=\"qode-button-v2-icon-holder\"  ><i class=\"qode_icon_font_awesome fa fa-download qode-button-v2-icon-holder-inner\" ><\/i><\/span>\t<\/a>\n\n\n\n\t<a href=\"\/wp-content\/uploads\/Tariffe-IMA-2024-ITP.pdf\" target=\"_blank\"  class=\"qode-btn qode-btn-medium qode-btn-solid qode-btn-icon qode-btn-default-hover\"  >\n\t    <span class=\"qode-btn-text\">Tarifs IMA 2024<\/span><span class=\"qode-button-v2-icon-holder\"  ><i class=\"qode_icon_font_awesome fa fa-download qode-button-v2-icon-holder-inner\" ><\/i><\/span>\t<\/a>\n\n\n\n\t<a href=\"\/wp-content\/uploads\/Tariffe-SIRIO24-ITP.pdf\" target=\"_blank\"  class=\"qode-btn qode-btn-medium qode-btn-solid qode-btn-icon qode-btn-default-hover\"  >\n\t    <span class=\"qode-btn-text\">Tarifs S.I.24<\/span><span class=\"qode-button-v2-icon-holder\"  ><i class=\"qode_icon_font_awesome fa fa-download qode-button-v2-icon-holder-inner\" ><\/i><\/span>\t<\/a>\n\n\n\n\t<a href=\"\/wp-content\/uploads\/Tariffe-VAI-2024-ITP.pdf\" target=\"_blank\"  class=\"qode-btn qode-btn-medium qode-btn-solid qode-btn-icon qode-btn-default-hover\"  >\n\t    <span class=\"qode-btn-text\">Tarifs VAI 2024<\/span><span class=\"qode-button-v2-icon-holder\"  ><i class=\"qode_icon_font_awesome fa fa-download qode-button-v2-icon-holder-inner\" ><\/i><\/span>\t<\/a>\n\n[\/vc_column_inner][\/vc_row_inner][\/vc_column][\/vc_row]<\/p>\n<\/div>","protected":false},"excerpt":{"rendered":"<p>[vc_row css_animation=\u00a0\u00bb\u00a0\u00bb row_type=\u00a0\u00bbrow\u00a0\u00bb use_row_as_full_screen_section=\u00a0\u00bbno\u00a0\u00bb type=\u00a0\u00bbfull_width\u00a0\u00bb angled_section=\u00a0\u00bbno\u00a0\u00bb text_align=\u00a0\u00bbleft\u00a0\u00bb background_image_as_pattern=\u00a0\u00bbwithout_pattern\u00a0\u00bb z_index=\u00a0\u00bb\u00a0\u00bb el_class=\u00a0\u00bbriga-testo-padding\u00a0\u00bb][vc_column offset=\u00a0\u00bbvc_col-md-3&Prime;][vc_widget_sidebar sidebar_id=\u00a0\u00bbSidebar-Servizi\u00a0\u00bb][\/vc_column][vc_column offset=\u00a0\u00bbvc_col-md-9&Prime;][vc_column_text css=\u00a0\u00bb\u00a0\u00bb] Centre des op\u00e9rations et de contr\u00f4le [\/vc_column_text][vc_column_text css=\u00a0\u00bb\u00a0\u00bb]Le Centre des op\u00e9rations et de contr\u00f4le du concessionnaire supervise et coordonne les activit\u00e9s de d\u00e9pannage sur les tron\u00e7ons concern\u00e9s. Sur les tron\u00e7ons de&#8230;<\/p>\n","protected":false},"author":1,"featured_media":0,"parent":0,"menu_order":0,"comment_status":"closed","ping_status":"closed","template":"full_width.php","meta":{"_acf_changed":false,"inline_featured_image":false,"footnotes":""},"class_list":["post-9445","page","type-page","status-publish","hentry","wpautop"],"acf":[],"yoast_head":"<!-- This site is optimized with the Yoast SEO plugin v27.2 - https:\/\/yoast.com\/product\/yoast-seo-wordpress\/ -->\n<title>D\u00e9pannage - ITP - Ivrea Torino Piacenza S.p.A.<\/title>\n<meta name=\"robots\" content=\"index, follow, max-snippet:-1, max-image-preview:large, max-video-preview:-1\" \/>\n<link rel=\"canonical\" href=\"https:\/\/www.itpspa.it\/fr\/depannage\/\" \/>\n<meta property=\"og:locale\" content=\"fr_FR\" \/>\n<meta property=\"og:type\" content=\"article\" \/>\n<meta property=\"og:title\" content=\"D\u00e9pannage - ITP - Ivrea Torino Piacenza S.p.A.\" \/>\n<meta property=\"og:description\" content=\"[vc_row css_animation=\u00a0\u00bb\u00a0\u00bb row_type=\u00a0\u00bbrow\u00a0\u00bb use_row_as_full_screen_section=\u00a0\u00bbno\u00a0\u00bb type=\u00a0\u00bbfull_width\u00a0\u00bb angled_section=\u00a0\u00bbno\u00a0\u00bb text_align=\u00a0\u00bbleft\u00a0\u00bb background_image_as_pattern=\u00a0\u00bbwithout_pattern\u00a0\u00bb z_index=\u00a0\u00bb\u00a0\u00bb el_class=\u00a0\u00bbriga-testo-padding\u00a0\u00bb][vc_column offset=\u00a0\u00bbvc_col-md-3&Prime;][vc_widget_sidebar sidebar_id=\u00a0\u00bbSidebar-Servizi\u00a0\u00bb][\/vc_column][vc_column offset=\u00a0\u00bbvc_col-md-9&Prime;][vc_column_text css=\u00a0\u00bb\u00a0\u00bb] Centre des op\u00e9rations et de contr\u00f4le [\/vc_column_text][vc_column_text css=\u00a0\u00bb\u00a0\u00bb]Le Centre des op\u00e9rations et de contr\u00f4le du concessionnaire supervise et coordonne les activit\u00e9s de d\u00e9pannage sur les tron\u00e7ons concern\u00e9s. Sur les tron\u00e7ons de...\" \/>\n<meta property=\"og:url\" content=\"https:\/\/www.itpspa.it\/fr\/depannage\/\" \/>\n<meta property=\"og:site_name\" content=\"ITP - Ivrea Torino Piacenza S.p.A.\" \/>\n<meta property=\"article:modified_time\" content=\"2026-02-17T11:59:21+00:00\" \/>\n<meta name=\"twitter:card\" content=\"summary_large_image\" \/>\n<meta name=\"twitter:label1\" content=\"Dur\u00e9e de lecture estim\u00e9e\" \/>\n\t<meta name=\"twitter:data1\" content=\"2 minutes\" \/>\n<script type=\"application\/ld+json\" class=\"yoast-schema-graph\">{\"@context\":\"https:\/\/schema.org\",\"@graph\":[{\"@type\":\"WebPage\",\"@id\":\"https:\/\/www.itpspa.it\/fr\/depannage\/\",\"url\":\"https:\/\/www.itpspa.it\/fr\/depannage\/\",\"name\":\"D\u00e9pannage - ITP - Ivrea Torino Piacenza S.p.A.\",\"isPartOf\":{\"@id\":\"https:\/\/www.itpspa.it\/#website\"},\"datePublished\":\"2018-03-22T16:10:09+00:00\",\"dateModified\":\"2026-02-17T11:59:21+00:00\",\"breadcrumb\":{\"@id\":\"https:\/\/www.itpspa.it\/fr\/depannage\/#breadcrumb\"},\"inLanguage\":\"fr-FR\",\"potentialAction\":[{\"@type\":\"ReadAction\",\"target\":[\"https:\/\/www.itpspa.it\/fr\/depannage\/\"]}]},{\"@type\":\"BreadcrumbList\",\"@id\":\"https:\/\/www.itpspa.it\/fr\/depannage\/#breadcrumb\",\"itemListElement\":[{\"@type\":\"ListItem\",\"position\":1,\"name\":\"Home\",\"item\":\"https:\/\/www.itpspa.it\/fr\/\"},{\"@type\":\"ListItem\",\"position\":2,\"name\":\"D\u00e9pannage\"}]},{\"@type\":\"WebSite\",\"@id\":\"https:\/\/www.itpspa.it\/#website\",\"url\":\"https:\/\/www.itpspa.it\/\",\"name\":\"ITP - Ivrea Torino Piacenza S.p.A.\",\"description\":\"ITP - Ivrea Torino Piacenza S.p.A.\",\"publisher\":{\"@id\":\"https:\/\/www.itpspa.it\/#organization\"},\"alternateName\":\"ITP S.p.A.\",\"potentialAction\":[{\"@type\":\"SearchAction\",\"target\":{\"@type\":\"EntryPoint\",\"urlTemplate\":\"https:\/\/www.itpspa.it\/?s={search_term_string}\"},\"query-input\":{\"@type\":\"PropertyValueSpecification\",\"valueRequired\":true,\"valueName\":\"search_term_string\"}}],\"inLanguage\":\"fr-FR\"},{\"@type\":\"Organization\",\"@id\":\"https:\/\/www.itpspa.it\/#organization\",\"name\":\"ITP - Ivrea Torino Piacenza S.p.A.\",\"alternateName\":\"ITP S.p.A.\",\"url\":\"https:\/\/www.itpspa.it\/\",\"logo\":{\"@type\":\"ImageObject\",\"inLanguage\":\"fr-FR\",\"@id\":\"https:\/\/www.itpspa.it\/#\/schema\/logo\/image\/\",\"url\":\"https:\/\/www.itpspa.it\/wp-content\/uploads\/ITP-Concessionaria-autostrada-IVREA-TORINO-PIACENZA-1-1.svg\",\"contentUrl\":\"https:\/\/www.itpspa.it\/wp-content\/uploads\/ITP-Concessionaria-autostrada-IVREA-TORINO-PIACENZA-1-1.svg\",\"width\":\"1024\",\"height\":\"1024\",\"caption\":\"ITP - Ivrea Torino Piacenza S.p.A.\"},\"image\":{\"@id\":\"https:\/\/www.itpspa.it\/#\/schema\/logo\/image\/\"}}]}<\/script>\n<!-- \/ Yoast SEO plugin. -->","yoast_head_json":{"title":"D\u00e9pannage - ITP - Ivrea Torino Piacenza S.p.A.","robots":{"index":"index","follow":"follow","max-snippet":"max-snippet:-1","max-image-preview":"max-image-preview:large","max-video-preview":"max-video-preview:-1"},"canonical":"https:\/\/www.itpspa.it\/fr\/depannage\/","og_locale":"fr_FR","og_type":"article","og_title":"D\u00e9pannage - ITP - Ivrea Torino Piacenza S.p.A.","og_description":"[vc_row css_animation=\u00a0\u00bb\u00a0\u00bb row_type=\u00a0\u00bbrow\u00a0\u00bb use_row_as_full_screen_section=\u00a0\u00bbno\u00a0\u00bb type=\u00a0\u00bbfull_width\u00a0\u00bb angled_section=\u00a0\u00bbno\u00a0\u00bb text_align=\u00a0\u00bbleft\u00a0\u00bb background_image_as_pattern=\u00a0\u00bbwithout_pattern\u00a0\u00bb z_index=\u00a0\u00bb\u00a0\u00bb el_class=\u00a0\u00bbriga-testo-padding\u00a0\u00bb][vc_column offset=\u00a0\u00bbvc_col-md-3&Prime;][vc_widget_sidebar sidebar_id=\u00a0\u00bbSidebar-Servizi\u00a0\u00bb][\/vc_column][vc_column offset=\u00a0\u00bbvc_col-md-9&Prime;][vc_column_text css=\u00a0\u00bb\u00a0\u00bb] Centre des op\u00e9rations et de contr\u00f4le [\/vc_column_text][vc_column_text css=\u00a0\u00bb\u00a0\u00bb]Le Centre des op\u00e9rations et de contr\u00f4le du concessionnaire supervise et coordonne les activit\u00e9s de d\u00e9pannage sur les tron\u00e7ons concern\u00e9s. Sur les tron\u00e7ons de...","og_url":"https:\/\/www.itpspa.it\/fr\/depannage\/","og_site_name":"ITP - Ivrea Torino Piacenza S.p.A.","article_modified_time":"2026-02-17T11:59:21+00:00","twitter_card":"summary_large_image","twitter_misc":{"Dur\u00e9e de lecture estim\u00e9e":"2 minutes"},"schema":{"@context":"https:\/\/schema.org","@graph":[{"@type":"WebPage","@id":"https:\/\/www.itpspa.it\/fr\/depannage\/","url":"https:\/\/www.itpspa.it\/fr\/depannage\/","name":"D\u00e9pannage - ITP - Ivrea Torino Piacenza S.p.A.","isPartOf":{"@id":"https:\/\/www.itpspa.it\/#website"},"datePublished":"2018-03-22T16:10:09+00:00","dateModified":"2026-02-17T11:59:21+00:00","breadcrumb":{"@id":"https:\/\/www.itpspa.it\/fr\/depannage\/#breadcrumb"},"inLanguage":"fr-FR","potentialAction":[{"@type":"ReadAction","target":["https:\/\/www.itpspa.it\/fr\/depannage\/"]}]},{"@type":"BreadcrumbList","@id":"https:\/\/www.itpspa.it\/fr\/depannage\/#breadcrumb","itemListElement":[{"@type":"ListItem","position":1,"name":"Home","item":"https:\/\/www.itpspa.it\/fr\/"},{"@type":"ListItem","position":2,"name":"D\u00e9pannage"}]},{"@type":"WebSite","@id":"https:\/\/www.itpspa.it\/#website","url":"https:\/\/www.itpspa.it\/","name":"ITP - Ivrea Torino Piacenza S.p.A.","description":"ITP - Ivrea Torino Piacenza S.p.A.","publisher":{"@id":"https:\/\/www.itpspa.it\/#organization"},"alternateName":"ITP S.p.A.","potentialAction":[{"@type":"SearchAction","target":{"@type":"EntryPoint","urlTemplate":"https:\/\/www.itpspa.it\/?s={search_term_string}"},"query-input":{"@type":"PropertyValueSpecification","valueRequired":true,"valueName":"search_term_string"}}],"inLanguage":"fr-FR"},{"@type":"Organization","@id":"https:\/\/www.itpspa.it\/#organization","name":"ITP - Ivrea Torino Piacenza S.p.A.","alternateName":"ITP S.p.A.","url":"https:\/\/www.itpspa.it\/","logo":{"@type":"ImageObject","inLanguage":"fr-FR","@id":"https:\/\/www.itpspa.it\/#\/schema\/logo\/image\/","url":"https:\/\/www.itpspa.it\/wp-content\/uploads\/ITP-Concessionaria-autostrada-IVREA-TORINO-PIACENZA-1-1.svg","contentUrl":"https:\/\/www.itpspa.it\/wp-content\/uploads\/ITP-Concessionaria-autostrada-IVREA-TORINO-PIACENZA-1-1.svg","width":"1024","height":"1024","caption":"ITP - Ivrea Torino Piacenza S.p.A."},"image":{"@id":"https:\/\/www.itpspa.it\/#\/schema\/logo\/image\/"}}]}},"publishpress_future_workflow_manual_trigger":{"enabledWorkflows":[]},"_links":{"self":[{"href":"https:\/\/www.itpspa.it\/fr\/wp-json\/wp\/v2\/pages\/9445","targetHints":{"allow":["GET"]}}],"collection":[{"href":"https:\/\/www.itpspa.it\/fr\/wp-json\/wp\/v2\/pages"}],"about":[{"href":"https:\/\/www.itpspa.it\/fr\/wp-json\/wp\/v2\/types\/page"}],"author":[{"embeddable":true,"href":"https:\/\/www.itpspa.it\/fr\/wp-json\/wp\/v2\/users\/1"}],"replies":[{"embeddable":true,"href":"https:\/\/www.itpspa.it\/fr\/wp-json\/wp\/v2\/comments?post=9445"}],"version-history":[{"count":2,"href":"https:\/\/www.itpspa.it\/fr\/wp-json\/wp\/v2\/pages\/9445\/revisions"}],"predecessor-version":[{"id":9447,"href":"https:\/\/www.itpspa.it\/fr\/wp-json\/wp\/v2\/pages\/9445\/revisions\/9447"}],"wp:attachment":[{"href":"https:\/\/www.itpspa.it\/fr\/wp-json\/wp\/v2\/media?parent=9445"}],"curies":[{"name":"wp","href":"https:\/\/api.w.org\/{rel}","templated":true}]}}