{"id":9330,"date":"2025-03-31T15:41:02","date_gmt":"2025-03-31T13:41:02","guid":{"rendered":"https:\/\/www.itpspa.it\/troncon-2-a21\/piani-di-potenziamento-tronco-2\/"},"modified":"2026-02-16T10:53:12","modified_gmt":"2026-02-16T09:53:12","slug":"plans-damelioration-troncon-2","status":"publish","type":"page","link":"https:\/\/www.itpspa.it\/fr\/troncon-2-a21\/plans-damelioration-troncon-2\/","title":{"rendered":"Plans d\u2019am\u00e9lioration Tron\u00e7on 2"},"content":{"rendered":"<div class=\"wpb-content-wrapper\"><p>[vc_row css_animation=\u00a0\u00bb\u00a0\u00bb row_type=\u00a0\u00bbrow\u00a0\u00bb use_row_as_full_screen_section=\u00a0\u00bbno\u00a0\u00bb type=\u00a0\u00bbfull_width\u00a0\u00bb angled_section=\u00a0\u00bbno\u00a0\u00bb text_align=\u00a0\u00bbleft\u00a0\u00bb background_image_as_pattern=\u00a0\u00bbwithout_pattern\u00a0\u00bb z_index=\u00a0\u00bb\u00a0\u00bb el_class=\u00a0\u00bbriga-testo-padding\u00a0\u00bb][vc_column offset=\u00a0\u00bbvc_col-md-3&Prime;][vc_widget_sidebar sidebar_id=\u00a0\u00bbSidebar-A21&Prime;][\/vc_column][vc_column offset=\u00a0\u00bbvc_col-md-9&Prime;][vc_column_text css=\u00a0\u00bb\u00a0\u00bb]<strong>Depuis le 1<sup>er<\/sup>\u00a0d\u00e9cembre 2024, le concessionnaire ITP (Ivrea &#8211; Torino &#8211; Piacenza) g\u00e8re les tron\u00e7ons autoroutiers A21 Torino &#8211; Alessandria &#8211; Piacenza, A5 Torino &#8211; Ivrea &#8211; Quincinetto, A4\/A5 Ivrea &#8211; Santhi\u00e0 et A55 Sistema Autostradale Tangenziale di Torino.<\/strong><\/p>\n<p>La soci\u00e9t\u00e9 poursuit l\u2019ex\u00e9cution des travaux d\u00e9j\u00e0 entam\u00e9s par les pr\u00e9c\u00e9dents concessionnaires.<\/p>\n<p>Il est \u00e9galement pr\u00e9vu, en accord avec le conc\u00e9dant, de planifier les nouveaux travaux de s\u00e9curisation de l&rsquo;infrastructure autorouti\u00e8re existante pr\u00e9vus dans l&rsquo;appel d&rsquo;offres pour la gestion du tron\u00e7on A21 Torino &#8211; Piacenza, et notamment\u00a0:<\/p>\n<ul>\n<li>adaptation des syst\u00e8mes de retenue lat\u00e9raux sur l&rsquo;autoroute\u00a0;<\/li>\n<li>ach\u00e8vement du plan d&rsquo;assainissement acoustique\u00a0;<\/li>\n<li>adaptation sismique et am\u00e9lioration de la s\u00e9curit\u00e9 des viaducs, des ponts et des passages sup\u00e9rieurs\u00a0;<\/li>\n<li>assainissement en profondeur du rev\u00eatement\u00a0;<\/li>\n<li>construction d&rsquo;une digue anti-inondation.<\/li>\n<\/ul>\n<p>D&rsquo;autres travaux d&rsquo;entretien extraordinaires sont \u00e9galement pr\u00e9vus et seront identifi\u00e9s chaque ann\u00e9e par le conc\u00e9dant.[\/vc_column_text][\/vc_column][\/vc_row]<\/p>\n<\/div>","protected":false},"excerpt":{"rendered":"<p>[vc_row css_animation=\u00a0\u00bb\u00a0\u00bb row_type=\u00a0\u00bbrow\u00a0\u00bb use_row_as_full_screen_section=\u00a0\u00bbno\u00a0\u00bb type=\u00a0\u00bbfull_width\u00a0\u00bb angled_section=\u00a0\u00bbno\u00a0\u00bb text_align=\u00a0\u00bbleft\u00a0\u00bb background_image_as_pattern=\u00a0\u00bbwithout_pattern\u00a0\u00bb z_index=\u00a0\u00bb\u00a0\u00bb el_class=\u00a0\u00bbriga-testo-padding\u00a0\u00bb][vc_column offset=\u00a0\u00bbvc_col-md-3&Prime;][vc_widget_sidebar sidebar_id=\u00a0\u00bbSidebar-A21&Prime;][\/vc_column][vc_column offset=\u00a0\u00bbvc_col-md-9&Prime;][vc_column_text css=\u00a0\u00bb\u00a0\u00bb]Depuis le 1er\u00a0d\u00e9cembre 2024, le concessionnaire ITP (Ivrea &#8211; Torino &#8211; Piacenza) g\u00e8re les tron\u00e7ons autoroutiers A21 Torino &#8211; Alessandria &#8211; Piacenza, A5 Torino &#8211; Ivrea &#8211; Quincinetto, A4\/A5 Ivrea &#8211; Santhi\u00e0&#8230;<\/p>\n","protected":false},"author":1,"featured_media":0,"parent":9302,"menu_order":0,"comment_status":"closed","ping_status":"closed","template":"full_width.php","meta":{"_acf_changed":false,"inline_featured_image":false,"footnotes":""},"class_list":["post-9330","page","type-page","status-publish","hentry","wpautop"],"acf":[],"yoast_head":"<!-- This site is optimized with the Yoast SEO plugin v27.2 - https:\/\/yoast.com\/product\/yoast-seo-wordpress\/ -->\n<title>Plans d\u2019am\u00e9lioration Tron\u00e7on 2 - ITP - Ivrea Torino Piacenza S.p.A.<\/title>\n<meta name=\"robots\" content=\"index, follow, max-snippet:-1, max-image-preview:large, max-video-preview:-1\" \/>\n<link rel=\"canonical\" href=\"https:\/\/www.itpspa.it\/fr\/troncon-2-a21\/plans-damelioration-troncon-2\/\" \/>\n<meta property=\"og:locale\" content=\"fr_FR\" \/>\n<meta property=\"og:type\" content=\"article\" \/>\n<meta property=\"og:title\" content=\"Plans d\u2019am\u00e9lioration Tron\u00e7on 2 - ITP - Ivrea Torino Piacenza S.p.A.\" \/>\n<meta property=\"og:description\" content=\"[vc_row css_animation=\u00a0\u00bb\u00a0\u00bb row_type=\u00a0\u00bbrow\u00a0\u00bb use_row_as_full_screen_section=\u00a0\u00bbno\u00a0\u00bb type=\u00a0\u00bbfull_width\u00a0\u00bb angled_section=\u00a0\u00bbno\u00a0\u00bb text_align=\u00a0\u00bbleft\u00a0\u00bb background_image_as_pattern=\u00a0\u00bbwithout_pattern\u00a0\u00bb z_index=\u00a0\u00bb\u00a0\u00bb el_class=\u00a0\u00bbriga-testo-padding\u00a0\u00bb][vc_column offset=\u00a0\u00bbvc_col-md-3&Prime;][vc_widget_sidebar sidebar_id=\u00a0\u00bbSidebar-A21&Prime;][\/vc_column][vc_column offset=\u00a0\u00bbvc_col-md-9&Prime;][vc_column_text css=\u00a0\u00bb\u00a0\u00bb]Depuis le 1er\u00a0d\u00e9cembre 2024, le concessionnaire ITP (Ivrea &#8211; Torino &#8211; Piacenza) g\u00e8re les tron\u00e7ons autoroutiers A21 Torino &#8211; Alessandria &#8211; Piacenza, A5 Torino &#8211; Ivrea &#8211; Quincinetto, A4\/A5 Ivrea &#8211; Santhi\u00e0...\" \/>\n<meta property=\"og:url\" content=\"https:\/\/www.itpspa.it\/fr\/troncon-2-a21\/plans-damelioration-troncon-2\/\" \/>\n<meta property=\"og:site_name\" content=\"ITP - Ivrea Torino Piacenza S.p.A.\" \/>\n<meta property=\"article:modified_time\" content=\"2026-02-16T09:53:12+00:00\" \/>\n<meta name=\"twitter:card\" content=\"summary_large_image\" \/>\n<meta name=\"twitter:label1\" content=\"Dur\u00e9e de lecture estim\u00e9e\" \/>\n\t<meta name=\"twitter:data1\" content=\"1 minute\" \/>\n<script type=\"application\/ld+json\" class=\"yoast-schema-graph\">{\"@context\":\"https:\/\/schema.org\",\"@graph\":[{\"@type\":\"WebPage\",\"@id\":\"https:\/\/www.itpspa.it\/fr\/troncon-2-a21\/plans-damelioration-troncon-2\/\",\"url\":\"https:\/\/www.itpspa.it\/fr\/troncon-2-a21\/plans-damelioration-troncon-2\/\",\"name\":\"Plans d\u2019am\u00e9lioration Tron\u00e7on 2 - ITP - Ivrea Torino Piacenza S.p.A.\",\"isPartOf\":{\"@id\":\"https:\/\/www.itpspa.it\/#website\"},\"datePublished\":\"2025-03-31T13:41:02+00:00\",\"dateModified\":\"2026-02-16T09:53:12+00:00\",\"breadcrumb\":{\"@id\":\"https:\/\/www.itpspa.it\/fr\/troncon-2-a21\/plans-damelioration-troncon-2\/#breadcrumb\"},\"inLanguage\":\"fr-FR\",\"potentialAction\":[{\"@type\":\"ReadAction\",\"target\":[\"https:\/\/www.itpspa.it\/fr\/troncon-2-a21\/plans-damelioration-troncon-2\/\"]}]},{\"@type\":\"BreadcrumbList\",\"@id\":\"https:\/\/www.itpspa.it\/fr\/troncon-2-a21\/plans-damelioration-troncon-2\/#breadcrumb\",\"itemListElement\":[{\"@type\":\"ListItem\",\"position\":1,\"name\":\"Home\",\"item\":\"https:\/\/www.itpspa.it\/fr\/\"},{\"@type\":\"ListItem\",\"position\":2,\"name\":\"Tron\u00e7on 2 &#8211; A21\",\"item\":\"https:\/\/www.itpspa.it\/fr\/troncon-2-a21\/\"},{\"@type\":\"ListItem\",\"position\":3,\"name\":\"Plans d\u2019am\u00e9lioration Tron\u00e7on 2\"}]},{\"@type\":\"WebSite\",\"@id\":\"https:\/\/www.itpspa.it\/#website\",\"url\":\"https:\/\/www.itpspa.it\/\",\"name\":\"ITP - Ivrea Torino Piacenza S.p.A.\",\"description\":\"ITP - Ivrea Torino Piacenza S.p.A.\",\"publisher\":{\"@id\":\"https:\/\/www.itpspa.it\/#organization\"},\"alternateName\":\"ITP S.p.A.\",\"potentialAction\":[{\"@type\":\"SearchAction\",\"target\":{\"@type\":\"EntryPoint\",\"urlTemplate\":\"https:\/\/www.itpspa.it\/?s={search_term_string}\"},\"query-input\":{\"@type\":\"PropertyValueSpecification\",\"valueRequired\":true,\"valueName\":\"search_term_string\"}}],\"inLanguage\":\"fr-FR\"},{\"@type\":\"Organization\",\"@id\":\"https:\/\/www.itpspa.it\/#organization\",\"name\":\"ITP - Ivrea Torino Piacenza S.p.A.\",\"alternateName\":\"ITP S.p.A.\",\"url\":\"https:\/\/www.itpspa.it\/\",\"logo\":{\"@type\":\"ImageObject\",\"inLanguage\":\"fr-FR\",\"@id\":\"https:\/\/www.itpspa.it\/#\/schema\/logo\/image\/\",\"url\":\"https:\/\/www.itpspa.it\/wp-content\/uploads\/ITP-Concessionaria-autostrada-IVREA-TORINO-PIACENZA-1-1.svg\",\"contentUrl\":\"https:\/\/www.itpspa.it\/wp-content\/uploads\/ITP-Concessionaria-autostrada-IVREA-TORINO-PIACENZA-1-1.svg\",\"width\":\"1024\",\"height\":\"1024\",\"caption\":\"ITP - Ivrea Torino Piacenza S.p.A.\"},\"image\":{\"@id\":\"https:\/\/www.itpspa.it\/#\/schema\/logo\/image\/\"}}]}<\/script>\n<!-- \/ Yoast SEO plugin. -->","yoast_head_json":{"title":"Plans d\u2019am\u00e9lioration Tron\u00e7on 2 - ITP - Ivrea Torino Piacenza S.p.A.","robots":{"index":"index","follow":"follow","max-snippet":"max-snippet:-1","max-image-preview":"max-image-preview:large","max-video-preview":"max-video-preview:-1"},"canonical":"https:\/\/www.itpspa.it\/fr\/troncon-2-a21\/plans-damelioration-troncon-2\/","og_locale":"fr_FR","og_type":"article","og_title":"Plans d\u2019am\u00e9lioration Tron\u00e7on 2 - ITP - Ivrea Torino Piacenza S.p.A.","og_description":"[vc_row css_animation=\u00a0\u00bb\u00a0\u00bb row_type=\u00a0\u00bbrow\u00a0\u00bb use_row_as_full_screen_section=\u00a0\u00bbno\u00a0\u00bb type=\u00a0\u00bbfull_width\u00a0\u00bb angled_section=\u00a0\u00bbno\u00a0\u00bb text_align=\u00a0\u00bbleft\u00a0\u00bb background_image_as_pattern=\u00a0\u00bbwithout_pattern\u00a0\u00bb z_index=\u00a0\u00bb\u00a0\u00bb el_class=\u00a0\u00bbriga-testo-padding\u00a0\u00bb][vc_column offset=\u00a0\u00bbvc_col-md-3&Prime;][vc_widget_sidebar sidebar_id=\u00a0\u00bbSidebar-A21&Prime;][\/vc_column][vc_column offset=\u00a0\u00bbvc_col-md-9&Prime;][vc_column_text css=\u00a0\u00bb\u00a0\u00bb]Depuis le 1er\u00a0d\u00e9cembre 2024, le concessionnaire ITP (Ivrea &#8211; Torino &#8211; Piacenza) g\u00e8re les tron\u00e7ons autoroutiers A21 Torino &#8211; Alessandria &#8211; Piacenza, A5 Torino &#8211; Ivrea &#8211; Quincinetto, A4\/A5 Ivrea &#8211; Santhi\u00e0...","og_url":"https:\/\/www.itpspa.it\/fr\/troncon-2-a21\/plans-damelioration-troncon-2\/","og_site_name":"ITP - Ivrea Torino Piacenza S.p.A.","article_modified_time":"2026-02-16T09:53:12+00:00","twitter_card":"summary_large_image","twitter_misc":{"Dur\u00e9e de lecture estim\u00e9e":"1 minute"},"schema":{"@context":"https:\/\/schema.org","@graph":[{"@type":"WebPage","@id":"https:\/\/www.itpspa.it\/fr\/troncon-2-a21\/plans-damelioration-troncon-2\/","url":"https:\/\/www.itpspa.it\/fr\/troncon-2-a21\/plans-damelioration-troncon-2\/","name":"Plans d\u2019am\u00e9lioration Tron\u00e7on 2 - ITP - Ivrea Torino Piacenza S.p.A.","isPartOf":{"@id":"https:\/\/www.itpspa.it\/#website"},"datePublished":"2025-03-31T13:41:02+00:00","dateModified":"2026-02-16T09:53:12+00:00","breadcrumb":{"@id":"https:\/\/www.itpspa.it\/fr\/troncon-2-a21\/plans-damelioration-troncon-2\/#breadcrumb"},"inLanguage":"fr-FR","potentialAction":[{"@type":"ReadAction","target":["https:\/\/www.itpspa.it\/fr\/troncon-2-a21\/plans-damelioration-troncon-2\/"]}]},{"@type":"BreadcrumbList","@id":"https:\/\/www.itpspa.it\/fr\/troncon-2-a21\/plans-damelioration-troncon-2\/#breadcrumb","itemListElement":[{"@type":"ListItem","position":1,"name":"Home","item":"https:\/\/www.itpspa.it\/fr\/"},{"@type":"ListItem","position":2,"name":"Tron\u00e7on 2 &#8211; A21","item":"https:\/\/www.itpspa.it\/fr\/troncon-2-a21\/"},{"@type":"ListItem","position":3,"name":"Plans d\u2019am\u00e9lioration Tron\u00e7on 2"}]},{"@type":"WebSite","@id":"https:\/\/www.itpspa.it\/#website","url":"https:\/\/www.itpspa.it\/","name":"ITP - Ivrea Torino Piacenza S.p.A.","description":"ITP - Ivrea Torino Piacenza S.p.A.","publisher":{"@id":"https:\/\/www.itpspa.it\/#organization"},"alternateName":"ITP S.p.A.","potentialAction":[{"@type":"SearchAction","target":{"@type":"EntryPoint","urlTemplate":"https:\/\/www.itpspa.it\/?s={search_term_string}"},"query-input":{"@type":"PropertyValueSpecification","valueRequired":true,"valueName":"search_term_string"}}],"inLanguage":"fr-FR"},{"@type":"Organization","@id":"https:\/\/www.itpspa.it\/#organization","name":"ITP - Ivrea Torino Piacenza S.p.A.","alternateName":"ITP S.p.A.","url":"https:\/\/www.itpspa.it\/","logo":{"@type":"ImageObject","inLanguage":"fr-FR","@id":"https:\/\/www.itpspa.it\/#\/schema\/logo\/image\/","url":"https:\/\/www.itpspa.it\/wp-content\/uploads\/ITP-Concessionaria-autostrada-IVREA-TORINO-PIACENZA-1-1.svg","contentUrl":"https:\/\/www.itpspa.it\/wp-content\/uploads\/ITP-Concessionaria-autostrada-IVREA-TORINO-PIACENZA-1-1.svg","width":"1024","height":"1024","caption":"ITP - Ivrea Torino Piacenza S.p.A."},"image":{"@id":"https:\/\/www.itpspa.it\/#\/schema\/logo\/image\/"}}]}},"publishpress_future_workflow_manual_trigger":{"enabledWorkflows":[]},"_links":{"self":[{"href":"https:\/\/www.itpspa.it\/fr\/wp-json\/wp\/v2\/pages\/9330","targetHints":{"allow":["GET"]}}],"collection":[{"href":"https:\/\/www.itpspa.it\/fr\/wp-json\/wp\/v2\/pages"}],"about":[{"href":"https:\/\/www.itpspa.it\/fr\/wp-json\/wp\/v2\/types\/page"}],"author":[{"embeddable":true,"href":"https:\/\/www.itpspa.it\/fr\/wp-json\/wp\/v2\/users\/1"}],"replies":[{"embeddable":true,"href":"https:\/\/www.itpspa.it\/fr\/wp-json\/wp\/v2\/comments?post=9330"}],"version-history":[{"count":1,"href":"https:\/\/www.itpspa.it\/fr\/wp-json\/wp\/v2\/pages\/9330\/revisions"}],"predecessor-version":[{"id":9331,"href":"https:\/\/www.itpspa.it\/fr\/wp-json\/wp\/v2\/pages\/9330\/revisions\/9331"}],"up":[{"embeddable":true,"href":"https:\/\/www.itpspa.it\/fr\/wp-json\/wp\/v2\/pages\/9302"}],"wp:attachment":[{"href":"https:\/\/www.itpspa.it\/fr\/wp-json\/wp\/v2\/media?parent=9330"}],"curies":[{"name":"wp","href":"https:\/\/api.w.org\/{rel}","templated":true}]}}