{"id":9328,"date":"2025-04-17T12:59:46","date_gmt":"2025-04-17T10:59:46","guid":{"rendered":"https:\/\/www.itpspa.it\/troncon-2-a21\/divieto-di-transito-mezzi-pesanti-a21\/"},"modified":"2026-02-16T10:50:55","modified_gmt":"2026-02-16T09:50:55","slug":"interdiction-de-circulation-pour-les-poids-lourds-a21","status":"publish","type":"page","link":"https:\/\/www.itpspa.it\/fr\/troncon-2-a21\/interdiction-de-circulation-pour-les-poids-lourds-a21\/","title":{"rendered":"Interdiction de circulation pour les poids lourds A21"},"content":{"rendered":"<div class=\"wpb-content-wrapper\"><p>[vc_row css_animation=\u00a0\u00bb\u00a0\u00bb row_type=\u00a0\u00bbrow\u00a0\u00bb use_row_as_full_screen_section=\u00a0\u00bbno\u00a0\u00bb type=\u00a0\u00bbfull_width\u00a0\u00bb angled_section=\u00a0\u00bbno\u00a0\u00bb text_align=\u00a0\u00bbleft\u00a0\u00bb background_image_as_pattern=\u00a0\u00bbwithout_pattern\u00a0\u00bb el_class=\u00a0\u00bbriga-testo-padding\u00a0\u00bb z_index=\u00a0\u00bb\u00a0\u00bb][vc_column width=\u00a0\u00bb1\/3&Prime;][vc_widget_sidebar sidebar_id=\u00a0\u00bbSidebar-A21&Prime;][\/vc_column][vc_column width=\u00a0\u00bb1\/3&Prime;][vc_column_text css=\u00a0\u00bb\u00a0\u00bb]<\/p>\n<h2>CALENDRIER DES RESTRICTIONS POUR LES POIDS LOURDS<\/h2>\n<p>D\u00e9cret minist\u00e9riel n\u00b0 314 du 12\/12\/2024 du minist\u00e8re des Infrastructures et des Transports concernant les directives et le calendrier des restrictions de la circulation routi\u00e8re en dehors des agglom\u00e9rations pour l&rsquo;ann\u00e9e 2025.<\/p>\n<p>&nbsp;<\/p>\n<p>Interdiction de circuler, hors agglom\u00e9ration, pour les v\u00e9hicules et les ensembles de v\u00e9hicules destin\u00e9s au transport de marchandises dont le poids total autoris\u00e9 est sup\u00e9rieur \u00e0 7,5 tonnes, m\u00eame \u00e0 vide. Le transport de marchandises dangereuses appartenant aux classes 1 et 7, identifi\u00e9es dans l&rsquo;accord international pour le transport de marchandises dangereuses ADR, est interdit pour toute quantit\u00e9 de marchandises transport\u00e9es, ind\u00e9pendamment de la masse totale maximale du v\u00e9hicule, tous les jours calendaires indiqu\u00e9s \u00e0 l&rsquo;article 2 du d\u00e9cret minist\u00e9riel n\u00b0 314 du 12\/12\/2024, ainsi que de 8h00 \u00e0 minuit tous les samedis et de 0h00 \u00e0 minuit tous les dimanches inclus dans la p\u00e9riode allant du 24 mai au 7 septembre 2025.<\/p>\n<p>&nbsp;<\/p>\n<p>Pour les ensembles de v\u00e9hicules compos\u00e9s d&rsquo;un tracteur et d&rsquo;une semi-remorque, lorsque seul le tracteur circule sur la route, la limite de masse ne concerne que le tracteur lui-m\u00eame\u00a0; la masse du tracteur, si celui-ci n&rsquo;est pas apte au chargement, correspond au poids \u00e0 vide du tracteur. Pour les exceptions aux interdictions \u00e9num\u00e9r\u00e9es ci-dessous, voir le d\u00e9cret minist\u00e9riel n\u00b0 314 du 12\/12\/2024 publi\u00e9 par le minist\u00e8re des Infrastructures et des Transports.[\/vc_column_text][vc_empty_space][vc_row_inner row_type=\u00a0\u00bbrow\u00a0\u00bb type=\u00a0\u00bbfull_width\u00a0\u00bb text_align=\u00a0\u00bbleft\u00a0\u00bb css_animation=\u00a0\u00bb\u00a0\u00bb][vc_column_inner width=\u00a0\u00bb1\/2&Prime;][vc_column_text css=\u00a0\u00bb\u00a0\u00bb]Calendrier\u00a02026[\/vc_column_text][\/vc_column_inner][vc_column_inner width=\u00a0\u00bb1\/2&Prime;]\n\n\t<a href=\"\/wp-content\/uploads\/CALENDARIO-LIMITAZIONI-2026_T2.pdf\" target=\"_blank\"  class=\"qode-btn qode-btn-medium qode-btn-solid qode-btn-icon qode-btn-default-hover\"  >\n\t    <span class=\"qode-btn-text\">T\u00e9l\u00e9charger<\/span><span class=\"qode-button-v2-icon-holder\"  ><i class=\"qode_icon_font_awesome fa fa-download qode-button-v2-icon-holder-inner\" ><\/i><\/span>\t<\/a>\n\n[\/vc_column_inner][\/vc_row_inner][vc_empty_space][vc_row_inner row_type=\u00a0\u00bbrow\u00a0\u00bb type=\u00a0\u00bbfull_width\u00a0\u00bb text_align=\u00a0\u00bbleft\u00a0\u00bb css_animation=\u00a0\u00bb\u00a0\u00bb][vc_column_inner width=\u00a0\u00bb1\/2&Prime;][vc_column_text css=\u00a0\u00bb\u00a0\u00bb]Calendrier\u00a02025[\/vc_column_text][\/vc_column_inner][vc_column_inner width=\u00a0\u00bb1\/2&Prime;]\n\n\t<a href=\"\/wp-content\/uploads\/MIT_T2.pdf\" target=\"_blank\"  class=\"qode-btn qode-btn-medium qode-btn-solid qode-btn-icon qode-btn-default-hover\"  >\n\t    <span class=\"qode-btn-text\">T\u00e9l\u00e9charger<\/span><span class=\"qode-button-v2-icon-holder\"  ><i class=\"qode_icon_font_awesome fa fa-download qode-button-v2-icon-holder-inner\" ><\/i><\/span>\t<\/a>\n\n[\/vc_column_inner][\/vc_row_inner][vc_empty_space][\/vc_column][vc_column width=\u00a0\u00bb1\/3&Prime;][vc_column_text css=\u00a0\u00bb\u00a0\u00bb]<\/p>\n<h2>CALENDRIER DES RESTRICTIONS EXCEPTIONNELLES DE CIRCULATION<\/h2>\n<p>&nbsp;<\/p>\n<p>INTERDICTION DE CIRCULATION DES V\u00c9HICULES D\u00c9FINIS COMME EXCEPTIONNELS ET DE CEUX EFFECTUANT DES TRANSPORTS EXCEPTIONNELS, \u00c0 L&rsquo;EXCEPTION DES \u00ab\u00a0ENGINS DE CHANTIER\u00a0\u00bb.[\/vc_column_text][vc_empty_space][vc_row_inner row_type=\u00a0\u00bbrow\u00a0\u00bb type=\u00a0\u00bbfull_width\u00a0\u00bb text_align=\u00a0\u00bbleft\u00a0\u00bb css_animation=\u00a0\u00bb\u00a0\u00bb][vc_column_inner width=\u00a0\u00bb1\/2&Prime;][vc_column_text css=\u00a0\u00bb\u00a0\u00bb]Tableau compl\u00e9mentaire des restrictions exceptionnelles de circulation 2025[\/vc_column_text][\/vc_column_inner][vc_column_inner width=\u00a0\u00bb1\/2&Prime;]\n\n\t<a href=\"\/wp-content\/uploads\/Integrazione_T2.pdf\" target=\"_blank\"  class=\"qode-btn qode-btn-medium qode-btn-solid qode-btn-icon qode-btn-default-hover\"  >\n\t    <span class=\"qode-btn-text\">T\u00e9l\u00e9charger<\/span><span class=\"qode-button-v2-icon-holder\"  ><i class=\"qode_icon_font_awesome fa fa-download qode-button-v2-icon-holder-inner\" ><\/i><\/span>\t<\/a>\n\n[\/vc_column_inner][\/vc_row_inner][vc_empty_space][\/vc_column][\/vc_row]<\/p>\n<\/div>","protected":false},"excerpt":{"rendered":"<p>[vc_row css_animation=\u00a0\u00bb\u00a0\u00bb row_type=\u00a0\u00bbrow\u00a0\u00bb use_row_as_full_screen_section=\u00a0\u00bbno\u00a0\u00bb type=\u00a0\u00bbfull_width\u00a0\u00bb angled_section=\u00a0\u00bbno\u00a0\u00bb text_align=\u00a0\u00bbleft\u00a0\u00bb background_image_as_pattern=\u00a0\u00bbwithout_pattern\u00a0\u00bb el_class=\u00a0\u00bbriga-testo-padding\u00a0\u00bb z_index=\u00a0\u00bb\u00a0\u00bb][vc_column width=\u00a0\u00bb1\/3&Prime;][vc_widget_sidebar sidebar_id=\u00a0\u00bbSidebar-A21&Prime;][\/vc_column][vc_column width=\u00a0\u00bb1\/3&Prime;][vc_column_text css=\u00a0\u00bb\u00a0\u00bb] CALENDRIER DES RESTRICTIONS POUR LES POIDS LOURDS D\u00e9cret minist\u00e9riel n\u00b0 314 du 12\/12\/2024 du minist\u00e8re des Infrastructures et des Transports concernant les directives et le calendrier des restrictions de la circulation&#8230;<\/p>\n","protected":false},"author":1,"featured_media":0,"parent":9302,"menu_order":0,"comment_status":"closed","ping_status":"closed","template":"full_width.php","meta":{"_acf_changed":false,"inline_featured_image":false,"footnotes":""},"class_list":["post-9328","page","type-page","status-publish","hentry","wpautop"],"acf":[],"yoast_head":"<!-- This site is optimized with the Yoast SEO plugin v27.2 - https:\/\/yoast.com\/product\/yoast-seo-wordpress\/ -->\n<title>Interdiction de circulation pour les poids lourds A21 - ITP - Ivrea Torino Piacenza S.p.A.<\/title>\n<meta name=\"robots\" content=\"index, follow, max-snippet:-1, max-image-preview:large, max-video-preview:-1\" \/>\n<link rel=\"canonical\" href=\"https:\/\/www.itpspa.it\/fr\/troncon-2-a21\/interdiction-de-circulation-pour-les-poids-lourds-a21\/\" \/>\n<meta property=\"og:locale\" content=\"fr_FR\" \/>\n<meta property=\"og:type\" content=\"article\" \/>\n<meta property=\"og:title\" content=\"Interdiction de circulation pour les poids lourds A21 - ITP - Ivrea Torino Piacenza S.p.A.\" \/>\n<meta property=\"og:description\" content=\"[vc_row css_animation=\u00a0\u00bb\u00a0\u00bb row_type=\u00a0\u00bbrow\u00a0\u00bb use_row_as_full_screen_section=\u00a0\u00bbno\u00a0\u00bb type=\u00a0\u00bbfull_width\u00a0\u00bb angled_section=\u00a0\u00bbno\u00a0\u00bb text_align=\u00a0\u00bbleft\u00a0\u00bb background_image_as_pattern=\u00a0\u00bbwithout_pattern\u00a0\u00bb el_class=\u00a0\u00bbriga-testo-padding\u00a0\u00bb z_index=\u00a0\u00bb\u00a0\u00bb][vc_column width=\u00a0\u00bb1\/3&Prime;][vc_widget_sidebar sidebar_id=\u00a0\u00bbSidebar-A21&Prime;][\/vc_column][vc_column width=\u00a0\u00bb1\/3&Prime;][vc_column_text css=\u00a0\u00bb\u00a0\u00bb] CALENDRIER DES RESTRICTIONS POUR LES POIDS LOURDS D\u00e9cret minist\u00e9riel n\u00b0 314 du 12\/12\/2024 du minist\u00e8re des Infrastructures et des Transports concernant les directives et le calendrier des restrictions de la circulation...\" \/>\n<meta property=\"og:url\" content=\"https:\/\/www.itpspa.it\/fr\/troncon-2-a21\/interdiction-de-circulation-pour-les-poids-lourds-a21\/\" \/>\n<meta property=\"og:site_name\" content=\"ITP - Ivrea Torino Piacenza S.p.A.\" \/>\n<meta property=\"article:modified_time\" content=\"2026-02-16T09:50:55+00:00\" \/>\n<meta name=\"twitter:card\" content=\"summary_large_image\" \/>\n<meta name=\"twitter:label1\" content=\"Dur\u00e9e de lecture estim\u00e9e\" \/>\n\t<meta name=\"twitter:data1\" content=\"2 minutes\" \/>\n<script type=\"application\/ld+json\" class=\"yoast-schema-graph\">{\"@context\":\"https:\/\/schema.org\",\"@graph\":[{\"@type\":\"WebPage\",\"@id\":\"https:\/\/www.itpspa.it\/fr\/troncon-2-a21\/interdiction-de-circulation-pour-les-poids-lourds-a21\/\",\"url\":\"https:\/\/www.itpspa.it\/fr\/troncon-2-a21\/interdiction-de-circulation-pour-les-poids-lourds-a21\/\",\"name\":\"Interdiction de circulation pour les poids lourds A21 - ITP - Ivrea Torino Piacenza S.p.A.\",\"isPartOf\":{\"@id\":\"https:\/\/www.itpspa.it\/#website\"},\"datePublished\":\"2025-04-17T10:59:46+00:00\",\"dateModified\":\"2026-02-16T09:50:55+00:00\",\"breadcrumb\":{\"@id\":\"https:\/\/www.itpspa.it\/fr\/troncon-2-a21\/interdiction-de-circulation-pour-les-poids-lourds-a21\/#breadcrumb\"},\"inLanguage\":\"fr-FR\",\"potentialAction\":[{\"@type\":\"ReadAction\",\"target\":[\"https:\/\/www.itpspa.it\/fr\/troncon-2-a21\/interdiction-de-circulation-pour-les-poids-lourds-a21\/\"]}]},{\"@type\":\"BreadcrumbList\",\"@id\":\"https:\/\/www.itpspa.it\/fr\/troncon-2-a21\/interdiction-de-circulation-pour-les-poids-lourds-a21\/#breadcrumb\",\"itemListElement\":[{\"@type\":\"ListItem\",\"position\":1,\"name\":\"Home\",\"item\":\"https:\/\/www.itpspa.it\/fr\/\"},{\"@type\":\"ListItem\",\"position\":2,\"name\":\"Tron\u00e7on 2 &#8211; A21\",\"item\":\"https:\/\/www.itpspa.it\/fr\/troncon-2-a21\/\"},{\"@type\":\"ListItem\",\"position\":3,\"name\":\"Interdiction de circulation pour les poids lourds A21\"}]},{\"@type\":\"WebSite\",\"@id\":\"https:\/\/www.itpspa.it\/#website\",\"url\":\"https:\/\/www.itpspa.it\/\",\"name\":\"ITP - Ivrea Torino Piacenza S.p.A.\",\"description\":\"ITP - Ivrea Torino Piacenza S.p.A.\",\"publisher\":{\"@id\":\"https:\/\/www.itpspa.it\/#organization\"},\"alternateName\":\"ITP S.p.A.\",\"potentialAction\":[{\"@type\":\"SearchAction\",\"target\":{\"@type\":\"EntryPoint\",\"urlTemplate\":\"https:\/\/www.itpspa.it\/?s={search_term_string}\"},\"query-input\":{\"@type\":\"PropertyValueSpecification\",\"valueRequired\":true,\"valueName\":\"search_term_string\"}}],\"inLanguage\":\"fr-FR\"},{\"@type\":\"Organization\",\"@id\":\"https:\/\/www.itpspa.it\/#organization\",\"name\":\"ITP - Ivrea Torino Piacenza S.p.A.\",\"alternateName\":\"ITP S.p.A.\",\"url\":\"https:\/\/www.itpspa.it\/\",\"logo\":{\"@type\":\"ImageObject\",\"inLanguage\":\"fr-FR\",\"@id\":\"https:\/\/www.itpspa.it\/#\/schema\/logo\/image\/\",\"url\":\"https:\/\/www.itpspa.it\/wp-content\/uploads\/ITP-Concessionaria-autostrada-IVREA-TORINO-PIACENZA-1-1.svg\",\"contentUrl\":\"https:\/\/www.itpspa.it\/wp-content\/uploads\/ITP-Concessionaria-autostrada-IVREA-TORINO-PIACENZA-1-1.svg\",\"width\":\"1024\",\"height\":\"1024\",\"caption\":\"ITP - Ivrea Torino Piacenza S.p.A.\"},\"image\":{\"@id\":\"https:\/\/www.itpspa.it\/#\/schema\/logo\/image\/\"}}]}<\/script>\n<!-- \/ Yoast SEO plugin. -->","yoast_head_json":{"title":"Interdiction de circulation pour les poids lourds A21 - ITP - Ivrea Torino Piacenza S.p.A.","robots":{"index":"index","follow":"follow","max-snippet":"max-snippet:-1","max-image-preview":"max-image-preview:large","max-video-preview":"max-video-preview:-1"},"canonical":"https:\/\/www.itpspa.it\/fr\/troncon-2-a21\/interdiction-de-circulation-pour-les-poids-lourds-a21\/","og_locale":"fr_FR","og_type":"article","og_title":"Interdiction de circulation pour les poids lourds A21 - ITP - Ivrea Torino Piacenza S.p.A.","og_description":"[vc_row css_animation=\u00a0\u00bb\u00a0\u00bb row_type=\u00a0\u00bbrow\u00a0\u00bb use_row_as_full_screen_section=\u00a0\u00bbno\u00a0\u00bb type=\u00a0\u00bbfull_width\u00a0\u00bb angled_section=\u00a0\u00bbno\u00a0\u00bb text_align=\u00a0\u00bbleft\u00a0\u00bb background_image_as_pattern=\u00a0\u00bbwithout_pattern\u00a0\u00bb el_class=\u00a0\u00bbriga-testo-padding\u00a0\u00bb z_index=\u00a0\u00bb\u00a0\u00bb][vc_column width=\u00a0\u00bb1\/3&Prime;][vc_widget_sidebar sidebar_id=\u00a0\u00bbSidebar-A21&Prime;][\/vc_column][vc_column width=\u00a0\u00bb1\/3&Prime;][vc_column_text css=\u00a0\u00bb\u00a0\u00bb] CALENDRIER DES RESTRICTIONS POUR LES POIDS LOURDS D\u00e9cret minist\u00e9riel n\u00b0 314 du 12\/12\/2024 du minist\u00e8re des Infrastructures et des Transports concernant les directives et le calendrier des restrictions de la circulation...","og_url":"https:\/\/www.itpspa.it\/fr\/troncon-2-a21\/interdiction-de-circulation-pour-les-poids-lourds-a21\/","og_site_name":"ITP - Ivrea Torino Piacenza S.p.A.","article_modified_time":"2026-02-16T09:50:55+00:00","twitter_card":"summary_large_image","twitter_misc":{"Dur\u00e9e de lecture estim\u00e9e":"2 minutes"},"schema":{"@context":"https:\/\/schema.org","@graph":[{"@type":"WebPage","@id":"https:\/\/www.itpspa.it\/fr\/troncon-2-a21\/interdiction-de-circulation-pour-les-poids-lourds-a21\/","url":"https:\/\/www.itpspa.it\/fr\/troncon-2-a21\/interdiction-de-circulation-pour-les-poids-lourds-a21\/","name":"Interdiction de circulation pour les poids lourds A21 - ITP - Ivrea Torino Piacenza S.p.A.","isPartOf":{"@id":"https:\/\/www.itpspa.it\/#website"},"datePublished":"2025-04-17T10:59:46+00:00","dateModified":"2026-02-16T09:50:55+00:00","breadcrumb":{"@id":"https:\/\/www.itpspa.it\/fr\/troncon-2-a21\/interdiction-de-circulation-pour-les-poids-lourds-a21\/#breadcrumb"},"inLanguage":"fr-FR","potentialAction":[{"@type":"ReadAction","target":["https:\/\/www.itpspa.it\/fr\/troncon-2-a21\/interdiction-de-circulation-pour-les-poids-lourds-a21\/"]}]},{"@type":"BreadcrumbList","@id":"https:\/\/www.itpspa.it\/fr\/troncon-2-a21\/interdiction-de-circulation-pour-les-poids-lourds-a21\/#breadcrumb","itemListElement":[{"@type":"ListItem","position":1,"name":"Home","item":"https:\/\/www.itpspa.it\/fr\/"},{"@type":"ListItem","position":2,"name":"Tron\u00e7on 2 &#8211; A21","item":"https:\/\/www.itpspa.it\/fr\/troncon-2-a21\/"},{"@type":"ListItem","position":3,"name":"Interdiction de circulation pour les poids lourds A21"}]},{"@type":"WebSite","@id":"https:\/\/www.itpspa.it\/#website","url":"https:\/\/www.itpspa.it\/","name":"ITP - Ivrea Torino Piacenza S.p.A.","description":"ITP - Ivrea Torino Piacenza S.p.A.","publisher":{"@id":"https:\/\/www.itpspa.it\/#organization"},"alternateName":"ITP S.p.A.","potentialAction":[{"@type":"SearchAction","target":{"@type":"EntryPoint","urlTemplate":"https:\/\/www.itpspa.it\/?s={search_term_string}"},"query-input":{"@type":"PropertyValueSpecification","valueRequired":true,"valueName":"search_term_string"}}],"inLanguage":"fr-FR"},{"@type":"Organization","@id":"https:\/\/www.itpspa.it\/#organization","name":"ITP - Ivrea Torino Piacenza S.p.A.","alternateName":"ITP S.p.A.","url":"https:\/\/www.itpspa.it\/","logo":{"@type":"ImageObject","inLanguage":"fr-FR","@id":"https:\/\/www.itpspa.it\/#\/schema\/logo\/image\/","url":"https:\/\/www.itpspa.it\/wp-content\/uploads\/ITP-Concessionaria-autostrada-IVREA-TORINO-PIACENZA-1-1.svg","contentUrl":"https:\/\/www.itpspa.it\/wp-content\/uploads\/ITP-Concessionaria-autostrada-IVREA-TORINO-PIACENZA-1-1.svg","width":"1024","height":"1024","caption":"ITP - Ivrea Torino Piacenza S.p.A."},"image":{"@id":"https:\/\/www.itpspa.it\/#\/schema\/logo\/image\/"}}]}},"publishpress_future_workflow_manual_trigger":{"enabledWorkflows":[]},"_links":{"self":[{"href":"https:\/\/www.itpspa.it\/fr\/wp-json\/wp\/v2\/pages\/9328","targetHints":{"allow":["GET"]}}],"collection":[{"href":"https:\/\/www.itpspa.it\/fr\/wp-json\/wp\/v2\/pages"}],"about":[{"href":"https:\/\/www.itpspa.it\/fr\/wp-json\/wp\/v2\/types\/page"}],"author":[{"embeddable":true,"href":"https:\/\/www.itpspa.it\/fr\/wp-json\/wp\/v2\/users\/1"}],"replies":[{"embeddable":true,"href":"https:\/\/www.itpspa.it\/fr\/wp-json\/wp\/v2\/comments?post=9328"}],"version-history":[{"count":1,"href":"https:\/\/www.itpspa.it\/fr\/wp-json\/wp\/v2\/pages\/9328\/revisions"}],"predecessor-version":[{"id":9329,"href":"https:\/\/www.itpspa.it\/fr\/wp-json\/wp\/v2\/pages\/9328\/revisions\/9329"}],"up":[{"embeddable":true,"href":"https:\/\/www.itpspa.it\/fr\/wp-json\/wp\/v2\/pages\/9302"}],"wp:attachment":[{"href":"https:\/\/www.itpspa.it\/fr\/wp-json\/wp\/v2\/media?parent=9328"}],"curies":[{"name":"wp","href":"https:\/\/api.w.org\/{rel}","templated":true}]}}