{"id":9318,"date":"2026-01-14T17:13:05","date_gmt":"2026-01-14T16:13:05","guid":{"rendered":"https:\/\/www.itpspa.it\/troncon-2-a21\/rimborsi-a21\/"},"modified":"2026-02-16T10:36:24","modified_gmt":"2026-02-16T09:36:24","slug":"remboursements-a21","status":"publish","type":"page","link":"https:\/\/www.itpspa.it\/fr\/troncon-2-a21\/remboursements-a21\/","title":{"rendered":"Remboursements A21"},"content":{"rendered":"<div class=\"wpb-content-wrapper\"><p>[vc_row css_animation=\u00a0\u00bb\u00a0\u00bb row_type=\u00a0\u00bbrow\u00a0\u00bb use_row_as_full_screen_section=\u00a0\u00bbno\u00a0\u00bb type=\u00a0\u00bbfull_width\u00a0\u00bb angled_section=\u00a0\u00bbno\u00a0\u00bb text_align=\u00a0\u00bbleft\u00a0\u00bb background_image_as_pattern=\u00a0\u00bbwithout_pattern\u00a0\u00bb z_index=\u00a0\u00bb\u00a0\u00bb el_class=\u00a0\u00bbriga-testo-padding\u00a0\u00bb][vc_column offset=\u00a0\u00bbvc_col-md-3&Prime;][vc_widget_sidebar sidebar_id=\u00a0\u00bbSidebar-A21&Prime;][\/vc_column][vc_column offset=\u00a0\u00bbvc_col-md-9&Prime;][vc_column_text css=\u00a0\u00bb\u00a0\u00bb]La Soci\u00e9t\u00e9 assure le remboursement des p\u00e9ages pay\u00e9s en exc\u00e8s, apr\u00e8s avoir v\u00e9rifi\u00e9 le bien-fond\u00e9 de la r\u00e9clamation d\u00e9pos\u00e9e par l&rsquo;utilisateur. Les d\u00e9lais de remboursement co\u00efncident avec les d\u00e9lais de traitement. Dans la zone euro, les remboursements s&rsquo;effectuent par virement bancaire.<\/p>\n<p><strong>La demande de remboursement sera irrecevable et ne pourra donc pas \u00eatre prise en charge par les services si elle ne comprend pas les \u00e9l\u00e9ments suivants :<\/strong><\/p>\n<ul>\n<li>les donn\u00e9es d&rsquo;identification du demandeur<\/li>\n<li>les r\u00e9f\u00e9rences d&rsquo;identification du trajet<\/li>\n<li>une copie du re\u00e7u de paiement du p\u00e9age<\/li>\n<li>une description de l&rsquo;anomalie constat\u00e9e lors du paiement.<\/li>\n<\/ul>\n<p><strong>Le formulaire \u00e0 remplir est disponible sur la page <a href=\"https:\/\/www.itpspa.it\/fr\/troncon-2-a21\/formulaires-a21\/\" target=\"_blank\" rel=\"noopener\">Formulaires<\/a>.<\/strong>[\/vc_column_text][vc_empty_space][vc_column_text css=\u00a0\u00bb\u00a0\u00bb]Pour signaler d&rsquo;\u00e9ventuels remboursements, vous pouvez vous adresser directement au Centre de services et de r\u00e9clamations :[\/vc_column_text][vc_empty_space][vc_raw_html css=\u00a0\u00bb\u00a0\u00bb]JTNDZGl2JTIwY2xhc3MlM0QlMjJxX2ljb25fd2l0aF90aXRsZSUyMHRpbnklMjBub3JtYWxfaWNvbiUyMGxlZnRfZnJvbV90aXRsZSUyMCUyMiUzRSUwQSUwOSUzQ2RpdiUyMGNsYXNzJTNEJTIyaWNvbl90ZXh0X2hvbGRlciUyMiUyMHN0eWxlJTNEJTIyJTIyJTNFJTBBJTA5JTA5JTNDZGl2JTIwY2xhc3MlM0QlMjJpY29uX3RleHRfaW5uZXIlMjIlMjBzdHlsZSUzRCUyMiUyMiUzRSUwQSUwOSUwOSUwOSUzQ2RpdiUyMGNsYXNzJTNEJTIyaWNvbl90aXRsZV9ob2xkZXIlMjIlM0UlMEElMDklMDklMDklMDklM0NkaXYlMjBjbGFzcyUzRCUyMmljb25faG9sZGVyJTIwJTIyJTIwc3R5bGUlM0QlMjIlMjAlMjIlM0UlMEElMDklMDklMDklMDklMDklM0NzcGFuJTIwZGF0YS1pY29uLXR5cGUlM0QlMjJub3JtYWwlMjIlMjBzdHlsZSUzRCUyMiUyMiUyMGNsYXNzJTNEJTIycW9kZV9pd3RfaWNvbl9ob2xkZXIlMjBxX2ZvbnRfYXdzb21lX2ljb24lMjBmYS1sZyUyMCUyMCUyMiUzRSUwQSUwOSUwOSUwOSUwOSUwOSUwOSUzQ2klMjBjbGFzcyUzRCUyMnFvZGVfaWNvbl9mb250X2F3ZXNvbWUlMjBmYSUyMGZhLWxhcHRvcCUyMHFvZGVfaXd0X2ljb25fZWxlbWVudCUyMiUyMHN0eWxlJTNEJTIyJTIyJTNFJTNDJTJGaSUzRSUwQSUwOSUwOSUwOSUwOSUwOSUzQyUyRnNwYW4lM0UlMEElMDklMDklMDklMDklM0MlMkZkaXYlM0UlMEElMDklMDklMDklMDklM0NoNiUyMGNsYXNzJTNEJTIyaWNvbl90aXRsZSUyMiUyMHN0eWxlJTNEJTIyJTIyJTNFJTBBJTA5JTA5JTA5JTA5JTA5JTNDYSUyMGhyZWYlM0QlMjIlMkZmciUyRnRyb25jb24tMi1hMjElMkZyZWNsYW1hdGlvbnMlMkYlMjIlM0VGb3JtdWxhaXJlJTIwZGUlMjByJUMzJUE5Y2xhbWF0aW9uJTNDJTJGYSUzRSUwQSUwOSUwOSUwOSUwOSUzQyUyRmg2JTNFJTBBJTA5JTA5JTA5JTNDJTJGZGl2JTNFJTBBJTA5JTA5JTA5JTNDcCUyMHN0eWxlJTNEJTIyJTIyJTNFJTNDJTJGcCUzRSUwQSUwOSUwOSUzQyUyRmRpdiUzRSUwQSUwOSUzQyUyRmRpdiUzRSUwQSUzQyUyRmRpdiUzRSUwQSUwQSUzQ2RpdiUyMGNsYXNzJTNEJTIycV9pY29uX3dpdGhfdGl0bGUlMjB0aW55JTIwbm9ybWFsX2ljb24lMjBsZWZ0X2Zyb21fdGl0bGUlMjAlMjIlM0UlMEElMDklM0NkaXYlMjBjbGFzcyUzRCUyMmljb25fdGV4dF9ob2xkZXIlMjIlMjBzdHlsZSUzRCUyMiUyMiUzRSUwQSUwOSUwOSUzQ2RpdiUyMGNsYXNzJTNEJTIyaWNvbl90ZXh0X2lubmVyJTIyJTIwc3R5bGUlM0QlMjIlMjIlM0UlMEElMDklMDklMDklM0NkaXYlMjBjbGFzcyUzRCUyMmljb25fdGl0bGVfaG9sZGVyJTIyJTNFJTBBJTA5JTA5JTA5JTA5JTNDZGl2JTIwY2xhc3MlM0QlMjJpY29uX2hvbGRlciUyMCUyMiUyMHN0eWxlJTNEJTIyJTIwJTIyJTNFJTBBJTA5JTA5JTA5JTA5JTA5JTNDc3BhbiUyMGRhdGEtaWNvbi10eXBlJTNEJTIybm9ybWFsJTIyJTIwc3R5bGUlM0QlMjIlMjIlMjBjbGFzcyUzRCUyMnFvZGVfaXd0X2ljb25faG9sZGVyJTIwcV9mb250X2F3c29tZV9pY29uJTIwZmEtbGclMjAlMjAlMjIlM0UlMEElMDklMDklMDklMDklMDklMDklM0NpJTIwY2xhc3MlM0QlMjJxb2RlX2ljb25fZm9udF9hd2Vzb21lJTIwZmElMjBmYS1hdCUyMHFvZGVfaXd0X2ljb25fZWxlbWVudCUyMiUyMHN0eWxlJTNEJTIyJTIyJTNFJTNDJTJGaSUzRSUwQSUwOSUwOSUwOSUwOSUwOSUzQyUyRnNwYW4lM0UlMEElMDklMDklMDklMDklM0MlMkZkaXYlM0UlMEElMDklMDklMDklMDklM0NoNiUyMGNsYXNzJTNEJTIyaWNvbl90aXRsZSUyMiUyMHN0eWxlJTNEJTIyJTIyJTNFJTBBJTA5JTA5JTA5JTA5JTA5JTNDYSUyMGhyZWYlM0QlMjJtYWlsdG8lM0FnZXN0aW9uZXJlY2xhbWkudDIlNDBpdHBzcGEuaXQlMjIlM0VnZXN0aW9uZXJlY2xhbWkudDIlNDBpdHBzcGEuaXQlM0MlMkZhJTNFJTBBJTA5JTA5JTA5JTA5JTNDJTJGaDYlM0UlMEElMDklMDklMDklM0MlMkZkaXYlM0UlMEElMDklMDklMDklM0NwJTIwc3R5bGUlM0QlMjIlMjIlM0UlM0MlMkZwJTNFJTBBJTA5JTA5JTNDJTJGZGl2JTNFJTBBJTA5JTNDJTJGZGl2JTNFJTBBJTNDJTJGZGl2JTNFJTBBJTBBJTNDZGl2JTIwY2xhc3MlM0QlMjJxX2ljb25fd2l0aF90aXRsZSUyMHRpbnklMjBub3JtYWxfaWNvbiUyMGxlZnRfZnJvbV90aXRsZSUyMCUyMiUzRSUwQSUwOSUzQ2RpdiUyMGNsYXNzJTNEJTIyaWNvbl90ZXh0X2hvbGRlciUyMiUyMHN0eWxlJTNEJTIyJTIyJTNFJTBBJTA5JTA5JTNDZGl2JTIwY2xhc3MlM0QlMjJpY29uX3RleHRfaW5uZXIlMjIlMjBzdHlsZSUzRCUyMiUyMiUzRSUwQSUwOSUwOSUwOSUzQ2RpdiUyMGNsYXNzJTNEJTIyaWNvbl90aXRsZV9ob2xkZXIlMjIlM0UlMEElMDklMDklMDklMDklM0NkaXYlMjBjbGFzcyUzRCUyMmljb25faG9sZGVyJTIwJTIyJTIwc3R5bGUlM0QlMjIlMjAlMjIlM0UlMEElMDklMDklMDklMDklMDklM0NzcGFuJTIwZGF0YS1pY29uLXR5cGUlM0QlMjJub3JtYWwlMjIlMjBzdHlsZSUzRCUyMiUyMiUyMGNsYXNzJTNEJTIycW9kZV9pd3RfaWNvbl9ob2xkZXIlMjBxX2ZvbnRfYXdzb21lX2ljb24lMjBmYS1sZyUyMCUyMCUyMiUzRSUwQSUwOSUwOSUwOSUwOSUwOSUwOSUzQ2klMjBjbGFzcyUzRCUyMnFvZGVfaWNvbl9mb250X2F3ZXNvbWUlMjBmYSUyMGZhLWVudmVsb3BlJTIwcW9kZV9pd3RfaWNvbl9lbGVtZW50JTIyJTIwc3R5bGUlM0QlMjIlMjIlM0UlM0MlMkZpJTNFJTBBJTA5JTA5JTA5JTA5JTA5JTNDJTJGc3BhbiUzRSUwQSUwOSUwOSUwOSUwOSUzQyUyRmRpdiUzRSUwQSUwOSUwOSUwOSUwOSUzQ2g2JTIwY2xhc3MlM0QlMjJpY29uX3RpdGxlJTIyJTIwc3R5bGUlM0QlMjIlMjIlM0UlMEElMDklMDklMDklMDklMjAlMjAlMjAlMjAlMDklMDlBZHJlc3MlQzMlQTklMjAlQzMlQTAlMjAlM0ElMEFJVFAlMjBTLnAuQS4lMjAlRTIlODAlOTMlMjBVZmZpY2lvJTIwR2VzdGlvbmUlMjBQZWRhZ2dpJTJGUm1wcCUyMCVFMiU4MCU5MyUyMFN0cmFkYSUyMGRlbGxhJTIwQ2Vicm9zYSUyQyUyMDg2JTIwJUUyJTgwJTkzJTIwMTAxNTYlMjBUb3Jpbm8lMjAtJTIwSXRhbGllJTBBJTA5JTA5JTA5JTA5JTNDJTJGaDYlM0UlMEElMDklMDklMDklM0MlMkZkaXYlM0UlMEElMDklMDklMDklM0NwJTIwc3R5bGUlM0QlMjIlMjIlM0UlM0MlMkZwJTNFJTBBJTA5JTA5JTNDJTJGZGl2JTNFJTBBJTA5JTNDJTJGZGl2JTNFJTBBJTNDJTJGZGl2JTNFJTBB[\/vc_raw_html][\/vc_column][\/vc_row]<\/p>\n<\/div>","protected":false},"excerpt":{"rendered":"<p>[vc_row css_animation=\u00a0\u00bb\u00a0\u00bb row_type=\u00a0\u00bbrow\u00a0\u00bb use_row_as_full_screen_section=\u00a0\u00bbno\u00a0\u00bb type=\u00a0\u00bbfull_width\u00a0\u00bb angled_section=\u00a0\u00bbno\u00a0\u00bb text_align=\u00a0\u00bbleft\u00a0\u00bb background_image_as_pattern=\u00a0\u00bbwithout_pattern\u00a0\u00bb z_index=\u00a0\u00bb\u00a0\u00bb el_class=\u00a0\u00bbriga-testo-padding\u00a0\u00bb][vc_column offset=\u00a0\u00bbvc_col-md-3&Prime;][vc_widget_sidebar sidebar_id=\u00a0\u00bbSidebar-A21&Prime;][\/vc_column][vc_column offset=\u00a0\u00bbvc_col-md-9&Prime;][vc_column_text css=\u00a0\u00bb\u00a0\u00bb]La Soci\u00e9t\u00e9 assure le remboursement des p\u00e9ages pay\u00e9s en exc\u00e8s, apr\u00e8s avoir v\u00e9rifi\u00e9 le bien-fond\u00e9 de la r\u00e9clamation d\u00e9pos\u00e9e par l&rsquo;utilisateur. Les d\u00e9lais de remboursement co\u00efncident avec les d\u00e9lais de traitement. Dans&#8230;<\/p>\n","protected":false},"author":44,"featured_media":0,"parent":9302,"menu_order":0,"comment_status":"closed","ping_status":"closed","template":"full_width.php","meta":{"_acf_changed":false,"inline_featured_image":false,"footnotes":""},"class_list":["post-9318","page","type-page","status-publish","hentry","wpautop"],"acf":[],"yoast_head":"<!-- This site is optimized with the Yoast SEO plugin v27.2 - https:\/\/yoast.com\/product\/yoast-seo-wordpress\/ -->\n<title>Remboursements A21 - ITP - Ivrea Torino Piacenza S.p.A.<\/title>\n<meta name=\"robots\" content=\"index, follow, max-snippet:-1, max-image-preview:large, max-video-preview:-1\" \/>\n<link rel=\"canonical\" href=\"https:\/\/www.itpspa.it\/fr\/troncon-2-a21\/remboursements-a21\/\" \/>\n<meta property=\"og:locale\" content=\"fr_FR\" \/>\n<meta property=\"og:type\" content=\"article\" \/>\n<meta property=\"og:title\" content=\"Remboursements A21 - ITP - Ivrea Torino Piacenza S.p.A.\" \/>\n<meta property=\"og:description\" content=\"[vc_row css_animation=\u00a0\u00bb\u00a0\u00bb row_type=\u00a0\u00bbrow\u00a0\u00bb use_row_as_full_screen_section=\u00a0\u00bbno\u00a0\u00bb type=\u00a0\u00bbfull_width\u00a0\u00bb angled_section=\u00a0\u00bbno\u00a0\u00bb text_align=\u00a0\u00bbleft\u00a0\u00bb background_image_as_pattern=\u00a0\u00bbwithout_pattern\u00a0\u00bb z_index=\u00a0\u00bb\u00a0\u00bb el_class=\u00a0\u00bbriga-testo-padding\u00a0\u00bb][vc_column offset=\u00a0\u00bbvc_col-md-3&Prime;][vc_widget_sidebar sidebar_id=\u00a0\u00bbSidebar-A21&Prime;][\/vc_column][vc_column offset=\u00a0\u00bbvc_col-md-9&Prime;][vc_column_text css=\u00a0\u00bb\u00a0\u00bb]La Soci\u00e9t\u00e9 assure le remboursement des p\u00e9ages pay\u00e9s en exc\u00e8s, apr\u00e8s avoir v\u00e9rifi\u00e9 le bien-fond\u00e9 de la r\u00e9clamation d\u00e9pos\u00e9e par l&rsquo;utilisateur. Les d\u00e9lais de remboursement co\u00efncident avec les d\u00e9lais de traitement. Dans...\" \/>\n<meta property=\"og:url\" content=\"https:\/\/www.itpspa.it\/fr\/troncon-2-a21\/remboursements-a21\/\" \/>\n<meta property=\"og:site_name\" content=\"ITP - Ivrea Torino Piacenza S.p.A.\" \/>\n<meta property=\"article:modified_time\" content=\"2026-02-16T09:36:24+00:00\" \/>\n<meta name=\"twitter:card\" content=\"summary_large_image\" \/>\n<meta name=\"twitter:label1\" content=\"Dur\u00e9e de lecture estim\u00e9e\" \/>\n\t<meta name=\"twitter:data1\" content=\"1 minute\" \/>\n<script type=\"application\/ld+json\" class=\"yoast-schema-graph\">{\"@context\":\"https:\/\/schema.org\",\"@graph\":[{\"@type\":\"WebPage\",\"@id\":\"https:\/\/www.itpspa.it\/fr\/troncon-2-a21\/remboursements-a21\/\",\"url\":\"https:\/\/www.itpspa.it\/fr\/troncon-2-a21\/remboursements-a21\/\",\"name\":\"Remboursements A21 - ITP - Ivrea Torino Piacenza S.p.A.\",\"isPartOf\":{\"@id\":\"https:\/\/www.itpspa.it\/#website\"},\"datePublished\":\"2026-01-14T16:13:05+00:00\",\"dateModified\":\"2026-02-16T09:36:24+00:00\",\"breadcrumb\":{\"@id\":\"https:\/\/www.itpspa.it\/fr\/troncon-2-a21\/remboursements-a21\/#breadcrumb\"},\"inLanguage\":\"fr-FR\",\"potentialAction\":[{\"@type\":\"ReadAction\",\"target\":[\"https:\/\/www.itpspa.it\/fr\/troncon-2-a21\/remboursements-a21\/\"]}]},{\"@type\":\"BreadcrumbList\",\"@id\":\"https:\/\/www.itpspa.it\/fr\/troncon-2-a21\/remboursements-a21\/#breadcrumb\",\"itemListElement\":[{\"@type\":\"ListItem\",\"position\":1,\"name\":\"Home\",\"item\":\"https:\/\/www.itpspa.it\/fr\/\"},{\"@type\":\"ListItem\",\"position\":2,\"name\":\"Tron\u00e7on 2 &#8211; A21\",\"item\":\"https:\/\/www.itpspa.it\/fr\/troncon-2-a21\/\"},{\"@type\":\"ListItem\",\"position\":3,\"name\":\"Remboursements A21\"}]},{\"@type\":\"WebSite\",\"@id\":\"https:\/\/www.itpspa.it\/#website\",\"url\":\"https:\/\/www.itpspa.it\/\",\"name\":\"ITP - Ivrea Torino Piacenza S.p.A.\",\"description\":\"ITP - Ivrea Torino Piacenza S.p.A.\",\"publisher\":{\"@id\":\"https:\/\/www.itpspa.it\/#organization\"},\"alternateName\":\"ITP S.p.A.\",\"potentialAction\":[{\"@type\":\"SearchAction\",\"target\":{\"@type\":\"EntryPoint\",\"urlTemplate\":\"https:\/\/www.itpspa.it\/?s={search_term_string}\"},\"query-input\":{\"@type\":\"PropertyValueSpecification\",\"valueRequired\":true,\"valueName\":\"search_term_string\"}}],\"inLanguage\":\"fr-FR\"},{\"@type\":\"Organization\",\"@id\":\"https:\/\/www.itpspa.it\/#organization\",\"name\":\"ITP - Ivrea Torino Piacenza S.p.A.\",\"alternateName\":\"ITP S.p.A.\",\"url\":\"https:\/\/www.itpspa.it\/\",\"logo\":{\"@type\":\"ImageObject\",\"inLanguage\":\"fr-FR\",\"@id\":\"https:\/\/www.itpspa.it\/#\/schema\/logo\/image\/\",\"url\":\"https:\/\/www.itpspa.it\/wp-content\/uploads\/ITP-Concessionaria-autostrada-IVREA-TORINO-PIACENZA-1-1.svg\",\"contentUrl\":\"https:\/\/www.itpspa.it\/wp-content\/uploads\/ITP-Concessionaria-autostrada-IVREA-TORINO-PIACENZA-1-1.svg\",\"width\":\"1024\",\"height\":\"1024\",\"caption\":\"ITP - Ivrea Torino Piacenza S.p.A.\"},\"image\":{\"@id\":\"https:\/\/www.itpspa.it\/#\/schema\/logo\/image\/\"}}]}<\/script>\n<!-- \/ Yoast SEO plugin. -->","yoast_head_json":{"title":"Remboursements A21 - ITP - Ivrea Torino Piacenza S.p.A.","robots":{"index":"index","follow":"follow","max-snippet":"max-snippet:-1","max-image-preview":"max-image-preview:large","max-video-preview":"max-video-preview:-1"},"canonical":"https:\/\/www.itpspa.it\/fr\/troncon-2-a21\/remboursements-a21\/","og_locale":"fr_FR","og_type":"article","og_title":"Remboursements A21 - ITP - Ivrea Torino Piacenza S.p.A.","og_description":"[vc_row css_animation=\u00a0\u00bb\u00a0\u00bb row_type=\u00a0\u00bbrow\u00a0\u00bb use_row_as_full_screen_section=\u00a0\u00bbno\u00a0\u00bb type=\u00a0\u00bbfull_width\u00a0\u00bb angled_section=\u00a0\u00bbno\u00a0\u00bb text_align=\u00a0\u00bbleft\u00a0\u00bb background_image_as_pattern=\u00a0\u00bbwithout_pattern\u00a0\u00bb z_index=\u00a0\u00bb\u00a0\u00bb el_class=\u00a0\u00bbriga-testo-padding\u00a0\u00bb][vc_column offset=\u00a0\u00bbvc_col-md-3&Prime;][vc_widget_sidebar sidebar_id=\u00a0\u00bbSidebar-A21&Prime;][\/vc_column][vc_column offset=\u00a0\u00bbvc_col-md-9&Prime;][vc_column_text css=\u00a0\u00bb\u00a0\u00bb]La Soci\u00e9t\u00e9 assure le remboursement des p\u00e9ages pay\u00e9s en exc\u00e8s, apr\u00e8s avoir v\u00e9rifi\u00e9 le bien-fond\u00e9 de la r\u00e9clamation d\u00e9pos\u00e9e par l&rsquo;utilisateur. Les d\u00e9lais de remboursement co\u00efncident avec les d\u00e9lais de traitement. Dans...","og_url":"https:\/\/www.itpspa.it\/fr\/troncon-2-a21\/remboursements-a21\/","og_site_name":"ITP - Ivrea Torino Piacenza S.p.A.","article_modified_time":"2026-02-16T09:36:24+00:00","twitter_card":"summary_large_image","twitter_misc":{"Dur\u00e9e de lecture estim\u00e9e":"1 minute"},"schema":{"@context":"https:\/\/schema.org","@graph":[{"@type":"WebPage","@id":"https:\/\/www.itpspa.it\/fr\/troncon-2-a21\/remboursements-a21\/","url":"https:\/\/www.itpspa.it\/fr\/troncon-2-a21\/remboursements-a21\/","name":"Remboursements A21 - ITP - Ivrea Torino Piacenza S.p.A.","isPartOf":{"@id":"https:\/\/www.itpspa.it\/#website"},"datePublished":"2026-01-14T16:13:05+00:00","dateModified":"2026-02-16T09:36:24+00:00","breadcrumb":{"@id":"https:\/\/www.itpspa.it\/fr\/troncon-2-a21\/remboursements-a21\/#breadcrumb"},"inLanguage":"fr-FR","potentialAction":[{"@type":"ReadAction","target":["https:\/\/www.itpspa.it\/fr\/troncon-2-a21\/remboursements-a21\/"]}]},{"@type":"BreadcrumbList","@id":"https:\/\/www.itpspa.it\/fr\/troncon-2-a21\/remboursements-a21\/#breadcrumb","itemListElement":[{"@type":"ListItem","position":1,"name":"Home","item":"https:\/\/www.itpspa.it\/fr\/"},{"@type":"ListItem","position":2,"name":"Tron\u00e7on 2 &#8211; A21","item":"https:\/\/www.itpspa.it\/fr\/troncon-2-a21\/"},{"@type":"ListItem","position":3,"name":"Remboursements A21"}]},{"@type":"WebSite","@id":"https:\/\/www.itpspa.it\/#website","url":"https:\/\/www.itpspa.it\/","name":"ITP - Ivrea Torino Piacenza S.p.A.","description":"ITP - Ivrea Torino Piacenza S.p.A.","publisher":{"@id":"https:\/\/www.itpspa.it\/#organization"},"alternateName":"ITP S.p.A.","potentialAction":[{"@type":"SearchAction","target":{"@type":"EntryPoint","urlTemplate":"https:\/\/www.itpspa.it\/?s={search_term_string}"},"query-input":{"@type":"PropertyValueSpecification","valueRequired":true,"valueName":"search_term_string"}}],"inLanguage":"fr-FR"},{"@type":"Organization","@id":"https:\/\/www.itpspa.it\/#organization","name":"ITP - Ivrea Torino Piacenza S.p.A.","alternateName":"ITP S.p.A.","url":"https:\/\/www.itpspa.it\/","logo":{"@type":"ImageObject","inLanguage":"fr-FR","@id":"https:\/\/www.itpspa.it\/#\/schema\/logo\/image\/","url":"https:\/\/www.itpspa.it\/wp-content\/uploads\/ITP-Concessionaria-autostrada-IVREA-TORINO-PIACENZA-1-1.svg","contentUrl":"https:\/\/www.itpspa.it\/wp-content\/uploads\/ITP-Concessionaria-autostrada-IVREA-TORINO-PIACENZA-1-1.svg","width":"1024","height":"1024","caption":"ITP - Ivrea Torino Piacenza S.p.A."},"image":{"@id":"https:\/\/www.itpspa.it\/#\/schema\/logo\/image\/"}}]}},"publishpress_future_workflow_manual_trigger":{"enabledWorkflows":[]},"_links":{"self":[{"href":"https:\/\/www.itpspa.it\/fr\/wp-json\/wp\/v2\/pages\/9318","targetHints":{"allow":["GET"]}}],"collection":[{"href":"https:\/\/www.itpspa.it\/fr\/wp-json\/wp\/v2\/pages"}],"about":[{"href":"https:\/\/www.itpspa.it\/fr\/wp-json\/wp\/v2\/types\/page"}],"author":[{"embeddable":true,"href":"https:\/\/www.itpspa.it\/fr\/wp-json\/wp\/v2\/users\/44"}],"replies":[{"embeddable":true,"href":"https:\/\/www.itpspa.it\/fr\/wp-json\/wp\/v2\/comments?post=9318"}],"version-history":[{"count":3,"href":"https:\/\/www.itpspa.it\/fr\/wp-json\/wp\/v2\/pages\/9318\/revisions"}],"predecessor-version":[{"id":9321,"href":"https:\/\/www.itpspa.it\/fr\/wp-json\/wp\/v2\/pages\/9318\/revisions\/9321"}],"up":[{"embeddable":true,"href":"https:\/\/www.itpspa.it\/fr\/wp-json\/wp\/v2\/pages\/9302"}],"wp:attachment":[{"href":"https:\/\/www.itpspa.it\/fr\/wp-json\/wp\/v2\/media?parent=9318"}],"curies":[{"name":"wp","href":"https:\/\/api.w.org\/{rel}","templated":true}]}}