{"id":9288,"date":"2024-11-27T11:16:08","date_gmt":"2024-11-27T10:16:08","guid":{"rendered":"https:\/\/www.itpspa.it\/informazioni-mancato-pagamento-pedaggio\/"},"modified":"2026-02-13T14:30:56","modified_gmt":"2026-02-13T13:30:56","slug":"informations-relatives-au-non-paiement-du-peage","status":"publish","type":"page","link":"https:\/\/www.itpspa.it\/fr\/troncon-2-a21\/informations-relatives-au-non-paiement-du-peage\/","title":{"rendered":"Informations relatives au non-paiement du p\u00e9age A21"},"content":{"rendered":"<div class=\"wpb-content-wrapper\"><p>[vc_row css_animation=\u00a0\u00bb\u00a0\u00bb row_type=\u00a0\u00bbrow\u00a0\u00bb use_row_as_full_screen_section=\u00a0\u00bbno\u00a0\u00bb type=\u00a0\u00bbfull_width\u00a0\u00bb angled_section=\u00a0\u00bbno\u00a0\u00bb text_align=\u00a0\u00bbleft\u00a0\u00bb background_image_as_pattern=\u00a0\u00bbwithout_pattern\u00a0\u00bb z_index=\u00a0\u00bb\u00a0\u00bb el_class=\u00a0\u00bbriga-testo-padding\u00a0\u00bb][vc_column offset=\u00a0\u00bbvc_col-md-3&Prime;][vc_widget_sidebar sidebar_id=\u00a0\u00bbSidebar-A21&Prime;][\/vc_column][vc_column offset=\u00a0\u00bbvc_col-md-9&Prime; el_id=\u00a0\u00bbMRpulsanteModulo\u00a0\u00bb][vc_column_text css=\u00a0\u00bb\u00a0\u00bb]<em>Si le p\u00e9age d\u00fb (en tout ou en partie) n\u2019est pas pay\u00e9, un rapport de non-paiement est \u00e9mis, contenant les donn\u00e9es du v\u00e9hicule (cat\u00e9gorie et plaque d\u2019immatriculation), les donn\u00e9es du passage (date, heure, gare de p\u00e9age de sortie et, le cas \u00e9ch\u00e9ant, gare de p\u00e9age d\u2019entr\u00e9e) et le montant \u00e0 payer.<\/em><\/p>\n<p data-uw-rm-sr=\"\">Le montant d\u00fb peut \u00eatre pay\u00e9, sans majoration, au plus tard dans les 15\u00a0jours suivant la date d\u2019\u00e9mission. Si le paiement est effectu\u00e9 apr\u00e8s la date limite indiqu\u00e9e, le montant sera major\u00e9 de 2,58\u00a0\u20ac pour frais de v\u00e9rification (art. 176\/11 bis, Code de la route).<\/p>\n<p>En cas de non-paiement, les proc\u00e9dures de recouvrement prescrites seront activ\u00e9es, y compris le recours \u00e0 l\u2019article 373 du r\u00e8glement d\u2019ex\u00e9cution et d\u2019application du Code de la route, avec l\u2019augmentation cons\u00e9quente des co\u00fbts \u00e0 la charge du d\u00e9biteur.<\/p>\n<p>&nbsp;<\/p>\n<p>&nbsp;<\/p>\n<p><img loading=\"lazy\" decoding=\"async\" class=\"alignleft wp-image-4545\" src=\"..\/wp-content\/uploads\/Polstrada-300x282.png\" alt=\"\" width=\"131\" height=\"123\" srcset=\"https:\/\/www.itpspa.it\/wp-content\/uploads\/Polstrada-300x282.png 300w, https:\/\/www.itpspa.it\/wp-content\/uploads\/Polstrada.png 527w\" sizes=\"auto, (max-width: 131px) 100vw, 131px\" \/><strong>Il convient de noter que, en cas de retard dans le paiement du p\u00e9age par rapport \u00e0 la date limite indiqu\u00e9e ci-dessus, les documents pertinents seront transmis \u00e0 la section de la police routi\u00e8re comp\u00e9tente pour la notification des sanctions administratives pr\u00e9vues par l\u2019article 176, alin\u00e9as 11 et 21, du Code de la route pour la violation constat\u00e9e de l\u2019obligation de payer le p\u00e9age autoroutier (qui pr\u00e9voit le paiement d\u2019une somme allant de 87,00\u00a0\u20ac \u00e0 344,00\u00a0\u20ac et le retrait de 2\u00a0points sur le permis de conduire du contrevenant).<\/strong><\/p>\n<p>&nbsp;<\/p>\n<p>&nbsp;<\/p>\n<p><strong>Modes de paiement<\/strong><\/p>\n<p>Le paiement peut \u00eatre effectu\u00e9\u00a0:<\/p>\n<ul>\n<li><a href=\"https:\/\/www.itpspa.it\/fr\/paiement-en-ligne-a21\/\"><strong>en ligne<\/strong><\/a>\u00a0(sans frais suppl\u00e9mentaires) en acc\u00e9dant \u00e0 ce\u00a0<a href=\"https:\/\/www.itpspa.it\/fr\/paiement-en-ligne-a21\/\"><strong>lien<\/strong><\/a>\u00a0en utilisant Satispay\u00a0 <img loading=\"lazy\" decoding=\"async\" class=\"wp-image-6965 alignnone\" src=\"..\/wp-content\/uploads\/logo-satispay-red-230x230-1.png\" sizes=\"auto, (max-width: 50px) 100vw, 50px\" srcset=\"https:\/\/www.itpspa.it\/wp-content\/uploads\/logo-satispay-red-230x230-1.png 230w, https:\/\/www.itpspa.it\/wp-content\/uploads\/logo-satispay-red-230x230-1-150x150.png 150w\" alt=\"\" width=\"50\" height=\"50\" \/> oppure le principali carte di credito \/ debito \/ prepagate <img loading=\"lazy\" decoding=\"async\" width=\"377\" height=\"100\" class=\"alignnone size-full wp-image-7682\" style=\"height: 25px; width: auto;\" src=\"https:\/\/www.itpspa.it\/wp-content\/uploads\/visa-mastercard-e1734541450474.png\" alt=\"\" \/> <img loading=\"lazy\" decoding=\"async\" class=\"alignnone size-full wp-image-8242\" src=\"https:\/\/www.itpspa.it\/wp-content\/uploads\/maestro-e1760601794976.png\" alt=\"\" width=\"35\" height=\"29\" \/> <img loading=\"lazy\" decoding=\"async\" class=\"alignnone size-medium wp-image-8241\" src=\"https:\/\/www.itpspa.it\/wp-content\/uploads\/american_express-300x300.png\" alt=\"\" width=\"35\" height=\"35\" \/><\/li>\n<\/ul>\n<div class=\"wpb_text_column wpb_content_element \">\n<div class=\"wpb_wrapper\">\n<ul>\n<li>par\u00a0<strong>virement bancaire<\/strong>\u00a0sur le compte suivant\n<ul>\n<li>\u00a0CODE IBAN\u00a0: IT05-B-05034-01006-000000013830<\/li>\n<li>\u00a0CODE SWIFT\u00a0: BAPPIT22XXX<br \/>\nau nom de ITP S.p.A. Corso Vittorio Emanuele II 178 &#8211; 10138 TORINO en indiquant dans le motif du paiement<strong>\u00a0le num\u00e9ro de la plaque d&rsquo;immatriculation et\/ou le num\u00e9ro du rapport de non-paiement<\/strong>\u00a0;<\/li>\n<\/ul>\n<\/li>\n<li>aupr\u00e8s d\u2019un\u00a0<strong>receveur<\/strong>\u00a0g\u00e9rant une barri\u00e8re manuelle de gare de p\u00e9age autoroutier sur le r\u00e9seau ITP S.p.A.<strong>\u00a0(dans un d\u00e9lai de 15 jours \u00e0 compter de la date du passage) sur pr\u00e9sentation du r\u00e9c\u00e9piss\u00e9.<\/strong><\/li>\n<\/ul>\n<p>Pour toute information compl\u00e9mentaire, le bureau des p\u00e9ages peut \u00eatre contact\u00e9 via\u00a0:<br \/>\nE-mail\u00a0:\u00a0<a href=\"mailto:rmpp.t2@itpspa.it\"><strong>rmpp.t2@itpspa.it<\/strong><\/a><\/p>\n<p>T\u00e9l.\u00a0:\u00a0<strong>+39 0141931724<\/strong><\/p>\n<\/div>\n<\/div>\n<div class=\"vc_empty_space\"><\/div>\n<div class=\"wpb_text_column wpb_content_element \">\n<div class=\"wpb_wrapper\">\n<p dir=\"auto\"><strong>Formulaires en ligne et communications au bureau des impay\u00e9s<\/strong><\/p>\n<p dir=\"auto\">L&rsquo;ITP offre aux usagers la possibilit\u00e9 de saisir des communications et des signalements en ligne en acc\u00e9dant \u00e0 la page Formulaires en ligne. L&rsquo;utilisateur peut donc utiliser le formulaire en ligne pour signaler les probl\u00e8mes suivants\u00a0:<\/p>\n<ul dir=\"auto\">\n<li>Si le ticket de non-paiement, pour quelque raison que ce soit, n&rsquo;a pas \u00e9t\u00e9 \u00e9mis ou est illisible et que l&rsquo;usager n&rsquo;a pas pu payer le p\u00e9age bien que la barri\u00e8re ait \u00e9t\u00e9 lev\u00e9e, il doit fournir toutes les donn\u00e9es de passage (gare de p\u00e9age, heure, voie si elle est connue, plaque d&rsquo;immatriculation et type de v\u00e9hicule) afin de recevoir toutes les informations n\u00e9cessaires au paiement du p\u00e9age.<\/li>\n<li>Pour les\u00a0<strong>demandes de d\u00e9bit<\/strong>,\u00a0<strong>sur Viacard de compte courant ou Telepass<\/strong>. (Dans le cas de\u00a0<strong>demandes de d\u00e9bit sur Telepass<\/strong>, la demande ne pourra \u00eatre accord\u00e9e\u00a0<strong>que<\/strong>\u00a0si les plaques d&rsquo;immatriculation sont associ\u00e9es \u00e0 un contrat de Telepass ouvert et valide au moment du passage. Les demandes de\u00a0<strong>d\u00e9bit sur Viacard<\/strong>\u00a0ne seront accept\u00e9es que si la Viacard a \u00e9t\u00e9 d\u00fbment \u00e9mise au moment du passage. Il n&rsquo;est pas possible de d\u00e9biter le passage sur la Viacard \u00e0 d\u00e9compte diff\u00e9r\u00e9).<\/li>\n<li>Pour les demandes de d\u00e9bit sur les APPAREILS SET\/SIT MP, les demandes doivent \u00eatre soumises exclusivement au fournisseur de services.<\/li>\n<li><strong>Dans le cas d&rsquo;un v\u00e9hicule vendu ou lou\u00e9<\/strong>, en indiquant le nom auquel le rappel de paiement doit \u00eatre adress\u00e9 et en fournissant toutes les donn\u00e9es et tous les documents relatifs \u00e0 la vente et\/ou \u00e0 la location.<\/li>\n<li><strong>En cas de perte\/non-d\u00e9tection de la gare d&rsquo;entr\u00e9e\u00a0:\u00a0<\/strong>conform\u00e9ment aux dispositions du Code de la route (art. 176), l&rsquo;usager d\u00e9pourvu de ticket d&rsquo;entr\u00e9e devra s&rsquo;acquitter du p\u00e9age, calcul\u00e9 \u00e0 partir de la gare d&rsquo;entr\u00e9e la plus \u00e9loign\u00e9e. L&rsquo;usager a la possibilit\u00e9 de prouver (au moyen de re\u00e7us, de factures, de t\u00e9moignages de tiers, etc.) la gare d&rsquo;entr\u00e9e effective, avec la copie d&rsquo;une pi\u00e8ce d&rsquo;identit\u00e9 valide. Toutefois, ITP se r\u00e9serve le droit d&rsquo;effectuer des contr\u00f4les ult\u00e9rieurs sur la v\u00e9racit\u00e9 des d\u00e9clarations afin de rectifier le montant du non-paiement.<\/li>\n<li>En cas de\u00a0<strong>passage non effectu\u00e9<\/strong>, l\u2019usager doit pr\u00e9ciser les raisons \u00e9ventuelles \u00e0 l\u2019appui de la demande.<\/li>\n<li>En cas de\u00a0<strong>paiement d\u00e9j\u00e0 effectu\u00e9<\/strong>, l\u2019usager doit joindre une copie num\u00e9ris\u00e9e\/une copie du paiement.<\/li>\n<\/ul>\n<\/div>\n<\/div>\n<p>[\/vc_column_text][vc_empty_space][vc_column_text css=\u00a0\u00bb\u00a0\u00bb]<\/p>\n<p style=\"text-align: center;\">\n\n\t<a href=\"\/fr\/informations-relatives-au-non-paiement-du-peage\/acceder-au-formulaire-en-ligne-a21\/\" target=\"_self\"  class=\"qode-btn qode-btn-medium qode-btn-solid qode-btn-icon qode-btn-default-hover\"  >\n\t    <span class=\"qode-btn-text\">Acc\u00e9der au formulaire en ligne<\/span><span class=\"qode-button-v2-icon-holder\"  ><i class=\"qode_icon_font_awesome fa fa-angle-double-right qode-button-v2-icon-holder-inner\" ><\/i><\/span>\t<\/a>\n\n<\/p>\n<p>[\/vc_column_text][\/vc_column][\/vc_row]<\/p>\n<\/div>","protected":false},"excerpt":{"rendered":"<p>[vc_row css_animation=\u00a0\u00bb\u00a0\u00bb row_type=\u00a0\u00bbrow\u00a0\u00bb use_row_as_full_screen_section=\u00a0\u00bbno\u00a0\u00bb type=\u00a0\u00bbfull_width\u00a0\u00bb angled_section=\u00a0\u00bbno\u00a0\u00bb text_align=\u00a0\u00bbleft\u00a0\u00bb background_image_as_pattern=\u00a0\u00bbwithout_pattern\u00a0\u00bb z_index=\u00a0\u00bb\u00a0\u00bb el_class=\u00a0\u00bbriga-testo-padding\u00a0\u00bb][vc_column offset=\u00a0\u00bbvc_col-md-3&Prime;][vc_widget_sidebar sidebar_id=\u00a0\u00bbSidebar-A21&Prime;][\/vc_column][vc_column offset=\u00a0\u00bbvc_col-md-9&Prime; el_id=\u00a0\u00bbMRpulsanteModulo\u00a0\u00bb][vc_column_text css=\u00a0\u00bb\u00a0\u00bb]Si le p\u00e9age d\u00fb (en tout ou en partie) n\u2019est pas pay\u00e9, un rapport de non-paiement est \u00e9mis, contenant les donn\u00e9es du v\u00e9hicule (cat\u00e9gorie et plaque d\u2019immatriculation), les donn\u00e9es du passage&#8230;<\/p>\n","protected":false},"author":2,"featured_media":0,"parent":9302,"menu_order":0,"comment_status":"closed","ping_status":"closed","template":"full_width.php","meta":{"_acf_changed":false,"inline_featured_image":false,"footnotes":""},"class_list":["post-9288","page","type-page","status-publish","hentry","wpautop"],"acf":[],"yoast_head":"<!-- This site is optimized with the Yoast SEO plugin v27.2 - https:\/\/yoast.com\/product\/yoast-seo-wordpress\/ -->\n<title>Informations relatives au non-paiement du p\u00e9age A21 - ITP - Ivrea Torino Piacenza S.p.A.<\/title>\n<meta name=\"robots\" content=\"index, follow, max-snippet:-1, max-image-preview:large, max-video-preview:-1\" \/>\n<link rel=\"canonical\" href=\"https:\/\/www.itpspa.it\/fr\/informations-relatives-au-non-paiement-du-peage\/\" \/>\n<meta property=\"og:locale\" content=\"fr_FR\" \/>\n<meta property=\"og:type\" content=\"article\" \/>\n<meta property=\"og:title\" content=\"Informations relatives au non-paiement du p\u00e9age A21 - ITP - Ivrea Torino Piacenza S.p.A.\" \/>\n<meta property=\"og:description\" content=\"[vc_row css_animation=\u00a0\u00bb\u00a0\u00bb row_type=\u00a0\u00bbrow\u00a0\u00bb use_row_as_full_screen_section=\u00a0\u00bbno\u00a0\u00bb type=\u00a0\u00bbfull_width\u00a0\u00bb angled_section=\u00a0\u00bbno\u00a0\u00bb text_align=\u00a0\u00bbleft\u00a0\u00bb background_image_as_pattern=\u00a0\u00bbwithout_pattern\u00a0\u00bb z_index=\u00a0\u00bb\u00a0\u00bb el_class=\u00a0\u00bbriga-testo-padding\u00a0\u00bb][vc_column offset=\u00a0\u00bbvc_col-md-3&Prime;][vc_widget_sidebar sidebar_id=\u00a0\u00bbSidebar-A21&Prime;][\/vc_column][vc_column offset=\u00a0\u00bbvc_col-md-9&Prime; el_id=\u00a0\u00bbMRpulsanteModulo\u00a0\u00bb][vc_column_text css=\u00a0\u00bb\u00a0\u00bb]Si le p\u00e9age d\u00fb (en tout ou en partie) n\u2019est pas pay\u00e9, un rapport de non-paiement est \u00e9mis, contenant les donn\u00e9es du v\u00e9hicule (cat\u00e9gorie et plaque d\u2019immatriculation), les donn\u00e9es du passage...\" \/>\n<meta property=\"og:url\" content=\"https:\/\/www.itpspa.it\/fr\/informations-relatives-au-non-paiement-du-peage\/\" \/>\n<meta property=\"og:site_name\" content=\"ITP - Ivrea Torino Piacenza S.p.A.\" \/>\n<meta property=\"article:modified_time\" content=\"2026-02-13T13:30:56+00:00\" \/>\n<meta property=\"og:image\" content=\"https:\/\/www.itpspa.it\/wp-content\/uploads\/visa-mastercard-e1734541450474.png\" \/>\n<meta name=\"twitter:card\" content=\"summary_large_image\" \/>\n<meta name=\"twitter:label1\" content=\"Dur\u00e9e de lecture estim\u00e9e\" \/>\n\t<meta name=\"twitter:data1\" content=\"6 minutes\" \/>\n<script type=\"application\/ld+json\" class=\"yoast-schema-graph\">{\"@context\":\"https:\/\/schema.org\",\"@graph\":[{\"@type\":\"WebPage\",\"@id\":\"https:\/\/www.itpspa.it\/fr\/informations-relatives-au-non-paiement-du-peage\/\",\"url\":\"https:\/\/www.itpspa.it\/fr\/informations-relatives-au-non-paiement-du-peage\/\",\"name\":\"Informations relatives au non-paiement du p\u00e9age A21 - ITP - Ivrea Torino Piacenza S.p.A.\",\"isPartOf\":{\"@id\":\"https:\/\/www.itpspa.it\/#website\"},\"primaryImageOfPage\":{\"@id\":\"https:\/\/www.itpspa.it\/fr\/informations-relatives-au-non-paiement-du-peage\/#primaryimage\"},\"image\":{\"@id\":\"https:\/\/www.itpspa.it\/fr\/informations-relatives-au-non-paiement-du-peage\/#primaryimage\"},\"thumbnailUrl\":\"https:\/\/www.itpspa.it\/wp-content\/uploads\/visa-mastercard-e1734541450474.png\",\"datePublished\":\"2024-11-27T10:16:08+00:00\",\"dateModified\":\"2026-02-13T13:30:56+00:00\",\"breadcrumb\":{\"@id\":\"https:\/\/www.itpspa.it\/fr\/informations-relatives-au-non-paiement-du-peage\/#breadcrumb\"},\"inLanguage\":\"fr-FR\",\"potentialAction\":[{\"@type\":\"ReadAction\",\"target\":[\"https:\/\/www.itpspa.it\/fr\/informations-relatives-au-non-paiement-du-peage\/\"]}]},{\"@type\":\"ImageObject\",\"inLanguage\":\"fr-FR\",\"@id\":\"https:\/\/www.itpspa.it\/fr\/informations-relatives-au-non-paiement-du-peage\/#primaryimage\",\"url\":\"https:\/\/www.itpspa.it\/wp-content\/uploads\/visa-mastercard-e1734541450474.png\",\"contentUrl\":\"https:\/\/www.itpspa.it\/wp-content\/uploads\/visa-mastercard-e1734541450474.png\"},{\"@type\":\"BreadcrumbList\",\"@id\":\"https:\/\/www.itpspa.it\/fr\/informations-relatives-au-non-paiement-du-peage\/#breadcrumb\",\"itemListElement\":[{\"@type\":\"ListItem\",\"position\":1,\"name\":\"Home\",\"item\":\"https:\/\/www.itpspa.it\/fr\/\"},{\"@type\":\"ListItem\",\"position\":2,\"name\":\"Informations relatives au non-paiement du p\u00e9age A21\"}]},{\"@type\":\"WebSite\",\"@id\":\"https:\/\/www.itpspa.it\/#website\",\"url\":\"https:\/\/www.itpspa.it\/\",\"name\":\"ITP - Ivrea Torino Piacenza S.p.A.\",\"description\":\"ITP - Ivrea Torino Piacenza S.p.A.\",\"publisher\":{\"@id\":\"https:\/\/www.itpspa.it\/#organization\"},\"alternateName\":\"ITP S.p.A.\",\"potentialAction\":[{\"@type\":\"SearchAction\",\"target\":{\"@type\":\"EntryPoint\",\"urlTemplate\":\"https:\/\/www.itpspa.it\/?s={search_term_string}\"},\"query-input\":{\"@type\":\"PropertyValueSpecification\",\"valueRequired\":true,\"valueName\":\"search_term_string\"}}],\"inLanguage\":\"fr-FR\"},{\"@type\":\"Organization\",\"@id\":\"https:\/\/www.itpspa.it\/#organization\",\"name\":\"ITP - Ivrea Torino Piacenza S.p.A.\",\"alternateName\":\"ITP S.p.A.\",\"url\":\"https:\/\/www.itpspa.it\/\",\"logo\":{\"@type\":\"ImageObject\",\"inLanguage\":\"fr-FR\",\"@id\":\"https:\/\/www.itpspa.it\/#\/schema\/logo\/image\/\",\"url\":\"https:\/\/www.itpspa.it\/wp-content\/uploads\/ITP-Concessionaria-autostrada-IVREA-TORINO-PIACENZA-1-1.svg\",\"contentUrl\":\"https:\/\/www.itpspa.it\/wp-content\/uploads\/ITP-Concessionaria-autostrada-IVREA-TORINO-PIACENZA-1-1.svg\",\"width\":\"1024\",\"height\":\"1024\",\"caption\":\"ITP - Ivrea Torino Piacenza S.p.A.\"},\"image\":{\"@id\":\"https:\/\/www.itpspa.it\/#\/schema\/logo\/image\/\"}}]}<\/script>\n<!-- \/ Yoast SEO plugin. -->","yoast_head_json":{"title":"Informations relatives au non-paiement du p\u00e9age A21 - ITP - Ivrea Torino Piacenza S.p.A.","robots":{"index":"index","follow":"follow","max-snippet":"max-snippet:-1","max-image-preview":"max-image-preview:large","max-video-preview":"max-video-preview:-1"},"canonical":"https:\/\/www.itpspa.it\/fr\/informations-relatives-au-non-paiement-du-peage\/","og_locale":"fr_FR","og_type":"article","og_title":"Informations relatives au non-paiement du p\u00e9age A21 - ITP - Ivrea Torino Piacenza S.p.A.","og_description":"[vc_row css_animation=\u00a0\u00bb\u00a0\u00bb row_type=\u00a0\u00bbrow\u00a0\u00bb use_row_as_full_screen_section=\u00a0\u00bbno\u00a0\u00bb type=\u00a0\u00bbfull_width\u00a0\u00bb angled_section=\u00a0\u00bbno\u00a0\u00bb text_align=\u00a0\u00bbleft\u00a0\u00bb background_image_as_pattern=\u00a0\u00bbwithout_pattern\u00a0\u00bb z_index=\u00a0\u00bb\u00a0\u00bb el_class=\u00a0\u00bbriga-testo-padding\u00a0\u00bb][vc_column offset=\u00a0\u00bbvc_col-md-3&Prime;][vc_widget_sidebar sidebar_id=\u00a0\u00bbSidebar-A21&Prime;][\/vc_column][vc_column offset=\u00a0\u00bbvc_col-md-9&Prime; el_id=\u00a0\u00bbMRpulsanteModulo\u00a0\u00bb][vc_column_text css=\u00a0\u00bb\u00a0\u00bb]Si le p\u00e9age d\u00fb (en tout ou en partie) n\u2019est pas pay\u00e9, un rapport de non-paiement est \u00e9mis, contenant les donn\u00e9es du v\u00e9hicule (cat\u00e9gorie et plaque d\u2019immatriculation), les donn\u00e9es du passage...","og_url":"https:\/\/www.itpspa.it\/fr\/informations-relatives-au-non-paiement-du-peage\/","og_site_name":"ITP - Ivrea Torino Piacenza S.p.A.","article_modified_time":"2026-02-13T13:30:56+00:00","og_image":[{"url":"https:\/\/www.itpspa.it\/wp-content\/uploads\/visa-mastercard-e1734541450474.png","type":"","width":"","height":""}],"twitter_card":"summary_large_image","twitter_misc":{"Dur\u00e9e de lecture estim\u00e9e":"6 minutes"},"schema":{"@context":"https:\/\/schema.org","@graph":[{"@type":"WebPage","@id":"https:\/\/www.itpspa.it\/fr\/informations-relatives-au-non-paiement-du-peage\/","url":"https:\/\/www.itpspa.it\/fr\/informations-relatives-au-non-paiement-du-peage\/","name":"Informations relatives au non-paiement du p\u00e9age A21 - ITP - Ivrea Torino Piacenza S.p.A.","isPartOf":{"@id":"https:\/\/www.itpspa.it\/#website"},"primaryImageOfPage":{"@id":"https:\/\/www.itpspa.it\/fr\/informations-relatives-au-non-paiement-du-peage\/#primaryimage"},"image":{"@id":"https:\/\/www.itpspa.it\/fr\/informations-relatives-au-non-paiement-du-peage\/#primaryimage"},"thumbnailUrl":"https:\/\/www.itpspa.it\/wp-content\/uploads\/visa-mastercard-e1734541450474.png","datePublished":"2024-11-27T10:16:08+00:00","dateModified":"2026-02-13T13:30:56+00:00","breadcrumb":{"@id":"https:\/\/www.itpspa.it\/fr\/informations-relatives-au-non-paiement-du-peage\/#breadcrumb"},"inLanguage":"fr-FR","potentialAction":[{"@type":"ReadAction","target":["https:\/\/www.itpspa.it\/fr\/informations-relatives-au-non-paiement-du-peage\/"]}]},{"@type":"ImageObject","inLanguage":"fr-FR","@id":"https:\/\/www.itpspa.it\/fr\/informations-relatives-au-non-paiement-du-peage\/#primaryimage","url":"https:\/\/www.itpspa.it\/wp-content\/uploads\/visa-mastercard-e1734541450474.png","contentUrl":"https:\/\/www.itpspa.it\/wp-content\/uploads\/visa-mastercard-e1734541450474.png"},{"@type":"BreadcrumbList","@id":"https:\/\/www.itpspa.it\/fr\/informations-relatives-au-non-paiement-du-peage\/#breadcrumb","itemListElement":[{"@type":"ListItem","position":1,"name":"Home","item":"https:\/\/www.itpspa.it\/fr\/"},{"@type":"ListItem","position":2,"name":"Informations relatives au non-paiement du p\u00e9age A21"}]},{"@type":"WebSite","@id":"https:\/\/www.itpspa.it\/#website","url":"https:\/\/www.itpspa.it\/","name":"ITP - Ivrea Torino Piacenza S.p.A.","description":"ITP - Ivrea Torino Piacenza S.p.A.","publisher":{"@id":"https:\/\/www.itpspa.it\/#organization"},"alternateName":"ITP S.p.A.","potentialAction":[{"@type":"SearchAction","target":{"@type":"EntryPoint","urlTemplate":"https:\/\/www.itpspa.it\/?s={search_term_string}"},"query-input":{"@type":"PropertyValueSpecification","valueRequired":true,"valueName":"search_term_string"}}],"inLanguage":"fr-FR"},{"@type":"Organization","@id":"https:\/\/www.itpspa.it\/#organization","name":"ITP - Ivrea Torino Piacenza S.p.A.","alternateName":"ITP S.p.A.","url":"https:\/\/www.itpspa.it\/","logo":{"@type":"ImageObject","inLanguage":"fr-FR","@id":"https:\/\/www.itpspa.it\/#\/schema\/logo\/image\/","url":"https:\/\/www.itpspa.it\/wp-content\/uploads\/ITP-Concessionaria-autostrada-IVREA-TORINO-PIACENZA-1-1.svg","contentUrl":"https:\/\/www.itpspa.it\/wp-content\/uploads\/ITP-Concessionaria-autostrada-IVREA-TORINO-PIACENZA-1-1.svg","width":"1024","height":"1024","caption":"ITP - Ivrea Torino Piacenza S.p.A."},"image":{"@id":"https:\/\/www.itpspa.it\/#\/schema\/logo\/image\/"}}]}},"publishpress_future_workflow_manual_trigger":{"enabledWorkflows":[]},"_links":{"self":[{"href":"https:\/\/www.itpspa.it\/fr\/wp-json\/wp\/v2\/pages\/9288","targetHints":{"allow":["GET"]}}],"collection":[{"href":"https:\/\/www.itpspa.it\/fr\/wp-json\/wp\/v2\/pages"}],"about":[{"href":"https:\/\/www.itpspa.it\/fr\/wp-json\/wp\/v2\/types\/page"}],"author":[{"embeddable":true,"href":"https:\/\/www.itpspa.it\/fr\/wp-json\/wp\/v2\/users\/2"}],"replies":[{"embeddable":true,"href":"https:\/\/www.itpspa.it\/fr\/wp-json\/wp\/v2\/comments?post=9288"}],"version-history":[{"count":3,"href":"https:\/\/www.itpspa.it\/fr\/wp-json\/wp\/v2\/pages\/9288\/revisions"}],"predecessor-version":[{"id":9294,"href":"https:\/\/www.itpspa.it\/fr\/wp-json\/wp\/v2\/pages\/9288\/revisions\/9294"}],"up":[{"embeddable":true,"href":"https:\/\/www.itpspa.it\/fr\/wp-json\/wp\/v2\/pages\/9302"}],"wp:attachment":[{"href":"https:\/\/www.itpspa.it\/fr\/wp-json\/wp\/v2\/media?parent=9288"}],"curies":[{"name":"wp","href":"https:\/\/api.w.org\/{rel}","templated":true}]}}