{"id":9219,"date":"2024-11-26T10:39:53","date_gmt":"2024-11-26T09:39:53","guid":{"rendered":"https:\/\/www.itpspa.it\/emergenze\/"},"modified":"2026-02-13T12:23:42","modified_gmt":"2026-02-13T11:23:42","slug":"urgences","status":"publish","type":"page","link":"https:\/\/www.itpspa.it\/fr\/troncon-2-a21\/urgences\/","title":{"rendered":"Urgences A21"},"content":{"rendered":"<div class=\"wpb-content-wrapper\"><p>[vc_row css_animation=\u00a0\u00bb\u00a0\u00bb row_type=\u00a0\u00bbrow\u00a0\u00bb use_row_as_full_screen_section=\u00a0\u00bbno\u00a0\u00bb type=\u00a0\u00bbfull_width\u00a0\u00bb angled_section=\u00a0\u00bbno\u00a0\u00bb text_align=\u00a0\u00bbleft\u00a0\u00bb background_image_as_pattern=\u00a0\u00bbwithout_pattern\u00a0\u00bb z_index=\u00a0\u00bb\u00a0\u00bb el_class=\u00a0\u00bbriga-testo-padding\u00a0\u00bb][vc_column offset=\u00a0\u00bbvc_col-md-3&Prime;][vc_widget_sidebar sidebar_id=\u00a0\u00bbSidebar-A21&Prime;][\/vc_column][vc_column offset=\u00a0\u00bbvc_col-md-9&Prime;][vc_column_text css=\u00a0\u00bb\u00a0\u00bb]<\/p>\n<h3>Urgences<\/h3>\n<p>En cas d\u2019accident ou d\u2019urgence, l\u2019utilisateur peut appeler \u00e0 l\u2019aide via\u00a0:<\/p>\n<ul>\n<li><strong>les bornes S.O.S.<\/strong>\u00a0\u00e9quip\u00e9es d\u2019un interphone<\/li>\n<li>le\u00a0<strong>personnel de I.T.P.<\/strong>\u00a0et de la\u00a0<strong>police de la circulation<\/strong>\u00a0en service de patrouille sur l\u2019axe autoroutier<\/li>\n<li>le\u00a0<strong>COA<\/strong>\u00a0de Settimo Torinese\u00a0<a href=\"tel:+390118165711\"><strong>+39 011 8165711<\/strong><\/a><\/li>\n<li>par communication t\u00e9l\u00e9phonique via un t\u00e9l\u00e9phone portable directement au\u00a0<strong>Centre des op\u00e9rations et de contr\u00f4le<\/strong>\u00a0au\u00a0<a href=\"tel:+3901191415201\"><strong>+39\u00a0<\/strong><strong><u>0141 931400<\/u><\/strong><\/a>\u00a0pour le Tron\u00e7on 2 A21<\/li>\n<\/ul>\n<p>L\u2019usager peut \u00e9galement composer le num\u00e9ro d\u2019urgence unique\u00a0<a href=\"tel:+39112\"><strong>112<\/strong><\/a>.<\/p>\n<h3>\u00c9v\u00e9nements anormaux<\/h3>\n<p>L\u2019usager peut juger n\u00e9cessaire de contacter la soci\u00e9t\u00e9 pour signaler un incident survenu sur l\u2019autoroute dans lequel il a \u00e9t\u00e9 impliqu\u00e9 ou dans lequel il pr\u00e9tend avoir subi des dommages.<\/p>\n<p>Dans ce cas, si l\u2019usager se trouve dans l\u2019impossibilit\u00e9 de poursuivre son voyage avec son propre moyen de transport, il peut demander de l\u2019aide, via les bornes\u00a0SOS directement reli\u00e9es au C.O. de la soci\u00e9t\u00e9, qui demandera l\u2019intervention, selon les besoins, du personnel d\u2019Ivrea Torino Piacenza S.p.A. (auxiliaires de circulation), de la police routi\u00e8re et\/ou du service de d\u00e9pannage ACI ou VAI\/Europ Assistance.<\/p>\n<p>Si l\u2019usager est autoris\u00e9 \u00e0 poursuivre son voyage, il lui est sugg\u00e9r\u00e9 de quitter l\u2019autoroute \u00e0 la gare de p\u00e9age suivante et d\u2019effectuer son signalement au receveur lors du paiement du p\u00e9age, en remplissant le formulaire \u00abCommunication avec les usagers\u00a0\u00bb, qui doit \u00eatre retourn\u00e9 au receveur, qui l\u2019enverra ensuite \u00e0 la Direction des op\u00e9rations.<\/p>\n<p>En cas de demande de dommages-int\u00e9r\u00eats et pour obtenir des informations \u00e0 ce sujet, l\u2019usager peut effectuer son signalement\u00a0:<\/p>\n<p><strong>Par\u00a0lettre adress\u00e9e \u00e0<\/strong>\u00a0:<br \/>\nIvrea Torino Piacenza S.p.A. \u2013 Ufficio Sinistri<br \/>\nStrada della Cebrosa 86 \u2013 10156 Torino<br \/>\nPar t\u00e9l\u00e9phone au\u00a0:<br \/>\n+39 0141 931400\u00a0aux heures de bureau<\/p>\n<p><b>Par e-mail \u00e0 l\u2019adresse\u00a0<a href=\"mailto:ufficiosinistri.t2@itpspa.it\" target=\"_blank\" rel=\"noopener\">ufficiosinistri.t2@itpspa.<wbr \/>it<\/a><\/b><\/p>\n<p>[\/vc_column_text][\/vc_column][\/vc_row]<\/p>\n<\/div>","protected":false},"excerpt":{"rendered":"<p>[vc_row css_animation=\u00a0\u00bb\u00a0\u00bb row_type=\u00a0\u00bbrow\u00a0\u00bb use_row_as_full_screen_section=\u00a0\u00bbno\u00a0\u00bb type=\u00a0\u00bbfull_width\u00a0\u00bb angled_section=\u00a0\u00bbno\u00a0\u00bb text_align=\u00a0\u00bbleft\u00a0\u00bb background_image_as_pattern=\u00a0\u00bbwithout_pattern\u00a0\u00bb z_index=\u00a0\u00bb\u00a0\u00bb el_class=\u00a0\u00bbriga-testo-padding\u00a0\u00bb][vc_column offset=\u00a0\u00bbvc_col-md-3&Prime;][vc_widget_sidebar sidebar_id=\u00a0\u00bbSidebar-A21&Prime;][\/vc_column][vc_column offset=\u00a0\u00bbvc_col-md-9&Prime;][vc_column_text css=\u00a0\u00bb\u00a0\u00bb] Urgences En cas d\u2019accident ou d\u2019urgence, l\u2019utilisateur peut appeler \u00e0 l\u2019aide via\u00a0: les bornes S.O.S.\u00a0\u00e9quip\u00e9es d\u2019un interphone le\u00a0personnel de I.T.P.\u00a0et de la\u00a0police de la circulation\u00a0en service de patrouille sur l\u2019axe autoroutier&#8230;<\/p>\n","protected":false},"author":2,"featured_media":0,"parent":9302,"menu_order":0,"comment_status":"closed","ping_status":"closed","template":"full_width.php","meta":{"_acf_changed":false,"inline_featured_image":false,"footnotes":""},"class_list":["post-9219","page","type-page","status-publish","hentry","wpautop"],"acf":[],"yoast_head":"<!-- This site is optimized with the Yoast SEO plugin v27.2 - https:\/\/yoast.com\/product\/yoast-seo-wordpress\/ -->\n<title>Urgences A21 - ITP - Ivrea Torino Piacenza S.p.A.<\/title>\n<meta name=\"robots\" content=\"index, follow, max-snippet:-1, max-image-preview:large, max-video-preview:-1\" \/>\n<link rel=\"canonical\" href=\"https:\/\/www.itpspa.it\/fr\/urgences\/\" \/>\n<meta property=\"og:locale\" content=\"fr_FR\" \/>\n<meta property=\"og:type\" content=\"article\" \/>\n<meta property=\"og:title\" content=\"Urgences A21 - ITP - Ivrea Torino Piacenza S.p.A.\" \/>\n<meta property=\"og:description\" content=\"[vc_row css_animation=\u00a0\u00bb\u00a0\u00bb row_type=\u00a0\u00bbrow\u00a0\u00bb use_row_as_full_screen_section=\u00a0\u00bbno\u00a0\u00bb type=\u00a0\u00bbfull_width\u00a0\u00bb angled_section=\u00a0\u00bbno\u00a0\u00bb text_align=\u00a0\u00bbleft\u00a0\u00bb background_image_as_pattern=\u00a0\u00bbwithout_pattern\u00a0\u00bb z_index=\u00a0\u00bb\u00a0\u00bb el_class=\u00a0\u00bbriga-testo-padding\u00a0\u00bb][vc_column offset=\u00a0\u00bbvc_col-md-3&Prime;][vc_widget_sidebar sidebar_id=\u00a0\u00bbSidebar-A21&Prime;][\/vc_column][vc_column offset=\u00a0\u00bbvc_col-md-9&Prime;][vc_column_text css=\u00a0\u00bb\u00a0\u00bb] Urgences En cas d\u2019accident ou d\u2019urgence, l\u2019utilisateur peut appeler \u00e0 l\u2019aide via\u00a0: les bornes S.O.S.\u00a0\u00e9quip\u00e9es d\u2019un interphone le\u00a0personnel de I.T.P.\u00a0et de la\u00a0police de la circulation\u00a0en service de patrouille sur l\u2019axe autoroutier...\" \/>\n<meta property=\"og:url\" content=\"https:\/\/www.itpspa.it\/fr\/urgences\/\" \/>\n<meta property=\"og:site_name\" content=\"ITP - Ivrea Torino Piacenza S.p.A.\" \/>\n<meta property=\"article:modified_time\" content=\"2026-02-13T11:23:42+00:00\" \/>\n<meta name=\"twitter:card\" content=\"summary_large_image\" \/>\n<meta name=\"twitter:label1\" content=\"Dur\u00e9e de lecture estim\u00e9e\" \/>\n\t<meta name=\"twitter:data1\" content=\"2 minutes\" \/>\n<script type=\"application\/ld+json\" class=\"yoast-schema-graph\">{\"@context\":\"https:\/\/schema.org\",\"@graph\":[{\"@type\":\"WebPage\",\"@id\":\"https:\/\/www.itpspa.it\/fr\/urgences\/\",\"url\":\"https:\/\/www.itpspa.it\/fr\/urgences\/\",\"name\":\"Urgences A21 - ITP - Ivrea Torino Piacenza S.p.A.\",\"isPartOf\":{\"@id\":\"https:\/\/www.itpspa.it\/#website\"},\"datePublished\":\"2024-11-26T09:39:53+00:00\",\"dateModified\":\"2026-02-13T11:23:42+00:00\",\"breadcrumb\":{\"@id\":\"https:\/\/www.itpspa.it\/fr\/urgences\/#breadcrumb\"},\"inLanguage\":\"fr-FR\",\"potentialAction\":[{\"@type\":\"ReadAction\",\"target\":[\"https:\/\/www.itpspa.it\/fr\/urgences\/\"]}]},{\"@type\":\"BreadcrumbList\",\"@id\":\"https:\/\/www.itpspa.it\/fr\/urgences\/#breadcrumb\",\"itemListElement\":[{\"@type\":\"ListItem\",\"position\":1,\"name\":\"Home\",\"item\":\"https:\/\/www.itpspa.it\/fr\/\"},{\"@type\":\"ListItem\",\"position\":2,\"name\":\"Urgences A21\"}]},{\"@type\":\"WebSite\",\"@id\":\"https:\/\/www.itpspa.it\/#website\",\"url\":\"https:\/\/www.itpspa.it\/\",\"name\":\"ITP - Ivrea Torino Piacenza S.p.A.\",\"description\":\"ITP - Ivrea Torino Piacenza S.p.A.\",\"publisher\":{\"@id\":\"https:\/\/www.itpspa.it\/#organization\"},\"alternateName\":\"ITP S.p.A.\",\"potentialAction\":[{\"@type\":\"SearchAction\",\"target\":{\"@type\":\"EntryPoint\",\"urlTemplate\":\"https:\/\/www.itpspa.it\/?s={search_term_string}\"},\"query-input\":{\"@type\":\"PropertyValueSpecification\",\"valueRequired\":true,\"valueName\":\"search_term_string\"}}],\"inLanguage\":\"fr-FR\"},{\"@type\":\"Organization\",\"@id\":\"https:\/\/www.itpspa.it\/#organization\",\"name\":\"ITP - Ivrea Torino Piacenza S.p.A.\",\"alternateName\":\"ITP S.p.A.\",\"url\":\"https:\/\/www.itpspa.it\/\",\"logo\":{\"@type\":\"ImageObject\",\"inLanguage\":\"fr-FR\",\"@id\":\"https:\/\/www.itpspa.it\/#\/schema\/logo\/image\/\",\"url\":\"https:\/\/www.itpspa.it\/wp-content\/uploads\/ITP-Concessionaria-autostrada-IVREA-TORINO-PIACENZA-1-1.svg\",\"contentUrl\":\"https:\/\/www.itpspa.it\/wp-content\/uploads\/ITP-Concessionaria-autostrada-IVREA-TORINO-PIACENZA-1-1.svg\",\"width\":\"1024\",\"height\":\"1024\",\"caption\":\"ITP - Ivrea Torino Piacenza S.p.A.\"},\"image\":{\"@id\":\"https:\/\/www.itpspa.it\/#\/schema\/logo\/image\/\"}}]}<\/script>\n<!-- \/ Yoast SEO plugin. -->","yoast_head_json":{"title":"Urgences A21 - ITP - Ivrea Torino Piacenza S.p.A.","robots":{"index":"index","follow":"follow","max-snippet":"max-snippet:-1","max-image-preview":"max-image-preview:large","max-video-preview":"max-video-preview:-1"},"canonical":"https:\/\/www.itpspa.it\/fr\/urgences\/","og_locale":"fr_FR","og_type":"article","og_title":"Urgences A21 - ITP - Ivrea Torino Piacenza S.p.A.","og_description":"[vc_row css_animation=\u00a0\u00bb\u00a0\u00bb row_type=\u00a0\u00bbrow\u00a0\u00bb use_row_as_full_screen_section=\u00a0\u00bbno\u00a0\u00bb type=\u00a0\u00bbfull_width\u00a0\u00bb angled_section=\u00a0\u00bbno\u00a0\u00bb text_align=\u00a0\u00bbleft\u00a0\u00bb background_image_as_pattern=\u00a0\u00bbwithout_pattern\u00a0\u00bb z_index=\u00a0\u00bb\u00a0\u00bb el_class=\u00a0\u00bbriga-testo-padding\u00a0\u00bb][vc_column offset=\u00a0\u00bbvc_col-md-3&Prime;][vc_widget_sidebar sidebar_id=\u00a0\u00bbSidebar-A21&Prime;][\/vc_column][vc_column offset=\u00a0\u00bbvc_col-md-9&Prime;][vc_column_text css=\u00a0\u00bb\u00a0\u00bb] Urgences En cas d\u2019accident ou d\u2019urgence, l\u2019utilisateur peut appeler \u00e0 l\u2019aide via\u00a0: les bornes S.O.S.\u00a0\u00e9quip\u00e9es d\u2019un interphone le\u00a0personnel de I.T.P.\u00a0et de la\u00a0police de la circulation\u00a0en service de patrouille sur l\u2019axe autoroutier...","og_url":"https:\/\/www.itpspa.it\/fr\/urgences\/","og_site_name":"ITP - Ivrea Torino Piacenza S.p.A.","article_modified_time":"2026-02-13T11:23:42+00:00","twitter_card":"summary_large_image","twitter_misc":{"Dur\u00e9e de lecture estim\u00e9e":"2 minutes"},"schema":{"@context":"https:\/\/schema.org","@graph":[{"@type":"WebPage","@id":"https:\/\/www.itpspa.it\/fr\/urgences\/","url":"https:\/\/www.itpspa.it\/fr\/urgences\/","name":"Urgences A21 - ITP - Ivrea Torino Piacenza S.p.A.","isPartOf":{"@id":"https:\/\/www.itpspa.it\/#website"},"datePublished":"2024-11-26T09:39:53+00:00","dateModified":"2026-02-13T11:23:42+00:00","breadcrumb":{"@id":"https:\/\/www.itpspa.it\/fr\/urgences\/#breadcrumb"},"inLanguage":"fr-FR","potentialAction":[{"@type":"ReadAction","target":["https:\/\/www.itpspa.it\/fr\/urgences\/"]}]},{"@type":"BreadcrumbList","@id":"https:\/\/www.itpspa.it\/fr\/urgences\/#breadcrumb","itemListElement":[{"@type":"ListItem","position":1,"name":"Home","item":"https:\/\/www.itpspa.it\/fr\/"},{"@type":"ListItem","position":2,"name":"Urgences A21"}]},{"@type":"WebSite","@id":"https:\/\/www.itpspa.it\/#website","url":"https:\/\/www.itpspa.it\/","name":"ITP - Ivrea Torino Piacenza S.p.A.","description":"ITP - Ivrea Torino Piacenza S.p.A.","publisher":{"@id":"https:\/\/www.itpspa.it\/#organization"},"alternateName":"ITP S.p.A.","potentialAction":[{"@type":"SearchAction","target":{"@type":"EntryPoint","urlTemplate":"https:\/\/www.itpspa.it\/?s={search_term_string}"},"query-input":{"@type":"PropertyValueSpecification","valueRequired":true,"valueName":"search_term_string"}}],"inLanguage":"fr-FR"},{"@type":"Organization","@id":"https:\/\/www.itpspa.it\/#organization","name":"ITP - Ivrea Torino Piacenza S.p.A.","alternateName":"ITP S.p.A.","url":"https:\/\/www.itpspa.it\/","logo":{"@type":"ImageObject","inLanguage":"fr-FR","@id":"https:\/\/www.itpspa.it\/#\/schema\/logo\/image\/","url":"https:\/\/www.itpspa.it\/wp-content\/uploads\/ITP-Concessionaria-autostrada-IVREA-TORINO-PIACENZA-1-1.svg","contentUrl":"https:\/\/www.itpspa.it\/wp-content\/uploads\/ITP-Concessionaria-autostrada-IVREA-TORINO-PIACENZA-1-1.svg","width":"1024","height":"1024","caption":"ITP - Ivrea Torino Piacenza S.p.A."},"image":{"@id":"https:\/\/www.itpspa.it\/#\/schema\/logo\/image\/"}}]}},"publishpress_future_workflow_manual_trigger":{"enabledWorkflows":[]},"_links":{"self":[{"href":"https:\/\/www.itpspa.it\/fr\/wp-json\/wp\/v2\/pages\/9219","targetHints":{"allow":["GET"]}}],"collection":[{"href":"https:\/\/www.itpspa.it\/fr\/wp-json\/wp\/v2\/pages"}],"about":[{"href":"https:\/\/www.itpspa.it\/fr\/wp-json\/wp\/v2\/types\/page"}],"author":[{"embeddable":true,"href":"https:\/\/www.itpspa.it\/fr\/wp-json\/wp\/v2\/users\/2"}],"replies":[{"embeddable":true,"href":"https:\/\/www.itpspa.it\/fr\/wp-json\/wp\/v2\/comments?post=9219"}],"version-history":[{"count":1,"href":"https:\/\/www.itpspa.it\/fr\/wp-json\/wp\/v2\/pages\/9219\/revisions"}],"predecessor-version":[{"id":9220,"href":"https:\/\/www.itpspa.it\/fr\/wp-json\/wp\/v2\/pages\/9219\/revisions\/9220"}],"up":[{"embeddable":true,"href":"https:\/\/www.itpspa.it\/fr\/wp-json\/wp\/v2\/pages\/9302"}],"wp:attachment":[{"href":"https:\/\/www.itpspa.it\/fr\/wp-json\/wp\/v2\/media?parent=9219"}],"curies":[{"name":"wp","href":"https:\/\/api.w.org\/{rel}","templated":true}]}}