{"id":9202,"date":"2025-09-04T12:05:00","date_gmt":"2025-09-04T10:05:00","guid":{"rendered":"https:\/\/www.itpspa.it\/fatturazione-pedaggi\/"},"modified":"2026-02-13T12:17:04","modified_gmt":"2026-02-13T11:17:04","slug":"facturation-des-peages","status":"publish","type":"page","link":"https:\/\/www.itpspa.it\/fr\/troncon-2-a21\/facturation-des-peages\/","title":{"rendered":"Facturation des p\u00e9ages"},"content":{"rendered":"<div class=\"wpb-content-wrapper\"><p>[vc_row css_animation=\u00a0\u00bb\u00a0\u00bb row_type=\u00a0\u00bbrow\u00a0\u00bb use_row_as_full_screen_section=\u00a0\u00bbno\u00a0\u00bb type=\u00a0\u00bbfull_width\u00a0\u00bb angled_section=\u00a0\u00bbno\u00a0\u00bb text_align=\u00a0\u00bbleft\u00a0\u00bb background_image_as_pattern=\u00a0\u00bbwithout_pattern\u00a0\u00bb z_index=\u00a0\u00bb\u00a0\u00bb el_class=\u00a0\u00bbriga-testo-padding\u00a0\u00bb][vc_column offset=\u00a0\u00bbvc_col-md-3&Prime;][vc_widget_sidebar sidebar_id=\u00a0\u00bbSidebar-A21&Prime;][\/vc_column][vc_column offset=\u00a0\u00bbvc_col-md-9&Prime;][vc_column_text css=\u00a0\u00bb\u00a0\u00bb]<\/p>\n<h3>INFORMATIONS RELATIVES \u00c0 LA DEMANDE DE FACTURATION DES P\u00c9AGES<\/h3>\n<p>L&rsquo;utilisateur souhaitant obtenir une facture doit en faire la demande par courrier recommand\u00e9 en envoyant le formulaire pr\u00e9vu \u00e0 cet effet, accompagn\u00e9 des attestations de passage originaux, \u00e0\u00a0<strong>Societ\u00e0 Concessionaria ITP S.p.A., Strada della Cebrosa, 86 &#8211; 10156 Torino,<\/strong>\u00a0comme le pr\u00e9voient l&rsquo;article 22 du d\u00e9cret pr\u00e9sidentiel 633\/1972 et le d\u00e9cret minist\u00e9riel du 20 juillet 1979.<\/p>\n<p>Les re\u00e7us d\u00e9livr\u00e9s dans les stations de paiement ne constituent pas des titres fiscaux permettant de demander la d\u00e9duction de la TVA.<\/p>\n<p>L&rsquo;\u00e9mission de factures lib\u00e8re la soci\u00e9t\u00e9 concessionnaire de toute responsabilit\u00e9, conform\u00e9ment \u00e0 la l\u00e9gislation fiscale en vigueur.<\/p>\n<p>Pour demander la facturation des p\u00e9ages, l&rsquo;utilisateur doit utiliser le formulaire pr\u00e9vu \u00e0 cet effet t\u00e9l\u00e9chargeable sur cette page, en compl\u00e9tant les informations indiqu\u00e9es ci-dessous et en joignant les re\u00e7us de p\u00e9age originaux\u00a0:<\/p>\n<ul>\n<li>Nom pr\u00e9nom ou raison sociale<\/li>\n<li>Adresse de l&rsquo;entreprise ou si\u00e8ge social<\/li>\n<li>Code Fiscal ou Num\u00e9ro de TVA<\/li>\n<li>Liste des passages<\/li>\n<li>Type de v\u00e9hicule et plaque d&rsquo;immatriculation<\/li>\n<li>Montants pay\u00e9s et total<\/li>\n<\/ul>\n<p>La demande doit porter le cachet et la signature pour l&rsquo;acceptation des responsabilit\u00e9s susmentionn\u00e9es.<\/p>\n<p>L\u2019application partielle de ce qui pr\u00e9c\u00e8de pourrait invalider la demande et ne pas permettre son traitement dans les d\u00e9lais impartis (90 jours).<\/p>\n<p>Les passages r\u00e9gl\u00e9s par les modes de paiement suivants seront factur\u00e9s\u00a0:<\/p>\n<ul>\n<li>Esp\u00e8ces<\/li>\n<li>Carte de cr\u00e9dit<\/li>\n<li>Carte de d\u00e9bit<\/li>\n<\/ul>\n<p>Lors du paiement \u00e0 la gare de p\u00e9age, l&rsquo;utilisateur doit demander un re\u00e7u en appuyant sur le bouton pr\u00e9vu \u00e0 cet effet.<\/p>\n<p>La facturation des p\u00e9ages impay\u00e9s peut \u00eatre requise.<\/p>\n<p>Depuis le 1<sup>er<\/sup>\u00a0janvier 2019, il est obligatoire d&rsquo;\u00e9mettre les factures au format \u00e9lectronique, qui doivent \u00eatre envoy\u00e9es exclusivement via le service d&rsquo;\u00e9change (SDI).<\/p>\n<p>La demande doit indiquer le code du destinataire ou, \u00e0 d\u00e9faut, l\u2019adresse PEC pour l&rsquo;envoi de la facture \u00e9lectronique. Si le champ n&rsquo;est pas rempli, la facture sera mise \u00e0 disposition sur le site Internet de l&rsquo;administration fiscale (Agenzia delle Entrate).<\/p>\n<p>Les consommateurs finaux, les personnes \u00e9trang\u00e8res non identifi\u00e9es en Italie et les personnes soumises \u00e0 un r\u00e9gime fiscal avantageux ou forfaitaire recevront la facture sur papier \u00e0 l&rsquo;adresse indiqu\u00e9e dans la demande.[\/vc_column_text]\n\n\t<a href=\"\/wp-content\/uploads\/Modello-Fatturazione-T2-A21.pdf\" target=\"_blank\"  class=\"qode-btn qode-btn-medium qode-btn-solid qode-btn-icon qode-btn-default-hover\"  >\n\t    <span class=\"qode-btn-text\">Formulaire de demande de facturation des p\u00e9ages<\/span><span class=\"qode-button-v2-icon-holder\"  ><i class=\"qode_icon_font_awesome fa fa-download qode-button-v2-icon-holder-inner\" ><\/i><\/span>\t<\/a>\n\n[\/vc_column][\/vc_row]<\/p>\n<\/div>","protected":false},"excerpt":{"rendered":"<p>[vc_row css_animation=\u00a0\u00bb\u00a0\u00bb row_type=\u00a0\u00bbrow\u00a0\u00bb use_row_as_full_screen_section=\u00a0\u00bbno\u00a0\u00bb type=\u00a0\u00bbfull_width\u00a0\u00bb angled_section=\u00a0\u00bbno\u00a0\u00bb text_align=\u00a0\u00bbleft\u00a0\u00bb background_image_as_pattern=\u00a0\u00bbwithout_pattern\u00a0\u00bb z_index=\u00a0\u00bb\u00a0\u00bb el_class=\u00a0\u00bbriga-testo-padding\u00a0\u00bb][vc_column offset=\u00a0\u00bbvc_col-md-3&Prime;][vc_widget_sidebar sidebar_id=\u00a0\u00bbSidebar-A21&Prime;][\/vc_column][vc_column offset=\u00a0\u00bbvc_col-md-9&Prime;][vc_column_text css=\u00a0\u00bb\u00a0\u00bb] INFORMATIONS RELATIVES \u00c0 LA DEMANDE DE FACTURATION DES P\u00c9AGES L&rsquo;utilisateur souhaitant obtenir une facture doit en faire la demande par courrier recommand\u00e9 en envoyant le formulaire pr\u00e9vu \u00e0 cet effet, accompagn\u00e9&#8230;<\/p>\n","protected":false},"author":44,"featured_media":0,"parent":9302,"menu_order":0,"comment_status":"closed","ping_status":"closed","template":"full_width.php","meta":{"_acf_changed":false,"inline_featured_image":false,"footnotes":""},"class_list":["post-9202","page","type-page","status-publish","hentry","wpautop"],"acf":[],"yoast_head":"<!-- This site is optimized with the Yoast SEO plugin v27.2 - https:\/\/yoast.com\/product\/yoast-seo-wordpress\/ -->\n<title>Facturation des p\u00e9ages - ITP - Ivrea Torino Piacenza S.p.A.<\/title>\n<meta name=\"robots\" content=\"index, follow, max-snippet:-1, max-image-preview:large, max-video-preview:-1\" \/>\n<link rel=\"canonical\" href=\"https:\/\/www.itpspa.it\/fr\/facturation-des-peages\/\" \/>\n<meta property=\"og:locale\" content=\"fr_FR\" \/>\n<meta property=\"og:type\" content=\"article\" \/>\n<meta property=\"og:title\" content=\"Facturation des p\u00e9ages - ITP - Ivrea Torino Piacenza S.p.A.\" \/>\n<meta property=\"og:description\" content=\"[vc_row css_animation=\u00a0\u00bb\u00a0\u00bb row_type=\u00a0\u00bbrow\u00a0\u00bb use_row_as_full_screen_section=\u00a0\u00bbno\u00a0\u00bb type=\u00a0\u00bbfull_width\u00a0\u00bb angled_section=\u00a0\u00bbno\u00a0\u00bb text_align=\u00a0\u00bbleft\u00a0\u00bb background_image_as_pattern=\u00a0\u00bbwithout_pattern\u00a0\u00bb z_index=\u00a0\u00bb\u00a0\u00bb el_class=\u00a0\u00bbriga-testo-padding\u00a0\u00bb][vc_column offset=\u00a0\u00bbvc_col-md-3&Prime;][vc_widget_sidebar sidebar_id=\u00a0\u00bbSidebar-A21&Prime;][\/vc_column][vc_column offset=\u00a0\u00bbvc_col-md-9&Prime;][vc_column_text css=\u00a0\u00bb\u00a0\u00bb] INFORMATIONS RELATIVES \u00c0 LA DEMANDE DE FACTURATION DES P\u00c9AGES L&rsquo;utilisateur souhaitant obtenir une facture doit en faire la demande par courrier recommand\u00e9 en envoyant le formulaire pr\u00e9vu \u00e0 cet effet, accompagn\u00e9...\" \/>\n<meta property=\"og:url\" content=\"https:\/\/www.itpspa.it\/fr\/facturation-des-peages\/\" \/>\n<meta property=\"og:site_name\" content=\"ITP - Ivrea Torino Piacenza S.p.A.\" \/>\n<meta property=\"article:modified_time\" content=\"2026-02-13T11:17:04+00:00\" \/>\n<meta name=\"twitter:card\" content=\"summary_large_image\" \/>\n<meta name=\"twitter:label1\" content=\"Dur\u00e9e de lecture estim\u00e9e\" \/>\n\t<meta name=\"twitter:data1\" content=\"2 minutes\" \/>\n<script type=\"application\/ld+json\" class=\"yoast-schema-graph\">{\"@context\":\"https:\/\/schema.org\",\"@graph\":[{\"@type\":\"WebPage\",\"@id\":\"https:\/\/www.itpspa.it\/fr\/facturation-des-peages\/\",\"url\":\"https:\/\/www.itpspa.it\/fr\/facturation-des-peages\/\",\"name\":\"Facturation des p\u00e9ages - ITP - Ivrea Torino Piacenza S.p.A.\",\"isPartOf\":{\"@id\":\"https:\/\/www.itpspa.it\/#website\"},\"datePublished\":\"2025-09-04T10:05:00+00:00\",\"dateModified\":\"2026-02-13T11:17:04+00:00\",\"breadcrumb\":{\"@id\":\"https:\/\/www.itpspa.it\/fr\/facturation-des-peages\/#breadcrumb\"},\"inLanguage\":\"fr-FR\",\"potentialAction\":[{\"@type\":\"ReadAction\",\"target\":[\"https:\/\/www.itpspa.it\/fr\/facturation-des-peages\/\"]}]},{\"@type\":\"BreadcrumbList\",\"@id\":\"https:\/\/www.itpspa.it\/fr\/facturation-des-peages\/#breadcrumb\",\"itemListElement\":[{\"@type\":\"ListItem\",\"position\":1,\"name\":\"Home\",\"item\":\"https:\/\/www.itpspa.it\/fr\/\"},{\"@type\":\"ListItem\",\"position\":2,\"name\":\"Facturation des p\u00e9ages\"}]},{\"@type\":\"WebSite\",\"@id\":\"https:\/\/www.itpspa.it\/#website\",\"url\":\"https:\/\/www.itpspa.it\/\",\"name\":\"ITP - Ivrea Torino Piacenza S.p.A.\",\"description\":\"ITP - Ivrea Torino Piacenza S.p.A.\",\"publisher\":{\"@id\":\"https:\/\/www.itpspa.it\/#organization\"},\"alternateName\":\"ITP S.p.A.\",\"potentialAction\":[{\"@type\":\"SearchAction\",\"target\":{\"@type\":\"EntryPoint\",\"urlTemplate\":\"https:\/\/www.itpspa.it\/?s={search_term_string}\"},\"query-input\":{\"@type\":\"PropertyValueSpecification\",\"valueRequired\":true,\"valueName\":\"search_term_string\"}}],\"inLanguage\":\"fr-FR\"},{\"@type\":\"Organization\",\"@id\":\"https:\/\/www.itpspa.it\/#organization\",\"name\":\"ITP - Ivrea Torino Piacenza S.p.A.\",\"alternateName\":\"ITP S.p.A.\",\"url\":\"https:\/\/www.itpspa.it\/\",\"logo\":{\"@type\":\"ImageObject\",\"inLanguage\":\"fr-FR\",\"@id\":\"https:\/\/www.itpspa.it\/#\/schema\/logo\/image\/\",\"url\":\"https:\/\/www.itpspa.it\/wp-content\/uploads\/ITP-Concessionaria-autostrada-IVREA-TORINO-PIACENZA-1-1.svg\",\"contentUrl\":\"https:\/\/www.itpspa.it\/wp-content\/uploads\/ITP-Concessionaria-autostrada-IVREA-TORINO-PIACENZA-1-1.svg\",\"width\":\"1024\",\"height\":\"1024\",\"caption\":\"ITP - Ivrea Torino Piacenza S.p.A.\"},\"image\":{\"@id\":\"https:\/\/www.itpspa.it\/#\/schema\/logo\/image\/\"}}]}<\/script>\n<!-- \/ Yoast SEO plugin. -->","yoast_head_json":{"title":"Facturation des p\u00e9ages - ITP - Ivrea Torino Piacenza S.p.A.","robots":{"index":"index","follow":"follow","max-snippet":"max-snippet:-1","max-image-preview":"max-image-preview:large","max-video-preview":"max-video-preview:-1"},"canonical":"https:\/\/www.itpspa.it\/fr\/facturation-des-peages\/","og_locale":"fr_FR","og_type":"article","og_title":"Facturation des p\u00e9ages - ITP - Ivrea Torino Piacenza S.p.A.","og_description":"[vc_row css_animation=\u00a0\u00bb\u00a0\u00bb row_type=\u00a0\u00bbrow\u00a0\u00bb use_row_as_full_screen_section=\u00a0\u00bbno\u00a0\u00bb type=\u00a0\u00bbfull_width\u00a0\u00bb angled_section=\u00a0\u00bbno\u00a0\u00bb text_align=\u00a0\u00bbleft\u00a0\u00bb background_image_as_pattern=\u00a0\u00bbwithout_pattern\u00a0\u00bb z_index=\u00a0\u00bb\u00a0\u00bb el_class=\u00a0\u00bbriga-testo-padding\u00a0\u00bb][vc_column offset=\u00a0\u00bbvc_col-md-3&Prime;][vc_widget_sidebar sidebar_id=\u00a0\u00bbSidebar-A21&Prime;][\/vc_column][vc_column offset=\u00a0\u00bbvc_col-md-9&Prime;][vc_column_text css=\u00a0\u00bb\u00a0\u00bb] INFORMATIONS RELATIVES \u00c0 LA DEMANDE DE FACTURATION DES P\u00c9AGES L&rsquo;utilisateur souhaitant obtenir une facture doit en faire la demande par courrier recommand\u00e9 en envoyant le formulaire pr\u00e9vu \u00e0 cet effet, accompagn\u00e9...","og_url":"https:\/\/www.itpspa.it\/fr\/facturation-des-peages\/","og_site_name":"ITP - Ivrea Torino Piacenza S.p.A.","article_modified_time":"2026-02-13T11:17:04+00:00","twitter_card":"summary_large_image","twitter_misc":{"Dur\u00e9e de lecture estim\u00e9e":"2 minutes"},"schema":{"@context":"https:\/\/schema.org","@graph":[{"@type":"WebPage","@id":"https:\/\/www.itpspa.it\/fr\/facturation-des-peages\/","url":"https:\/\/www.itpspa.it\/fr\/facturation-des-peages\/","name":"Facturation des p\u00e9ages - ITP - Ivrea Torino Piacenza S.p.A.","isPartOf":{"@id":"https:\/\/www.itpspa.it\/#website"},"datePublished":"2025-09-04T10:05:00+00:00","dateModified":"2026-02-13T11:17:04+00:00","breadcrumb":{"@id":"https:\/\/www.itpspa.it\/fr\/facturation-des-peages\/#breadcrumb"},"inLanguage":"fr-FR","potentialAction":[{"@type":"ReadAction","target":["https:\/\/www.itpspa.it\/fr\/facturation-des-peages\/"]}]},{"@type":"BreadcrumbList","@id":"https:\/\/www.itpspa.it\/fr\/facturation-des-peages\/#breadcrumb","itemListElement":[{"@type":"ListItem","position":1,"name":"Home","item":"https:\/\/www.itpspa.it\/fr\/"},{"@type":"ListItem","position":2,"name":"Facturation des p\u00e9ages"}]},{"@type":"WebSite","@id":"https:\/\/www.itpspa.it\/#website","url":"https:\/\/www.itpspa.it\/","name":"ITP - Ivrea Torino Piacenza S.p.A.","description":"ITP - Ivrea Torino Piacenza S.p.A.","publisher":{"@id":"https:\/\/www.itpspa.it\/#organization"},"alternateName":"ITP S.p.A.","potentialAction":[{"@type":"SearchAction","target":{"@type":"EntryPoint","urlTemplate":"https:\/\/www.itpspa.it\/?s={search_term_string}"},"query-input":{"@type":"PropertyValueSpecification","valueRequired":true,"valueName":"search_term_string"}}],"inLanguage":"fr-FR"},{"@type":"Organization","@id":"https:\/\/www.itpspa.it\/#organization","name":"ITP - Ivrea Torino Piacenza S.p.A.","alternateName":"ITP S.p.A.","url":"https:\/\/www.itpspa.it\/","logo":{"@type":"ImageObject","inLanguage":"fr-FR","@id":"https:\/\/www.itpspa.it\/#\/schema\/logo\/image\/","url":"https:\/\/www.itpspa.it\/wp-content\/uploads\/ITP-Concessionaria-autostrada-IVREA-TORINO-PIACENZA-1-1.svg","contentUrl":"https:\/\/www.itpspa.it\/wp-content\/uploads\/ITP-Concessionaria-autostrada-IVREA-TORINO-PIACENZA-1-1.svg","width":"1024","height":"1024","caption":"ITP - Ivrea Torino Piacenza S.p.A."},"image":{"@id":"https:\/\/www.itpspa.it\/#\/schema\/logo\/image\/"}}]}},"publishpress_future_workflow_manual_trigger":{"enabledWorkflows":[]},"_links":{"self":[{"href":"https:\/\/www.itpspa.it\/fr\/wp-json\/wp\/v2\/pages\/9202","targetHints":{"allow":["GET"]}}],"collection":[{"href":"https:\/\/www.itpspa.it\/fr\/wp-json\/wp\/v2\/pages"}],"about":[{"href":"https:\/\/www.itpspa.it\/fr\/wp-json\/wp\/v2\/types\/page"}],"author":[{"embeddable":true,"href":"https:\/\/www.itpspa.it\/fr\/wp-json\/wp\/v2\/users\/44"}],"replies":[{"embeddable":true,"href":"https:\/\/www.itpspa.it\/fr\/wp-json\/wp\/v2\/comments?post=9202"}],"version-history":[{"count":2,"href":"https:\/\/www.itpspa.it\/fr\/wp-json\/wp\/v2\/pages\/9202\/revisions"}],"predecessor-version":[{"id":9204,"href":"https:\/\/www.itpspa.it\/fr\/wp-json\/wp\/v2\/pages\/9202\/revisions\/9204"}],"up":[{"embeddable":true,"href":"https:\/\/www.itpspa.it\/fr\/wp-json\/wp\/v2\/pages\/9302"}],"wp:attachment":[{"href":"https:\/\/www.itpspa.it\/fr\/wp-json\/wp\/v2\/media?parent=9202"}],"curies":[{"name":"wp","href":"https:\/\/api.w.org\/{rel}","templated":true}]}}