{"id":9169,"date":"2023-02-22T12:36:07","date_gmt":"2023-02-22T11:36:07","guid":{"rendered":"https:\/\/www.itpspa.it\/troncon-a55-a5\/noeud-hydraulique-divrea-plan-de-surveillance-de-lenvironnement\/componente-atmosfera-lotto-3\/"},"modified":"2026-02-13T11:12:30","modified_gmt":"2026-02-13T10:12:30","slug":"composante-atmosphere-lot-3","status":"publish","type":"page","link":"https:\/\/www.itpspa.it\/fr\/troncon-a55-a5\/noeud-hydraulique-divrea-plan-de-surveillance-de-lenvironnement\/composante-atmosphere-lot-3\/","title":{"rendered":"Composante atmosph\u00e8re \u2013 Lot 3"},"content":{"rendered":"<div class=\"wpb-content-wrapper\"><p>[vc_row css_animation=\u00a0\u00bb\u00a0\u00bb row_type=\u00a0\u00bbrow\u00a0\u00bb use_row_as_full_screen_section=\u00a0\u00bbno\u00a0\u00bb type=\u00a0\u00bbfull_width\u00a0\u00bb angled_section=\u00a0\u00bbno\u00a0\u00bb text_align=\u00a0\u00bbleft\u00a0\u00bb background_image_as_pattern=\u00a0\u00bbwithout_pattern\u00a0\u00bb z_index=\u00a0\u00bb\u00a0\u00bb el_class=\u00a0\u00bbriga-testo-padding\u00a0\u00bb][vc_column][vc_column_text css=\u00a0\u00bb\u00a0\u00bb]<\/p>\n<h2 style=\"text-align: center;\">Le pr\u00e9sent lot pr\u00e9voit la r\u00e9alisation des interventions, indiqu\u00e9es en rouge, sur le plan suivant.<\/h2>\n<p>[\/vc_column_text][vc_empty_space][vc_single_image image=\u00a0\u00bb6224&Prime; img_size=\u00a0\u00bblarge\u00a0\u00bb alignment=\u00a0\u00bbcenter\u00a0\u00bb qode_css_animation=\u00a0\u00bb\u00a0\u00bb][vc_single_image image=\u00a0\u00bb6221&Prime; img_size=\u00a0\u00bbfull\u00a0\u00bb css=\u00a0\u00bb\u00a0\u00bb qode_css_animation=\u00a0\u00bb\u00a0\u00bb title=\u00a0\u00bbL\u00e9gende :\u00a0\u00bb][vc_empty_space][vc_column_text css=\u00a0\u00bb\u00a0\u00bb]<\/p>\n<h2>\u00c9tat d&rsquo;avancement des travaux<\/h2>\n<p>[\/vc_column_text][vc_column_text css=\u00a0\u00bb\u00a0\u00bb]<\/p>\n<h5>En attente de la convocation de la Conf\u00e9rence des services pour la conclusion de l&rsquo;accord entre l&rsquo;\u00c9tat et la R\u00e9gion<\/h5>\n<p>[\/vc_column_text][vc_empty_space][vc_column_text css=\u00a0\u00bb\u00a0\u00bb]<\/p>\n<h2>Donn\u00e9es de suivi<\/h2>\n<p>[\/vc_column_text][vc_column_text css=\u00a0\u00bb\u00a0\u00bb]<\/p>\n<h5>Activit\u00e9 non encore commenc\u00e9e<\/h5>\n<p>[\/vc_column_text][\/vc_column][\/vc_row]<\/p>\n<\/div>","protected":false},"excerpt":{"rendered":"<p>[vc_row css_animation=\u00a0\u00bb\u00a0\u00bb row_type=\u00a0\u00bbrow\u00a0\u00bb use_row_as_full_screen_section=\u00a0\u00bbno\u00a0\u00bb type=\u00a0\u00bbfull_width\u00a0\u00bb angled_section=\u00a0\u00bbno\u00a0\u00bb text_align=\u00a0\u00bbleft\u00a0\u00bb background_image_as_pattern=\u00a0\u00bbwithout_pattern\u00a0\u00bb z_index=\u00a0\u00bb\u00a0\u00bb el_class=\u00a0\u00bbriga-testo-padding\u00a0\u00bb][vc_column][vc_column_text css=\u00a0\u00bb\u00a0\u00bb] Le pr\u00e9sent lot pr\u00e9voit la r\u00e9alisation des interventions, indiqu\u00e9es en rouge, sur le plan suivant. [\/vc_column_text][vc_empty_space][vc_single_image image=\u00a0\u00bb6224&Prime; img_size=\u00a0\u00bblarge\u00a0\u00bb alignment=\u00a0\u00bbcenter\u00a0\u00bb qode_css_animation=\u00a0\u00bb\u00a0\u00bb][vc_single_image image=\u00a0\u00bb6221&Prime; img_size=\u00a0\u00bbfull\u00a0\u00bb css=\u00a0\u00bb\u00a0\u00bb qode_css_animation=\u00a0\u00bb\u00a0\u00bb title=\u00a0\u00bbL\u00e9gende :\u00a0\u00bb][vc_empty_space][vc_column_text css=\u00a0\u00bb\u00a0\u00bb] \u00c9tat d&rsquo;avancement des travaux [\/vc_column_text][vc_column_text css=\u00a0\u00bb\u00a0\u00bb] En&#8230;<\/p>\n","protected":false},"author":1,"featured_media":0,"parent":9138,"menu_order":0,"comment_status":"closed","ping_status":"closed","template":"full_width.php","meta":{"_acf_changed":false,"inline_featured_image":false,"footnotes":""},"class_list":["post-9169","page","type-page","status-publish","hentry","wpautop"],"acf":[],"yoast_head":"<!-- This site is optimized with the Yoast SEO plugin v27.2 - https:\/\/yoast.com\/product\/yoast-seo-wordpress\/ -->\n<title>Composante atmosph\u00e8re \u2013 Lot 3 - ITP - Ivrea Torino Piacenza S.p.A.<\/title>\n<meta name=\"robots\" content=\"index, follow, max-snippet:-1, max-image-preview:large, max-video-preview:-1\" \/>\n<link rel=\"canonical\" href=\"https:\/\/www.itpspa.it\/fr\/troncon-a55-a5\/noeud-hydraulique-divrea-plan-de-surveillance-de-lenvironnement\/composante-atmosphere-lot-3\/\" \/>\n<meta property=\"og:locale\" content=\"fr_FR\" \/>\n<meta property=\"og:type\" content=\"article\" \/>\n<meta property=\"og:title\" content=\"Composante atmosph\u00e8re \u2013 Lot 3 - ITP - Ivrea Torino Piacenza S.p.A.\" \/>\n<meta property=\"og:description\" content=\"[vc_row css_animation=\u00a0\u00bb\u00a0\u00bb row_type=\u00a0\u00bbrow\u00a0\u00bb use_row_as_full_screen_section=\u00a0\u00bbno\u00a0\u00bb type=\u00a0\u00bbfull_width\u00a0\u00bb angled_section=\u00a0\u00bbno\u00a0\u00bb text_align=\u00a0\u00bbleft\u00a0\u00bb background_image_as_pattern=\u00a0\u00bbwithout_pattern\u00a0\u00bb z_index=\u00a0\u00bb\u00a0\u00bb el_class=\u00a0\u00bbriga-testo-padding\u00a0\u00bb][vc_column][vc_column_text css=\u00a0\u00bb\u00a0\u00bb] Le pr\u00e9sent lot pr\u00e9voit la r\u00e9alisation des interventions, indiqu\u00e9es en rouge, sur le plan suivant. [\/vc_column_text][vc_empty_space][vc_single_image image=\u00a0\u00bb6224&Prime; img_size=\u00a0\u00bblarge\u00a0\u00bb alignment=\u00a0\u00bbcenter\u00a0\u00bb qode_css_animation=\u00a0\u00bb\u00a0\u00bb][vc_single_image image=\u00a0\u00bb6221&Prime; img_size=\u00a0\u00bbfull\u00a0\u00bb css=\u00a0\u00bb\u00a0\u00bb qode_css_animation=\u00a0\u00bb\u00a0\u00bb title=\u00a0\u00bbL\u00e9gende :\u00a0\u00bb][vc_empty_space][vc_column_text css=\u00a0\u00bb\u00a0\u00bb] \u00c9tat d&rsquo;avancement des travaux [\/vc_column_text][vc_column_text css=\u00a0\u00bb\u00a0\u00bb] En...\" \/>\n<meta property=\"og:url\" content=\"https:\/\/www.itpspa.it\/fr\/troncon-a55-a5\/noeud-hydraulique-divrea-plan-de-surveillance-de-lenvironnement\/composante-atmosphere-lot-3\/\" \/>\n<meta property=\"og:site_name\" content=\"ITP - Ivrea Torino Piacenza S.p.A.\" \/>\n<meta property=\"article:modified_time\" content=\"2026-02-13T10:12:30+00:00\" \/>\n<meta name=\"twitter:card\" content=\"summary_large_image\" \/>\n<meta name=\"twitter:label1\" content=\"Dur\u00e9e de lecture estim\u00e9e\" \/>\n\t<meta name=\"twitter:data1\" content=\"1 minute\" \/>\n<script type=\"application\/ld+json\" class=\"yoast-schema-graph\">{\"@context\":\"https:\/\/schema.org\",\"@graph\":[{\"@type\":\"WebPage\",\"@id\":\"https:\/\/www.itpspa.it\/fr\/troncon-a55-a5\/noeud-hydraulique-divrea-plan-de-surveillance-de-lenvironnement\/composante-atmosphere-lot-3\/\",\"url\":\"https:\/\/www.itpspa.it\/fr\/troncon-a55-a5\/noeud-hydraulique-divrea-plan-de-surveillance-de-lenvironnement\/composante-atmosphere-lot-3\/\",\"name\":\"Composante atmosph\u00e8re \u2013 Lot 3 - ITP - Ivrea Torino Piacenza S.p.A.\",\"isPartOf\":{\"@id\":\"https:\/\/www.itpspa.it\/#website\"},\"datePublished\":\"2023-02-22T11:36:07+00:00\",\"dateModified\":\"2026-02-13T10:12:30+00:00\",\"breadcrumb\":{\"@id\":\"https:\/\/www.itpspa.it\/fr\/troncon-a55-a5\/noeud-hydraulique-divrea-plan-de-surveillance-de-lenvironnement\/composante-atmosphere-lot-3\/#breadcrumb\"},\"inLanguage\":\"fr-FR\",\"potentialAction\":[{\"@type\":\"ReadAction\",\"target\":[\"https:\/\/www.itpspa.it\/fr\/troncon-a55-a5\/noeud-hydraulique-divrea-plan-de-surveillance-de-lenvironnement\/composante-atmosphere-lot-3\/\"]}]},{\"@type\":\"BreadcrumbList\",\"@id\":\"https:\/\/www.itpspa.it\/fr\/troncon-a55-a5\/noeud-hydraulique-divrea-plan-de-surveillance-de-lenvironnement\/composante-atmosphere-lot-3\/#breadcrumb\",\"itemListElement\":[{\"@type\":\"ListItem\",\"position\":1,\"name\":\"Home\",\"item\":\"https:\/\/www.itpspa.it\/fr\/\"},{\"@type\":\"ListItem\",\"position\":2,\"name\":\"Tron\u00e7on 1 A55\/A5\",\"item\":\"https:\/\/www.itpspa.it\/fr\/troncon-a55-a5\/\"},{\"@type\":\"ListItem\",\"position\":3,\"name\":\"N\u0153ud hydraulique d\u2019Ivrea &#8211; Plan de surveillance de l\u2019environnement\",\"item\":\"https:\/\/www.itpspa.it\/fr\/troncon-a55-a5\/noeud-hydraulique-divrea-plan-de-surveillance-de-lenvironnement\/\"},{\"@type\":\"ListItem\",\"position\":4,\"name\":\"Composante atmosph\u00e8re \u2013 Lot 3\"}]},{\"@type\":\"WebSite\",\"@id\":\"https:\/\/www.itpspa.it\/#website\",\"url\":\"https:\/\/www.itpspa.it\/\",\"name\":\"ITP - Ivrea Torino Piacenza S.p.A.\",\"description\":\"ITP - Ivrea Torino Piacenza S.p.A.\",\"publisher\":{\"@id\":\"https:\/\/www.itpspa.it\/#organization\"},\"alternateName\":\"ITP S.p.A.\",\"potentialAction\":[{\"@type\":\"SearchAction\",\"target\":{\"@type\":\"EntryPoint\",\"urlTemplate\":\"https:\/\/www.itpspa.it\/?s={search_term_string}\"},\"query-input\":{\"@type\":\"PropertyValueSpecification\",\"valueRequired\":true,\"valueName\":\"search_term_string\"}}],\"inLanguage\":\"fr-FR\"},{\"@type\":\"Organization\",\"@id\":\"https:\/\/www.itpspa.it\/#organization\",\"name\":\"ITP - Ivrea Torino Piacenza S.p.A.\",\"alternateName\":\"ITP S.p.A.\",\"url\":\"https:\/\/www.itpspa.it\/\",\"logo\":{\"@type\":\"ImageObject\",\"inLanguage\":\"fr-FR\",\"@id\":\"https:\/\/www.itpspa.it\/#\/schema\/logo\/image\/\",\"url\":\"https:\/\/www.itpspa.it\/wp-content\/uploads\/ITP-Concessionaria-autostrada-IVREA-TORINO-PIACENZA-1-1.svg\",\"contentUrl\":\"https:\/\/www.itpspa.it\/wp-content\/uploads\/ITP-Concessionaria-autostrada-IVREA-TORINO-PIACENZA-1-1.svg\",\"width\":\"1024\",\"height\":\"1024\",\"caption\":\"ITP - Ivrea Torino Piacenza S.p.A.\"},\"image\":{\"@id\":\"https:\/\/www.itpspa.it\/#\/schema\/logo\/image\/\"}}]}<\/script>\n<!-- \/ Yoast SEO plugin. -->","yoast_head_json":{"title":"Composante atmosph\u00e8re \u2013 Lot 3 - ITP - Ivrea Torino Piacenza S.p.A.","robots":{"index":"index","follow":"follow","max-snippet":"max-snippet:-1","max-image-preview":"max-image-preview:large","max-video-preview":"max-video-preview:-1"},"canonical":"https:\/\/www.itpspa.it\/fr\/troncon-a55-a5\/noeud-hydraulique-divrea-plan-de-surveillance-de-lenvironnement\/composante-atmosphere-lot-3\/","og_locale":"fr_FR","og_type":"article","og_title":"Composante atmosph\u00e8re \u2013 Lot 3 - ITP - Ivrea Torino Piacenza S.p.A.","og_description":"[vc_row css_animation=\u00a0\u00bb\u00a0\u00bb row_type=\u00a0\u00bbrow\u00a0\u00bb use_row_as_full_screen_section=\u00a0\u00bbno\u00a0\u00bb type=\u00a0\u00bbfull_width\u00a0\u00bb angled_section=\u00a0\u00bbno\u00a0\u00bb text_align=\u00a0\u00bbleft\u00a0\u00bb background_image_as_pattern=\u00a0\u00bbwithout_pattern\u00a0\u00bb z_index=\u00a0\u00bb\u00a0\u00bb el_class=\u00a0\u00bbriga-testo-padding\u00a0\u00bb][vc_column][vc_column_text css=\u00a0\u00bb\u00a0\u00bb] Le pr\u00e9sent lot pr\u00e9voit la r\u00e9alisation des interventions, indiqu\u00e9es en rouge, sur le plan suivant. [\/vc_column_text][vc_empty_space][vc_single_image image=\u00a0\u00bb6224&Prime; img_size=\u00a0\u00bblarge\u00a0\u00bb alignment=\u00a0\u00bbcenter\u00a0\u00bb qode_css_animation=\u00a0\u00bb\u00a0\u00bb][vc_single_image image=\u00a0\u00bb6221&Prime; img_size=\u00a0\u00bbfull\u00a0\u00bb css=\u00a0\u00bb\u00a0\u00bb qode_css_animation=\u00a0\u00bb\u00a0\u00bb title=\u00a0\u00bbL\u00e9gende :\u00a0\u00bb][vc_empty_space][vc_column_text css=\u00a0\u00bb\u00a0\u00bb] \u00c9tat d&rsquo;avancement des travaux [\/vc_column_text][vc_column_text css=\u00a0\u00bb\u00a0\u00bb] En...","og_url":"https:\/\/www.itpspa.it\/fr\/troncon-a55-a5\/noeud-hydraulique-divrea-plan-de-surveillance-de-lenvironnement\/composante-atmosphere-lot-3\/","og_site_name":"ITP - Ivrea Torino Piacenza S.p.A.","article_modified_time":"2026-02-13T10:12:30+00:00","twitter_card":"summary_large_image","twitter_misc":{"Dur\u00e9e de lecture estim\u00e9e":"1 minute"},"schema":{"@context":"https:\/\/schema.org","@graph":[{"@type":"WebPage","@id":"https:\/\/www.itpspa.it\/fr\/troncon-a55-a5\/noeud-hydraulique-divrea-plan-de-surveillance-de-lenvironnement\/composante-atmosphere-lot-3\/","url":"https:\/\/www.itpspa.it\/fr\/troncon-a55-a5\/noeud-hydraulique-divrea-plan-de-surveillance-de-lenvironnement\/composante-atmosphere-lot-3\/","name":"Composante atmosph\u00e8re \u2013 Lot 3 - ITP - Ivrea Torino Piacenza S.p.A.","isPartOf":{"@id":"https:\/\/www.itpspa.it\/#website"},"datePublished":"2023-02-22T11:36:07+00:00","dateModified":"2026-02-13T10:12:30+00:00","breadcrumb":{"@id":"https:\/\/www.itpspa.it\/fr\/troncon-a55-a5\/noeud-hydraulique-divrea-plan-de-surveillance-de-lenvironnement\/composante-atmosphere-lot-3\/#breadcrumb"},"inLanguage":"fr-FR","potentialAction":[{"@type":"ReadAction","target":["https:\/\/www.itpspa.it\/fr\/troncon-a55-a5\/noeud-hydraulique-divrea-plan-de-surveillance-de-lenvironnement\/composante-atmosphere-lot-3\/"]}]},{"@type":"BreadcrumbList","@id":"https:\/\/www.itpspa.it\/fr\/troncon-a55-a5\/noeud-hydraulique-divrea-plan-de-surveillance-de-lenvironnement\/composante-atmosphere-lot-3\/#breadcrumb","itemListElement":[{"@type":"ListItem","position":1,"name":"Home","item":"https:\/\/www.itpspa.it\/fr\/"},{"@type":"ListItem","position":2,"name":"Tron\u00e7on 1 A55\/A5","item":"https:\/\/www.itpspa.it\/fr\/troncon-a55-a5\/"},{"@type":"ListItem","position":3,"name":"N\u0153ud hydraulique d\u2019Ivrea &#8211; Plan de surveillance de l\u2019environnement","item":"https:\/\/www.itpspa.it\/fr\/troncon-a55-a5\/noeud-hydraulique-divrea-plan-de-surveillance-de-lenvironnement\/"},{"@type":"ListItem","position":4,"name":"Composante atmosph\u00e8re \u2013 Lot 3"}]},{"@type":"WebSite","@id":"https:\/\/www.itpspa.it\/#website","url":"https:\/\/www.itpspa.it\/","name":"ITP - Ivrea Torino Piacenza S.p.A.","description":"ITP - Ivrea Torino Piacenza S.p.A.","publisher":{"@id":"https:\/\/www.itpspa.it\/#organization"},"alternateName":"ITP S.p.A.","potentialAction":[{"@type":"SearchAction","target":{"@type":"EntryPoint","urlTemplate":"https:\/\/www.itpspa.it\/?s={search_term_string}"},"query-input":{"@type":"PropertyValueSpecification","valueRequired":true,"valueName":"search_term_string"}}],"inLanguage":"fr-FR"},{"@type":"Organization","@id":"https:\/\/www.itpspa.it\/#organization","name":"ITP - Ivrea Torino Piacenza S.p.A.","alternateName":"ITP S.p.A.","url":"https:\/\/www.itpspa.it\/","logo":{"@type":"ImageObject","inLanguage":"fr-FR","@id":"https:\/\/www.itpspa.it\/#\/schema\/logo\/image\/","url":"https:\/\/www.itpspa.it\/wp-content\/uploads\/ITP-Concessionaria-autostrada-IVREA-TORINO-PIACENZA-1-1.svg","contentUrl":"https:\/\/www.itpspa.it\/wp-content\/uploads\/ITP-Concessionaria-autostrada-IVREA-TORINO-PIACENZA-1-1.svg","width":"1024","height":"1024","caption":"ITP - Ivrea Torino Piacenza S.p.A."},"image":{"@id":"https:\/\/www.itpspa.it\/#\/schema\/logo\/image\/"}}]}},"publishpress_future_workflow_manual_trigger":{"enabledWorkflows":[]},"_links":{"self":[{"href":"https:\/\/www.itpspa.it\/fr\/wp-json\/wp\/v2\/pages\/9169","targetHints":{"allow":["GET"]}}],"collection":[{"href":"https:\/\/www.itpspa.it\/fr\/wp-json\/wp\/v2\/pages"}],"about":[{"href":"https:\/\/www.itpspa.it\/fr\/wp-json\/wp\/v2\/types\/page"}],"author":[{"embeddable":true,"href":"https:\/\/www.itpspa.it\/fr\/wp-json\/wp\/v2\/users\/1"}],"replies":[{"embeddable":true,"href":"https:\/\/www.itpspa.it\/fr\/wp-json\/wp\/v2\/comments?post=9169"}],"version-history":[{"count":2,"href":"https:\/\/www.itpspa.it\/fr\/wp-json\/wp\/v2\/pages\/9169\/revisions"}],"predecessor-version":[{"id":9172,"href":"https:\/\/www.itpspa.it\/fr\/wp-json\/wp\/v2\/pages\/9169\/revisions\/9172"}],"up":[{"embeddable":true,"href":"https:\/\/www.itpspa.it\/fr\/wp-json\/wp\/v2\/pages\/9138"}],"wp:attachment":[{"href":"https:\/\/www.itpspa.it\/fr\/wp-json\/wp\/v2\/media?parent=9169"}],"curies":[{"name":"wp","href":"https:\/\/api.w.org\/{rel}","templated":true}]}}