{"id":9138,"date":"2024-11-29T14:58:06","date_gmt":"2024-11-29T13:58:06","guid":{"rendered":"https:\/\/www.itpspa.it\/troncon-a55-a5\/nodo-idraulico-di-ivrea-piano-di-monitoraggio-ambientale\/"},"modified":"2026-02-13T11:58:14","modified_gmt":"2026-02-13T10:58:14","slug":"noeud-hydraulique-divrea-plan-de-surveillance-de-lenvironnement","status":"publish","type":"page","link":"https:\/\/www.itpspa.it\/fr\/troncon-a55-a5\/noeud-hydraulique-divrea-plan-de-surveillance-de-lenvironnement\/","title":{"rendered":"N\u0153ud hydraulique d\u2019Ivrea &#8211; Plan de surveillance de l\u2019environnement"},"content":{"rendered":"<div class=\"wpb-content-wrapper\"><p>[vc_row css_animation=\u00a0\u00bb\u00a0\u00bb row_type=\u00a0\u00bbrow\u00a0\u00bb use_row_as_full_screen_section=\u00a0\u00bbno\u00a0\u00bb type=\u00a0\u00bbfull_width\u00a0\u00bb angled_section=\u00a0\u00bbno\u00a0\u00bb text_align=\u00a0\u00bbleft\u00a0\u00bb background_image_as_pattern=\u00a0\u00bbwithout_pattern\u00a0\u00bb z_index=\u00a0\u00bb\u00a0\u00bb el_class=\u00a0\u00bbriga-testo-padding\u00a0\u00bb][vc_column offset=\u00a0\u00bbvc_col-md-3&Prime;][vc_widget_sidebar sidebar_id=\u00a0\u00bbSidebar-Info-Servizi\u00a0\u00bb][\/vc_column][vc_column offset=\u00a0\u00bbvc_col-md-9&Prime;][vc_column_text css=\u00a0\u00bb\u00a0\u00bb]<em>Mise \u00e0 jour &#8211; octobre 2024<\/em>[\/vc_column_text][vc_empty_space][vc_column_text css=\u00a0\u00bb\u00a0\u00bb]\u00e9cret de compatibilit\u00e9 environnementale n\u00b02 du 12\/01\/2015, \u00e9tendu par la suite par le d\u00e9cret minist\u00e9riel n\u00b0 116 du 01\/06\/2020 au 10\/02\/2025. Conform\u00e9ment \u00e0 la condition environnementale A.7 et, en ce qui concerne l&rsquo;accessibilit\u00e9 des donn\u00e9es de surveillance, \u00e0 la condition environnementale A.9, les informations suivantes sont publi\u00e9es\u00a0:<\/p>\n<p>&nbsp;<\/p>\n<p><strong>Condition environnementale A.7<\/strong><\/p>\n<p><em>\u00ab\u00a0Le plan de surveillance de l\u2019environnement des travaux devra \u00eatre mis \u00e0 jour, en accord avec l&rsquo;ARPA et l&rsquo;autorit\u00e9 du bassin du fleuve Po, dans la mesure de leurs comp\u00e9tences, et devra accorder une attention particuli\u00e8re aux aspects suivants\u00a0:<\/em><\/p>\n<p><em>7.1 en ce qui concerne la composante Atmosph\u00e8re, en r\u00e9f\u00e9rence \u00e0 une \u00e9tude approfondie des conditions d&rsquo;\u00e9mission et de diffusion dues \u00e0 l&rsquo;exploitation future de l&rsquo;ouvrage, il convient de d\u00e9finir la surveillance des polluants caus\u00e9s par le trafic routier dans les phases de pr\u00e9-exploitation et d&rsquo;exploitation, en particulier en ce qui concerne le CO, le NO, le NO2, le NOx, le C6H6, les PM10 et les PM\u00a0;<\/em><\/p>\n<p><em>7.2 en ce qui concerne les composantes Eaux de surface, Eaux souterraines et Am\u00e9nagement physique du territoire, il doit \u00eatre compl\u00e9t\u00e9 en tenant compte des eaux souterraines au niveau du puits potable de Calea di Sotto\u00a0;<\/em><\/p>\n<p><em>7.4 En ce qui concerne la composante Bruit, le contr\u00f4le du climat acoustique d\u00fb au trafic routier doit \u00eatre envisag\u00e9 dans les zones critiques d\u00e9finies par le Plan d\u2019assainissement acoustique du tron\u00e7on autoroutier Torino &#8211; Quincinetto pr\u00e9par\u00e9 par la province de Turin\u00a0;\u00a0\u00bb<\/em><\/p>\n<p>&nbsp;<\/p>\n<p><strong>Condition environnementale A.9<\/strong><\/p>\n<p><em>\u00ab\u00a0Le plan de surveillance de l\u2019environnement mis \u00e0 jour sera transmis au MATTM pour v\u00e9rification et une base de donn\u00e9es appropri\u00e9e sera cr\u00e9\u00e9e pour la collecte, la syst\u00e9matisation, l&rsquo;analyse et la diffusion des donn\u00e9es, qui seront mises \u00e0 la disposition en temps r\u00e9el de l&rsquo;ARPA, de l&rsquo;Autorit\u00e9 du bassin du fleuve Po et de la province de Turin, qui met actuellement en \u0153uvre un mod\u00e8le de surveillance hydraulique sp\u00e9cifique.\u00a0\u00bb<\/em>[\/vc_column_text][vc_empty_space][vc_column_text css=\u00a0\u00bb\u00a0\u00bb]<\/p>\n<h5><strong>Annexes\u00a0:<\/strong><\/h5>\n<p><a href=\"https:\/\/www.itpspa.it\/wp-content\/uploads\/Piano-Monitoraggio-Ambientale-RELAZIONE.pdf\" target=\"_blank\" rel=\"noopener\"><em>Plan de surveillance de l\u2019environnement &#8211; RAPPORT<\/em><\/a><\/p>\n<p><a href=\"https:\/\/www.itpspa.it\/wp-content\/uploads\/Piano-Monitoraggio-Ambientale-PLANIMETRIA.pdf\" target=\"_blank\" rel=\"noopener\"><em>Plan de surveillance de l&rsquo;environnement &#8211; PLANIM\u00c9TRIE<\/em><\/a>[\/vc_column_text][vc_empty_space][vc_column_text css=\u00a0\u00bb\u00a0\u00bb]<\/p>\n<h5><strong>Composante Atmosph\u00e8re\u00a0<\/strong>Les points de surveillance sont situ\u00e9s dans les lots suivants\u00a0:<\/h5>\n<p><a href=\"https:\/\/www.itpspa.it\/fr\/troncon-a55-a5\/noeud-hydraulique-divrea-plan-de-surveillance-de-lenvironnement\/composante-atmosphere-lot-2-a\/\"><em>Lot 2.A<\/em><\/a><\/p>\n<p><a href=\"https:\/\/www.itpspa.it\/fr\/troncon-a55-a5\/noeud-hydraulique-divrea-plan-de-surveillance-de-lenvironnement\/composante-atmosphere-lot-3\/\"><em>Lot 3<\/em><\/a>[\/vc_column_text][vc_empty_space][vc_column_text css=\u00a0\u00bb\u00a0\u00bb]<\/p>\n<h5><strong>Composantes Eaux de surface, Eaux souterraines et Am\u00e9nagement physique du territoire\u00a0<\/strong>Les points de surveillance sont situ\u00e9s dans les lots suivants\u00a0:<\/h5>\n<p><a href=\"https:\/\/www.itpspa.it\/fr\/troncon-a55-a5\/noeud-hydraulique-divrea-plan-de-surveillance-de-lenvironnement\/composantes-eaux-de-surface-eaux-souterraines-et-amenagement-physique-du-territoire-lot-1-b\/\"><em>Lot 1.B<\/em><\/a><\/p>\n<p><a href=\"https:\/\/www.itpspa.it\/fr\/troncon-a55-a5\/noeud-hydraulique-divrea-plan-de-surveillance-de-lenvironnement\/composantes-eaux-de-surface-eaux-souterraines-et-amenagement-physique-du-territoire-lot-1-d\/\"><em>Lot 1.D<\/em><\/a><\/p>\n<p><a href=\"https:\/\/www.itpspa.it\/fr\/troncon-a55-a5\/noeud-hydraulique-divrea-plan-de-surveillance-de-lenvironnement\/composantes-eaux-de-surface-eaux-souterraines-et-amenagement-physique-du-territoire-lot-3\/\"><em>Lot 3<\/em><\/a>[\/vc_column_text][vc_empty_space][vc_column_text css=\u00a0\u00bb\u00a0\u00bb]<\/p>\n<h5><strong>Composante Bruit\u00a0<\/strong>Les points de surveillance sont situ\u00e9s dans les lots suivants\u00a0:<\/h5>\n<p><a href=\"https:\/\/www.itpspa.it\/fr\/troncon-a55-a5\/noeud-hydraulique-divrea-plan-de-surveillance-de-lenvironnement\/composante-bruit-lot-2-a\/\"><em>Lot 2.A<\/em><\/a><\/p>\n<p><a href=\"https:\/\/www.itpspa.it\/fr\/troncon-a55-a5\/noeud-hydraulique-divrea-plan-de-surveillance-de-lenvironnement\/composante-bruit-lot-2-b\/\"><em>Lot 2.B<\/em><\/a><\/p>\n<p><a href=\"https:\/\/www.itpspa.it\/fr\/troncon-a55-a5\/noeud-hydraulique-divrea-plan-de-surveillance-de-lenvironnement\/composante-bruit-lot-3\/\"><em>Lot 3<\/em><\/a>[\/vc_column_text][\/vc_column][\/vc_row]<\/p>\n<\/div>","protected":false},"excerpt":{"rendered":"<p>[vc_row css_animation=\u00a0\u00bb\u00a0\u00bb row_type=\u00a0\u00bbrow\u00a0\u00bb use_row_as_full_screen_section=\u00a0\u00bbno\u00a0\u00bb type=\u00a0\u00bbfull_width\u00a0\u00bb angled_section=\u00a0\u00bbno\u00a0\u00bb text_align=\u00a0\u00bbleft\u00a0\u00bb background_image_as_pattern=\u00a0\u00bbwithout_pattern\u00a0\u00bb z_index=\u00a0\u00bb\u00a0\u00bb el_class=\u00a0\u00bbriga-testo-padding\u00a0\u00bb][vc_column offset=\u00a0\u00bbvc_col-md-3&Prime;][vc_widget_sidebar sidebar_id=\u00a0\u00bbSidebar-Info-Servizi\u00a0\u00bb][\/vc_column][vc_column offset=\u00a0\u00bbvc_col-md-9&Prime;][vc_column_text css=\u00a0\u00bb\u00a0\u00bb]Mise \u00e0 jour &#8211; octobre 2024[\/vc_column_text][vc_empty_space][vc_column_text css=\u00a0\u00bb\u00a0\u00bb]\u00e9cret de compatibilit\u00e9 environnementale n\u00b02 du 12\/01\/2015, \u00e9tendu par la suite par le d\u00e9cret minist\u00e9riel n\u00b0 116 du 01\/06\/2020 au 10\/02\/2025. Conform\u00e9ment \u00e0 la condition environnementale&#8230;<\/p>\n","protected":false},"author":2,"featured_media":0,"parent":9057,"menu_order":0,"comment_status":"closed","ping_status":"closed","template":"full_width.php","meta":{"_acf_changed":false,"inline_featured_image":false,"footnotes":""},"class_list":["post-9138","page","type-page","status-publish","hentry","wpautop"],"acf":[],"yoast_head":"<!-- This site is optimized with the Yoast SEO plugin v27.2 - https:\/\/yoast.com\/product\/yoast-seo-wordpress\/ -->\n<title>N\u0153ud hydraulique d\u2019Ivrea - Plan de surveillance de l\u2019environnement - ITP - Ivrea Torino Piacenza S.p.A.<\/title>\n<meta name=\"robots\" content=\"index, follow, max-snippet:-1, max-image-preview:large, max-video-preview:-1\" \/>\n<link rel=\"canonical\" href=\"https:\/\/www.itpspa.it\/fr\/troncon-a55-a5\/noeud-hydraulique-divrea-plan-de-surveillance-de-lenvironnement\/\" \/>\n<meta property=\"og:locale\" content=\"fr_FR\" \/>\n<meta property=\"og:type\" content=\"article\" \/>\n<meta property=\"og:title\" content=\"N\u0153ud hydraulique d\u2019Ivrea - Plan de surveillance de l\u2019environnement - ITP - Ivrea Torino Piacenza S.p.A.\" \/>\n<meta property=\"og:description\" content=\"[vc_row css_animation=\u00a0\u00bb\u00a0\u00bb row_type=\u00a0\u00bbrow\u00a0\u00bb use_row_as_full_screen_section=\u00a0\u00bbno\u00a0\u00bb type=\u00a0\u00bbfull_width\u00a0\u00bb angled_section=\u00a0\u00bbno\u00a0\u00bb text_align=\u00a0\u00bbleft\u00a0\u00bb background_image_as_pattern=\u00a0\u00bbwithout_pattern\u00a0\u00bb z_index=\u00a0\u00bb\u00a0\u00bb el_class=\u00a0\u00bbriga-testo-padding\u00a0\u00bb][vc_column offset=\u00a0\u00bbvc_col-md-3&Prime;][vc_widget_sidebar sidebar_id=\u00a0\u00bbSidebar-Info-Servizi\u00a0\u00bb][\/vc_column][vc_column offset=\u00a0\u00bbvc_col-md-9&Prime;][vc_column_text css=\u00a0\u00bb\u00a0\u00bb]Mise \u00e0 jour &#8211; octobre 2024[\/vc_column_text][vc_empty_space][vc_column_text css=\u00a0\u00bb\u00a0\u00bb]\u00e9cret de compatibilit\u00e9 environnementale n\u00b02 du 12\/01\/2015, \u00e9tendu par la suite par le d\u00e9cret minist\u00e9riel n\u00b0 116 du 01\/06\/2020 au 10\/02\/2025. Conform\u00e9ment \u00e0 la condition environnementale...\" \/>\n<meta property=\"og:url\" content=\"https:\/\/www.itpspa.it\/fr\/troncon-a55-a5\/noeud-hydraulique-divrea-plan-de-surveillance-de-lenvironnement\/\" \/>\n<meta property=\"og:site_name\" content=\"ITP - Ivrea Torino Piacenza S.p.A.\" \/>\n<meta property=\"article:modified_time\" content=\"2026-02-13T10:58:14+00:00\" \/>\n<meta name=\"twitter:card\" content=\"summary_large_image\" \/>\n<meta name=\"twitter:label1\" content=\"Dur\u00e9e de lecture estim\u00e9e\" \/>\n\t<meta name=\"twitter:data1\" content=\"3 minutes\" \/>\n<script type=\"application\/ld+json\" class=\"yoast-schema-graph\">{\"@context\":\"https:\/\/schema.org\",\"@graph\":[{\"@type\":\"WebPage\",\"@id\":\"https:\/\/www.itpspa.it\/fr\/troncon-a55-a5\/noeud-hydraulique-divrea-plan-de-surveillance-de-lenvironnement\/\",\"url\":\"https:\/\/www.itpspa.it\/fr\/troncon-a55-a5\/noeud-hydraulique-divrea-plan-de-surveillance-de-lenvironnement\/\",\"name\":\"N\u0153ud hydraulique d\u2019Ivrea - Plan de surveillance de l\u2019environnement - ITP - Ivrea Torino Piacenza S.p.A.\",\"isPartOf\":{\"@id\":\"https:\/\/www.itpspa.it\/#website\"},\"datePublished\":\"2024-11-29T13:58:06+00:00\",\"dateModified\":\"2026-02-13T10:58:14+00:00\",\"breadcrumb\":{\"@id\":\"https:\/\/www.itpspa.it\/fr\/troncon-a55-a5\/noeud-hydraulique-divrea-plan-de-surveillance-de-lenvironnement\/#breadcrumb\"},\"inLanguage\":\"fr-FR\",\"potentialAction\":[{\"@type\":\"ReadAction\",\"target\":[\"https:\/\/www.itpspa.it\/fr\/troncon-a55-a5\/noeud-hydraulique-divrea-plan-de-surveillance-de-lenvironnement\/\"]}]},{\"@type\":\"BreadcrumbList\",\"@id\":\"https:\/\/www.itpspa.it\/fr\/troncon-a55-a5\/noeud-hydraulique-divrea-plan-de-surveillance-de-lenvironnement\/#breadcrumb\",\"itemListElement\":[{\"@type\":\"ListItem\",\"position\":1,\"name\":\"Home\",\"item\":\"https:\/\/www.itpspa.it\/fr\/\"},{\"@type\":\"ListItem\",\"position\":2,\"name\":\"Tron\u00e7on 1 A55\/A5\",\"item\":\"https:\/\/www.itpspa.it\/fr\/troncon-a55-a5\/\"},{\"@type\":\"ListItem\",\"position\":3,\"name\":\"N\u0153ud hydraulique d\u2019Ivrea &#8211; Plan de surveillance de l\u2019environnement\"}]},{\"@type\":\"WebSite\",\"@id\":\"https:\/\/www.itpspa.it\/#website\",\"url\":\"https:\/\/www.itpspa.it\/\",\"name\":\"ITP - Ivrea Torino Piacenza S.p.A.\",\"description\":\"ITP - Ivrea Torino Piacenza S.p.A.\",\"publisher\":{\"@id\":\"https:\/\/www.itpspa.it\/#organization\"},\"alternateName\":\"ITP S.p.A.\",\"potentialAction\":[{\"@type\":\"SearchAction\",\"target\":{\"@type\":\"EntryPoint\",\"urlTemplate\":\"https:\/\/www.itpspa.it\/?s={search_term_string}\"},\"query-input\":{\"@type\":\"PropertyValueSpecification\",\"valueRequired\":true,\"valueName\":\"search_term_string\"}}],\"inLanguage\":\"fr-FR\"},{\"@type\":\"Organization\",\"@id\":\"https:\/\/www.itpspa.it\/#organization\",\"name\":\"ITP - Ivrea Torino Piacenza S.p.A.\",\"alternateName\":\"ITP S.p.A.\",\"url\":\"https:\/\/www.itpspa.it\/\",\"logo\":{\"@type\":\"ImageObject\",\"inLanguage\":\"fr-FR\",\"@id\":\"https:\/\/www.itpspa.it\/#\/schema\/logo\/image\/\",\"url\":\"https:\/\/www.itpspa.it\/wp-content\/uploads\/ITP-Concessionaria-autostrada-IVREA-TORINO-PIACENZA-1-1.svg\",\"contentUrl\":\"https:\/\/www.itpspa.it\/wp-content\/uploads\/ITP-Concessionaria-autostrada-IVREA-TORINO-PIACENZA-1-1.svg\",\"width\":\"1024\",\"height\":\"1024\",\"caption\":\"ITP - Ivrea Torino Piacenza S.p.A.\"},\"image\":{\"@id\":\"https:\/\/www.itpspa.it\/#\/schema\/logo\/image\/\"}}]}<\/script>\n<!-- \/ Yoast SEO plugin. -->","yoast_head_json":{"title":"N\u0153ud hydraulique d\u2019Ivrea - Plan de surveillance de l\u2019environnement - ITP - Ivrea Torino Piacenza S.p.A.","robots":{"index":"index","follow":"follow","max-snippet":"max-snippet:-1","max-image-preview":"max-image-preview:large","max-video-preview":"max-video-preview:-1"},"canonical":"https:\/\/www.itpspa.it\/fr\/troncon-a55-a5\/noeud-hydraulique-divrea-plan-de-surveillance-de-lenvironnement\/","og_locale":"fr_FR","og_type":"article","og_title":"N\u0153ud hydraulique d\u2019Ivrea - Plan de surveillance de l\u2019environnement - ITP - Ivrea Torino Piacenza S.p.A.","og_description":"[vc_row css_animation=\u00a0\u00bb\u00a0\u00bb row_type=\u00a0\u00bbrow\u00a0\u00bb use_row_as_full_screen_section=\u00a0\u00bbno\u00a0\u00bb type=\u00a0\u00bbfull_width\u00a0\u00bb angled_section=\u00a0\u00bbno\u00a0\u00bb text_align=\u00a0\u00bbleft\u00a0\u00bb background_image_as_pattern=\u00a0\u00bbwithout_pattern\u00a0\u00bb z_index=\u00a0\u00bb\u00a0\u00bb el_class=\u00a0\u00bbriga-testo-padding\u00a0\u00bb][vc_column offset=\u00a0\u00bbvc_col-md-3&Prime;][vc_widget_sidebar sidebar_id=\u00a0\u00bbSidebar-Info-Servizi\u00a0\u00bb][\/vc_column][vc_column offset=\u00a0\u00bbvc_col-md-9&Prime;][vc_column_text css=\u00a0\u00bb\u00a0\u00bb]Mise \u00e0 jour &#8211; octobre 2024[\/vc_column_text][vc_empty_space][vc_column_text css=\u00a0\u00bb\u00a0\u00bb]\u00e9cret de compatibilit\u00e9 environnementale n\u00b02 du 12\/01\/2015, \u00e9tendu par la suite par le d\u00e9cret minist\u00e9riel n\u00b0 116 du 01\/06\/2020 au 10\/02\/2025. Conform\u00e9ment \u00e0 la condition environnementale...","og_url":"https:\/\/www.itpspa.it\/fr\/troncon-a55-a5\/noeud-hydraulique-divrea-plan-de-surveillance-de-lenvironnement\/","og_site_name":"ITP - Ivrea Torino Piacenza S.p.A.","article_modified_time":"2026-02-13T10:58:14+00:00","twitter_card":"summary_large_image","twitter_misc":{"Dur\u00e9e de lecture estim\u00e9e":"3 minutes"},"schema":{"@context":"https:\/\/schema.org","@graph":[{"@type":"WebPage","@id":"https:\/\/www.itpspa.it\/fr\/troncon-a55-a5\/noeud-hydraulique-divrea-plan-de-surveillance-de-lenvironnement\/","url":"https:\/\/www.itpspa.it\/fr\/troncon-a55-a5\/noeud-hydraulique-divrea-plan-de-surveillance-de-lenvironnement\/","name":"N\u0153ud hydraulique d\u2019Ivrea - Plan de surveillance de l\u2019environnement - ITP - Ivrea Torino Piacenza S.p.A.","isPartOf":{"@id":"https:\/\/www.itpspa.it\/#website"},"datePublished":"2024-11-29T13:58:06+00:00","dateModified":"2026-02-13T10:58:14+00:00","breadcrumb":{"@id":"https:\/\/www.itpspa.it\/fr\/troncon-a55-a5\/noeud-hydraulique-divrea-plan-de-surveillance-de-lenvironnement\/#breadcrumb"},"inLanguage":"fr-FR","potentialAction":[{"@type":"ReadAction","target":["https:\/\/www.itpspa.it\/fr\/troncon-a55-a5\/noeud-hydraulique-divrea-plan-de-surveillance-de-lenvironnement\/"]}]},{"@type":"BreadcrumbList","@id":"https:\/\/www.itpspa.it\/fr\/troncon-a55-a5\/noeud-hydraulique-divrea-plan-de-surveillance-de-lenvironnement\/#breadcrumb","itemListElement":[{"@type":"ListItem","position":1,"name":"Home","item":"https:\/\/www.itpspa.it\/fr\/"},{"@type":"ListItem","position":2,"name":"Tron\u00e7on 1 A55\/A5","item":"https:\/\/www.itpspa.it\/fr\/troncon-a55-a5\/"},{"@type":"ListItem","position":3,"name":"N\u0153ud hydraulique d\u2019Ivrea &#8211; Plan de surveillance de l\u2019environnement"}]},{"@type":"WebSite","@id":"https:\/\/www.itpspa.it\/#website","url":"https:\/\/www.itpspa.it\/","name":"ITP - Ivrea Torino Piacenza S.p.A.","description":"ITP - Ivrea Torino Piacenza S.p.A.","publisher":{"@id":"https:\/\/www.itpspa.it\/#organization"},"alternateName":"ITP S.p.A.","potentialAction":[{"@type":"SearchAction","target":{"@type":"EntryPoint","urlTemplate":"https:\/\/www.itpspa.it\/?s={search_term_string}"},"query-input":{"@type":"PropertyValueSpecification","valueRequired":true,"valueName":"search_term_string"}}],"inLanguage":"fr-FR"},{"@type":"Organization","@id":"https:\/\/www.itpspa.it\/#organization","name":"ITP - Ivrea Torino Piacenza S.p.A.","alternateName":"ITP S.p.A.","url":"https:\/\/www.itpspa.it\/","logo":{"@type":"ImageObject","inLanguage":"fr-FR","@id":"https:\/\/www.itpspa.it\/#\/schema\/logo\/image\/","url":"https:\/\/www.itpspa.it\/wp-content\/uploads\/ITP-Concessionaria-autostrada-IVREA-TORINO-PIACENZA-1-1.svg","contentUrl":"https:\/\/www.itpspa.it\/wp-content\/uploads\/ITP-Concessionaria-autostrada-IVREA-TORINO-PIACENZA-1-1.svg","width":"1024","height":"1024","caption":"ITP - Ivrea Torino Piacenza S.p.A."},"image":{"@id":"https:\/\/www.itpspa.it\/#\/schema\/logo\/image\/"}}]}},"publishpress_future_workflow_manual_trigger":{"enabledWorkflows":[]},"_links":{"self":[{"href":"https:\/\/www.itpspa.it\/fr\/wp-json\/wp\/v2\/pages\/9138","targetHints":{"allow":["GET"]}}],"collection":[{"href":"https:\/\/www.itpspa.it\/fr\/wp-json\/wp\/v2\/pages"}],"about":[{"href":"https:\/\/www.itpspa.it\/fr\/wp-json\/wp\/v2\/types\/page"}],"author":[{"embeddable":true,"href":"https:\/\/www.itpspa.it\/fr\/wp-json\/wp\/v2\/users\/2"}],"replies":[{"embeddable":true,"href":"https:\/\/www.itpspa.it\/fr\/wp-json\/wp\/v2\/comments?post=9138"}],"version-history":[{"count":5,"href":"https:\/\/www.itpspa.it\/fr\/wp-json\/wp\/v2\/pages\/9138\/revisions"}],"predecessor-version":[{"id":9196,"href":"https:\/\/www.itpspa.it\/fr\/wp-json\/wp\/v2\/pages\/9138\/revisions\/9196"}],"up":[{"embeddable":true,"href":"https:\/\/www.itpspa.it\/fr\/wp-json\/wp\/v2\/pages\/9057"}],"wp:attachment":[{"href":"https:\/\/www.itpspa.it\/fr\/wp-json\/wp\/v2\/media?parent=9138"}],"curies":[{"name":"wp","href":"https:\/\/api.w.org\/{rel}","templated":true}]}}