{"id":9131,"date":"2024-11-29T12:27:58","date_gmt":"2024-11-29T11:27:58","guid":{"rendered":"https:\/\/www.itpspa.it\/troncon-a55-a5\/numeri-e-indirizzi-utili\/"},"modified":"2026-02-11T13:09:56","modified_gmt":"2026-02-11T12:09:56","slug":"numeros-et-adresses-utiles","status":"publish","type":"page","link":"https:\/\/www.itpspa.it\/fr\/troncon-a55-a5\/numeros-et-adresses-utiles\/","title":{"rendered":"Num\u00e9ros et adresses utiles A55\/A5"},"content":{"rendered":"<div class=\"wpb-content-wrapper\"><p>[vc_row css_animation=\u00a0\u00bb\u00a0\u00bb row_type=\u00a0\u00bbrow\u00a0\u00bb use_row_as_full_screen_section=\u00a0\u00bbno\u00a0\u00bb type=\u00a0\u00bbfull_width\u00a0\u00bb angled_section=\u00a0\u00bbno\u00a0\u00bb text_align=\u00a0\u00bbleft\u00a0\u00bb background_image_as_pattern=\u00a0\u00bbwithout_pattern\u00a0\u00bb z_index=\u00a0\u00bb\u00a0\u00bb el_class=\u00a0\u00bbriga-testo-padding\u00a0\u00bb][vc_column offset=\u00a0\u00bbvc_col-md-3&Prime;][vc_widget_sidebar sidebar_id=\u00a0\u00bbSidebar-Info-Servizi\u00a0\u00bb][\/vc_column][vc_column offset=\u00a0\u00bbvc_col-md-9&Prime;][vc_column_text css=\u00a0\u00bb.vc_custom_1770811784146{margin-bottom: 25px !important;}\u00a0\u00bb]<\/p>\n<h2>Centre de services<\/h2>\n<p>Settimo Torinese (barri\u00e8re A5 Torino-Aosta)<\/p>\n<p><strong><a href=\"mailto:centroservizi.t1@itpspa.it\">centroservizi.t1@itpspa.it<\/a><\/strong><\/p>\n<p>&nbsp;<\/p>\n<h3>Centre des op\u00e9rations et de contr\u00f4le<\/h3>\n<p>T\u00e9l.\u00a0<a href=\"tel:+390113814401\"><strong>+39 011 38 14 401*<\/strong><\/a><br \/>\n* Les communications t\u00e9l\u00e9phoniques avec le Centre des op\u00e9rations et de contr\u00f4le sont enregistr\u00e9es. Les finalit\u00e9s et les modalit\u00e9s du traitement des donn\u00e9es figurent\u00a0<strong><a href=\"https:\/\/www.itpspa.it\/fr\/privacy\/politique-de-confidentialite-pour-lenregistrement-des-appels-telephoniques-au-centre-operationnel-de-controle\/\">dans la note d\u2019information d\u00e9di\u00e9e<\/a><\/strong>.<\/p>\n<p>&nbsp;<\/p>\n<h3>Rapports de non-paiement du p\u00e9age<\/h3>\n<p>Fax +39 011 38 14 578<br \/>\n<strong><a href=\"mailto:rmpp.t1@itpspa.it\">rmpp.t1@itpspa.it<\/a><br \/>\n<\/strong>FORMULAIRES EN LIGNE (AVEC CONTRAT ACTIF)<\/p>\n<p>&nbsp;<\/p>\n<h3>Gestion des r\u00e9clamations<\/h3>\n<p>Strada della Cebrosa, 86<br \/>\n10156 Torino<br \/>\nFax +39 011 38 14 599<br \/>\n<strong><a href=\"mailto:gestionereclami.t1@itpspa.it\">gestionereclami.t1@itpspa.it<\/a><\/strong><\/p>\n<p>&nbsp;<\/p>\n<h3>Centre directionnel<\/h3>\n<p>Si\u00e8ge social<br \/>\nStrada della Cebrosa, 86<br \/>\n10156 Torino<br \/>\nT\u00e9l.\u00a0<a href=\"tel:+390113814100\"><strong>+39 011 38 14 100<\/strong><\/a><br \/>\nFax +39 011 38 14 101 &#8211; +39 011 38 14 102<br \/>\n<strong><a href=\"mailto:info.t1@itpspa.it\">info.t1@itpspa.it<\/a><\/strong>.<\/p>\n<p>&nbsp;<\/p>\n<h3>Transports exceptionnels<\/h3>\n<p>Strada della Cebrosa, 86<br \/>\n10156 Torino<\/p>\n<p>Ouvert du lundi au jeudi de 09h00 \u00e0 12h00 et de 13h30 \u00e0 16h00<br \/>\nLe vendredi de 09h00 \u00e0 12h00<br \/>\nFerm\u00e9 le samedi et les jours f\u00e9ri\u00e9s<br \/>\nT\u00e9l.\u00a0<a href=\"tel:+390113814410\"><strong>+39 011 38 14 410<\/strong><\/a><br \/>\nFax +39 011 38 14 011<br \/>\n<strong><a href=\"mailto:te.t1@itpspa.it\">te.t1@itpspa.it<\/a><\/strong><\/p>\n<p>&nbsp;<\/p>\n<h3>Gestion des sinistres<\/h3>\n<p>Du lundi au vendredi de 09h00 \u00e0 12h30 et de 13h30 \u00e0 15h00<br \/>\nT\u00e9l.\u00a0<a href=\"tel:+390113814100\"><strong>+39 011 381 41 00<\/strong><\/a><br \/>\nFax +39 011 381 42 62<br \/>\n<strong><a href=\"mailto:gestionesinistri.t1@itpspa.it\">gestionesinistri.t1@itpspa.it<\/a><\/strong><\/p>\n<p>[\/vc_column_text][\/vc_column][\/vc_row]<\/p>\n<\/div>","protected":false},"excerpt":{"rendered":"<p>[vc_row css_animation=\u00a0\u00bb\u00a0\u00bb row_type=\u00a0\u00bbrow\u00a0\u00bb use_row_as_full_screen_section=\u00a0\u00bbno\u00a0\u00bb type=\u00a0\u00bbfull_width\u00a0\u00bb angled_section=\u00a0\u00bbno\u00a0\u00bb text_align=\u00a0\u00bbleft\u00a0\u00bb background_image_as_pattern=\u00a0\u00bbwithout_pattern\u00a0\u00bb z_index=\u00a0\u00bb\u00a0\u00bb el_class=\u00a0\u00bbriga-testo-padding\u00a0\u00bb][vc_column offset=\u00a0\u00bbvc_col-md-3&Prime;][vc_widget_sidebar sidebar_id=\u00a0\u00bbSidebar-Info-Servizi\u00a0\u00bb][\/vc_column][vc_column offset=\u00a0\u00bbvc_col-md-9&Prime;][vc_column_text css=\u00a0\u00bb.vc_custom_1770811784146{margin-bottom: 25px !important;}\u00a0\u00bb] Centre de services Settimo Torinese (barri\u00e8re A5 Torino-Aosta) centroservizi.t1@itpspa.it &nbsp; Centre des op\u00e9rations et de contr\u00f4le T\u00e9l.\u00a0+39 011 38 14 401* * Les communications t\u00e9l\u00e9phoniques avec le Centre des&#8230;<\/p>\n","protected":false},"author":2,"featured_media":0,"parent":9057,"menu_order":0,"comment_status":"closed","ping_status":"closed","template":"full_width.php","meta":{"_acf_changed":false,"inline_featured_image":false,"footnotes":""},"class_list":["post-9131","page","type-page","status-publish","hentry","wpautop"],"acf":[],"yoast_head":"<!-- This site is optimized with the Yoast SEO plugin v27.2 - https:\/\/yoast.com\/product\/yoast-seo-wordpress\/ -->\n<title>Num\u00e9ros et adresses utiles A55\/A5 - ITP - Ivrea Torino Piacenza S.p.A.<\/title>\n<meta name=\"robots\" content=\"index, follow, max-snippet:-1, max-image-preview:large, max-video-preview:-1\" \/>\n<link rel=\"canonical\" href=\"https:\/\/www.itpspa.it\/fr\/troncon-a55-a5\/numeros-et-adresses-utiles\/\" \/>\n<meta property=\"og:locale\" content=\"fr_FR\" \/>\n<meta property=\"og:type\" content=\"article\" \/>\n<meta property=\"og:title\" content=\"Num\u00e9ros et adresses utiles A55\/A5 - ITP - Ivrea Torino Piacenza S.p.A.\" \/>\n<meta property=\"og:description\" content=\"[vc_row css_animation=\u00a0\u00bb\u00a0\u00bb row_type=\u00a0\u00bbrow\u00a0\u00bb use_row_as_full_screen_section=\u00a0\u00bbno\u00a0\u00bb type=\u00a0\u00bbfull_width\u00a0\u00bb angled_section=\u00a0\u00bbno\u00a0\u00bb text_align=\u00a0\u00bbleft\u00a0\u00bb background_image_as_pattern=\u00a0\u00bbwithout_pattern\u00a0\u00bb z_index=\u00a0\u00bb\u00a0\u00bb el_class=\u00a0\u00bbriga-testo-padding\u00a0\u00bb][vc_column offset=\u00a0\u00bbvc_col-md-3&Prime;][vc_widget_sidebar sidebar_id=\u00a0\u00bbSidebar-Info-Servizi\u00a0\u00bb][\/vc_column][vc_column offset=\u00a0\u00bbvc_col-md-9&Prime;][vc_column_text css=\u00a0\u00bb.vc_custom_1770811784146{margin-bottom: 25px !important;}\u00a0\u00bb] Centre de services Settimo Torinese (barri\u00e8re A5 Torino-Aosta) centroservizi.t1@itpspa.it &nbsp; Centre des op\u00e9rations et de contr\u00f4le T\u00e9l.\u00a0+39 011 38 14 401* * Les communications t\u00e9l\u00e9phoniques avec le Centre des...\" \/>\n<meta property=\"og:url\" content=\"https:\/\/www.itpspa.it\/fr\/troncon-a55-a5\/numeros-et-adresses-utiles\/\" \/>\n<meta property=\"og:site_name\" content=\"ITP - Ivrea Torino Piacenza S.p.A.\" \/>\n<meta property=\"article:modified_time\" content=\"2026-02-11T12:09:56+00:00\" \/>\n<meta name=\"twitter:card\" content=\"summary_large_image\" \/>\n<meta name=\"twitter:label1\" content=\"Dur\u00e9e de lecture estim\u00e9e\" \/>\n\t<meta name=\"twitter:data1\" content=\"2 minutes\" \/>\n<script type=\"application\/ld+json\" class=\"yoast-schema-graph\">{\"@context\":\"https:\/\/schema.org\",\"@graph\":[{\"@type\":\"WebPage\",\"@id\":\"https:\/\/www.itpspa.it\/fr\/troncon-a55-a5\/numeros-et-adresses-utiles\/\",\"url\":\"https:\/\/www.itpspa.it\/fr\/troncon-a55-a5\/numeros-et-adresses-utiles\/\",\"name\":\"Num\u00e9ros et adresses utiles A55\/A5 - ITP - Ivrea Torino Piacenza S.p.A.\",\"isPartOf\":{\"@id\":\"https:\/\/www.itpspa.it\/#website\"},\"datePublished\":\"2024-11-29T11:27:58+00:00\",\"dateModified\":\"2026-02-11T12:09:56+00:00\",\"breadcrumb\":{\"@id\":\"https:\/\/www.itpspa.it\/fr\/troncon-a55-a5\/numeros-et-adresses-utiles\/#breadcrumb\"},\"inLanguage\":\"fr-FR\",\"potentialAction\":[{\"@type\":\"ReadAction\",\"target\":[\"https:\/\/www.itpspa.it\/fr\/troncon-a55-a5\/numeros-et-adresses-utiles\/\"]}]},{\"@type\":\"BreadcrumbList\",\"@id\":\"https:\/\/www.itpspa.it\/fr\/troncon-a55-a5\/numeros-et-adresses-utiles\/#breadcrumb\",\"itemListElement\":[{\"@type\":\"ListItem\",\"position\":1,\"name\":\"Home\",\"item\":\"https:\/\/www.itpspa.it\/fr\/\"},{\"@type\":\"ListItem\",\"position\":2,\"name\":\"Tron\u00e7on 1 A55\/A5\",\"item\":\"https:\/\/www.itpspa.it\/fr\/troncon-a55-a5\/\"},{\"@type\":\"ListItem\",\"position\":3,\"name\":\"Num\u00e9ros et adresses utiles A55\/A5\"}]},{\"@type\":\"WebSite\",\"@id\":\"https:\/\/www.itpspa.it\/#website\",\"url\":\"https:\/\/www.itpspa.it\/\",\"name\":\"ITP - Ivrea Torino Piacenza S.p.A.\",\"description\":\"ITP - Ivrea Torino Piacenza S.p.A.\",\"publisher\":{\"@id\":\"https:\/\/www.itpspa.it\/#organization\"},\"alternateName\":\"ITP S.p.A.\",\"potentialAction\":[{\"@type\":\"SearchAction\",\"target\":{\"@type\":\"EntryPoint\",\"urlTemplate\":\"https:\/\/www.itpspa.it\/?s={search_term_string}\"},\"query-input\":{\"@type\":\"PropertyValueSpecification\",\"valueRequired\":true,\"valueName\":\"search_term_string\"}}],\"inLanguage\":\"fr-FR\"},{\"@type\":\"Organization\",\"@id\":\"https:\/\/www.itpspa.it\/#organization\",\"name\":\"ITP - Ivrea Torino Piacenza S.p.A.\",\"alternateName\":\"ITP S.p.A.\",\"url\":\"https:\/\/www.itpspa.it\/\",\"logo\":{\"@type\":\"ImageObject\",\"inLanguage\":\"fr-FR\",\"@id\":\"https:\/\/www.itpspa.it\/#\/schema\/logo\/image\/\",\"url\":\"https:\/\/www.itpspa.it\/wp-content\/uploads\/ITP-Concessionaria-autostrada-IVREA-TORINO-PIACENZA-1-1.svg\",\"contentUrl\":\"https:\/\/www.itpspa.it\/wp-content\/uploads\/ITP-Concessionaria-autostrada-IVREA-TORINO-PIACENZA-1-1.svg\",\"width\":\"1024\",\"height\":\"1024\",\"caption\":\"ITP - Ivrea Torino Piacenza S.p.A.\"},\"image\":{\"@id\":\"https:\/\/www.itpspa.it\/#\/schema\/logo\/image\/\"}}]}<\/script>\n<!-- \/ Yoast SEO plugin. -->","yoast_head_json":{"title":"Num\u00e9ros et adresses utiles A55\/A5 - ITP - Ivrea Torino Piacenza S.p.A.","robots":{"index":"index","follow":"follow","max-snippet":"max-snippet:-1","max-image-preview":"max-image-preview:large","max-video-preview":"max-video-preview:-1"},"canonical":"https:\/\/www.itpspa.it\/fr\/troncon-a55-a5\/numeros-et-adresses-utiles\/","og_locale":"fr_FR","og_type":"article","og_title":"Num\u00e9ros et adresses utiles A55\/A5 - ITP - Ivrea Torino Piacenza S.p.A.","og_description":"[vc_row css_animation=\u00a0\u00bb\u00a0\u00bb row_type=\u00a0\u00bbrow\u00a0\u00bb use_row_as_full_screen_section=\u00a0\u00bbno\u00a0\u00bb type=\u00a0\u00bbfull_width\u00a0\u00bb angled_section=\u00a0\u00bbno\u00a0\u00bb text_align=\u00a0\u00bbleft\u00a0\u00bb background_image_as_pattern=\u00a0\u00bbwithout_pattern\u00a0\u00bb z_index=\u00a0\u00bb\u00a0\u00bb el_class=\u00a0\u00bbriga-testo-padding\u00a0\u00bb][vc_column offset=\u00a0\u00bbvc_col-md-3&Prime;][vc_widget_sidebar sidebar_id=\u00a0\u00bbSidebar-Info-Servizi\u00a0\u00bb][\/vc_column][vc_column offset=\u00a0\u00bbvc_col-md-9&Prime;][vc_column_text css=\u00a0\u00bb.vc_custom_1770811784146{margin-bottom: 25px !important;}\u00a0\u00bb] Centre de services Settimo Torinese (barri\u00e8re A5 Torino-Aosta) centroservizi.t1@itpspa.it &nbsp; Centre des op\u00e9rations et de contr\u00f4le T\u00e9l.\u00a0+39 011 38 14 401* * Les communications t\u00e9l\u00e9phoniques avec le Centre des...","og_url":"https:\/\/www.itpspa.it\/fr\/troncon-a55-a5\/numeros-et-adresses-utiles\/","og_site_name":"ITP - Ivrea Torino Piacenza S.p.A.","article_modified_time":"2026-02-11T12:09:56+00:00","twitter_card":"summary_large_image","twitter_misc":{"Dur\u00e9e de lecture estim\u00e9e":"2 minutes"},"schema":{"@context":"https:\/\/schema.org","@graph":[{"@type":"WebPage","@id":"https:\/\/www.itpspa.it\/fr\/troncon-a55-a5\/numeros-et-adresses-utiles\/","url":"https:\/\/www.itpspa.it\/fr\/troncon-a55-a5\/numeros-et-adresses-utiles\/","name":"Num\u00e9ros et adresses utiles A55\/A5 - ITP - Ivrea Torino Piacenza S.p.A.","isPartOf":{"@id":"https:\/\/www.itpspa.it\/#website"},"datePublished":"2024-11-29T11:27:58+00:00","dateModified":"2026-02-11T12:09:56+00:00","breadcrumb":{"@id":"https:\/\/www.itpspa.it\/fr\/troncon-a55-a5\/numeros-et-adresses-utiles\/#breadcrumb"},"inLanguage":"fr-FR","potentialAction":[{"@type":"ReadAction","target":["https:\/\/www.itpspa.it\/fr\/troncon-a55-a5\/numeros-et-adresses-utiles\/"]}]},{"@type":"BreadcrumbList","@id":"https:\/\/www.itpspa.it\/fr\/troncon-a55-a5\/numeros-et-adresses-utiles\/#breadcrumb","itemListElement":[{"@type":"ListItem","position":1,"name":"Home","item":"https:\/\/www.itpspa.it\/fr\/"},{"@type":"ListItem","position":2,"name":"Tron\u00e7on 1 A55\/A5","item":"https:\/\/www.itpspa.it\/fr\/troncon-a55-a5\/"},{"@type":"ListItem","position":3,"name":"Num\u00e9ros et adresses utiles A55\/A5"}]},{"@type":"WebSite","@id":"https:\/\/www.itpspa.it\/#website","url":"https:\/\/www.itpspa.it\/","name":"ITP - Ivrea Torino Piacenza S.p.A.","description":"ITP - Ivrea Torino Piacenza S.p.A.","publisher":{"@id":"https:\/\/www.itpspa.it\/#organization"},"alternateName":"ITP S.p.A.","potentialAction":[{"@type":"SearchAction","target":{"@type":"EntryPoint","urlTemplate":"https:\/\/www.itpspa.it\/?s={search_term_string}"},"query-input":{"@type":"PropertyValueSpecification","valueRequired":true,"valueName":"search_term_string"}}],"inLanguage":"fr-FR"},{"@type":"Organization","@id":"https:\/\/www.itpspa.it\/#organization","name":"ITP - Ivrea Torino Piacenza S.p.A.","alternateName":"ITP S.p.A.","url":"https:\/\/www.itpspa.it\/","logo":{"@type":"ImageObject","inLanguage":"fr-FR","@id":"https:\/\/www.itpspa.it\/#\/schema\/logo\/image\/","url":"https:\/\/www.itpspa.it\/wp-content\/uploads\/ITP-Concessionaria-autostrada-IVREA-TORINO-PIACENZA-1-1.svg","contentUrl":"https:\/\/www.itpspa.it\/wp-content\/uploads\/ITP-Concessionaria-autostrada-IVREA-TORINO-PIACENZA-1-1.svg","width":"1024","height":"1024","caption":"ITP - Ivrea Torino Piacenza S.p.A."},"image":{"@id":"https:\/\/www.itpspa.it\/#\/schema\/logo\/image\/"}}]}},"publishpress_future_workflow_manual_trigger":{"enabledWorkflows":[]},"_links":{"self":[{"href":"https:\/\/www.itpspa.it\/fr\/wp-json\/wp\/v2\/pages\/9131","targetHints":{"allow":["GET"]}}],"collection":[{"href":"https:\/\/www.itpspa.it\/fr\/wp-json\/wp\/v2\/pages"}],"about":[{"href":"https:\/\/www.itpspa.it\/fr\/wp-json\/wp\/v2\/types\/page"}],"author":[{"embeddable":true,"href":"https:\/\/www.itpspa.it\/fr\/wp-json\/wp\/v2\/users\/2"}],"replies":[{"embeddable":true,"href":"https:\/\/www.itpspa.it\/fr\/wp-json\/wp\/v2\/comments?post=9131"}],"version-history":[{"count":1,"href":"https:\/\/www.itpspa.it\/fr\/wp-json\/wp\/v2\/pages\/9131\/revisions"}],"predecessor-version":[{"id":9132,"href":"https:\/\/www.itpspa.it\/fr\/wp-json\/wp\/v2\/pages\/9131\/revisions\/9132"}],"up":[{"embeddable":true,"href":"https:\/\/www.itpspa.it\/fr\/wp-json\/wp\/v2\/pages\/9057"}],"wp:attachment":[{"href":"https:\/\/www.itpspa.it\/fr\/wp-json\/wp\/v2\/media?parent=9131"}],"curies":[{"name":"wp","href":"https:\/\/api.w.org\/{rel}","templated":true}]}}