{"id":9121,"date":"2018-06-18T18:06:17","date_gmt":"2018-06-18T16:06:17","guid":{"rendered":"https:\/\/www.itpspa.it\/troncon-a55-a5\/abbonamento-a55-tangenziale-di-torino\/accesso-area-gestione-abbonamento\/"},"modified":"2026-02-25T14:35:26","modified_gmt":"2026-02-25T13:35:26","slug":"acces-espace-de-gestion-abonnements","status":"publish","type":"page","link":"https:\/\/www.itpspa.it\/fr\/troncon-a55-a5\/abonnement-a55-tangenziale-di-torino\/acces-espace-de-gestion-abonnements\/","title":{"rendered":"Acc\u00e8s espace de gestion abonnements"},"content":{"rendered":"<div class=\"wpb-content-wrapper\"><p>[vc_row css_animation=\u00a0\u00bb\u00a0\u00bb row_type=\u00a0\u00bbrow\u00a0\u00bb use_row_as_full_screen_section=\u00a0\u00bbno\u00a0\u00bb type=\u00a0\u00bbfull_width\u00a0\u00bb angled_section=\u00a0\u00bbno\u00a0\u00bb text_align=\u00a0\u00bbleft\u00a0\u00bb background_image_as_pattern=\u00a0\u00bbwithout_pattern\u00a0\u00bb el_class=\u00a0\u00bbriga-testo-padding\u00a0\u00bb z_index=\u00a0\u00bb\u00a0\u00bb][vc_column][vc_column_text css=\u00a0\u00bb.vc_custom_1772026522810{margin-bottom: 35px !important;}\u00a0\u00bb]L\u2019<strong>abonnement au P\u00e9riph\u00e9rique de Turin<\/strong> permet aux usagers \u2014 personnes physiques titulaires d\u2019un contrat de t\u00e9l\u00e9p\u00e9age \u2014 d\u2019effectuer, au cours du mois, pour un usage strictement priv\u00e9 et exclusivement avec des v\u00e9hicules de classe A (voitures et motos, mais non camping-cars ni fourgonnettes), un nombre illimit\u00e9 de passages aux barri\u00e8res du P\u00e9riph\u00e9rique (Settimo T.se, Falchera, Bruere, Beinasco, Vad\u00f2 et Trofarello), moyennant un montant forfaitaire qui, depuis le 01\/01\/2018, est de 28,70 \u20ac par mois.<\/p>\n<p>Pour toute information relative \u00e0 la souscription, nous vous invitons \u00e0 contacter le num\u00e9ro vert suivant : <strong>800 005 021<\/strong> (depuis l\u2019Italie) \u2013 <strong>+39 011 19517872<\/strong> (depuis l\u2019\u00e9tranger).[\/vc_column_text][vc_column_text css=\u00a0\u00bb\u00a0\u00bb]<\/p>\n<p style=\"text-align: center;\">\n\n\t<a href=\"\/abbonamenti-e-agevolazioni\/abbonamento\/accesso-area-gestione-abbonamento\/\" target=\"_self\"  class=\"qode-btn qode-btn-medium qode-btn-solid qode-btn-icon qode-btn-default-hover\"  >\n\t    <span class=\"qode-btn-text\">Acc\u00e8s \u00e0 l&#039;espace abonnement<\/span><span class=\"qode-button-v2-icon-holder\"  ><i class=\"qode_icon_font_awesome fa fa-angle-double-right qode-button-v2-icon-holder-inner\" ><\/i><\/span>\t<\/a>\n\n<\/p>\n<p>[\/vc_column_text][\/vc_column][\/vc_row]<\/p>\n<\/div>","protected":false},"excerpt":{"rendered":"<p>[vc_row css_animation=\u00a0\u00bb\u00a0\u00bb row_type=\u00a0\u00bbrow\u00a0\u00bb use_row_as_full_screen_section=\u00a0\u00bbno\u00a0\u00bb type=\u00a0\u00bbfull_width\u00a0\u00bb angled_section=\u00a0\u00bbno\u00a0\u00bb text_align=\u00a0\u00bbleft\u00a0\u00bb background_image_as_pattern=\u00a0\u00bbwithout_pattern\u00a0\u00bb el_class=\u00a0\u00bbriga-testo-padding\u00a0\u00bb z_index=\u00a0\u00bb\u00a0\u00bb][vc_column][vc_column_text css=\u00a0\u00bb.vc_custom_1772026522810{margin-bottom: 35px !important;}\u00a0\u00bb]L\u2019abonnement au P\u00e9riph\u00e9rique de Turin permet aux usagers \u2014 personnes physiques titulaires d\u2019un contrat de t\u00e9l\u00e9p\u00e9age \u2014 d\u2019effectuer, au cours du mois, pour un usage strictement priv\u00e9 et exclusivement avec des v\u00e9hicules de&#8230;<\/p>\n","protected":false},"author":1,"featured_media":0,"parent":9119,"menu_order":0,"comment_status":"closed","ping_status":"closed","template":"full_width.php","meta":{"_acf_changed":false,"inline_featured_image":false,"footnotes":""},"class_list":["post-9121","page","type-page","status-publish","hentry","wpautop"],"acf":[],"yoast_head":"<!-- This site is optimized with the Yoast SEO plugin v27.2 - https:\/\/yoast.com\/product\/yoast-seo-wordpress\/ -->\n<title>Acc\u00e8s espace de gestion abonnements - ITP - Ivrea Torino Piacenza S.p.A.<\/title>\n<meta name=\"robots\" content=\"index, follow, max-snippet:-1, max-image-preview:large, max-video-preview:-1\" \/>\n<link rel=\"canonical\" href=\"https:\/\/www.itpspa.it\/fr\/troncon-a55-a5\/abonnement-a55-tangenziale-di-torino\/acces-espace-de-gestion-abonnements\/\" \/>\n<meta property=\"og:locale\" content=\"fr_FR\" \/>\n<meta property=\"og:type\" content=\"article\" \/>\n<meta property=\"og:title\" content=\"Acc\u00e8s espace de gestion abonnements - ITP - Ivrea Torino Piacenza S.p.A.\" \/>\n<meta property=\"og:description\" content=\"[vc_row css_animation=\u00a0\u00bb\u00a0\u00bb row_type=\u00a0\u00bbrow\u00a0\u00bb use_row_as_full_screen_section=\u00a0\u00bbno\u00a0\u00bb type=\u00a0\u00bbfull_width\u00a0\u00bb angled_section=\u00a0\u00bbno\u00a0\u00bb text_align=\u00a0\u00bbleft\u00a0\u00bb background_image_as_pattern=\u00a0\u00bbwithout_pattern\u00a0\u00bb el_class=\u00a0\u00bbriga-testo-padding\u00a0\u00bb z_index=\u00a0\u00bb\u00a0\u00bb][vc_column][vc_column_text css=\u00a0\u00bb.vc_custom_1772026522810{margin-bottom: 35px !important;}\u00a0\u00bb]L\u2019abonnement au P\u00e9riph\u00e9rique de Turin permet aux usagers \u2014 personnes physiques titulaires d\u2019un contrat de t\u00e9l\u00e9p\u00e9age \u2014 d\u2019effectuer, au cours du mois, pour un usage strictement priv\u00e9 et exclusivement avec des v\u00e9hicules de...\" \/>\n<meta property=\"og:url\" content=\"https:\/\/www.itpspa.it\/fr\/troncon-a55-a5\/abonnement-a55-tangenziale-di-torino\/acces-espace-de-gestion-abonnements\/\" \/>\n<meta property=\"og:site_name\" content=\"ITP - Ivrea Torino Piacenza S.p.A.\" \/>\n<meta property=\"article:modified_time\" content=\"2026-02-25T13:35:26+00:00\" \/>\n<meta name=\"twitter:card\" content=\"summary_large_image\" \/>\n<meta name=\"twitter:label1\" content=\"Dur\u00e9e de lecture estim\u00e9e\" \/>\n\t<meta name=\"twitter:data1\" content=\"1 minute\" \/>\n<script type=\"application\/ld+json\" class=\"yoast-schema-graph\">{\"@context\":\"https:\/\/schema.org\",\"@graph\":[{\"@type\":\"WebPage\",\"@id\":\"https:\/\/www.itpspa.it\/fr\/troncon-a55-a5\/abonnement-a55-tangenziale-di-torino\/acces-espace-de-gestion-abonnements\/\",\"url\":\"https:\/\/www.itpspa.it\/fr\/troncon-a55-a5\/abonnement-a55-tangenziale-di-torino\/acces-espace-de-gestion-abonnements\/\",\"name\":\"Acc\u00e8s espace de gestion abonnements - ITP - Ivrea Torino Piacenza S.p.A.\",\"isPartOf\":{\"@id\":\"https:\/\/www.itpspa.it\/#website\"},\"datePublished\":\"2018-06-18T16:06:17+00:00\",\"dateModified\":\"2026-02-25T13:35:26+00:00\",\"breadcrumb\":{\"@id\":\"https:\/\/www.itpspa.it\/fr\/troncon-a55-a5\/abonnement-a55-tangenziale-di-torino\/acces-espace-de-gestion-abonnements\/#breadcrumb\"},\"inLanguage\":\"fr-FR\",\"potentialAction\":[{\"@type\":\"ReadAction\",\"target\":[\"https:\/\/www.itpspa.it\/fr\/troncon-a55-a5\/abonnement-a55-tangenziale-di-torino\/acces-espace-de-gestion-abonnements\/\"]}]},{\"@type\":\"BreadcrumbList\",\"@id\":\"https:\/\/www.itpspa.it\/fr\/troncon-a55-a5\/abonnement-a55-tangenziale-di-torino\/acces-espace-de-gestion-abonnements\/#breadcrumb\",\"itemListElement\":[{\"@type\":\"ListItem\",\"position\":1,\"name\":\"Home\",\"item\":\"https:\/\/www.itpspa.it\/fr\/\"},{\"@type\":\"ListItem\",\"position\":2,\"name\":\"Tron\u00e7on 1 A55\/A5\",\"item\":\"https:\/\/www.itpspa.it\/fr\/troncon-a55-a5\/\"},{\"@type\":\"ListItem\",\"position\":3,\"name\":\"Abonnement A55 Tangenziale di Torino\",\"item\":\"https:\/\/www.itpspa.it\/fr\/troncon-a55-a5\/abonnement-a55-tangenziale-di-torino\/\"},{\"@type\":\"ListItem\",\"position\":4,\"name\":\"Acc\u00e8s espace de gestion abonnements\"}]},{\"@type\":\"WebSite\",\"@id\":\"https:\/\/www.itpspa.it\/#website\",\"url\":\"https:\/\/www.itpspa.it\/\",\"name\":\"ITP - Ivrea Torino Piacenza S.p.A.\",\"description\":\"ITP - Ivrea Torino Piacenza S.p.A.\",\"publisher\":{\"@id\":\"https:\/\/www.itpspa.it\/#organization\"},\"alternateName\":\"ITP S.p.A.\",\"potentialAction\":[{\"@type\":\"SearchAction\",\"target\":{\"@type\":\"EntryPoint\",\"urlTemplate\":\"https:\/\/www.itpspa.it\/?s={search_term_string}\"},\"query-input\":{\"@type\":\"PropertyValueSpecification\",\"valueRequired\":true,\"valueName\":\"search_term_string\"}}],\"inLanguage\":\"fr-FR\"},{\"@type\":\"Organization\",\"@id\":\"https:\/\/www.itpspa.it\/#organization\",\"name\":\"ITP - Ivrea Torino Piacenza S.p.A.\",\"alternateName\":\"ITP S.p.A.\",\"url\":\"https:\/\/www.itpspa.it\/\",\"logo\":{\"@type\":\"ImageObject\",\"inLanguage\":\"fr-FR\",\"@id\":\"https:\/\/www.itpspa.it\/#\/schema\/logo\/image\/\",\"url\":\"https:\/\/www.itpspa.it\/wp-content\/uploads\/ITP-Concessionaria-autostrada-IVREA-TORINO-PIACENZA-1-1.svg\",\"contentUrl\":\"https:\/\/www.itpspa.it\/wp-content\/uploads\/ITP-Concessionaria-autostrada-IVREA-TORINO-PIACENZA-1-1.svg\",\"width\":\"1024\",\"height\":\"1024\",\"caption\":\"ITP - Ivrea Torino Piacenza S.p.A.\"},\"image\":{\"@id\":\"https:\/\/www.itpspa.it\/#\/schema\/logo\/image\/\"}}]}<\/script>\n<!-- \/ Yoast SEO plugin. -->","yoast_head_json":{"title":"Acc\u00e8s espace de gestion abonnements - ITP - Ivrea Torino Piacenza S.p.A.","robots":{"index":"index","follow":"follow","max-snippet":"max-snippet:-1","max-image-preview":"max-image-preview:large","max-video-preview":"max-video-preview:-1"},"canonical":"https:\/\/www.itpspa.it\/fr\/troncon-a55-a5\/abonnement-a55-tangenziale-di-torino\/acces-espace-de-gestion-abonnements\/","og_locale":"fr_FR","og_type":"article","og_title":"Acc\u00e8s espace de gestion abonnements - ITP - Ivrea Torino Piacenza S.p.A.","og_description":"[vc_row css_animation=\u00a0\u00bb\u00a0\u00bb row_type=\u00a0\u00bbrow\u00a0\u00bb use_row_as_full_screen_section=\u00a0\u00bbno\u00a0\u00bb type=\u00a0\u00bbfull_width\u00a0\u00bb angled_section=\u00a0\u00bbno\u00a0\u00bb text_align=\u00a0\u00bbleft\u00a0\u00bb background_image_as_pattern=\u00a0\u00bbwithout_pattern\u00a0\u00bb el_class=\u00a0\u00bbriga-testo-padding\u00a0\u00bb z_index=\u00a0\u00bb\u00a0\u00bb][vc_column][vc_column_text css=\u00a0\u00bb.vc_custom_1772026522810{margin-bottom: 35px !important;}\u00a0\u00bb]L\u2019abonnement au P\u00e9riph\u00e9rique de Turin permet aux usagers \u2014 personnes physiques titulaires d\u2019un contrat de t\u00e9l\u00e9p\u00e9age \u2014 d\u2019effectuer, au cours du mois, pour un usage strictement priv\u00e9 et exclusivement avec des v\u00e9hicules de...","og_url":"https:\/\/www.itpspa.it\/fr\/troncon-a55-a5\/abonnement-a55-tangenziale-di-torino\/acces-espace-de-gestion-abonnements\/","og_site_name":"ITP - Ivrea Torino Piacenza S.p.A.","article_modified_time":"2026-02-25T13:35:26+00:00","twitter_card":"summary_large_image","twitter_misc":{"Dur\u00e9e de lecture estim\u00e9e":"1 minute"},"schema":{"@context":"https:\/\/schema.org","@graph":[{"@type":"WebPage","@id":"https:\/\/www.itpspa.it\/fr\/troncon-a55-a5\/abonnement-a55-tangenziale-di-torino\/acces-espace-de-gestion-abonnements\/","url":"https:\/\/www.itpspa.it\/fr\/troncon-a55-a5\/abonnement-a55-tangenziale-di-torino\/acces-espace-de-gestion-abonnements\/","name":"Acc\u00e8s espace de gestion abonnements - ITP - Ivrea Torino Piacenza S.p.A.","isPartOf":{"@id":"https:\/\/www.itpspa.it\/#website"},"datePublished":"2018-06-18T16:06:17+00:00","dateModified":"2026-02-25T13:35:26+00:00","breadcrumb":{"@id":"https:\/\/www.itpspa.it\/fr\/troncon-a55-a5\/abonnement-a55-tangenziale-di-torino\/acces-espace-de-gestion-abonnements\/#breadcrumb"},"inLanguage":"fr-FR","potentialAction":[{"@type":"ReadAction","target":["https:\/\/www.itpspa.it\/fr\/troncon-a55-a5\/abonnement-a55-tangenziale-di-torino\/acces-espace-de-gestion-abonnements\/"]}]},{"@type":"BreadcrumbList","@id":"https:\/\/www.itpspa.it\/fr\/troncon-a55-a5\/abonnement-a55-tangenziale-di-torino\/acces-espace-de-gestion-abonnements\/#breadcrumb","itemListElement":[{"@type":"ListItem","position":1,"name":"Home","item":"https:\/\/www.itpspa.it\/fr\/"},{"@type":"ListItem","position":2,"name":"Tron\u00e7on 1 A55\/A5","item":"https:\/\/www.itpspa.it\/fr\/troncon-a55-a5\/"},{"@type":"ListItem","position":3,"name":"Abonnement A55 Tangenziale di Torino","item":"https:\/\/www.itpspa.it\/fr\/troncon-a55-a5\/abonnement-a55-tangenziale-di-torino\/"},{"@type":"ListItem","position":4,"name":"Acc\u00e8s espace de gestion abonnements"}]},{"@type":"WebSite","@id":"https:\/\/www.itpspa.it\/#website","url":"https:\/\/www.itpspa.it\/","name":"ITP - Ivrea Torino Piacenza S.p.A.","description":"ITP - Ivrea Torino Piacenza S.p.A.","publisher":{"@id":"https:\/\/www.itpspa.it\/#organization"},"alternateName":"ITP S.p.A.","potentialAction":[{"@type":"SearchAction","target":{"@type":"EntryPoint","urlTemplate":"https:\/\/www.itpspa.it\/?s={search_term_string}"},"query-input":{"@type":"PropertyValueSpecification","valueRequired":true,"valueName":"search_term_string"}}],"inLanguage":"fr-FR"},{"@type":"Organization","@id":"https:\/\/www.itpspa.it\/#organization","name":"ITP - Ivrea Torino Piacenza S.p.A.","alternateName":"ITP S.p.A.","url":"https:\/\/www.itpspa.it\/","logo":{"@type":"ImageObject","inLanguage":"fr-FR","@id":"https:\/\/www.itpspa.it\/#\/schema\/logo\/image\/","url":"https:\/\/www.itpspa.it\/wp-content\/uploads\/ITP-Concessionaria-autostrada-IVREA-TORINO-PIACENZA-1-1.svg","contentUrl":"https:\/\/www.itpspa.it\/wp-content\/uploads\/ITP-Concessionaria-autostrada-IVREA-TORINO-PIACENZA-1-1.svg","width":"1024","height":"1024","caption":"ITP - Ivrea Torino Piacenza S.p.A."},"image":{"@id":"https:\/\/www.itpspa.it\/#\/schema\/logo\/image\/"}}]}},"publishpress_future_workflow_manual_trigger":{"enabledWorkflows":[]},"_links":{"self":[{"href":"https:\/\/www.itpspa.it\/fr\/wp-json\/wp\/v2\/pages\/9121","targetHints":{"allow":["GET"]}}],"collection":[{"href":"https:\/\/www.itpspa.it\/fr\/wp-json\/wp\/v2\/pages"}],"about":[{"href":"https:\/\/www.itpspa.it\/fr\/wp-json\/wp\/v2\/types\/page"}],"author":[{"embeddable":true,"href":"https:\/\/www.itpspa.it\/fr\/wp-json\/wp\/v2\/users\/1"}],"replies":[{"embeddable":true,"href":"https:\/\/www.itpspa.it\/fr\/wp-json\/wp\/v2\/comments?post=9121"}],"version-history":[{"count":6,"href":"https:\/\/www.itpspa.it\/fr\/wp-json\/wp\/v2\/pages\/9121\/revisions"}],"predecessor-version":[{"id":9560,"href":"https:\/\/www.itpspa.it\/fr\/wp-json\/wp\/v2\/pages\/9121\/revisions\/9560"}],"up":[{"embeddable":true,"href":"https:\/\/www.itpspa.it\/fr\/wp-json\/wp\/v2\/pages\/9119"}],"wp:attachment":[{"href":"https:\/\/www.itpspa.it\/fr\/wp-json\/wp\/v2\/media?parent=9121"}],"curies":[{"name":"wp","href":"https:\/\/api.w.org\/{rel}","templated":true}]}}