{"id":9119,"date":"2018-03-26T11:51:39","date_gmt":"2018-03-26T09:51:39","guid":{"rendered":"https:\/\/www.itpspa.it\/troncon-a55-a5\/abbonamento-a55-tangenziale-di-torino\/"},"modified":"2026-02-11T12:57:47","modified_gmt":"2026-02-11T11:57:47","slug":"abonnement-a55-tangenziale-di-torino","status":"publish","type":"page","link":"https:\/\/www.itpspa.it\/fr\/troncon-a55-a5\/abonnement-a55-tangenziale-di-torino\/","title":{"rendered":"Abonnement A55 Tangenziale di Torino"},"content":{"rendered":"<div class=\"wpb-content-wrapper\"><p>[vc_row css_animation=\u00a0\u00bb\u00a0\u00bb row_type=\u00a0\u00bbrow\u00a0\u00bb use_row_as_full_screen_section=\u00a0\u00bbno\u00a0\u00bb type=\u00a0\u00bbfull_width\u00a0\u00bb angled_section=\u00a0\u00bbno\u00a0\u00bb text_align=\u00a0\u00bbleft\u00a0\u00bb background_image_as_pattern=\u00a0\u00bbwithout_pattern\u00a0\u00bb z_index=\u00a0\u00bb\u00a0\u00bb el_class=\u00a0\u00bbriga-testo-padding\u00a0\u00bb][vc_column offset=\u00a0\u00bbvc_col-md-3&Prime;][vc_widget_sidebar sidebar_id=\u00a0\u00bbSidebar-Info-Servizi\u00a0\u00bb][\/vc_column][vc_column offset=\u00a0\u00bbvc_col-md-9&Prime;][vc_column_text css=\u00a0\u00bb\u00a0\u00bb]<\/p>\n<h2><a href=\"https:\/\/www.itpspa.it\/fr\/troncon-a55-a5\/abonnement-a55-tangenziale-di-torino\/acces-espace-de-gestion-abonnements\/\">ABONNEMENT \u00c0 LA TANGENZIALE DI TORINO (p\u00e9riph\u00e9rique de Turin)<\/a><\/h2>\n<p>L&rsquo;abonnement \u00e0 la Tangenziale di Torino (p\u00e9riph\u00e9rique de Turin) donne la possibilit\u00e9 d&rsquo;effectuer un nombre illimit\u00e9 de passages aux barri\u00e8res du p\u00e9riph\u00e9rique (Settimo T.se, Falchera, Bruere, Beinasco, Vad\u00f2 et Trofarello) au cours du mois, exclusivement avec des v\u00e9hicules de classe A (c\u2019est-\u00e0-dire des voitures et deux-roues motoris\u00e9s, et non pas des camping-cars et camionnettes), pour un montant forfaitaire de 28,70 euros\/mois \u00e0 partir du 01\/01\/2018.<\/p>\n<p>Les passages doivent avoir lieu exclusivement sur les voies \u00e9quip\u00e9es d&rsquo;une balise de t\u00e9l\u00e9p\u00e9age et seulement si l&rsquo;\u00e9quipement se trouve \u00e0 bord du v\u00e9hicule. Dans le cas contraire, le trajet ne pourra pas \u00eatre inclus dans l\u2019abonnement.<\/p>\n<p>Pour souscrire au contrat d&rsquo;abonnement, l&rsquo;utilisateur peut s\u2019inscrire par voie \u00e9lectronique en acc\u00e9dant \u00e0\u00a0<a href=\"https:\/\/www.itpspa.it\/fr\/troncon-a55-a5\/abonnement-a55-tangenziale-di-torino\/acces-espace-de-gestion-abonnements\/\" target=\"_blank\" rel=\"noopener noreferrer\"><strong>la section pr\u00e9vue \u00e0 cet effet<\/strong><\/a>\u00a0sur le pr\u00e9sent site.<\/p>\n<p>Nous rappelons que toute communication avec l&rsquo;utilisateur apr\u00e8s la conclusion du contrat d&rsquo;abonnement sera envoy\u00e9e \u00e0 l&rsquo;adresse \u00e9lectronique indiqu\u00e9e au moment de la conclusion du contrat. Les abonn\u00e9s sont donc invit\u00e9s \u00e0 tenir cette derni\u00e8re \u00e0 jour et \u00e0 informer ITP de tout changement ou modification.[\/vc_column_text][vc_empty_space][vc_column_text css=\u00a0\u00bb\u00a0\u00bb]<\/p>\n<h3><a href=\"https:\/\/www.itpspa.it\/fr\/troncon-a55-a5\/abonnement-a55-tangenziale-di-torino\/acces-espace-de-gestion-abonnements\/\">INSCRIPTION ET AUTHENTIFICATION<\/a><\/h3>\n<p>Si vous \u00eates d\u00e9j\u00e0 titulaire d&rsquo;un abonnement, vous pouvez, apr\u00e8s avoir termin\u00e9 votre inscription, apporter les modifications pr\u00e9vues dans les r\u00e8gles et conditions g\u00e9n\u00e9rales de votre contrat d&rsquo;abonnement (r\u00e8gles et conditions g\u00e9n\u00e9rales du titulaire du contrat Telepass Family, r\u00e8gles et conditions g\u00e9n\u00e9rales du titulaire du contrat de t\u00e9l\u00e9p\u00e9age)<\/p>\n<p>Pour vous inscrire et modifier vos donn\u00e9es, rendez-vous sur la\u00a0<a href=\"https:\/\/www.itpspa.it\/fr\/troncon-a55-a5\/abonnement-a55-tangenziale-di-torino\/acces-espace-de-gestion-abonnements\/\">page d\u00e9di\u00e9e<\/a>.[\/vc_column_text][vc_empty_space][vc_column_text css=\u00a0\u00bb\u00a0\u00bb]<\/p>\n<h4>Documents<\/h4>\n<p>[\/vc_column_text][vc_empty_space][vc_row_inner row_type=\u00a0\u00bbrow\u00a0\u00bb type=\u00a0\u00bbfull_width\u00a0\u00bb text_align=\u00a0\u00bbleft\u00a0\u00bb css_animation=\u00a0\u00bb\u00a0\u00bb][vc_column_inner width=\u00a0\u00bb1\/2&Prime;][vc_column_text css=\u00a0\u00bb\u00a0\u00bb el_class=\u00a0\u00bbdownload-vertical-center\u00a0\u00bb]R\u00e8gles et conditions g\u00e9n\u00e9rales d\u2019abonnement avec Telepass Family[\/vc_column_text][\/vc_column_inner][vc_column_inner width=\u00a0\u00bb1\/2&Prime;]\n\n\t<a href=\"\/wp-content\/uploads\/IVREA-TORINO-PIACENZA-abbonamento-telepass-3122024_1.pdf\" target=\"_blank\"  class=\"qode-btn qode-btn-medium qode-btn-solid qode-btn-icon qode-btn-default-hover\"  >\n\t    <span class=\"qode-btn-text\">T\u00e9l\u00e9charger<\/span><span class=\"qode-button-v2-icon-holder\"  ><i class=\"qode_icon_font_awesome fa fa-download qode-button-v2-icon-holder-inner\" ><\/i><\/span>\t<\/a>\n\n[\/vc_column_inner][\/vc_row_inner][vc_row_inner row_type=\u00a0\u00bbrow\u00a0\u00bb type=\u00a0\u00bbfull_width\u00a0\u00bb text_align=\u00a0\u00bbleft\u00a0\u00bb css_animation=\u00a0\u00bb\u00a0\u00bb][vc_column_inner width=\u00a0\u00bb1\/2&Prime;][vc_column_text css=\u00a0\u00bb\u00a0\u00bb el_class=\u00a0\u00bbdownload-vertical-center\u00a0\u00bb]R\u00e8gles et conditions g\u00e9n\u00e9rales d\u2019abonnement au t\u00e9l\u00e9p\u00e9age europ\u00e9en[\/vc_column_text][\/vc_column_inner][vc_column_inner width=\u00a0\u00bb1\/2&Prime;]\n\n\t<a href=\"\/wp-content\/uploads\/IVREA-TORINO-PIACENZA-ABBONAMENTO-UNIPOL_Rev.1_05112025.pdf\" target=\"_blank\"  class=\"qode-btn qode-btn-medium qode-btn-solid qode-btn-icon qode-btn-default-hover\"  >\n\t    <span class=\"qode-btn-text\">T\u00e9l\u00e9charger<\/span><span class=\"qode-button-v2-icon-holder\"  ><i class=\"qode_icon_font_awesome fa fa-download qode-button-v2-icon-holder-inner\" ><\/i><\/span>\t<\/a>\n\n[\/vc_column_inner][\/vc_row_inner][vc_column_text css=\u00a0\u00bb\u00a0\u00bb]<\/p>\n<h3>URGENCE HUMANITAIRE EN UKRAINE<\/h3>\n<p>Conform\u00e9ment \u00e0 l\u2019ordonnance n\u00b0\u00a0876 du 13 mars 2022 de la Pr\u00e9sidence du Conseil des ministres, d\u00e9partement de la protection civile, l\u2019exemption du p\u00e9age pour les citoyens ukrainiens venant d\u2019Ukraine et les personnes venant d\u2019Ukraine, qui entrent sur le territoire national \u00e0 la suite des \u00e9v\u00e9nements actuels, a \u00e9t\u00e9 mise en place.<\/p>\n<p>L\u2019exon\u00e9ration susmentionn\u00e9e est valable pour une p\u00e9riode de 5\u00a0jours \u00e0 compter de l\u2019entr\u00e9e sur le territoire italien des personnes qui y ont droit.<\/p>\n<p>Au moment du passage hors des gares de la soci\u00e9t\u00e9 soussign\u00e9e, en privil\u00e9giant les voies de p\u00e9age manuel, une auto-certification d\u00fbment remplie et sign\u00e9e doit \u00eatre remise au receveur, dont le formulaire, en italien et en anglais, peut \u00eatre t\u00e9l\u00e9charg\u00e9 en s\u00e9lectionnant les ic\u00f4nes correspondantes ci-dessous.[\/vc_column_text][vc_empty_space]\n\n\t<a href=\"\/wp-content\/uploads\/Autodichiarazione-Emergenza-Ucraina-ITP-2024.pdf\" target=\"_blank\"  class=\"qode-btn qode-btn-medium qode-btn-solid qode-btn-icon qode-btn-default-hover\"  >\n\t    <span class=\"qode-btn-text\">Auto-certification en italien<\/span><span class=\"qode-button-v2-icon-holder\"  ><i class=\"qode_icon_font_awesome fa fa-download qode-button-v2-icon-holder-inner\" ><\/i><\/span>\t<\/a>\n\n[vc_empty_space height=\u00a0\u00bb10px\u00a0\u00bb]\n\n\t<a href=\"\/wp-content\/uploads\/Autodichiarazione-Emergenza-Ucraina-ITP-INGLESE.pdf\" target=\"_blank\"  class=\"qode-btn qode-btn-medium qode-btn-solid qode-btn-icon qode-btn-default-hover\"  >\n\t    <span class=\"qode-btn-text\">Auto-certification en anglais<\/span><span class=\"qode-button-v2-icon-holder\"  ><i class=\"qode_icon_font_awesome fa fa-download qode-button-v2-icon-holder-inner\" ><\/i><\/span>\t<\/a>\n\n[\/vc_column][\/vc_row]<\/p>\n<\/div>","protected":false},"excerpt":{"rendered":"<p>[vc_row css_animation=\u00a0\u00bb\u00a0\u00bb row_type=\u00a0\u00bbrow\u00a0\u00bb use_row_as_full_screen_section=\u00a0\u00bbno\u00a0\u00bb type=\u00a0\u00bbfull_width\u00a0\u00bb angled_section=\u00a0\u00bbno\u00a0\u00bb text_align=\u00a0\u00bbleft\u00a0\u00bb background_image_as_pattern=\u00a0\u00bbwithout_pattern\u00a0\u00bb z_index=\u00a0\u00bb\u00a0\u00bb el_class=\u00a0\u00bbriga-testo-padding\u00a0\u00bb][vc_column offset=\u00a0\u00bbvc_col-md-3&Prime;][vc_widget_sidebar sidebar_id=\u00a0\u00bbSidebar-Info-Servizi\u00a0\u00bb][\/vc_column][vc_column offset=\u00a0\u00bbvc_col-md-9&Prime;][vc_column_text css=\u00a0\u00bb\u00a0\u00bb] ABONNEMENT \u00c0 LA TANGENZIALE DI TORINO (p\u00e9riph\u00e9rique de Turin) L&rsquo;abonnement \u00e0 la Tangenziale di Torino (p\u00e9riph\u00e9rique de Turin) donne la possibilit\u00e9 d&rsquo;effectuer un nombre illimit\u00e9 de passages aux barri\u00e8res du p\u00e9riph\u00e9rique&#8230;<\/p>\n","protected":false},"author":1,"featured_media":0,"parent":9057,"menu_order":0,"comment_status":"closed","ping_status":"closed","template":"full_width.php","meta":{"_acf_changed":false,"inline_featured_image":false,"footnotes":""},"class_list":["post-9119","page","type-page","status-publish","hentry","wpautop"],"acf":[],"yoast_head":"<!-- This site is optimized with the Yoast SEO plugin v27.2 - https:\/\/yoast.com\/product\/yoast-seo-wordpress\/ -->\n<title>Abonnement A55 Tangenziale di Torino - ITP - Ivrea Torino Piacenza S.p.A.<\/title>\n<meta name=\"robots\" content=\"index, follow, max-snippet:-1, max-image-preview:large, max-video-preview:-1\" \/>\n<link rel=\"canonical\" href=\"https:\/\/www.itpspa.it\/fr\/troncon-a55-a5\/abonnement-a55-tangenziale-di-torino\/\" \/>\n<meta property=\"og:locale\" content=\"fr_FR\" \/>\n<meta property=\"og:type\" content=\"article\" \/>\n<meta property=\"og:title\" content=\"Abonnement A55 Tangenziale di Torino - ITP - Ivrea Torino Piacenza S.p.A.\" \/>\n<meta property=\"og:description\" content=\"[vc_row css_animation=\u00a0\u00bb\u00a0\u00bb row_type=\u00a0\u00bbrow\u00a0\u00bb use_row_as_full_screen_section=\u00a0\u00bbno\u00a0\u00bb type=\u00a0\u00bbfull_width\u00a0\u00bb angled_section=\u00a0\u00bbno\u00a0\u00bb text_align=\u00a0\u00bbleft\u00a0\u00bb background_image_as_pattern=\u00a0\u00bbwithout_pattern\u00a0\u00bb z_index=\u00a0\u00bb\u00a0\u00bb el_class=\u00a0\u00bbriga-testo-padding\u00a0\u00bb][vc_column offset=\u00a0\u00bbvc_col-md-3&Prime;][vc_widget_sidebar sidebar_id=\u00a0\u00bbSidebar-Info-Servizi\u00a0\u00bb][\/vc_column][vc_column offset=\u00a0\u00bbvc_col-md-9&Prime;][vc_column_text css=\u00a0\u00bb\u00a0\u00bb] ABONNEMENT \u00c0 LA TANGENZIALE DI TORINO (p\u00e9riph\u00e9rique de Turin) L&rsquo;abonnement \u00e0 la Tangenziale di Torino (p\u00e9riph\u00e9rique de Turin) donne la possibilit\u00e9 d&rsquo;effectuer un nombre illimit\u00e9 de passages aux barri\u00e8res du p\u00e9riph\u00e9rique...\" \/>\n<meta property=\"og:url\" content=\"https:\/\/www.itpspa.it\/fr\/troncon-a55-a5\/abonnement-a55-tangenziale-di-torino\/\" \/>\n<meta property=\"og:site_name\" content=\"ITP - Ivrea Torino Piacenza S.p.A.\" \/>\n<meta property=\"article:modified_time\" content=\"2026-02-11T11:57:47+00:00\" \/>\n<meta name=\"twitter:card\" content=\"summary_large_image\" \/>\n<meta name=\"twitter:label1\" content=\"Dur\u00e9e de lecture estim\u00e9e\" \/>\n\t<meta name=\"twitter:data1\" content=\"3 minutes\" \/>\n<script type=\"application\/ld+json\" class=\"yoast-schema-graph\">{\"@context\":\"https:\/\/schema.org\",\"@graph\":[{\"@type\":\"WebPage\",\"@id\":\"https:\/\/www.itpspa.it\/fr\/troncon-a55-a5\/abonnement-a55-tangenziale-di-torino\/\",\"url\":\"https:\/\/www.itpspa.it\/fr\/troncon-a55-a5\/abonnement-a55-tangenziale-di-torino\/\",\"name\":\"Abonnement A55 Tangenziale di Torino - ITP - Ivrea Torino Piacenza S.p.A.\",\"isPartOf\":{\"@id\":\"https:\/\/www.itpspa.it\/#website\"},\"datePublished\":\"2018-03-26T09:51:39+00:00\",\"dateModified\":\"2026-02-11T11:57:47+00:00\",\"breadcrumb\":{\"@id\":\"https:\/\/www.itpspa.it\/fr\/troncon-a55-a5\/abonnement-a55-tangenziale-di-torino\/#breadcrumb\"},\"inLanguage\":\"fr-FR\",\"potentialAction\":[{\"@type\":\"ReadAction\",\"target\":[\"https:\/\/www.itpspa.it\/fr\/troncon-a55-a5\/abonnement-a55-tangenziale-di-torino\/\"]}]},{\"@type\":\"BreadcrumbList\",\"@id\":\"https:\/\/www.itpspa.it\/fr\/troncon-a55-a5\/abonnement-a55-tangenziale-di-torino\/#breadcrumb\",\"itemListElement\":[{\"@type\":\"ListItem\",\"position\":1,\"name\":\"Home\",\"item\":\"https:\/\/www.itpspa.it\/fr\/\"},{\"@type\":\"ListItem\",\"position\":2,\"name\":\"Tron\u00e7on 1 A55\/A5\",\"item\":\"https:\/\/www.itpspa.it\/fr\/troncon-a55-a5\/\"},{\"@type\":\"ListItem\",\"position\":3,\"name\":\"Abonnement A55 Tangenziale di Torino\"}]},{\"@type\":\"WebSite\",\"@id\":\"https:\/\/www.itpspa.it\/#website\",\"url\":\"https:\/\/www.itpspa.it\/\",\"name\":\"ITP - Ivrea Torino Piacenza S.p.A.\",\"description\":\"ITP - Ivrea Torino Piacenza S.p.A.\",\"publisher\":{\"@id\":\"https:\/\/www.itpspa.it\/#organization\"},\"alternateName\":\"ITP S.p.A.\",\"potentialAction\":[{\"@type\":\"SearchAction\",\"target\":{\"@type\":\"EntryPoint\",\"urlTemplate\":\"https:\/\/www.itpspa.it\/?s={search_term_string}\"},\"query-input\":{\"@type\":\"PropertyValueSpecification\",\"valueRequired\":true,\"valueName\":\"search_term_string\"}}],\"inLanguage\":\"fr-FR\"},{\"@type\":\"Organization\",\"@id\":\"https:\/\/www.itpspa.it\/#organization\",\"name\":\"ITP - Ivrea Torino Piacenza S.p.A.\",\"alternateName\":\"ITP S.p.A.\",\"url\":\"https:\/\/www.itpspa.it\/\",\"logo\":{\"@type\":\"ImageObject\",\"inLanguage\":\"fr-FR\",\"@id\":\"https:\/\/www.itpspa.it\/#\/schema\/logo\/image\/\",\"url\":\"https:\/\/www.itpspa.it\/wp-content\/uploads\/ITP-Concessionaria-autostrada-IVREA-TORINO-PIACENZA-1-1.svg\",\"contentUrl\":\"https:\/\/www.itpspa.it\/wp-content\/uploads\/ITP-Concessionaria-autostrada-IVREA-TORINO-PIACENZA-1-1.svg\",\"width\":\"1024\",\"height\":\"1024\",\"caption\":\"ITP - Ivrea Torino Piacenza S.p.A.\"},\"image\":{\"@id\":\"https:\/\/www.itpspa.it\/#\/schema\/logo\/image\/\"}}]}<\/script>\n<!-- \/ Yoast SEO plugin. -->","yoast_head_json":{"title":"Abonnement A55 Tangenziale di Torino - ITP - Ivrea Torino Piacenza S.p.A.","robots":{"index":"index","follow":"follow","max-snippet":"max-snippet:-1","max-image-preview":"max-image-preview:large","max-video-preview":"max-video-preview:-1"},"canonical":"https:\/\/www.itpspa.it\/fr\/troncon-a55-a5\/abonnement-a55-tangenziale-di-torino\/","og_locale":"fr_FR","og_type":"article","og_title":"Abonnement A55 Tangenziale di Torino - ITP - Ivrea Torino Piacenza S.p.A.","og_description":"[vc_row css_animation=\u00a0\u00bb\u00a0\u00bb row_type=\u00a0\u00bbrow\u00a0\u00bb use_row_as_full_screen_section=\u00a0\u00bbno\u00a0\u00bb type=\u00a0\u00bbfull_width\u00a0\u00bb angled_section=\u00a0\u00bbno\u00a0\u00bb text_align=\u00a0\u00bbleft\u00a0\u00bb background_image_as_pattern=\u00a0\u00bbwithout_pattern\u00a0\u00bb z_index=\u00a0\u00bb\u00a0\u00bb el_class=\u00a0\u00bbriga-testo-padding\u00a0\u00bb][vc_column offset=\u00a0\u00bbvc_col-md-3&Prime;][vc_widget_sidebar sidebar_id=\u00a0\u00bbSidebar-Info-Servizi\u00a0\u00bb][\/vc_column][vc_column offset=\u00a0\u00bbvc_col-md-9&Prime;][vc_column_text css=\u00a0\u00bb\u00a0\u00bb] ABONNEMENT \u00c0 LA TANGENZIALE DI TORINO (p\u00e9riph\u00e9rique de Turin) L&rsquo;abonnement \u00e0 la Tangenziale di Torino (p\u00e9riph\u00e9rique de Turin) donne la possibilit\u00e9 d&rsquo;effectuer un nombre illimit\u00e9 de passages aux barri\u00e8res du p\u00e9riph\u00e9rique...","og_url":"https:\/\/www.itpspa.it\/fr\/troncon-a55-a5\/abonnement-a55-tangenziale-di-torino\/","og_site_name":"ITP - Ivrea Torino Piacenza S.p.A.","article_modified_time":"2026-02-11T11:57:47+00:00","twitter_card":"summary_large_image","twitter_misc":{"Dur\u00e9e de lecture estim\u00e9e":"3 minutes"},"schema":{"@context":"https:\/\/schema.org","@graph":[{"@type":"WebPage","@id":"https:\/\/www.itpspa.it\/fr\/troncon-a55-a5\/abonnement-a55-tangenziale-di-torino\/","url":"https:\/\/www.itpspa.it\/fr\/troncon-a55-a5\/abonnement-a55-tangenziale-di-torino\/","name":"Abonnement A55 Tangenziale di Torino - ITP - Ivrea Torino Piacenza S.p.A.","isPartOf":{"@id":"https:\/\/www.itpspa.it\/#website"},"datePublished":"2018-03-26T09:51:39+00:00","dateModified":"2026-02-11T11:57:47+00:00","breadcrumb":{"@id":"https:\/\/www.itpspa.it\/fr\/troncon-a55-a5\/abonnement-a55-tangenziale-di-torino\/#breadcrumb"},"inLanguage":"fr-FR","potentialAction":[{"@type":"ReadAction","target":["https:\/\/www.itpspa.it\/fr\/troncon-a55-a5\/abonnement-a55-tangenziale-di-torino\/"]}]},{"@type":"BreadcrumbList","@id":"https:\/\/www.itpspa.it\/fr\/troncon-a55-a5\/abonnement-a55-tangenziale-di-torino\/#breadcrumb","itemListElement":[{"@type":"ListItem","position":1,"name":"Home","item":"https:\/\/www.itpspa.it\/fr\/"},{"@type":"ListItem","position":2,"name":"Tron\u00e7on 1 A55\/A5","item":"https:\/\/www.itpspa.it\/fr\/troncon-a55-a5\/"},{"@type":"ListItem","position":3,"name":"Abonnement A55 Tangenziale di Torino"}]},{"@type":"WebSite","@id":"https:\/\/www.itpspa.it\/#website","url":"https:\/\/www.itpspa.it\/","name":"ITP - Ivrea Torino Piacenza S.p.A.","description":"ITP - Ivrea Torino Piacenza S.p.A.","publisher":{"@id":"https:\/\/www.itpspa.it\/#organization"},"alternateName":"ITP S.p.A.","potentialAction":[{"@type":"SearchAction","target":{"@type":"EntryPoint","urlTemplate":"https:\/\/www.itpspa.it\/?s={search_term_string}"},"query-input":{"@type":"PropertyValueSpecification","valueRequired":true,"valueName":"search_term_string"}}],"inLanguage":"fr-FR"},{"@type":"Organization","@id":"https:\/\/www.itpspa.it\/#organization","name":"ITP - Ivrea Torino Piacenza S.p.A.","alternateName":"ITP S.p.A.","url":"https:\/\/www.itpspa.it\/","logo":{"@type":"ImageObject","inLanguage":"fr-FR","@id":"https:\/\/www.itpspa.it\/#\/schema\/logo\/image\/","url":"https:\/\/www.itpspa.it\/wp-content\/uploads\/ITP-Concessionaria-autostrada-IVREA-TORINO-PIACENZA-1-1.svg","contentUrl":"https:\/\/www.itpspa.it\/wp-content\/uploads\/ITP-Concessionaria-autostrada-IVREA-TORINO-PIACENZA-1-1.svg","width":"1024","height":"1024","caption":"ITP - Ivrea Torino Piacenza S.p.A."},"image":{"@id":"https:\/\/www.itpspa.it\/#\/schema\/logo\/image\/"}}]}},"publishpress_future_workflow_manual_trigger":{"enabledWorkflows":[]},"_links":{"self":[{"href":"https:\/\/www.itpspa.it\/fr\/wp-json\/wp\/v2\/pages\/9119","targetHints":{"allow":["GET"]}}],"collection":[{"href":"https:\/\/www.itpspa.it\/fr\/wp-json\/wp\/v2\/pages"}],"about":[{"href":"https:\/\/www.itpspa.it\/fr\/wp-json\/wp\/v2\/types\/page"}],"author":[{"embeddable":true,"href":"https:\/\/www.itpspa.it\/fr\/wp-json\/wp\/v2\/users\/1"}],"replies":[{"embeddable":true,"href":"https:\/\/www.itpspa.it\/fr\/wp-json\/wp\/v2\/comments?post=9119"}],"version-history":[{"count":3,"href":"https:\/\/www.itpspa.it\/fr\/wp-json\/wp\/v2\/pages\/9119\/revisions"}],"predecessor-version":[{"id":9125,"href":"https:\/\/www.itpspa.it\/fr\/wp-json\/wp\/v2\/pages\/9119\/revisions\/9125"}],"up":[{"embeddable":true,"href":"https:\/\/www.itpspa.it\/fr\/wp-json\/wp\/v2\/pages\/9057"}],"wp:attachment":[{"href":"https:\/\/www.itpspa.it\/fr\/wp-json\/wp\/v2\/media?parent=9119"}],"curies":[{"name":"wp","href":"https:\/\/api.w.org\/{rel}","templated":true}]}}