{"id":9117,"date":"2018-03-22T11:44:14","date_gmt":"2018-03-22T10:44:14","guid":{"rendered":"https:\/\/www.itpspa.it\/troncon-a55-a5\/rimborsi-a55\/"},"modified":"2026-02-11T13:05:21","modified_gmt":"2026-02-11T12:05:21","slug":"remboursements-a55","status":"publish","type":"page","link":"https:\/\/www.itpspa.it\/fr\/troncon-a55-a5\/remboursements-a55\/","title":{"rendered":"Remboursements A55\/A5"},"content":{"rendered":"<div class=\"wpb-content-wrapper\"><p>[vc_row css_animation=\u00a0\u00bb\u00a0\u00bb row_type=\u00a0\u00bbrow\u00a0\u00bb use_row_as_full_screen_section=\u00a0\u00bbno\u00a0\u00bb type=\u00a0\u00bbfull_width\u00a0\u00bb angled_section=\u00a0\u00bbno\u00a0\u00bb text_align=\u00a0\u00bbleft\u00a0\u00bb background_image_as_pattern=\u00a0\u00bbwithout_pattern\u00a0\u00bb z_index=\u00a0\u00bb\u00a0\u00bb el_class=\u00a0\u00bbriga-testo-padding\u00a0\u00bb][vc_column offset=\u00a0\u00bbvc_col-md-3&Prime;][vc_widget_sidebar sidebar_id=\u00a0\u00bbSidebar-Info-Servizi\u00a0\u00bb][\/vc_column][vc_column offset=\u00a0\u00bbvc_col-md-9&Prime;][vc_column_text css=\u00a0\u00bb\u00a0\u00bb]<\/p>\n<div class=\"wpb_text_column wpb_content_element \">\n<div class=\"wpb_wrapper\">\n<p>Dans les cas o\u00f9 un p\u00e9age sup\u00e9rieur au montant d\u00fb a \u00e9t\u00e9 pay\u00e9, ITP, apr\u00e8s avoir v\u00e9rifi\u00e9 la validit\u00e9 de la documentation fournie, proc\u00e8de au remboursement du montant exc\u00e9dentaire. Le remboursement des doubles p\u00e9ages caus\u00e9s par l&rsquo;utilisation simultan\u00e9e de deux appareils non blind\u00e9s \u00e0 bord du m\u00eame v\u00e9hicule est exclu.<\/p>\n<p><b>La demande de remboursement sera irrecevable et ne pourra donc pas \u00eatre prise en charge par les bureaux si elle ne comporte pas les \u00e9l\u00e9ments suivants<\/b>\u00a0:<\/p>\n<ul>\n<li>donn\u00e9es d&rsquo;identification du demandeur<\/li>\n<li>r\u00e9f\u00e9rences d&rsquo;identification du trajet<\/li>\n<li>copie du re\u00e7u de paiement du p\u00e9age<\/li>\n<li>description de l&rsquo;anomalie constat\u00e9e lors du paiement.<\/li>\n<\/ul>\n<\/div>\n<\/div>\n<div class=\"vc_empty_space\"><\/div>\n<div><\/div>\n<div><strong>Le formulaire \u00e0 remplir est disponible sur la page <span style=\"color: #005abb;\"><a style=\"color: #005abb;\" href=\"https:\/\/www.itpspa.it\/fr\/troncon-a55-a5\/formulaires\/\">Formulaires<\/a><\/span>.<\/strong><\/div>\n<div><\/div>\n<div class=\"wpb_text_column wpb_content_element \">\n<div class=\"wpb_wrapper\">\n<p>Pour signaler d&rsquo;\u00e9ventuels remboursements, il est possible de s\u2019adresser directement au Centre de services et de r\u00e9clamations\u00a0:<\/p>\n<\/div>\n<\/div>\n<p>[\/vc_column_text][vc_empty_space][vc_raw_html css=\u00a0\u00bb\u00a0\u00bb]JTNDZGl2JTIwY2xhc3MlM0QlMjJxX2ljb25fd2l0aF90aXRsZSUyMHRpbnklMjBub3JtYWxfaWNvbiUyMGxlZnRfZnJvbV90aXRsZSUyMCUyMiUzRSUwQSUwOSUzQ2RpdiUyMGNsYXNzJTNEJTIyaWNvbl90ZXh0X2hvbGRlciUyMiUyMHN0eWxlJTNEJTIyJTIyJTNFJTBBJTA5JTA5JTNDZGl2JTIwY2xhc3MlM0QlMjJpY29uX3RleHRfaW5uZXIlMjIlMjBzdHlsZSUzRCUyMiUyMiUzRSUwQSUwOSUwOSUwOSUzQ2RpdiUyMGNsYXNzJTNEJTIyaWNvbl90aXRsZV9ob2xkZXIlMjIlM0UlMEElMDklMDklMDklMDklM0NkaXYlMjBjbGFzcyUzRCUyMmljb25faG9sZGVyJTIwJTIyJTIwc3R5bGUlM0QlMjIlMjAlMjIlM0UlMEElMDklMDklMDklMDklMDklM0NzcGFuJTIwZGF0YS1pY29uLXR5cGUlM0QlMjJub3JtYWwlMjIlMjBzdHlsZSUzRCUyMiUyMiUyMGNsYXNzJTNEJTIycW9kZV9pd3RfaWNvbl9ob2xkZXIlMjBxX2ZvbnRfYXdzb21lX2ljb24lMjBmYS1sZyUyMCUyMCUyMiUzRSUwQSUwOSUwOSUwOSUwOSUwOSUwOSUzQ2klMjBjbGFzcyUzRCUyMnFvZGVfaWNvbl9mb250X2F3ZXNvbWUlMjBmYSUyMGZhLWxhcHRvcCUyMHFvZGVfaXd0X2ljb25fZWxlbWVudCUyMiUyMHN0eWxlJTNEJTIyJTIyJTNFJTNDJTJGaSUzRSUwQSUwOSUwOSUwOSUwOSUwOSUzQyUyRnNwYW4lM0UlMEElMDklMDklMDklMDklM0MlMkZkaXYlM0UlMEElMDklMDklMDklMDklM0NoNiUyMGNsYXNzJTNEJTIyaWNvbl90aXRsZSUyMiUyMHN0eWxlJTNEJTIyJTIyJTNFJTBBJTA5JTA5JTA5JTA5JTA5JTNDYSUyMGhyZWYlM0QlMjIlMkZmciUyRnRyb25jb24tYTU1LWE1JTJGcmVjbGFtYXRpb25zJTJGJTIyJTNFRm9ybWF0JTIwZGVzJTIwciVDMyVBOWNsYW1hdGlvbnMlM0MlMkZhJTNFJTBBJTA5JTA5JTA5JTA5JTNDJTJGaDYlM0UlMEElMDklMDklMDklM0MlMkZkaXYlM0UlMEElMDklMDklMDklM0NwJTIwc3R5bGUlM0QlMjIlMjIlM0UlM0MlMkZwJTNFJTBBJTA5JTA5JTNDJTJGZGl2JTNFJTBBJTA5JTNDJTJGZGl2JTNFJTBBJTNDJTJGZGl2JTNFJTBBJTBBJTNDZGl2JTIwY2xhc3MlM0QlMjJxX2ljb25fd2l0aF90aXRsZSUyMHRpbnklMjBub3JtYWxfaWNvbiUyMGxlZnRfZnJvbV90aXRsZSUyMCUyMiUzRSUwQSUwOSUzQ2RpdiUyMGNsYXNzJTNEJTIyaWNvbl90ZXh0X2hvbGRlciUyMiUyMHN0eWxlJTNEJTIyJTIyJTNFJTBBJTA5JTA5JTNDZGl2JTIwY2xhc3MlM0QlMjJpY29uX3RleHRfaW5uZXIlMjIlMjBzdHlsZSUzRCUyMiUyMiUzRSUwQSUwOSUwOSUwOSUzQ2RpdiUyMGNsYXNzJTNEJTIyaWNvbl90aXRsZV9ob2xkZXIlMjIlM0UlMEElMDklMDklMDklMDklM0NkaXYlMjBjbGFzcyUzRCUyMmljb25faG9sZGVyJTIwJTIyJTIwc3R5bGUlM0QlMjIlMjAlMjIlM0UlMEElMDklMDklMDklMDklMDklM0NzcGFuJTIwZGF0YS1pY29uLXR5cGUlM0QlMjJub3JtYWwlMjIlMjBzdHlsZSUzRCUyMiUyMiUyMGNsYXNzJTNEJTIycW9kZV9pd3RfaWNvbl9ob2xkZXIlMjBxX2ZvbnRfYXdzb21lX2ljb24lMjBmYS1sZyUyMCUyMCUyMiUzRSUwQSUwOSUwOSUwOSUwOSUwOSUwOSUzQ2klMjBjbGFzcyUzRCUyMnFvZGVfaWNvbl9mb250X2F3ZXNvbWUlMjBmYSUyMGZhLWF0JTIwcW9kZV9pd3RfaWNvbl9lbGVtZW50JTIyJTIwc3R5bGUlM0QlMjIlMjIlM0UlM0MlMkZpJTNFJTBBJTA5JTA5JTA5JTA5JTA5JTNDJTJGc3BhbiUzRSUwQSUwOSUwOSUwOSUwOSUzQyUyRmRpdiUzRSUwQSUwOSUwOSUwOSUwOSUzQ2g2JTIwY2xhc3MlM0QlMjJpY29uX3RpdGxlJTIyJTIwc3R5bGUlM0QlMjIlMjIlM0UlMEElMDklMDklMDklMDklMDklM0NhJTIwaHJlZiUzRCUyMm1haWx0byUzQWdlc3Rpb25lcmVjbGFtaS50MSU0MGl0cHNwYS5pdCUyMiUzRWdlc3Rpb25lcmVjbGFtaS50MSU0MGl0cHNwYS5pdCUzQyUyRmElM0UlMEElMDklMDklMDklMDklM0MlMkZoNiUzRSUwQSUwOSUwOSUwOSUzQyUyRmRpdiUzRSUwQSUwOSUwOSUwOSUzQ3AlMjBzdHlsZSUzRCUyMiUyMiUzRSUzQyUyRnAlM0UlMEElMDklMDklM0MlMkZkaXYlM0UlMEElMDklM0MlMkZkaXYlM0UlMEElM0MlMkZkaXYlM0UlMEElMEElM0NkaXYlMjBjbGFzcyUzRCUyMnFfaWNvbl93aXRoX3RpdGxlJTIwdGlueSUyMG5vcm1hbF9pY29uJTIwbGVmdF9mcm9tX3RpdGxlJTIwJTIyJTNFJTBBJTA5JTNDZGl2JTIwY2xhc3MlM0QlMjJpY29uX3RleHRfaG9sZGVyJTIyJTIwc3R5bGUlM0QlMjIlMjIlM0UlMEElMDklMDklM0NkaXYlMjBjbGFzcyUzRCUyMmljb25fdGV4dF9pbm5lciUyMiUyMHN0eWxlJTNEJTIyJTIyJTNFJTBBJTA5JTA5JTA5JTNDZGl2JTIwY2xhc3MlM0QlMjJpY29uX3RpdGxlX2hvbGRlciUyMiUzRSUwQSUwOSUwOSUwOSUwOSUzQ2RpdiUyMGNsYXNzJTNEJTIyaWNvbl9ob2xkZXIlMjAlMjIlMjBzdHlsZSUzRCUyMiUyMCUyMiUzRSUwQSUwOSUwOSUwOSUwOSUwOSUzQ3NwYW4lMjBkYXRhLWljb24tdHlwZSUzRCUyMm5vcm1hbCUyMiUyMHN0eWxlJTNEJTIyJTIyJTIwY2xhc3MlM0QlMjJxb2RlX2l3dF9pY29uX2hvbGRlciUyMHFfZm9udF9hd3NvbWVfaWNvbiUyMGZhLWxnJTIwJTIwJTIyJTNFJTBBJTA5JTA5JTA5JTA5JTA5JTA5JTNDaSUyMGNsYXNzJTNEJTIycW9kZV9pY29uX2ZvbnRfYXdlc29tZSUyMGZhJTIwZmEtZmF4JTIwcW9kZV9pd3RfaWNvbl9lbGVtZW50JTIyJTIwc3R5bGUlM0QlMjIlMjIlM0UlM0MlMkZpJTNFJTBBJTA5JTA5JTA5JTA5JTA5JTNDJTJGc3BhbiUzRSUwQSUwOSUwOSUwOSUwOSUzQyUyRmRpdiUzRSUwQSUwOSUwOSUwOSUwOSUzQ2g2JTIwY2xhc3MlM0QlMjJpY29uX3RpdGxlJTIyJTIwc3R5bGUlM0QlMjIlMjIlM0UlMEElMDklMDklMDklMDklMDlGYXglMjAlMkIzOSUyMDAxMSUyMDM4JTIwMTQlMjA1OTklMEElMDklMDklMDklMDklM0MlMkZoNiUzRSUwQSUwOSUwOSUwOSUzQyUyRmRpdiUzRSUwQSUwOSUwOSUwOSUzQ3AlMjBzdHlsZSUzRCUyMiUyMiUzRSUzQyUyRnAlM0UlMEElMDklMDklM0MlMkZkaXYlM0UlMEElMDklM0MlMkZkaXYlM0UlMEElM0MlMkZkaXYlM0U=[\/vc_raw_html][\/vc_column][\/vc_row]<\/p>\n<\/div>","protected":false},"excerpt":{"rendered":"<p>[vc_row css_animation=\u00a0\u00bb\u00a0\u00bb row_type=\u00a0\u00bbrow\u00a0\u00bb use_row_as_full_screen_section=\u00a0\u00bbno\u00a0\u00bb type=\u00a0\u00bbfull_width\u00a0\u00bb angled_section=\u00a0\u00bbno\u00a0\u00bb text_align=\u00a0\u00bbleft\u00a0\u00bb background_image_as_pattern=\u00a0\u00bbwithout_pattern\u00a0\u00bb z_index=\u00a0\u00bb\u00a0\u00bb el_class=\u00a0\u00bbriga-testo-padding\u00a0\u00bb][vc_column offset=\u00a0\u00bbvc_col-md-3&Prime;][vc_widget_sidebar sidebar_id=\u00a0\u00bbSidebar-Info-Servizi\u00a0\u00bb][\/vc_column][vc_column offset=\u00a0\u00bbvc_col-md-9&Prime;][vc_column_text css=\u00a0\u00bb\u00a0\u00bb] Dans les cas o\u00f9 un p\u00e9age sup\u00e9rieur au montant d\u00fb a \u00e9t\u00e9 pay\u00e9, ITP, apr\u00e8s avoir v\u00e9rifi\u00e9 la validit\u00e9 de la documentation fournie, proc\u00e8de au remboursement du montant exc\u00e9dentaire. Le remboursement&#8230;<\/p>\n","protected":false},"author":1,"featured_media":0,"parent":9057,"menu_order":0,"comment_status":"closed","ping_status":"closed","template":"full_width.php","meta":{"_acf_changed":false,"inline_featured_image":false,"footnotes":""},"class_list":["post-9117","page","type-page","status-publish","hentry","wpautop"],"acf":[],"yoast_head":"<!-- This site is optimized with the Yoast SEO plugin v27.2 - https:\/\/yoast.com\/product\/yoast-seo-wordpress\/ -->\n<title>Remboursements A55\/A5 - ITP - Ivrea Torino Piacenza S.p.A.<\/title>\n<meta name=\"robots\" content=\"index, follow, max-snippet:-1, max-image-preview:large, max-video-preview:-1\" \/>\n<link rel=\"canonical\" href=\"https:\/\/www.itpspa.it\/fr\/troncon-a55-a5\/remboursements-a55\/\" \/>\n<meta property=\"og:locale\" content=\"fr_FR\" \/>\n<meta property=\"og:type\" content=\"article\" \/>\n<meta property=\"og:title\" content=\"Remboursements A55\/A5 - ITP - Ivrea Torino Piacenza S.p.A.\" \/>\n<meta property=\"og:description\" content=\"[vc_row css_animation=\u00a0\u00bb\u00a0\u00bb row_type=\u00a0\u00bbrow\u00a0\u00bb use_row_as_full_screen_section=\u00a0\u00bbno\u00a0\u00bb type=\u00a0\u00bbfull_width\u00a0\u00bb angled_section=\u00a0\u00bbno\u00a0\u00bb text_align=\u00a0\u00bbleft\u00a0\u00bb background_image_as_pattern=\u00a0\u00bbwithout_pattern\u00a0\u00bb z_index=\u00a0\u00bb\u00a0\u00bb el_class=\u00a0\u00bbriga-testo-padding\u00a0\u00bb][vc_column offset=\u00a0\u00bbvc_col-md-3&Prime;][vc_widget_sidebar sidebar_id=\u00a0\u00bbSidebar-Info-Servizi\u00a0\u00bb][\/vc_column][vc_column offset=\u00a0\u00bbvc_col-md-9&Prime;][vc_column_text css=\u00a0\u00bb\u00a0\u00bb] Dans les cas o\u00f9 un p\u00e9age sup\u00e9rieur au montant d\u00fb a \u00e9t\u00e9 pay\u00e9, ITP, apr\u00e8s avoir v\u00e9rifi\u00e9 la validit\u00e9 de la documentation fournie, proc\u00e8de au remboursement du montant exc\u00e9dentaire. Le remboursement...\" \/>\n<meta property=\"og:url\" content=\"https:\/\/www.itpspa.it\/fr\/troncon-a55-a5\/remboursements-a55\/\" \/>\n<meta property=\"og:site_name\" content=\"ITP - Ivrea Torino Piacenza S.p.A.\" \/>\n<meta property=\"article:modified_time\" content=\"2026-02-11T12:05:21+00:00\" \/>\n<meta name=\"twitter:card\" content=\"summary_large_image\" \/>\n<meta name=\"twitter:label1\" content=\"Dur\u00e9e de lecture estim\u00e9e\" \/>\n\t<meta name=\"twitter:data1\" content=\"1 minute\" \/>\n<script type=\"application\/ld+json\" class=\"yoast-schema-graph\">{\"@context\":\"https:\/\/schema.org\",\"@graph\":[{\"@type\":\"WebPage\",\"@id\":\"https:\/\/www.itpspa.it\/fr\/troncon-a55-a5\/remboursements-a55\/\",\"url\":\"https:\/\/www.itpspa.it\/fr\/troncon-a55-a5\/remboursements-a55\/\",\"name\":\"Remboursements A55\/A5 - ITP - Ivrea Torino Piacenza S.p.A.\",\"isPartOf\":{\"@id\":\"https:\/\/www.itpspa.it\/#website\"},\"datePublished\":\"2018-03-22T10:44:14+00:00\",\"dateModified\":\"2026-02-11T12:05:21+00:00\",\"breadcrumb\":{\"@id\":\"https:\/\/www.itpspa.it\/fr\/troncon-a55-a5\/remboursements-a55\/#breadcrumb\"},\"inLanguage\":\"fr-FR\",\"potentialAction\":[{\"@type\":\"ReadAction\",\"target\":[\"https:\/\/www.itpspa.it\/fr\/troncon-a55-a5\/remboursements-a55\/\"]}]},{\"@type\":\"BreadcrumbList\",\"@id\":\"https:\/\/www.itpspa.it\/fr\/troncon-a55-a5\/remboursements-a55\/#breadcrumb\",\"itemListElement\":[{\"@type\":\"ListItem\",\"position\":1,\"name\":\"Home\",\"item\":\"https:\/\/www.itpspa.it\/fr\/\"},{\"@type\":\"ListItem\",\"position\":2,\"name\":\"Tron\u00e7on 1 A55\/A5\",\"item\":\"https:\/\/www.itpspa.it\/fr\/troncon-a55-a5\/\"},{\"@type\":\"ListItem\",\"position\":3,\"name\":\"Remboursements A55\/A5\"}]},{\"@type\":\"WebSite\",\"@id\":\"https:\/\/www.itpspa.it\/#website\",\"url\":\"https:\/\/www.itpspa.it\/\",\"name\":\"ITP - Ivrea Torino Piacenza S.p.A.\",\"description\":\"ITP - Ivrea Torino Piacenza S.p.A.\",\"publisher\":{\"@id\":\"https:\/\/www.itpspa.it\/#organization\"},\"alternateName\":\"ITP S.p.A.\",\"potentialAction\":[{\"@type\":\"SearchAction\",\"target\":{\"@type\":\"EntryPoint\",\"urlTemplate\":\"https:\/\/www.itpspa.it\/?s={search_term_string}\"},\"query-input\":{\"@type\":\"PropertyValueSpecification\",\"valueRequired\":true,\"valueName\":\"search_term_string\"}}],\"inLanguage\":\"fr-FR\"},{\"@type\":\"Organization\",\"@id\":\"https:\/\/www.itpspa.it\/#organization\",\"name\":\"ITP - Ivrea Torino Piacenza S.p.A.\",\"alternateName\":\"ITP S.p.A.\",\"url\":\"https:\/\/www.itpspa.it\/\",\"logo\":{\"@type\":\"ImageObject\",\"inLanguage\":\"fr-FR\",\"@id\":\"https:\/\/www.itpspa.it\/#\/schema\/logo\/image\/\",\"url\":\"https:\/\/www.itpspa.it\/wp-content\/uploads\/ITP-Concessionaria-autostrada-IVREA-TORINO-PIACENZA-1-1.svg\",\"contentUrl\":\"https:\/\/www.itpspa.it\/wp-content\/uploads\/ITP-Concessionaria-autostrada-IVREA-TORINO-PIACENZA-1-1.svg\",\"width\":\"1024\",\"height\":\"1024\",\"caption\":\"ITP - Ivrea Torino Piacenza S.p.A.\"},\"image\":{\"@id\":\"https:\/\/www.itpspa.it\/#\/schema\/logo\/image\/\"}}]}<\/script>\n<!-- \/ Yoast SEO plugin. -->","yoast_head_json":{"title":"Remboursements A55\/A5 - ITP - Ivrea Torino Piacenza S.p.A.","robots":{"index":"index","follow":"follow","max-snippet":"max-snippet:-1","max-image-preview":"max-image-preview:large","max-video-preview":"max-video-preview:-1"},"canonical":"https:\/\/www.itpspa.it\/fr\/troncon-a55-a5\/remboursements-a55\/","og_locale":"fr_FR","og_type":"article","og_title":"Remboursements A55\/A5 - ITP - Ivrea Torino Piacenza S.p.A.","og_description":"[vc_row css_animation=\u00a0\u00bb\u00a0\u00bb row_type=\u00a0\u00bbrow\u00a0\u00bb use_row_as_full_screen_section=\u00a0\u00bbno\u00a0\u00bb type=\u00a0\u00bbfull_width\u00a0\u00bb angled_section=\u00a0\u00bbno\u00a0\u00bb text_align=\u00a0\u00bbleft\u00a0\u00bb background_image_as_pattern=\u00a0\u00bbwithout_pattern\u00a0\u00bb z_index=\u00a0\u00bb\u00a0\u00bb el_class=\u00a0\u00bbriga-testo-padding\u00a0\u00bb][vc_column offset=\u00a0\u00bbvc_col-md-3&Prime;][vc_widget_sidebar sidebar_id=\u00a0\u00bbSidebar-Info-Servizi\u00a0\u00bb][\/vc_column][vc_column offset=\u00a0\u00bbvc_col-md-9&Prime;][vc_column_text css=\u00a0\u00bb\u00a0\u00bb] Dans les cas o\u00f9 un p\u00e9age sup\u00e9rieur au montant d\u00fb a \u00e9t\u00e9 pay\u00e9, ITP, apr\u00e8s avoir v\u00e9rifi\u00e9 la validit\u00e9 de la documentation fournie, proc\u00e8de au remboursement du montant exc\u00e9dentaire. Le remboursement...","og_url":"https:\/\/www.itpspa.it\/fr\/troncon-a55-a5\/remboursements-a55\/","og_site_name":"ITP - Ivrea Torino Piacenza S.p.A.","article_modified_time":"2026-02-11T12:05:21+00:00","twitter_card":"summary_large_image","twitter_misc":{"Dur\u00e9e de lecture estim\u00e9e":"1 minute"},"schema":{"@context":"https:\/\/schema.org","@graph":[{"@type":"WebPage","@id":"https:\/\/www.itpspa.it\/fr\/troncon-a55-a5\/remboursements-a55\/","url":"https:\/\/www.itpspa.it\/fr\/troncon-a55-a5\/remboursements-a55\/","name":"Remboursements A55\/A5 - ITP - Ivrea Torino Piacenza S.p.A.","isPartOf":{"@id":"https:\/\/www.itpspa.it\/#website"},"datePublished":"2018-03-22T10:44:14+00:00","dateModified":"2026-02-11T12:05:21+00:00","breadcrumb":{"@id":"https:\/\/www.itpspa.it\/fr\/troncon-a55-a5\/remboursements-a55\/#breadcrumb"},"inLanguage":"fr-FR","potentialAction":[{"@type":"ReadAction","target":["https:\/\/www.itpspa.it\/fr\/troncon-a55-a5\/remboursements-a55\/"]}]},{"@type":"BreadcrumbList","@id":"https:\/\/www.itpspa.it\/fr\/troncon-a55-a5\/remboursements-a55\/#breadcrumb","itemListElement":[{"@type":"ListItem","position":1,"name":"Home","item":"https:\/\/www.itpspa.it\/fr\/"},{"@type":"ListItem","position":2,"name":"Tron\u00e7on 1 A55\/A5","item":"https:\/\/www.itpspa.it\/fr\/troncon-a55-a5\/"},{"@type":"ListItem","position":3,"name":"Remboursements A55\/A5"}]},{"@type":"WebSite","@id":"https:\/\/www.itpspa.it\/#website","url":"https:\/\/www.itpspa.it\/","name":"ITP - Ivrea Torino Piacenza S.p.A.","description":"ITP - Ivrea Torino Piacenza S.p.A.","publisher":{"@id":"https:\/\/www.itpspa.it\/#organization"},"alternateName":"ITP S.p.A.","potentialAction":[{"@type":"SearchAction","target":{"@type":"EntryPoint","urlTemplate":"https:\/\/www.itpspa.it\/?s={search_term_string}"},"query-input":{"@type":"PropertyValueSpecification","valueRequired":true,"valueName":"search_term_string"}}],"inLanguage":"fr-FR"},{"@type":"Organization","@id":"https:\/\/www.itpspa.it\/#organization","name":"ITP - Ivrea Torino Piacenza S.p.A.","alternateName":"ITP S.p.A.","url":"https:\/\/www.itpspa.it\/","logo":{"@type":"ImageObject","inLanguage":"fr-FR","@id":"https:\/\/www.itpspa.it\/#\/schema\/logo\/image\/","url":"https:\/\/www.itpspa.it\/wp-content\/uploads\/ITP-Concessionaria-autostrada-IVREA-TORINO-PIACENZA-1-1.svg","contentUrl":"https:\/\/www.itpspa.it\/wp-content\/uploads\/ITP-Concessionaria-autostrada-IVREA-TORINO-PIACENZA-1-1.svg","width":"1024","height":"1024","caption":"ITP - Ivrea Torino Piacenza S.p.A."},"image":{"@id":"https:\/\/www.itpspa.it\/#\/schema\/logo\/image\/"}}]}},"publishpress_future_workflow_manual_trigger":{"enabledWorkflows":[]},"_links":{"self":[{"href":"https:\/\/www.itpspa.it\/fr\/wp-json\/wp\/v2\/pages\/9117","targetHints":{"allow":["GET"]}}],"collection":[{"href":"https:\/\/www.itpspa.it\/fr\/wp-json\/wp\/v2\/pages"}],"about":[{"href":"https:\/\/www.itpspa.it\/fr\/wp-json\/wp\/v2\/types\/page"}],"author":[{"embeddable":true,"href":"https:\/\/www.itpspa.it\/fr\/wp-json\/wp\/v2\/users\/1"}],"replies":[{"embeddable":true,"href":"https:\/\/www.itpspa.it\/fr\/wp-json\/wp\/v2\/comments?post=9117"}],"version-history":[{"count":6,"href":"https:\/\/www.itpspa.it\/fr\/wp-json\/wp\/v2\/pages\/9117\/revisions"}],"predecessor-version":[{"id":9130,"href":"https:\/\/www.itpspa.it\/fr\/wp-json\/wp\/v2\/pages\/9117\/revisions\/9130"}],"up":[{"embeddable":true,"href":"https:\/\/www.itpspa.it\/fr\/wp-json\/wp\/v2\/pages\/9057"}],"wp:attachment":[{"href":"https:\/\/www.itpspa.it\/fr\/wp-json\/wp\/v2\/media?parent=9117"}],"curies":[{"name":"wp","href":"https:\/\/api.w.org\/{rel}","templated":true}]}}