{"id":9103,"date":"2018-03-23T17:18:25","date_gmt":"2018-03-23T16:18:25","guid":{"rendered":"https:\/\/www.itpspa.it\/troncon-a55-a5\/informazioni-mancato-pagamento-pedaggio\/"},"modified":"2026-02-11T13:35:37","modified_gmt":"2026-02-11T12:35:37","slug":"informations-relatives-au-non-paiement-du-peage","status":"publish","type":"page","link":"https:\/\/www.itpspa.it\/fr\/troncon-a55-a5\/informations-relatives-au-non-paiement-du-peage\/","title":{"rendered":"Informations relatives au non-paiement du p\u00e9age A55\/A5"},"content":{"rendered":"<div class=\"wpb-content-wrapper\"><p>[vc_row css_animation=\u00a0\u00bb\u00a0\u00bb row_type=\u00a0\u00bbrow\u00a0\u00bb use_row_as_full_screen_section=\u00a0\u00bbno\u00a0\u00bb type=\u00a0\u00bbfull_width\u00a0\u00bb angled_section=\u00a0\u00bbno\u00a0\u00bb text_align=\u00a0\u00bbleft\u00a0\u00bb background_image_as_pattern=\u00a0\u00bbwithout_pattern\u00a0\u00bb z_index=\u00a0\u00bb\u00a0\u00bb el_class=\u00a0\u00bbriga-testo-padding\u00a0\u00bb el_id=\u00a0\u00bbMRpulsanteModulo\u00a0\u00bb][vc_column offset=\u00a0\u00bbvc_col-md-3&Prime;][vc_widget_sidebar sidebar_id=\u00a0\u00bbSidebar-Info-Servizi\u00a0\u00bb][\/vc_column][vc_column offset=\u00a0\u00bbvc_col-md-9&Prime;][vc_column_text css=\u00a0\u00bb\u00a0\u00bb]<\/p>\n<p style=\"text-align: center;\">\n\n\t<a href=\"https:\/\/www.itpspa.it\/fr\/troncon-a55-a5\/informations-relatives-au-non-paiement-du-peage\/non-paiement-a55-a5-faq\/\" target=\"_self\"  class=\"qode-btn qode-btn-medium qode-btn-solid qode-btn-icon qode-btn-default-hover\"  >\n\t    <span class=\"qode-btn-text\">Questions fr\u00e9quentes - FAQ<\/span><span class=\"qode-button-v2-icon-holder\"  ><i class=\"qode_icon_font_awesome fa fa-angle-double-right qode-button-v2-icon-holder-inner\" ><\/i><\/span>\t<\/a>\n\n<\/p>\n<p>[\/vc_column_text][vc_column_text css=\u00a0\u00bb\u00a0\u00bb]<\/p>\n<h3>GUIDE DE L&rsquo;USAGER\u00a0: Rapports de non-paiement de p\u00e9age \u00e9mis sur le r\u00e9seau de comp\u00e9tence d\u2019ITP.<\/h3>\n<p>Si le p\u00e9age d\u00fb n\u2019est pas pay\u00e9 (en tout ou en partie) (en raison, par exemple, d&rsquo;une indisponibilit\u00e9 d&rsquo;argent, d&rsquo;une insuffisance de cr\u00e9dit ou d\u2019une lecture incorrecte ou impossible des cartes de cr\u00e9dit, de d\u00e9bit et Viacard, d&rsquo;une utilisation incorrecte des voies r\u00e9serv\u00e9es ou de probl\u00e8mes techniques temporaires \u00e0 la gare de p\u00e9age), un rapport de non-paiement est \u00e9mis. Dans ce cas, un re\u00e7u sera d\u00e9livr\u00e9, sur lequel figureront, \u00e0 c\u00f4t\u00e9 de la lettre R indiquant le non-paiement, les donn\u00e9es du v\u00e9hicule (classe et plaque d&rsquo;immatriculation), les donn\u00e9es du passage (date, heure, gare de p\u00e9age de sortie et, le cas \u00e9ch\u00e9ant, \u00e9galement la gare de p\u00e9age d&rsquo;entr\u00e9e) et le montant \u00e0 payer.<\/p>\n<p>Le p\u00e9age doit \u00eatre acquitt\u00e9 dans un d\u00e9lai de 15 jours \u00e0 compter de la date d&rsquo;\u00e9mission\/du passage pour ne pas subir de majoration, selon l&rsquo;une des m\u00e9thodes indiqu\u00e9es ci-dessous, valables pour les rapports de non-paiement \u00e9mis sur le r\u00e9seau ITP (SATT &#8211; Tangenziale di Torino et embranchement de Torino Pinerolo, Autostrada A5 tron\u00e7on Torino-Quincinetto, bretelle d&rsquo;acc\u00e8s A4\/A5 Ivrea-Santhi\u00e0)\u00a0:<\/p>\n<ul>\n<li><a href=\"https:\/\/www.itpspa.it\/fr\/troncon-a55-a5\/paiement-en-ligne-a55-a5\/\"><strong>en ligne<\/strong><\/a> (sans frais suppl\u00e9mentaires) en acc\u00e9dant \u00e0 ce\u00a0<strong><a href=\"https:\/\/www.itpspa.it\/fr\/troncon-a55-a5\/paiement-en-ligne-a55-a5\/\">lien<\/a><\/strong> en utilisant\u00a0Satispay\u00a0 <img loading=\"lazy\" decoding=\"async\" class=\"wp-image-6965 alignnone\" src=\"https:\/\/www.itpspa.it\/wp-content\/uploads\/logo-satispay-red-230x230-1.png\" alt=\"\" width=\"50\" height=\"50\" srcset=\"https:\/\/www.itpspa.it\/wp-content\/uploads\/logo-satispay-red-230x230-1.png 230w, https:\/\/www.itpspa.it\/wp-content\/uploads\/logo-satispay-red-230x230-1-150x150.png 150w\" sizes=\"auto, (max-width: 50px) 100vw, 50px\" \/> ou les principales cartes de cr\u00e9dit\/d\u00e9bit\/pr\u00e9pay\u00e9es <img loading=\"lazy\" decoding=\"async\" width=\"377\" height=\"100\" class=\"alignnone size-full wp-image-7682\" style=\"height: 25px; width: auto;\" src=\"https:\/\/www.itpspa.it\/wp-content\/uploads\/visa-mastercard-e1734541450474.png\" alt=\"\" \/> <img loading=\"lazy\" decoding=\"async\" class=\"alignnone size-full wp-image-8242\" src=\"https:\/\/www.itpspa.it\/wp-content\/uploads\/maestro-e1760601794976.png\" alt=\"\" width=\"35\" height=\"29\" \/> <img loading=\"lazy\" decoding=\"async\" class=\"alignnone size-medium wp-image-8241\" src=\"https:\/\/www.itpspa.it\/wp-content\/uploads\/american_express-300x300.png\" alt=\"\" width=\"35\" height=\"35\" \/><\/li>\n<\/ul>\n<ul>\n<li>par\u00a0<strong>virement bancaire<\/strong>\u00a0sur le compte suivant\n<ul>\n<li>\u00a0CODE IBAN\u00a0: IT60-I-05034-01006-000000013829<\/li>\n<li>\u00a0CODE SWIFT\u00a0: BAPPIT22XXX<br \/>\nau nom de ITP S.p.A. Corso Vittorio Emanuele II 178 &#8211; 10138 TORINO en indiquant dans le motif du paiement<strong>\u00a0le num\u00e9ro de la plaque d&rsquo;immatriculation et\/ou le num\u00e9ro du rapport de non-paiement<\/strong>\u00a0;<\/li>\n<\/ul>\n<\/li>\n<\/ul>\n<ul>\n<li>aupr\u00e8s d\u2019un\u00a0<strong>receveur<\/strong>\u00a0g\u00e9rant une barri\u00e8re manuelle de gare de p\u00e9age autoroutier sur le r\u00e9seau ITP S.p.A. \u00a0<strong>(dans un d\u00e9lai de 15 jours \u00e0 compter de la date du passage) sur pr\u00e9sentation du r\u00e9c\u00e9piss\u00e9.<\/strong><\/li>\n<\/ul>\n<p>Si le paiement est effectu\u00e9 apr\u00e8s la date limite, le montant sera major\u00e9 de 2,58\u00a0\u20ac pour frais de v\u00e9rification. En cas de non-paiement persistant, les proc\u00e9dures de recouvrement pr\u00e9vues seront activ\u00e9es et le propri\u00e9taire du v\u00e9hicule recevra \u00e0 son domicile une relance de paiement du p\u00e9age major\u00e9e des frais de recouvrement et des frais de notification.<\/p>\n<p>&nbsp;<\/p>\n<p><img loading=\"lazy\" decoding=\"async\" class=\"alignleft wp-image-4545\" src=\"https:\/\/www.itpspa.it\/wp-content\/uploads\/Polstrada-300x282.png\" alt=\"\" width=\"131\" height=\"124\" srcset=\"https:\/\/www.itpspa.it\/wp-content\/uploads\/Polstrada-300x282.png 300w, https:\/\/www.itpspa.it\/wp-content\/uploads\/Polstrada.png 527w\" sizes=\"auto, (max-width: 131px) 100vw, 131px\" \/><strong>Il convient de noter que, en cas de retard dans le paiement du p\u00e9age par rapport \u00e0 la date limite indiqu\u00e9e ci-dessus, les documents pertinents pourront \u00eatre transmis \u00e0 la section de la police routi\u00e8re comp\u00e9tente pour la notification des sanctions administratives pr\u00e9vues par l\u2019article 176, alin\u00e9as 11 et 21, du Code de la route pour la violation constat\u00e9e de l\u2019obligation de payer le p\u00e9age autoroutier (qui pr\u00e9voit le paiement d\u2019une somme allant de 87,00 \u20ac \u00e0 344,00 \u20ac et le retrait de 2 points sur le permis de conduire du contrevenant).<\/strong>[\/vc_column_text][vc_empty_space height=\u00a0\u00bb50px\u00a0\u00bb][vc_column_text css=\u00a0\u00bb\u00a0\u00bb]<\/p>\n<p style=\"text-align: center;\">\n\n\t<a href=\"https:\/\/www.itpspa.it\/fr\/troncon-a55-a5\/paiement-en-ligne-a55-a5\/\" target=\"_self\"  class=\"qode-btn qode-btn-medium qode-btn-solid qode-btn-icon qode-btn-default-hover\"  >\n\t    <span class=\"qode-btn-text\">Paiement en ligne<\/span><span class=\"qode-button-v2-icon-holder\"  ><i class=\"qode_icon_font_awesome fa fa-angle-double-right qode-button-v2-icon-holder-inner\" ><\/i><\/span>\t<\/a>\n\n<\/p>\n<p>[\/vc_column_text][vc_empty_space][vc_column_text css=\u00a0\u00bb\u00a0\u00bb]<\/p>\n<h4>Formulaires en ligne et communications au bureau des impay\u00e9s<\/h4>\n<p>L&rsquo;ITP offre aux usagers la possibilit\u00e9 de saisir des communications et des signalements en ligne en acc\u00e9dant \u00e0 la page Formulaires en ligne. L&rsquo;utilisateur peut donc utiliser le formulaire en ligne pour signaler les probl\u00e8mes suivants\u00a0:<\/p>\n<ul>\n<li>Si le ticket de non-paiement, pour quelque raison que ce soit, n&rsquo;a pas \u00e9t\u00e9 \u00e9mis ou est illisible et que l&rsquo;usager n&rsquo;a pas pu payer le p\u00e9age bien que la barri\u00e8re ait \u00e9t\u00e9 lev\u00e9e, il doit fournir toutes les donn\u00e9es de passage (gare de p\u00e9age, heure, voie si elle est connue, plaque d&rsquo;immatriculation et type de v\u00e9hicule) afin de recevoir toutes les informations n\u00e9cessaires au paiement du p\u00e9age.<\/li>\n<li>Pour les\u00a0<strong>demandes de d\u00e9bit<\/strong>,\u00a0<strong>sur Viacard de compte courant ou sur Telepass<\/strong>\u00a0<strong><u>(\u00e0 effectuer dans les 15 jours \u00e0 compter de la date du passage)<\/u><\/strong>. (Dans le cas de\u00a0<strong>demandes de d\u00e9bit sur Telepass<\/strong>, la demande ne pourra \u00eatre accord\u00e9e\u00a0<strong>que<\/strong>\u00a0si les plaques d&rsquo;immatriculation sont associ\u00e9es \u00e0 un contrat de Telepass ouvert et valide au moment du passage et si le passage a eu lieu dans une voie r\u00e9serv\u00e9e au Telepass. Les demandes de\u00a0<strong>d\u00e9bit sur Viacard<\/strong>\u00a0ne seront accept\u00e9es que si la Viacard a \u00e9t\u00e9 d\u00fbment \u00e9mise au moment du passage. Il n&rsquo;est pas possible de d\u00e9biter le passage sur la Viacard \u00e0 d\u00e9compte diff\u00e9r\u00e9).<\/li>\n<li>Pour les demandes de d\u00e9bit sur les APPAREILS SET\/SIT MP, les demandes doivent \u00eatre soumises exclusivement au fournisseur de services.<\/li>\n<li><strong>Dans le cas d&rsquo;un v\u00e9hicule vendu ou lou\u00e9<\/strong>, en indiquant le nom auquel le rappel de paiement doit \u00eatre adress\u00e9 et en fournissant toutes les donn\u00e9es et tous les documents relatifs \u00e0 la vente et\/ou \u00e0 la location.<\/li>\n<li><strong>En cas de perte\/non-d\u00e9tection de la gare d&rsquo;entr\u00e9e\u00a0:\u00a0<\/strong>conform\u00e9ment aux dispositions du Code de la route (art. 176), l&rsquo;usager d\u00e9pourvu de ticket d&rsquo;entr\u00e9e devra s&rsquo;acquitter du p\u00e9age, calcul\u00e9 \u00e0 partir de la gare d&rsquo;entr\u00e9e la plus \u00e9loign\u00e9e. L&rsquo;usager a la possibilit\u00e9 de prouver (au moyen de re\u00e7us, de factures, de t\u00e9moignages de tiers, etc.) la gare d&rsquo;entr\u00e9e effective, avec la copie d&rsquo;une pi\u00e8ce d&rsquo;identit\u00e9 valide. Toutefois, ITP se r\u00e9serve le droit d&rsquo;effectuer des contr\u00f4les ult\u00e9rieurs sur la v\u00e9racit\u00e9 des d\u00e9clarations afin de rectifier le montant du non-paiement.<\/li>\n<li>En cas de\u00a0<strong>passage non effectu\u00e9<\/strong>, l\u2019usager doit pr\u00e9ciser les raisons \u00e9ventuelles \u00e0 l\u2019appui de la demande.<\/li>\n<li>En cas de\u00a0<strong>paiement d\u00e9j\u00e0 effectu\u00e9<\/strong>, l\u2019usager doit joindre une copie num\u00e9rique\/une copie du paiement.<\/li>\n<\/ul>\n<p>[\/vc_column_text][vc_empty_space][vc_column_text css=\u00a0\u00bb\u00a0\u00bb]<\/p>\n<p style=\"text-align: center;\">\n\n\t<a href=\"\/fr\/troncon-a55-a5\/informations-relatives-au-non-paiement-du-peage\/remplissez-le-formulaire-en-ligne\/\" target=\"_self\"  class=\"qode-btn qode-btn-medium qode-btn-solid qode-btn-icon qode-btn-default-hover\"  >\n\t    <span class=\"qode-btn-text\">Acc\u00e9der au formulaire en ligne<\/span><span class=\"qode-button-v2-icon-holder\"  ><i class=\"qode_icon_font_awesome fa fa-angle-double-right qode-button-v2-icon-holder-inner\" ><\/i><\/span>\t<\/a>\n\n<\/p>\n<p>[\/vc_column_text][\/vc_column][\/vc_row]<\/p>\n<\/div>","protected":false},"excerpt":{"rendered":"<p>[vc_row css_animation=\u00a0\u00bb\u00a0\u00bb row_type=\u00a0\u00bbrow\u00a0\u00bb use_row_as_full_screen_section=\u00a0\u00bbno\u00a0\u00bb type=\u00a0\u00bbfull_width\u00a0\u00bb angled_section=\u00a0\u00bbno\u00a0\u00bb text_align=\u00a0\u00bbleft\u00a0\u00bb background_image_as_pattern=\u00a0\u00bbwithout_pattern\u00a0\u00bb z_index=\u00a0\u00bb\u00a0\u00bb el_class=\u00a0\u00bbriga-testo-padding\u00a0\u00bb el_id=\u00a0\u00bbMRpulsanteModulo\u00a0\u00bb][vc_column offset=\u00a0\u00bbvc_col-md-3&Prime;][vc_widget_sidebar sidebar_id=\u00a0\u00bbSidebar-Info-Servizi\u00a0\u00bb][\/vc_column][vc_column offset=\u00a0\u00bbvc_col-md-9&Prime;][vc_column_text css=\u00a0\u00bb\u00a0\u00bb] [\/vc_column_text][vc_column_text css=\u00a0\u00bb\u00a0\u00bb] GUIDE DE L&rsquo;USAGER\u00a0: Rapports de non-paiement de p\u00e9age \u00e9mis sur le r\u00e9seau de comp\u00e9tence d\u2019ITP. Si le p\u00e9age d\u00fb n\u2019est pas pay\u00e9 (en tout ou en partie) (en&#8230;<\/p>\n","protected":false},"author":1,"featured_media":0,"parent":9057,"menu_order":0,"comment_status":"closed","ping_status":"closed","template":"full_width.php","meta":{"_acf_changed":false,"inline_featured_image":false,"footnotes":""},"class_list":["post-9103","page","type-page","status-publish","hentry","wpautop"],"acf":[],"yoast_head":"<!-- This site is optimized with the Yoast SEO plugin v27.2 - https:\/\/yoast.com\/product\/yoast-seo-wordpress\/ -->\n<title>Informations relatives au non-paiement du p\u00e9age A55\/A5 - ITP - Ivrea Torino Piacenza S.p.A.<\/title>\n<meta name=\"robots\" content=\"index, follow, max-snippet:-1, max-image-preview:large, max-video-preview:-1\" \/>\n<link rel=\"canonical\" href=\"https:\/\/www.itpspa.it\/fr\/troncon-a55-a5\/informations-relatives-au-non-paiement-du-peage\/\" \/>\n<meta property=\"og:locale\" content=\"fr_FR\" \/>\n<meta property=\"og:type\" content=\"article\" \/>\n<meta property=\"og:title\" content=\"Informations relatives au non-paiement du p\u00e9age A55\/A5 - ITP - Ivrea Torino Piacenza S.p.A.\" \/>\n<meta property=\"og:description\" content=\"[vc_row css_animation=\u00a0\u00bb\u00a0\u00bb row_type=\u00a0\u00bbrow\u00a0\u00bb use_row_as_full_screen_section=\u00a0\u00bbno\u00a0\u00bb type=\u00a0\u00bbfull_width\u00a0\u00bb angled_section=\u00a0\u00bbno\u00a0\u00bb text_align=\u00a0\u00bbleft\u00a0\u00bb background_image_as_pattern=\u00a0\u00bbwithout_pattern\u00a0\u00bb z_index=\u00a0\u00bb\u00a0\u00bb el_class=\u00a0\u00bbriga-testo-padding\u00a0\u00bb el_id=\u00a0\u00bbMRpulsanteModulo\u00a0\u00bb][vc_column offset=\u00a0\u00bbvc_col-md-3&Prime;][vc_widget_sidebar sidebar_id=\u00a0\u00bbSidebar-Info-Servizi\u00a0\u00bb][\/vc_column][vc_column offset=\u00a0\u00bbvc_col-md-9&Prime;][vc_column_text css=\u00a0\u00bb\u00a0\u00bb] [\/vc_column_text][vc_column_text css=\u00a0\u00bb\u00a0\u00bb] GUIDE DE L&rsquo;USAGER\u00a0: Rapports de non-paiement de p\u00e9age \u00e9mis sur le r\u00e9seau de comp\u00e9tence d\u2019ITP. Si le p\u00e9age d\u00fb n\u2019est pas pay\u00e9 (en tout ou en partie) (en...\" \/>\n<meta property=\"og:url\" content=\"https:\/\/www.itpspa.it\/fr\/troncon-a55-a5\/informations-relatives-au-non-paiement-du-peage\/\" \/>\n<meta property=\"og:site_name\" content=\"ITP - Ivrea Torino Piacenza S.p.A.\" \/>\n<meta property=\"article:modified_time\" content=\"2026-02-11T12:35:37+00:00\" \/>\n<meta property=\"og:image\" content=\"https:\/\/www.itpspa.it\/wp-content\/uploads\/logo-satispay-red-230x230-1.png\" \/>\n\t<meta property=\"og:image:width\" content=\"230\" \/>\n\t<meta property=\"og:image:height\" content=\"230\" \/>\n\t<meta property=\"og:image:type\" content=\"image\/png\" \/>\n<meta name=\"twitter:card\" content=\"summary_large_image\" \/>\n<meta name=\"twitter:label1\" content=\"Dur\u00e9e de lecture estim\u00e9e\" \/>\n\t<meta name=\"twitter:data1\" content=\"6 minutes\" \/>\n<script type=\"application\/ld+json\" class=\"yoast-schema-graph\">{\"@context\":\"https:\/\/schema.org\",\"@graph\":[{\"@type\":\"WebPage\",\"@id\":\"https:\/\/www.itpspa.it\/fr\/troncon-a55-a5\/informations-relatives-au-non-paiement-du-peage\/\",\"url\":\"https:\/\/www.itpspa.it\/fr\/troncon-a55-a5\/informations-relatives-au-non-paiement-du-peage\/\",\"name\":\"Informations relatives au non-paiement du p\u00e9age A55\/A5 - ITP - Ivrea Torino Piacenza S.p.A.\",\"isPartOf\":{\"@id\":\"https:\/\/www.itpspa.it\/#website\"},\"primaryImageOfPage\":{\"@id\":\"https:\/\/www.itpspa.it\/fr\/troncon-a55-a5\/informations-relatives-au-non-paiement-du-peage\/#primaryimage\"},\"image\":{\"@id\":\"https:\/\/www.itpspa.it\/fr\/troncon-a55-a5\/informations-relatives-au-non-paiement-du-peage\/#primaryimage\"},\"thumbnailUrl\":\"https:\/\/www.itpspa.it\/wp-content\/uploads\/logo-satispay-red-230x230-1.png\",\"datePublished\":\"2018-03-23T16:18:25+00:00\",\"dateModified\":\"2026-02-11T12:35:37+00:00\",\"breadcrumb\":{\"@id\":\"https:\/\/www.itpspa.it\/fr\/troncon-a55-a5\/informations-relatives-au-non-paiement-du-peage\/#breadcrumb\"},\"inLanguage\":\"fr-FR\",\"potentialAction\":[{\"@type\":\"ReadAction\",\"target\":[\"https:\/\/www.itpspa.it\/fr\/troncon-a55-a5\/informations-relatives-au-non-paiement-du-peage\/\"]}]},{\"@type\":\"ImageObject\",\"inLanguage\":\"fr-FR\",\"@id\":\"https:\/\/www.itpspa.it\/fr\/troncon-a55-a5\/informations-relatives-au-non-paiement-du-peage\/#primaryimage\",\"url\":\"https:\/\/www.itpspa.it\/wp-content\/uploads\/logo-satispay-red-230x230-1.png\",\"contentUrl\":\"https:\/\/www.itpspa.it\/wp-content\/uploads\/logo-satispay-red-230x230-1.png\"},{\"@type\":\"BreadcrumbList\",\"@id\":\"https:\/\/www.itpspa.it\/fr\/troncon-a55-a5\/informations-relatives-au-non-paiement-du-peage\/#breadcrumb\",\"itemListElement\":[{\"@type\":\"ListItem\",\"position\":1,\"name\":\"Home\",\"item\":\"https:\/\/www.itpspa.it\/fr\/\"},{\"@type\":\"ListItem\",\"position\":2,\"name\":\"Tron\u00e7on 1 A55\/A5\",\"item\":\"https:\/\/www.itpspa.it\/fr\/troncon-a55-a5\/\"},{\"@type\":\"ListItem\",\"position\":3,\"name\":\"Informations relatives au non-paiement du p\u00e9age A55\/A5\"}]},{\"@type\":\"WebSite\",\"@id\":\"https:\/\/www.itpspa.it\/#website\",\"url\":\"https:\/\/www.itpspa.it\/\",\"name\":\"ITP - Ivrea Torino Piacenza S.p.A.\",\"description\":\"ITP - Ivrea Torino Piacenza S.p.A.\",\"publisher\":{\"@id\":\"https:\/\/www.itpspa.it\/#organization\"},\"alternateName\":\"ITP S.p.A.\",\"potentialAction\":[{\"@type\":\"SearchAction\",\"target\":{\"@type\":\"EntryPoint\",\"urlTemplate\":\"https:\/\/www.itpspa.it\/?s={search_term_string}\"},\"query-input\":{\"@type\":\"PropertyValueSpecification\",\"valueRequired\":true,\"valueName\":\"search_term_string\"}}],\"inLanguage\":\"fr-FR\"},{\"@type\":\"Organization\",\"@id\":\"https:\/\/www.itpspa.it\/#organization\",\"name\":\"ITP - Ivrea Torino Piacenza S.p.A.\",\"alternateName\":\"ITP S.p.A.\",\"url\":\"https:\/\/www.itpspa.it\/\",\"logo\":{\"@type\":\"ImageObject\",\"inLanguage\":\"fr-FR\",\"@id\":\"https:\/\/www.itpspa.it\/#\/schema\/logo\/image\/\",\"url\":\"https:\/\/www.itpspa.it\/wp-content\/uploads\/ITP-Concessionaria-autostrada-IVREA-TORINO-PIACENZA-1-1.svg\",\"contentUrl\":\"https:\/\/www.itpspa.it\/wp-content\/uploads\/ITP-Concessionaria-autostrada-IVREA-TORINO-PIACENZA-1-1.svg\",\"width\":\"1024\",\"height\":\"1024\",\"caption\":\"ITP - Ivrea Torino Piacenza S.p.A.\"},\"image\":{\"@id\":\"https:\/\/www.itpspa.it\/#\/schema\/logo\/image\/\"}}]}<\/script>\n<!-- \/ Yoast SEO plugin. -->","yoast_head_json":{"title":"Informations relatives au non-paiement du p\u00e9age A55\/A5 - ITP - Ivrea Torino Piacenza S.p.A.","robots":{"index":"index","follow":"follow","max-snippet":"max-snippet:-1","max-image-preview":"max-image-preview:large","max-video-preview":"max-video-preview:-1"},"canonical":"https:\/\/www.itpspa.it\/fr\/troncon-a55-a5\/informations-relatives-au-non-paiement-du-peage\/","og_locale":"fr_FR","og_type":"article","og_title":"Informations relatives au non-paiement du p\u00e9age A55\/A5 - ITP - Ivrea Torino Piacenza S.p.A.","og_description":"[vc_row css_animation=\u00a0\u00bb\u00a0\u00bb row_type=\u00a0\u00bbrow\u00a0\u00bb use_row_as_full_screen_section=\u00a0\u00bbno\u00a0\u00bb type=\u00a0\u00bbfull_width\u00a0\u00bb angled_section=\u00a0\u00bbno\u00a0\u00bb text_align=\u00a0\u00bbleft\u00a0\u00bb background_image_as_pattern=\u00a0\u00bbwithout_pattern\u00a0\u00bb z_index=\u00a0\u00bb\u00a0\u00bb el_class=\u00a0\u00bbriga-testo-padding\u00a0\u00bb el_id=\u00a0\u00bbMRpulsanteModulo\u00a0\u00bb][vc_column offset=\u00a0\u00bbvc_col-md-3&Prime;][vc_widget_sidebar sidebar_id=\u00a0\u00bbSidebar-Info-Servizi\u00a0\u00bb][\/vc_column][vc_column offset=\u00a0\u00bbvc_col-md-9&Prime;][vc_column_text css=\u00a0\u00bb\u00a0\u00bb] [\/vc_column_text][vc_column_text css=\u00a0\u00bb\u00a0\u00bb] GUIDE DE L&rsquo;USAGER\u00a0: Rapports de non-paiement de p\u00e9age \u00e9mis sur le r\u00e9seau de comp\u00e9tence d\u2019ITP. Si le p\u00e9age d\u00fb n\u2019est pas pay\u00e9 (en tout ou en partie) (en...","og_url":"https:\/\/www.itpspa.it\/fr\/troncon-a55-a5\/informations-relatives-au-non-paiement-du-peage\/","og_site_name":"ITP - Ivrea Torino Piacenza S.p.A.","article_modified_time":"2026-02-11T12:35:37+00:00","og_image":[{"width":230,"height":230,"url":"https:\/\/www.itpspa.it\/wp-content\/uploads\/logo-satispay-red-230x230-1.png","type":"image\/png"}],"twitter_card":"summary_large_image","twitter_misc":{"Dur\u00e9e de lecture estim\u00e9e":"6 minutes"},"schema":{"@context":"https:\/\/schema.org","@graph":[{"@type":"WebPage","@id":"https:\/\/www.itpspa.it\/fr\/troncon-a55-a5\/informations-relatives-au-non-paiement-du-peage\/","url":"https:\/\/www.itpspa.it\/fr\/troncon-a55-a5\/informations-relatives-au-non-paiement-du-peage\/","name":"Informations relatives au non-paiement du p\u00e9age A55\/A5 - ITP - Ivrea Torino Piacenza S.p.A.","isPartOf":{"@id":"https:\/\/www.itpspa.it\/#website"},"primaryImageOfPage":{"@id":"https:\/\/www.itpspa.it\/fr\/troncon-a55-a5\/informations-relatives-au-non-paiement-du-peage\/#primaryimage"},"image":{"@id":"https:\/\/www.itpspa.it\/fr\/troncon-a55-a5\/informations-relatives-au-non-paiement-du-peage\/#primaryimage"},"thumbnailUrl":"https:\/\/www.itpspa.it\/wp-content\/uploads\/logo-satispay-red-230x230-1.png","datePublished":"2018-03-23T16:18:25+00:00","dateModified":"2026-02-11T12:35:37+00:00","breadcrumb":{"@id":"https:\/\/www.itpspa.it\/fr\/troncon-a55-a5\/informations-relatives-au-non-paiement-du-peage\/#breadcrumb"},"inLanguage":"fr-FR","potentialAction":[{"@type":"ReadAction","target":["https:\/\/www.itpspa.it\/fr\/troncon-a55-a5\/informations-relatives-au-non-paiement-du-peage\/"]}]},{"@type":"ImageObject","inLanguage":"fr-FR","@id":"https:\/\/www.itpspa.it\/fr\/troncon-a55-a5\/informations-relatives-au-non-paiement-du-peage\/#primaryimage","url":"https:\/\/www.itpspa.it\/wp-content\/uploads\/logo-satispay-red-230x230-1.png","contentUrl":"https:\/\/www.itpspa.it\/wp-content\/uploads\/logo-satispay-red-230x230-1.png"},{"@type":"BreadcrumbList","@id":"https:\/\/www.itpspa.it\/fr\/troncon-a55-a5\/informations-relatives-au-non-paiement-du-peage\/#breadcrumb","itemListElement":[{"@type":"ListItem","position":1,"name":"Home","item":"https:\/\/www.itpspa.it\/fr\/"},{"@type":"ListItem","position":2,"name":"Tron\u00e7on 1 A55\/A5","item":"https:\/\/www.itpspa.it\/fr\/troncon-a55-a5\/"},{"@type":"ListItem","position":3,"name":"Informations relatives au non-paiement du p\u00e9age A55\/A5"}]},{"@type":"WebSite","@id":"https:\/\/www.itpspa.it\/#website","url":"https:\/\/www.itpspa.it\/","name":"ITP - Ivrea Torino Piacenza S.p.A.","description":"ITP - Ivrea Torino Piacenza S.p.A.","publisher":{"@id":"https:\/\/www.itpspa.it\/#organization"},"alternateName":"ITP S.p.A.","potentialAction":[{"@type":"SearchAction","target":{"@type":"EntryPoint","urlTemplate":"https:\/\/www.itpspa.it\/?s={search_term_string}"},"query-input":{"@type":"PropertyValueSpecification","valueRequired":true,"valueName":"search_term_string"}}],"inLanguage":"fr-FR"},{"@type":"Organization","@id":"https:\/\/www.itpspa.it\/#organization","name":"ITP - Ivrea Torino Piacenza S.p.A.","alternateName":"ITP S.p.A.","url":"https:\/\/www.itpspa.it\/","logo":{"@type":"ImageObject","inLanguage":"fr-FR","@id":"https:\/\/www.itpspa.it\/#\/schema\/logo\/image\/","url":"https:\/\/www.itpspa.it\/wp-content\/uploads\/ITP-Concessionaria-autostrada-IVREA-TORINO-PIACENZA-1-1.svg","contentUrl":"https:\/\/www.itpspa.it\/wp-content\/uploads\/ITP-Concessionaria-autostrada-IVREA-TORINO-PIACENZA-1-1.svg","width":"1024","height":"1024","caption":"ITP - Ivrea Torino Piacenza S.p.A."},"image":{"@id":"https:\/\/www.itpspa.it\/#\/schema\/logo\/image\/"}}]}},"publishpress_future_workflow_manual_trigger":{"enabledWorkflows":[]},"_links":{"self":[{"href":"https:\/\/www.itpspa.it\/fr\/wp-json\/wp\/v2\/pages\/9103","targetHints":{"allow":["GET"]}}],"collection":[{"href":"https:\/\/www.itpspa.it\/fr\/wp-json\/wp\/v2\/pages"}],"about":[{"href":"https:\/\/www.itpspa.it\/fr\/wp-json\/wp\/v2\/types\/page"}],"author":[{"embeddable":true,"href":"https:\/\/www.itpspa.it\/fr\/wp-json\/wp\/v2\/users\/1"}],"replies":[{"embeddable":true,"href":"https:\/\/www.itpspa.it\/fr\/wp-json\/wp\/v2\/comments?post=9103"}],"version-history":[{"count":4,"href":"https:\/\/www.itpspa.it\/fr\/wp-json\/wp\/v2\/pages\/9103\/revisions"}],"predecessor-version":[{"id":9150,"href":"https:\/\/www.itpspa.it\/fr\/wp-json\/wp\/v2\/pages\/9103\/revisions\/9150"}],"up":[{"embeddable":true,"href":"https:\/\/www.itpspa.it\/fr\/wp-json\/wp\/v2\/pages\/9057"}],"wp:attachment":[{"href":"https:\/\/www.itpspa.it\/fr\/wp-json\/wp\/v2\/media?parent=9103"}],"curies":[{"name":"wp","href":"https:\/\/api.w.org\/{rel}","templated":true}]}}