{"id":9080,"date":"2018-03-21T18:24:50","date_gmt":"2018-03-21T17:24:50","guid":{"rendered":"https:\/\/www.itpspa.it\/troncon-a55-a5\/emergenze\/"},"modified":"2026-04-10T11:35:52","modified_gmt":"2026-04-10T09:35:52","slug":"urgences","status":"publish","type":"page","link":"https:\/\/www.itpspa.it\/fr\/troncon-a55-a5\/urgences\/","title":{"rendered":"Urgences A55\/A5"},"content":{"rendered":"<div class=\"wpb-content-wrapper\"><p>[vc_row css_animation=\u00a0\u00bb\u00a0\u00bb row_type=\u00a0\u00bbrow\u00a0\u00bb use_row_as_full_screen_section=\u00a0\u00bbno\u00a0\u00bb type=\u00a0\u00bbfull_width\u00a0\u00bb angled_section=\u00a0\u00bbno\u00a0\u00bb text_align=\u00a0\u00bbleft\u00a0\u00bb background_image_as_pattern=\u00a0\u00bbwithout_pattern\u00a0\u00bb z_index=\u00a0\u00bb\u00a0\u00bb el_class=\u00a0\u00bbriga-testo-padding\u00a0\u00bb][vc_column offset=\u00a0\u00bbvc_col-md-3&Prime;][vc_widget_sidebar sidebar_id=\u00a0\u00bbSidebar-Info-Servizi\u00a0\u00bb][\/vc_column][vc_column offset=\u00a0\u00bbvc_col-md-9&Prime;][vc_column_text css=\u00a0\u00bb\u00a0\u00bb]<\/p>\n<h2>Urgences<\/h2>\n<p>En cas d\u2019accident ou d\u2019urgence, l\u2019utilisateur peut appeler \u00e0 l\u2019aide via\u00a0:<\/p>\n<ul>\n<li><strong>les bornes S.O.S.<\/strong>\u00a0\u00e9quip\u00e9es d\u2019un interphone<\/li>\n<li>le\u00a0<strong>personnel de I.T.P.<\/strong>\u00a0et de la\u00a0<strong>police de la circulation<\/strong>\u00a0en service de patrouille sur l\u2019axe autoroutier<\/li>\n<li>le\u00a0<strong>COA<\/strong>\u00a0de Settimo Torinese\u00a0<a href=\"tel:+390118165711\"><strong>+39 011 8165711<\/strong><\/a><\/li>\n<li>par communication t\u00e9l\u00e9phonique via un t\u00e9l\u00e9phone portable directement au\u00a0<strong>Centre des op\u00e9rations et de contr\u00f4le<\/strong>\u00a0au\u00a0<a href=\"tel:+390113814401\"><strong>+39 0113814401<\/strong><\/a>\u00a0pour le Tron\u00e7on 1 A55\/A5<\/li>\n<\/ul>\n<p>L\u2019usager peut \u00e9galement composer le num\u00e9ro d\u2019urgence unique\u00a0<a href=\"tel:+39112\"><strong>112<\/strong><\/a>.<\/p>\n<h2>Comment se comporter<\/h2>\n<p><strong>En cas d\u2019arr\u00eat d\u2019urgence, il convient de s\u2019arr\u00eater\u00a0<\/strong>en toute s\u00e9curit\u00e9, si possible,<strong>\u00a0en dehors de la chauss\u00e9e, en signalant le v\u00e9hicule et en le rendant quoi qu\u2019il en soit visible.<\/strong><\/p>\n<p>Pour signaler une obstruction, il est <strong>toujours<\/strong> n\u00e9cessaire d&rsquo;utiliser le <strong>triangle de signalisation<\/strong>, les <strong>feux de position<\/strong> ou les <strong>feux de d\u00e9tresse<\/strong>, notamment en cas de faible visibilit\u00e9 (nuit, pluie, brouillard, etc.).<\/p>\n<p>En cas de mauvaise visibilit\u00e9, un arr\u00eat d&rsquo;urgence peut exposer \u00e0 des risques graves.<\/p>\n<p>Dans ce cas, il est essentiel de s\u2019arr\u00eater le plus loin possible des voies de circulation et d\u2019am\u00e9liorer la visibilit\u00e9 du v\u00e9hicule et des personnes par tous les moyens possibles et disponibles.<\/p>\n<p>Les personnes effectuant des op\u00e9rations d\u2019urgence doivent \u00e9galement se rendre aussi visibles que possible,\u00a0<strong>en portant \u2013 comme le prescrit le Code de la route \u2013 un gilet ou des bretelles haute visibilit\u00e9<\/strong>\u00a0; pendant toutes les op\u00e9rations, il est \u00e9galement important de garder un \u0153il sur les v\u00e9hicules arrivant sur la route, afin de percevoir \u00e0 l\u2019avance toute situation dangereuse.<\/p>\n<p><strong>En cas d\u2019arr\u00eat d\u2019urgence sur le bord de la chauss\u00e9e<\/strong>, et en particulier lorsque la visibilit\u00e9 est mauvaise,\u00a0<strong>il est obligatoire que les occupants, lorsqu&rsquo;ils sortent du v\u00e9hicule, portent un gilet ou des bretelles \u00e0 haute visibilit\u00e9 et se tiennent le plus \u00e0 droite possible de la chauss\u00e9e<\/strong>\u00a0afin de r\u00e9duire le risque d\u2019\u00eatre percut\u00e9s par des v\u00e9hicules.[\/vc_column_text][\/vc_column][\/vc_row]<\/p>\n<\/div>","protected":false},"excerpt":{"rendered":"<p>[vc_row css_animation=\u00a0\u00bb\u00a0\u00bb row_type=\u00a0\u00bbrow\u00a0\u00bb use_row_as_full_screen_section=\u00a0\u00bbno\u00a0\u00bb type=\u00a0\u00bbfull_width\u00a0\u00bb angled_section=\u00a0\u00bbno\u00a0\u00bb text_align=\u00a0\u00bbleft\u00a0\u00bb background_image_as_pattern=\u00a0\u00bbwithout_pattern\u00a0\u00bb z_index=\u00a0\u00bb\u00a0\u00bb el_class=\u00a0\u00bbriga-testo-padding\u00a0\u00bb][vc_column offset=\u00a0\u00bbvc_col-md-3&Prime;][vc_widget_sidebar sidebar_id=\u00a0\u00bbSidebar-Info-Servizi\u00a0\u00bb][\/vc_column][vc_column offset=\u00a0\u00bbvc_col-md-9&Prime;][vc_column_text css=\u00a0\u00bb\u00a0\u00bb] Urgences En cas d\u2019accident ou d\u2019urgence, l\u2019utilisateur peut appeler \u00e0 l\u2019aide via\u00a0: les bornes S.O.S.\u00a0\u00e9quip\u00e9es d\u2019un interphone le\u00a0personnel de I.T.P.\u00a0et de la\u00a0police de la circulation\u00a0en service de patrouille sur l\u2019axe autoroutier&#8230;<\/p>\n","protected":false},"author":1,"featured_media":0,"parent":9057,"menu_order":0,"comment_status":"closed","ping_status":"closed","template":"full_width.php","meta":{"_acf_changed":false,"inline_featured_image":false,"footnotes":""},"class_list":["post-9080","page","type-page","status-publish","hentry","wpautop"],"acf":[],"yoast_head":"<!-- This site is optimized with the Yoast SEO plugin v27.2 - https:\/\/yoast.com\/product\/yoast-seo-wordpress\/ -->\n<title>Urgences A55\/A5 - ITP - Ivrea Torino Piacenza S.p.A.<\/title>\n<meta name=\"robots\" content=\"index, follow, max-snippet:-1, max-image-preview:large, max-video-preview:-1\" \/>\n<link rel=\"canonical\" href=\"https:\/\/www.itpspa.it\/fr\/troncon-a55-a5\/urgences\/\" \/>\n<meta property=\"og:locale\" content=\"fr_FR\" \/>\n<meta property=\"og:type\" content=\"article\" \/>\n<meta property=\"og:title\" content=\"Urgences A55\/A5 - ITP - Ivrea Torino Piacenza S.p.A.\" \/>\n<meta property=\"og:description\" content=\"[vc_row css_animation=\u00a0\u00bb\u00a0\u00bb row_type=\u00a0\u00bbrow\u00a0\u00bb use_row_as_full_screen_section=\u00a0\u00bbno\u00a0\u00bb type=\u00a0\u00bbfull_width\u00a0\u00bb angled_section=\u00a0\u00bbno\u00a0\u00bb text_align=\u00a0\u00bbleft\u00a0\u00bb background_image_as_pattern=\u00a0\u00bbwithout_pattern\u00a0\u00bb z_index=\u00a0\u00bb\u00a0\u00bb el_class=\u00a0\u00bbriga-testo-padding\u00a0\u00bb][vc_column offset=\u00a0\u00bbvc_col-md-3&Prime;][vc_widget_sidebar sidebar_id=\u00a0\u00bbSidebar-Info-Servizi\u00a0\u00bb][\/vc_column][vc_column offset=\u00a0\u00bbvc_col-md-9&Prime;][vc_column_text css=\u00a0\u00bb\u00a0\u00bb] Urgences En cas d\u2019accident ou d\u2019urgence, l\u2019utilisateur peut appeler \u00e0 l\u2019aide via\u00a0: les bornes S.O.S.\u00a0\u00e9quip\u00e9es d\u2019un interphone le\u00a0personnel de I.T.P.\u00a0et de la\u00a0police de la circulation\u00a0en service de patrouille sur l\u2019axe autoroutier...\" \/>\n<meta property=\"og:url\" content=\"https:\/\/www.itpspa.it\/fr\/troncon-a55-a5\/urgences\/\" \/>\n<meta property=\"og:site_name\" content=\"ITP - Ivrea Torino Piacenza S.p.A.\" \/>\n<meta property=\"article:modified_time\" content=\"2026-04-10T09:35:52+00:00\" \/>\n<meta name=\"twitter:card\" content=\"summary_large_image\" \/>\n<meta name=\"twitter:label1\" content=\"Dur\u00e9e de lecture estim\u00e9e\" \/>\n\t<meta name=\"twitter:data1\" content=\"2 minutes\" \/>\n<script type=\"application\/ld+json\" class=\"yoast-schema-graph\">{\"@context\":\"https:\/\/schema.org\",\"@graph\":[{\"@type\":\"WebPage\",\"@id\":\"https:\/\/www.itpspa.it\/fr\/troncon-a55-a5\/urgences\/\",\"url\":\"https:\/\/www.itpspa.it\/fr\/troncon-a55-a5\/urgences\/\",\"name\":\"Urgences A55\/A5 - ITP - Ivrea Torino Piacenza S.p.A.\",\"isPartOf\":{\"@id\":\"https:\/\/www.itpspa.it\/#website\"},\"datePublished\":\"2018-03-21T17:24:50+00:00\",\"dateModified\":\"2026-04-10T09:35:52+00:00\",\"breadcrumb\":{\"@id\":\"https:\/\/www.itpspa.it\/fr\/troncon-a55-a5\/urgences\/#breadcrumb\"},\"inLanguage\":\"fr-FR\",\"potentialAction\":[{\"@type\":\"ReadAction\",\"target\":[\"https:\/\/www.itpspa.it\/fr\/troncon-a55-a5\/urgences\/\"]}]},{\"@type\":\"BreadcrumbList\",\"@id\":\"https:\/\/www.itpspa.it\/fr\/troncon-a55-a5\/urgences\/#breadcrumb\",\"itemListElement\":[{\"@type\":\"ListItem\",\"position\":1,\"name\":\"Home\",\"item\":\"https:\/\/www.itpspa.it\/fr\/\"},{\"@type\":\"ListItem\",\"position\":2,\"name\":\"Tron\u00e7on 1 A55\/A5\",\"item\":\"https:\/\/www.itpspa.it\/fr\/troncon-a55-a5\/\"},{\"@type\":\"ListItem\",\"position\":3,\"name\":\"Urgences A55\/A5\"}]},{\"@type\":\"WebSite\",\"@id\":\"https:\/\/www.itpspa.it\/#website\",\"url\":\"https:\/\/www.itpspa.it\/\",\"name\":\"ITP - Ivrea Torino Piacenza S.p.A.\",\"description\":\"ITP - Ivrea Torino Piacenza S.p.A.\",\"publisher\":{\"@id\":\"https:\/\/www.itpspa.it\/#organization\"},\"alternateName\":\"ITP S.p.A.\",\"potentialAction\":[{\"@type\":\"SearchAction\",\"target\":{\"@type\":\"EntryPoint\",\"urlTemplate\":\"https:\/\/www.itpspa.it\/?s={search_term_string}\"},\"query-input\":{\"@type\":\"PropertyValueSpecification\",\"valueRequired\":true,\"valueName\":\"search_term_string\"}}],\"inLanguage\":\"fr-FR\"},{\"@type\":\"Organization\",\"@id\":\"https:\/\/www.itpspa.it\/#organization\",\"name\":\"ITP - Ivrea Torino Piacenza S.p.A.\",\"alternateName\":\"ITP S.p.A.\",\"url\":\"https:\/\/www.itpspa.it\/\",\"logo\":{\"@type\":\"ImageObject\",\"inLanguage\":\"fr-FR\",\"@id\":\"https:\/\/www.itpspa.it\/#\/schema\/logo\/image\/\",\"url\":\"https:\/\/www.itpspa.it\/wp-content\/uploads\/ITP-Concessionaria-autostrada-IVREA-TORINO-PIACENZA-1-1.svg\",\"contentUrl\":\"https:\/\/www.itpspa.it\/wp-content\/uploads\/ITP-Concessionaria-autostrada-IVREA-TORINO-PIACENZA-1-1.svg\",\"width\":\"1024\",\"height\":\"1024\",\"caption\":\"ITP - Ivrea Torino Piacenza S.p.A.\"},\"image\":{\"@id\":\"https:\/\/www.itpspa.it\/#\/schema\/logo\/image\/\"}}]}<\/script>\n<!-- \/ Yoast SEO plugin. -->","yoast_head_json":{"title":"Urgences A55\/A5 - ITP - Ivrea Torino Piacenza S.p.A.","robots":{"index":"index","follow":"follow","max-snippet":"max-snippet:-1","max-image-preview":"max-image-preview:large","max-video-preview":"max-video-preview:-1"},"canonical":"https:\/\/www.itpspa.it\/fr\/troncon-a55-a5\/urgences\/","og_locale":"fr_FR","og_type":"article","og_title":"Urgences A55\/A5 - ITP - Ivrea Torino Piacenza S.p.A.","og_description":"[vc_row css_animation=\u00a0\u00bb\u00a0\u00bb row_type=\u00a0\u00bbrow\u00a0\u00bb use_row_as_full_screen_section=\u00a0\u00bbno\u00a0\u00bb type=\u00a0\u00bbfull_width\u00a0\u00bb angled_section=\u00a0\u00bbno\u00a0\u00bb text_align=\u00a0\u00bbleft\u00a0\u00bb background_image_as_pattern=\u00a0\u00bbwithout_pattern\u00a0\u00bb z_index=\u00a0\u00bb\u00a0\u00bb el_class=\u00a0\u00bbriga-testo-padding\u00a0\u00bb][vc_column offset=\u00a0\u00bbvc_col-md-3&Prime;][vc_widget_sidebar sidebar_id=\u00a0\u00bbSidebar-Info-Servizi\u00a0\u00bb][\/vc_column][vc_column offset=\u00a0\u00bbvc_col-md-9&Prime;][vc_column_text css=\u00a0\u00bb\u00a0\u00bb] Urgences En cas d\u2019accident ou d\u2019urgence, l\u2019utilisateur peut appeler \u00e0 l\u2019aide via\u00a0: les bornes S.O.S.\u00a0\u00e9quip\u00e9es d\u2019un interphone le\u00a0personnel de I.T.P.\u00a0et de la\u00a0police de la circulation\u00a0en service de patrouille sur l\u2019axe autoroutier...","og_url":"https:\/\/www.itpspa.it\/fr\/troncon-a55-a5\/urgences\/","og_site_name":"ITP - Ivrea Torino Piacenza S.p.A.","article_modified_time":"2026-04-10T09:35:52+00:00","twitter_card":"summary_large_image","twitter_misc":{"Dur\u00e9e de lecture estim\u00e9e":"2 minutes"},"schema":{"@context":"https:\/\/schema.org","@graph":[{"@type":"WebPage","@id":"https:\/\/www.itpspa.it\/fr\/troncon-a55-a5\/urgences\/","url":"https:\/\/www.itpspa.it\/fr\/troncon-a55-a5\/urgences\/","name":"Urgences A55\/A5 - ITP - Ivrea Torino Piacenza S.p.A.","isPartOf":{"@id":"https:\/\/www.itpspa.it\/#website"},"datePublished":"2018-03-21T17:24:50+00:00","dateModified":"2026-04-10T09:35:52+00:00","breadcrumb":{"@id":"https:\/\/www.itpspa.it\/fr\/troncon-a55-a5\/urgences\/#breadcrumb"},"inLanguage":"fr-FR","potentialAction":[{"@type":"ReadAction","target":["https:\/\/www.itpspa.it\/fr\/troncon-a55-a5\/urgences\/"]}]},{"@type":"BreadcrumbList","@id":"https:\/\/www.itpspa.it\/fr\/troncon-a55-a5\/urgences\/#breadcrumb","itemListElement":[{"@type":"ListItem","position":1,"name":"Home","item":"https:\/\/www.itpspa.it\/fr\/"},{"@type":"ListItem","position":2,"name":"Tron\u00e7on 1 A55\/A5","item":"https:\/\/www.itpspa.it\/fr\/troncon-a55-a5\/"},{"@type":"ListItem","position":3,"name":"Urgences A55\/A5"}]},{"@type":"WebSite","@id":"https:\/\/www.itpspa.it\/#website","url":"https:\/\/www.itpspa.it\/","name":"ITP - Ivrea Torino Piacenza S.p.A.","description":"ITP - Ivrea Torino Piacenza S.p.A.","publisher":{"@id":"https:\/\/www.itpspa.it\/#organization"},"alternateName":"ITP S.p.A.","potentialAction":[{"@type":"SearchAction","target":{"@type":"EntryPoint","urlTemplate":"https:\/\/www.itpspa.it\/?s={search_term_string}"},"query-input":{"@type":"PropertyValueSpecification","valueRequired":true,"valueName":"search_term_string"}}],"inLanguage":"fr-FR"},{"@type":"Organization","@id":"https:\/\/www.itpspa.it\/#organization","name":"ITP - Ivrea Torino Piacenza S.p.A.","alternateName":"ITP S.p.A.","url":"https:\/\/www.itpspa.it\/","logo":{"@type":"ImageObject","inLanguage":"fr-FR","@id":"https:\/\/www.itpspa.it\/#\/schema\/logo\/image\/","url":"https:\/\/www.itpspa.it\/wp-content\/uploads\/ITP-Concessionaria-autostrada-IVREA-TORINO-PIACENZA-1-1.svg","contentUrl":"https:\/\/www.itpspa.it\/wp-content\/uploads\/ITP-Concessionaria-autostrada-IVREA-TORINO-PIACENZA-1-1.svg","width":"1024","height":"1024","caption":"ITP - Ivrea Torino Piacenza S.p.A."},"image":{"@id":"https:\/\/www.itpspa.it\/#\/schema\/logo\/image\/"}}]}},"publishpress_future_workflow_manual_trigger":{"enabledWorkflows":[]},"_links":{"self":[{"href":"https:\/\/www.itpspa.it\/fr\/wp-json\/wp\/v2\/pages\/9080","targetHints":{"allow":["GET"]}}],"collection":[{"href":"https:\/\/www.itpspa.it\/fr\/wp-json\/wp\/v2\/pages"}],"about":[{"href":"https:\/\/www.itpspa.it\/fr\/wp-json\/wp\/v2\/types\/page"}],"author":[{"embeddable":true,"href":"https:\/\/www.itpspa.it\/fr\/wp-json\/wp\/v2\/users\/1"}],"replies":[{"embeddable":true,"href":"https:\/\/www.itpspa.it\/fr\/wp-json\/wp\/v2\/comments?post=9080"}],"version-history":[{"count":2,"href":"https:\/\/www.itpspa.it\/fr\/wp-json\/wp\/v2\/pages\/9080\/revisions"}],"predecessor-version":[{"id":9854,"href":"https:\/\/www.itpspa.it\/fr\/wp-json\/wp\/v2\/pages\/9080\/revisions\/9854"}],"up":[{"embeddable":true,"href":"https:\/\/www.itpspa.it\/fr\/wp-json\/wp\/v2\/pages\/9057"}],"wp:attachment":[{"href":"https:\/\/www.itpspa.it\/fr\/wp-json\/wp\/v2\/media?parent=9080"}],"curies":[{"name":"wp","href":"https:\/\/api.w.org\/{rel}","templated":true}]}}