{"id":9049,"date":"2024-11-27T11:31:37","date_gmt":"2024-11-27T10:31:37","guid":{"rendered":"https:\/\/www.itpspa.it\/indicatori\/"},"modified":"2026-04-03T08:05:27","modified_gmt":"2026-04-03T06:05:27","slug":"indicateurs","status":"publish","type":"page","link":"https:\/\/www.itpspa.it\/fr\/indicateurs\/","title":{"rendered":"Indicateurs"},"content":{"rendered":"<div class=\"wpb-content-wrapper\"><p>[vc_row css_animation=\u00a0\u00bb\u00a0\u00bb row_type=\u00a0\u00bbrow\u00a0\u00bb use_row_as_full_screen_section=\u00a0\u00bbno\u00a0\u00bb type=\u00a0\u00bbfull_width\u00a0\u00bb angled_section=\u00a0\u00bbno\u00a0\u00bb text_align=\u00a0\u00bbleft\u00a0\u00bb background_image_as_pattern=\u00a0\u00bbwithout_pattern\u00a0\u00bb z_index=\u00a0\u00bb\u00a0\u00bb el_class=\u00a0\u00bbriga-testo-padding\u00a0\u00bb][vc_column offset=\u00a0\u00bbvc_col-md-3&Prime;][vc_widget_sidebar sidebar_id=\u00a0\u00bbSidebar-Societa\u00a0\u00bb][\/vc_column][vc_column offset=\u00a0\u00bbvc_col-md-9&Prime;][vc_column_text css=\u00a0\u00bb\u00a0\u00bb]Conform\u00e9ment \u00e0 l&rsquo;accord sign\u00e9 avec le minist\u00e8re des Infrastructures et des Transports le 5 mars 2024, la soci\u00e9t\u00e9 a soumis au conc\u00e9dant une proposition visant \u00e0 introduire des indicateurs de qualit\u00e9 pour le service autoroutier conc\u00e9d\u00e9, tels qu&rsquo;identifi\u00e9s par la r\u00e9solution ART n\u00b0 119 du 28 septembre 2017. L&rsquo;\u00e9tude est en cours. Dans l&rsquo;intervalle, la soci\u00e9t\u00e9 met en \u0153uvre les indicateurs suivants:[\/vc_column_text]<div class=\"qode-report-sheet qode-rs-three-columns\">\n\t\n\t<div class=\"qode-rs-title-holder\">\n\t\t<h5 class='qode-rs-title'> \n\t\t\t \n\t\t<\/h5>\n\t<\/div>\n\t\n\n\t<div class=\"qode-rs-table qode-rs-table-three-columns\">\n\t\t<div class=\"qode-rs-table-header qode-rs-table-three-columns-header clearfix\">\n\t\t\t\t\t\t\t\n\t\t\t\t\t\t\t\t\t<div class=\"qode-rs-column-title-holder qode-rs-table-column\">\n\t\t\t\t\t\t<h6 class=\"qode-rs-column-title\">\n\t\t\t\t\t\t\tIndicateur\t\t\t\t\t\t<\/h6>\n\t\t\t\t\t<\/div>\n\t\t\t\t\n\t\t\t\t\t\t\t\t\t<div class=\"qode-rs-column-title-holder qode-rs-table-column\">\n\t\t\t\t\t\t<h6 class=\"qode-rs-column-title\">\n\t\t\t\t\t\t\tUnit\u00e9 de mesure\t\t\t\t\t\t<\/h6>\n\t\t\t\t\t<\/div>\n\t\t\t\t\n\t\t\t\t\t\t\t\t\t<div class=\"qode-rs-column-title-holder qode-rs-table-column\">\n\t\t\t\t\t\t<h6 class=\"qode-rs-column-title\">\n\t\t\t\t\t\t\tNorme de r\u00e9f\u00e9rence\t\t\t\t\t\t<\/h6>\n\t\t\t\t\t<\/div>\n\t\t\t\t\n\t\t\t\t\n\t\t\t\t\n\t\t<\/div>\n\n\t\t<div class=\"qode-rs-table-content qode-rs-table-three-columns-content\">\n\n\t\t\t\t\t\t\t<div class=\"qode-rs-table-row clearfix\">\n\t\t\t\t\t\t\t\t\t\t\t\t<div class=\"qode-rs-table-column clearfix\">\n\t\t\t\t\t\t\t\t<div class=\"qode-rs-table-column-title-header\">\n\t\t\t\t\t\t\t\t\t<h6 class=\"qode-rs-column-title\">\n\t\t\t\t\t\t\t\t\t\tIndicateur\t\t\t\t\t\t\t\t\t<\/h6>\n\t\t\t\t\t\t\t\t<\/div>\n\t\t\t\t\t\t\t\t<div class=\"qode-rs-table-column-inner\">\n\t\t\t\t\t\t\t\t\t<div class=\"qode-rs-table-column-title\">\n\t\t\t\t\t\t\t\t\t\tFacteur de base : S\u00e9curit\u00e9 du voyage\t\t\t\t\t\t\t\t\t\t\n\t\t\t\t\t\t\t\t\t<\/div>\n\t\t\t\t\t\t\t\t\t<div class=\"qode-rs-table-column-subtitle\">\n\t\t\t\t\t\t\t\t\t\tD\u00e9lai de pr\u00e9avis des communications, par voie d\u2019arr\u00eat\u00e9, pour les chantiers d&#039;une dur\u00e9e &gt; 5 jours\t\t\t\t\t\t\t\t\t<\/div>\n\t\t\t\t\t\t\t\t<\/div>\n\t\t\t\t\t\t\t<\/div>\n\t\t\t\t\t\t\t<div class=\"qode-rs-table-column clearfix\">\n\t\t\t\t\t\t\t\t<div class=\"qode-rs-table-column-title-header\">\n\t\t\t\t\t\t\t\t\t<h6 class=\"qode-rs-column-title\">\n\t\t\t\t\t\t\t\t\t\tUnit\u00e9 de mesure\t\t\t\t\t\t\t\t\t<\/h6>\n\t\t\t\t\t\t\t\t<\/div>\n\t\t\t\t\t\t\t\t<div class=\"qode-rs-table-column-inner\">\n\t\t\t\t\t\t\t\t\t<div class=\"qode-rs-table-column-title\">\n\t\t\t\t\t\t\t\t\t\tD\u00e9lai (h) de pr\u00e9avis dans 85 % des cas\t\t\t\t\t\t\t\t\t\t\n\t\t\t\t\t\t\t\t\t<\/div>\n\t\t\t\t\t\t\t\t\t<div class=\"qode-rs-table-column-subtitle\">\n\t\t\t\t\t\t\t\t\t\t\t\t\t\t\t\t\t\t\t<\/div>\n\t\t\t\t\t\t\t\t<\/div>\n\t\t\t\t\t\t\t<\/div>\n\t\t\t\t\t\t\t<div class=\"qode-rs-table-column clearfix\">\n\t\t\t\t\t\t\t\t<div class=\"qode-rs-table-column-title-header\">\n\t\t\t\t\t\t\t\t\t<h6 class=\"qode-rs-column-title\">\n\t\t\t\t\t\t\t\t\t\tNorme de r\u00e9f\u00e9rence\t\t\t\t\t\t\t\t\t<\/h6>\n\t\t\t\t\t\t\t\t<\/div>\n\t\t\t\t\t\t\t\t<div class=\"qode-rs-table-column-inner\">\n\t\t\t\t\t\t\t\t\t<div class=\"qode-rs-table-column-title\">\n\t\t\t\t\t\t\t\t\t\t24\t\t\t\t\t\t\t\t\t\t\n\t\t\t\t\t\t\t\t\t<\/div>\n\t\t\t\t\t\t\t\t\t<div class=\"qode-rs-table-column-subtitle\">\n\t\t\t\t\t\t\t\t\t\t\t\t\t\t\t\t\t\t\t<\/div>\n\t\t\t\t\t\t\t\t<\/div>\n\t\t\t\t\t\t\t<\/div>\n\t\t\t\t\t\t\t\t\t\t\t\n\t\t\t\t<\/div>\n\n\t\t\t\t\t\t\t<div class=\"qode-rs-table-row clearfix\">\n\t\t\t\t\t\t\t\t\t\t\t\t<div class=\"qode-rs-table-column clearfix\">\n\t\t\t\t\t\t\t\t<div class=\"qode-rs-table-column-title-header\">\n\t\t\t\t\t\t\t\t\t<h6 class=\"qode-rs-column-title\">\n\t\t\t\t\t\t\t\t\t\tIndicateur\t\t\t\t\t\t\t\t\t<\/h6>\n\t\t\t\t\t\t\t\t<\/div>\n\t\t\t\t\t\t\t\t<div class=\"qode-rs-table-column-inner\">\n\t\t\t\t\t\t\t\t\t<div class=\"qode-rs-table-column-title\">\n\t\t\t\t\t\t\t\t\t\tFacteur de base : r\u00e9gularit\u00e9 du service\t\t\t\t\t\t\t\t\t\t\n\t\t\t\t\t\t\t\t\t<\/div>\n\t\t\t\t\t\t\t\t\t<div class=\"qode-rs-table-column-subtitle\">\n\t\t\t\t\t\t\t\t\t\tStatut du marquage routier (r\u00e9tror\u00e9flexion)*\t\t\t\t\t\t\t\t\t<\/div>\n\t\t\t\t\t\t\t\t<\/div>\n\t\t\t\t\t\t\t<\/div>\n\t\t\t\t\t\t\t<div class=\"qode-rs-table-column clearfix\">\n\t\t\t\t\t\t\t\t<div class=\"qode-rs-table-column-title-header\">\n\t\t\t\t\t\t\t\t\t<h6 class=\"qode-rs-column-title\">\n\t\t\t\t\t\t\t\t\t\tUnit\u00e9 de mesure\t\t\t\t\t\t\t\t\t<\/h6>\n\t\t\t\t\t\t\t\t<\/div>\n\t\t\t\t\t\t\t\t<div class=\"qode-rs-table-column-inner\">\n\t\t\t\t\t\t\t\t\t<div class=\"qode-rs-table-column-title\">\n\t\t\t\t\t\t\t\t\t\t(RL) R\u00e9tror\u00e9flexion (mcd lx-1 m-2)\t\t\t\t\t\t\t\t\t\t\n\t\t\t\t\t\t\t\t\t<\/div>\n\t\t\t\t\t\t\t\t\t<div class=\"qode-rs-table-column-subtitle\">\n\t\t\t\t\t\t\t\t\t\t\t\t\t\t\t\t\t\t\t<\/div>\n\t\t\t\t\t\t\t\t<\/div>\n\t\t\t\t\t\t\t<\/div>\n\t\t\t\t\t\t\t<div class=\"qode-rs-table-column clearfix\">\n\t\t\t\t\t\t\t\t<div class=\"qode-rs-table-column-title-header\">\n\t\t\t\t\t\t\t\t\t<h6 class=\"qode-rs-column-title\">\n\t\t\t\t\t\t\t\t\t\tNorme de r\u00e9f\u00e9rence\t\t\t\t\t\t\t\t\t<\/h6>\n\t\t\t\t\t\t\t\t<\/div>\n\t\t\t\t\t\t\t\t<div class=\"qode-rs-table-column-inner\">\n\t\t\t\t\t\t\t\t\t<div class=\"qode-rs-table-column-title\">\n\t\t\t\t\t\t\t\t\t\t100\t\t\t\t\t\t\t\t\t\t\n\t\t\t\t\t\t\t\t\t<\/div>\n\t\t\t\t\t\t\t\t\t<div class=\"qode-rs-table-column-subtitle\">\n\t\t\t\t\t\t\t\t\t\t\t\t\t\t\t\t\t\t\t<\/div>\n\t\t\t\t\t\t\t\t<\/div>\n\t\t\t\t\t\t\t<\/div>\n\t\t\t\t\t\t\t\t\t\t\t\n\t\t\t\t<\/div>\n\n\t\t\t\t\t\t\t<div class=\"qode-rs-table-row clearfix\">\n\t\t\t\t\t\t\t\t\t\t\t\t<div class=\"qode-rs-table-column clearfix\">\n\t\t\t\t\t\t\t\t<div class=\"qode-rs-table-column-title-header\">\n\t\t\t\t\t\t\t\t\t<h6 class=\"qode-rs-column-title\">\n\t\t\t\t\t\t\t\t\t\tIndicateur\t\t\t\t\t\t\t\t\t<\/h6>\n\t\t\t\t\t\t\t\t<\/div>\n\t\t\t\t\t\t\t\t<div class=\"qode-rs-table-column-inner\">\n\t\t\t\t\t\t\t\t\t<div class=\"qode-rs-table-column-title\">\n\t\t\t\t\t\t\t\t\t\tFacteur de base : Confort du service\t\t\t\t\t\t\t\t\t\t\n\t\t\t\t\t\t\t\t\t<\/div>\n\t\t\t\t\t\t\t\t\t<div class=\"qode-rs-table-column-subtitle\">\n\t\t\t\t\t\t\t\t\t\tServices des aires de service - nombre de contr\u00f4les par mois sur au moins 80 % des aires avec 1 contr\u00f4le par mois sur 100 % des aires\t\t\t\t\t\t\t\t\t<\/div>\n\t\t\t\t\t\t\t\t<\/div>\n\t\t\t\t\t\t\t<\/div>\n\t\t\t\t\t\t\t<div class=\"qode-rs-table-column clearfix\">\n\t\t\t\t\t\t\t\t<div class=\"qode-rs-table-column-title-header\">\n\t\t\t\t\t\t\t\t\t<h6 class=\"qode-rs-column-title\">\n\t\t\t\t\t\t\t\t\t\tUnit\u00e9 de mesure\t\t\t\t\t\t\t\t\t<\/h6>\n\t\t\t\t\t\t\t\t<\/div>\n\t\t\t\t\t\t\t\t<div class=\"qode-rs-table-column-inner\">\n\t\t\t\t\t\t\t\t\t<div class=\"qode-rs-table-column-title\">\n\t\t\t\t\t\t\t\t\t\tnbre\/mois\t\t\t\t\t\t\t\t\t\t\n\t\t\t\t\t\t\t\t\t<\/div>\n\t\t\t\t\t\t\t\t\t<div class=\"qode-rs-table-column-subtitle\">\n\t\t\t\t\t\t\t\t\t\t\t\t\t\t\t\t\t\t\t<\/div>\n\t\t\t\t\t\t\t\t<\/div>\n\t\t\t\t\t\t\t<\/div>\n\t\t\t\t\t\t\t<div class=\"qode-rs-table-column clearfix\">\n\t\t\t\t\t\t\t\t<div class=\"qode-rs-table-column-title-header\">\n\t\t\t\t\t\t\t\t\t<h6 class=\"qode-rs-column-title\">\n\t\t\t\t\t\t\t\t\t\tNorme de r\u00e9f\u00e9rence\t\t\t\t\t\t\t\t\t<\/h6>\n\t\t\t\t\t\t\t\t<\/div>\n\t\t\t\t\t\t\t\t<div class=\"qode-rs-table-column-inner\">\n\t\t\t\t\t\t\t\t\t<div class=\"qode-rs-table-column-title\">\n\t\t\t\t\t\t\t\t\t\t2\t\t\t\t\t\t\t\t\t\t\n\t\t\t\t\t\t\t\t\t<\/div>\n\t\t\t\t\t\t\t\t\t<div class=\"qode-rs-table-column-subtitle\">\n\t\t\t\t\t\t\t\t\t\t\t\t\t\t\t\t\t\t\t<\/div>\n\t\t\t\t\t\t\t\t<\/div>\n\t\t\t\t\t\t\t<\/div>\n\t\t\t\t\t\t\t\t\t\t\t\n\t\t\t\t<\/div>\n\n\t\t\t\t\t\t\t<div class=\"qode-rs-table-row clearfix\">\n\t\t\t\t\t\t\t\t\t\t\t\t<div class=\"qode-rs-table-column clearfix\">\n\t\t\t\t\t\t\t\t<div class=\"qode-rs-table-column-title-header\">\n\t\t\t\t\t\t\t\t\t<h6 class=\"qode-rs-column-title\">\n\t\t\t\t\t\t\t\t\t\tIndicateur\t\t\t\t\t\t\t\t\t<\/h6>\n\t\t\t\t\t\t\t\t<\/div>\n\t\t\t\t\t\t\t\t<div class=\"qode-rs-table-column-inner\">\n\t\t\t\t\t\t\t\t\t<div class=\"qode-rs-table-column-title\">\n\t\t\t\t\t\t\t\t\t\tFacteur de base : Services pour les voyageurs handicap\u00e9s\t\t\t\t\t\t\t\t\t\t\n\t\t\t\t\t\t\t\t\t<\/div>\n\t\t\t\t\t\t\t\t\t<div class=\"qode-rs-table-column-subtitle\">\n\t\t\t\t\t\t\t\t\t\tServices des aires de service - nombre de contr\u00f4les par mois sur au moins 90 % des aires avec 1 contr\u00f4le par mois sur 100 % des aires\t\t\t\t\t\t\t\t\t<\/div>\n\t\t\t\t\t\t\t\t<\/div>\n\t\t\t\t\t\t\t<\/div>\n\t\t\t\t\t\t\t<div class=\"qode-rs-table-column clearfix\">\n\t\t\t\t\t\t\t\t<div class=\"qode-rs-table-column-title-header\">\n\t\t\t\t\t\t\t\t\t<h6 class=\"qode-rs-column-title\">\n\t\t\t\t\t\t\t\t\t\tUnit\u00e9 de mesure\t\t\t\t\t\t\t\t\t<\/h6>\n\t\t\t\t\t\t\t\t<\/div>\n\t\t\t\t\t\t\t\t<div class=\"qode-rs-table-column-inner\">\n\t\t\t\t\t\t\t\t\t<div class=\"qode-rs-table-column-title\">\n\t\t\t\t\t\t\t\t\t\tnbre\/mois\t\t\t\t\t\t\t\t\t\t\n\t\t\t\t\t\t\t\t\t<\/div>\n\t\t\t\t\t\t\t\t\t<div class=\"qode-rs-table-column-subtitle\">\n\t\t\t\t\t\t\t\t\t\t\t\t\t\t\t\t\t\t\t<\/div>\n\t\t\t\t\t\t\t\t<\/div>\n\t\t\t\t\t\t\t<\/div>\n\t\t\t\t\t\t\t<div class=\"qode-rs-table-column clearfix\">\n\t\t\t\t\t\t\t\t<div class=\"qode-rs-table-column-title-header\">\n\t\t\t\t\t\t\t\t\t<h6 class=\"qode-rs-column-title\">\n\t\t\t\t\t\t\t\t\t\tNorme de r\u00e9f\u00e9rence\t\t\t\t\t\t\t\t\t<\/h6>\n\t\t\t\t\t\t\t\t<\/div>\n\t\t\t\t\t\t\t\t<div class=\"qode-rs-table-column-inner\">\n\t\t\t\t\t\t\t\t\t<div class=\"qode-rs-table-column-title\">\n\t\t\t\t\t\t\t\t\t\t2\t\t\t\t\t\t\t\t\t\t\n\t\t\t\t\t\t\t\t\t<\/div>\n\t\t\t\t\t\t\t\t\t<div class=\"qode-rs-table-column-subtitle\">\n\t\t\t\t\t\t\t\t\t\t\t\t\t\t\t\t\t\t\t<\/div>\n\t\t\t\t\t\t\t\t<\/div>\n\t\t\t\t\t\t\t<\/div>\n\t\t\t\t\t\t\t\t\t\t\t\n\t\t\t\t<\/div>\n\n\t\t\t\t\t\t\t<div class=\"qode-rs-table-row clearfix\">\n\t\t\t\t\t\t\t\t\t\t\t\t<div class=\"qode-rs-table-column clearfix\">\n\t\t\t\t\t\t\t\t<div class=\"qode-rs-table-column-title-header\">\n\t\t\t\t\t\t\t\t\t<h6 class=\"qode-rs-column-title\">\n\t\t\t\t\t\t\t\t\t\tIndicateur\t\t\t\t\t\t\t\t\t<\/h6>\n\t\t\t\t\t\t\t\t<\/div>\n\t\t\t\t\t\t\t\t<div class=\"qode-rs-table-column-inner\">\n\t\t\t\t\t\t\t\t\t<div class=\"qode-rs-table-column-title\">\n\t\t\t\t\t\t\t\t\t\tFacteur de base : Informations aux usagers\t\t\t\t\t\t\t\t\t\t\n\t\t\t\t\t\t\t\t\t<\/div>\n\t\t\t\t\t\t\t\t\t<div class=\"qode-rs-table-column-subtitle\">\n\t\t\t\t\t\t\t\t\t\tTemps de r\u00e9ponse aux propositions et aux r\u00e9clamations envoy\u00e9es par courrier \u00e9lectronique\t\t\t\t\t\t\t\t\t<\/div>\n\t\t\t\t\t\t\t\t<\/div>\n\t\t\t\t\t\t\t<\/div>\n\t\t\t\t\t\t\t<div class=\"qode-rs-table-column clearfix\">\n\t\t\t\t\t\t\t\t<div class=\"qode-rs-table-column-title-header\">\n\t\t\t\t\t\t\t\t\t<h6 class=\"qode-rs-column-title\">\n\t\t\t\t\t\t\t\t\t\tUnit\u00e9 de mesure\t\t\t\t\t\t\t\t\t<\/h6>\n\t\t\t\t\t\t\t\t<\/div>\n\t\t\t\t\t\t\t\t<div class=\"qode-rs-table-column-inner\">\n\t\t\t\t\t\t\t\t\t<div class=\"qode-rs-table-column-title\">\n\t\t\t\t\t\t\t\t\t\td\u00e9lai de r\u00e9ponse dans 85 % des cas en jours ouvrables\t\t\t\t\t\t\t\t\t\t\n\t\t\t\t\t\t\t\t\t<\/div>\n\t\t\t\t\t\t\t\t\t<div class=\"qode-rs-table-column-subtitle\">\n\t\t\t\t\t\t\t\t\t\t\t\t\t\t\t\t\t\t\t<\/div>\n\t\t\t\t\t\t\t\t<\/div>\n\t\t\t\t\t\t\t<\/div>\n\t\t\t\t\t\t\t<div class=\"qode-rs-table-column clearfix\">\n\t\t\t\t\t\t\t\t<div class=\"qode-rs-table-column-title-header\">\n\t\t\t\t\t\t\t\t\t<h6 class=\"qode-rs-column-title\">\n\t\t\t\t\t\t\t\t\t\tNorme de r\u00e9f\u00e9rence\t\t\t\t\t\t\t\t\t<\/h6>\n\t\t\t\t\t\t\t\t<\/div>\n\t\t\t\t\t\t\t\t<div class=\"qode-rs-table-column-inner\">\n\t\t\t\t\t\t\t\t\t<div class=\"qode-rs-table-column-title\">\n\t\t\t\t\t\t\t\t\t\t10\t\t\t\t\t\t\t\t\t\t\n\t\t\t\t\t\t\t\t\t<\/div>\n\t\t\t\t\t\t\t\t\t<div class=\"qode-rs-table-column-subtitle\">\n\t\t\t\t\t\t\t\t\t\t\t\t\t\t\t\t\t\t\t<\/div>\n\t\t\t\t\t\t\t\t<\/div>\n\t\t\t\t\t\t\t<\/div>\n\t\t\t\t\t\t\t\t\t\t\t\n\t\t\t\t<\/div>\n\n\t\t\t\t\t<\/div>\t\n\n\t<\/div>\n\n\t\n\n<\/div>[vc_column_text css=\u00a0\u00bb\u00a0\u00bb]<\/p>\n<div class=\"wpb_text_column wpb_content_element \">\n<div class=\"wpb_wrapper\">\n<p>* La conformit\u00e9 \u00e0 la norme est v\u00e9rifi\u00e9e (uniquement pour la ligne de marge droite et \u00e0 l&rsquo;exclusion des tunnels, de la p\u00e9riode d&rsquo;exploitation hivernale, de la proximit\u00e9 des chantiers et des aires de service) sur 90 % des tron\u00e7ons d&rsquo;au moins 20 km.<\/p>\n<\/div>\n<\/div>\n<p>Le suivi des indicateurs est effectu\u00e9 annuellement et les r\u00e9sultats sont transmis \u00e0 l&rsquo;autorit\u00e9 subventionnaire, le minist\u00e8re des Infrastructures et des Transports.<\/p>\n<p>Au vu du tableau ci-dessus, les r\u00e9sultats de 2025 sont conformes aux normes attendues.<\/p>\n<p>Le concessionnaire entend \u00e9galement se conformer aux normes pour 2026.[\/vc_column_text][vc_empty_space][\/vc_column][\/vc_row]<\/p>\n<\/div>","protected":false},"excerpt":{"rendered":"<p>[vc_row css_animation=\u00a0\u00bb\u00a0\u00bb row_type=\u00a0\u00bbrow\u00a0\u00bb use_row_as_full_screen_section=\u00a0\u00bbno\u00a0\u00bb type=\u00a0\u00bbfull_width\u00a0\u00bb angled_section=\u00a0\u00bbno\u00a0\u00bb text_align=\u00a0\u00bbleft\u00a0\u00bb background_image_as_pattern=\u00a0\u00bbwithout_pattern\u00a0\u00bb z_index=\u00a0\u00bb\u00a0\u00bb el_class=\u00a0\u00bbriga-testo-padding\u00a0\u00bb][vc_column offset=\u00a0\u00bbvc_col-md-3&Prime;][vc_widget_sidebar sidebar_id=\u00a0\u00bbSidebar-Societa\u00a0\u00bb][\/vc_column][vc_column offset=\u00a0\u00bbvc_col-md-9&Prime;][vc_column_text css=\u00a0\u00bb\u00a0\u00bb]Conform\u00e9ment \u00e0 l&rsquo;accord sign\u00e9 avec le minist\u00e8re des Infrastructures et des Transports le 5 mars 2024, la soci\u00e9t\u00e9 a soumis au conc\u00e9dant une proposition visant \u00e0 introduire des indicateurs de qualit\u00e9 pour&#8230;<\/p>\n","protected":false},"author":2,"featured_media":0,"parent":0,"menu_order":0,"comment_status":"closed","ping_status":"closed","template":"full_width.php","meta":{"_acf_changed":false,"inline_featured_image":false,"footnotes":""},"class_list":["post-9049","page","type-page","status-publish","hentry","wpautop"],"acf":[],"yoast_head":"<!-- This site is optimized with the Yoast SEO plugin v27.2 - https:\/\/yoast.com\/product\/yoast-seo-wordpress\/ -->\n<title>Indicateurs - ITP - Ivrea Torino Piacenza S.p.A.<\/title>\n<meta name=\"robots\" content=\"index, follow, max-snippet:-1, max-image-preview:large, max-video-preview:-1\" \/>\n<link rel=\"canonical\" href=\"https:\/\/www.itpspa.it\/fr\/indicateurs\/\" \/>\n<meta property=\"og:locale\" content=\"fr_FR\" \/>\n<meta property=\"og:type\" content=\"article\" \/>\n<meta property=\"og:title\" content=\"Indicateurs - ITP - Ivrea Torino Piacenza S.p.A.\" \/>\n<meta property=\"og:description\" content=\"[vc_row css_animation=\u00a0\u00bb\u00a0\u00bb row_type=\u00a0\u00bbrow\u00a0\u00bb use_row_as_full_screen_section=\u00a0\u00bbno\u00a0\u00bb type=\u00a0\u00bbfull_width\u00a0\u00bb angled_section=\u00a0\u00bbno\u00a0\u00bb text_align=\u00a0\u00bbleft\u00a0\u00bb background_image_as_pattern=\u00a0\u00bbwithout_pattern\u00a0\u00bb z_index=\u00a0\u00bb\u00a0\u00bb el_class=\u00a0\u00bbriga-testo-padding\u00a0\u00bb][vc_column offset=\u00a0\u00bbvc_col-md-3&Prime;][vc_widget_sidebar sidebar_id=\u00a0\u00bbSidebar-Societa\u00a0\u00bb][\/vc_column][vc_column offset=\u00a0\u00bbvc_col-md-9&Prime;][vc_column_text css=\u00a0\u00bb\u00a0\u00bb]Conform\u00e9ment \u00e0 l&rsquo;accord sign\u00e9 avec le minist\u00e8re des Infrastructures et des Transports le 5 mars 2024, la soci\u00e9t\u00e9 a soumis au conc\u00e9dant une proposition visant \u00e0 introduire des indicateurs de qualit\u00e9 pour...\" \/>\n<meta property=\"og:url\" content=\"https:\/\/www.itpspa.it\/fr\/indicateurs\/\" \/>\n<meta property=\"og:site_name\" content=\"ITP - Ivrea Torino Piacenza S.p.A.\" \/>\n<meta property=\"article:modified_time\" content=\"2026-04-03T06:05:27+00:00\" \/>\n<meta name=\"twitter:card\" content=\"summary_large_image\" \/>\n<meta name=\"twitter:label1\" content=\"Dur\u00e9e de lecture estim\u00e9e\" \/>\n\t<meta name=\"twitter:data1\" content=\"1 minute\" \/>\n<script type=\"application\/ld+json\" class=\"yoast-schema-graph\">{\"@context\":\"https:\/\/schema.org\",\"@graph\":[{\"@type\":\"WebPage\",\"@id\":\"https:\/\/www.itpspa.it\/fr\/indicateurs\/\",\"url\":\"https:\/\/www.itpspa.it\/fr\/indicateurs\/\",\"name\":\"Indicateurs - ITP - Ivrea Torino Piacenza S.p.A.\",\"isPartOf\":{\"@id\":\"https:\/\/www.itpspa.it\/#website\"},\"datePublished\":\"2024-11-27T10:31:37+00:00\",\"dateModified\":\"2026-04-03T06:05:27+00:00\",\"breadcrumb\":{\"@id\":\"https:\/\/www.itpspa.it\/fr\/indicateurs\/#breadcrumb\"},\"inLanguage\":\"fr-FR\",\"potentialAction\":[{\"@type\":\"ReadAction\",\"target\":[\"https:\/\/www.itpspa.it\/fr\/indicateurs\/\"]}]},{\"@type\":\"BreadcrumbList\",\"@id\":\"https:\/\/www.itpspa.it\/fr\/indicateurs\/#breadcrumb\",\"itemListElement\":[{\"@type\":\"ListItem\",\"position\":1,\"name\":\"Home\",\"item\":\"https:\/\/www.itpspa.it\/fr\/\"},{\"@type\":\"ListItem\",\"position\":2,\"name\":\"Indicateurs\"}]},{\"@type\":\"WebSite\",\"@id\":\"https:\/\/www.itpspa.it\/#website\",\"url\":\"https:\/\/www.itpspa.it\/\",\"name\":\"ITP - Ivrea Torino Piacenza S.p.A.\",\"description\":\"ITP - Ivrea Torino Piacenza S.p.A.\",\"publisher\":{\"@id\":\"https:\/\/www.itpspa.it\/#organization\"},\"alternateName\":\"ITP S.p.A.\",\"potentialAction\":[{\"@type\":\"SearchAction\",\"target\":{\"@type\":\"EntryPoint\",\"urlTemplate\":\"https:\/\/www.itpspa.it\/?s={search_term_string}\"},\"query-input\":{\"@type\":\"PropertyValueSpecification\",\"valueRequired\":true,\"valueName\":\"search_term_string\"}}],\"inLanguage\":\"fr-FR\"},{\"@type\":\"Organization\",\"@id\":\"https:\/\/www.itpspa.it\/#organization\",\"name\":\"ITP - Ivrea Torino Piacenza S.p.A.\",\"alternateName\":\"ITP S.p.A.\",\"url\":\"https:\/\/www.itpspa.it\/\",\"logo\":{\"@type\":\"ImageObject\",\"inLanguage\":\"fr-FR\",\"@id\":\"https:\/\/www.itpspa.it\/#\/schema\/logo\/image\/\",\"url\":\"https:\/\/www.itpspa.it\/wp-content\/uploads\/ITP-Concessionaria-autostrada-IVREA-TORINO-PIACENZA-1-1.svg\",\"contentUrl\":\"https:\/\/www.itpspa.it\/wp-content\/uploads\/ITP-Concessionaria-autostrada-IVREA-TORINO-PIACENZA-1-1.svg\",\"width\":\"1024\",\"height\":\"1024\",\"caption\":\"ITP - Ivrea Torino Piacenza S.p.A.\"},\"image\":{\"@id\":\"https:\/\/www.itpspa.it\/#\/schema\/logo\/image\/\"}}]}<\/script>\n<!-- \/ Yoast SEO plugin. -->","yoast_head_json":{"title":"Indicateurs - ITP - Ivrea Torino Piacenza S.p.A.","robots":{"index":"index","follow":"follow","max-snippet":"max-snippet:-1","max-image-preview":"max-image-preview:large","max-video-preview":"max-video-preview:-1"},"canonical":"https:\/\/www.itpspa.it\/fr\/indicateurs\/","og_locale":"fr_FR","og_type":"article","og_title":"Indicateurs - ITP - Ivrea Torino Piacenza S.p.A.","og_description":"[vc_row css_animation=\u00a0\u00bb\u00a0\u00bb row_type=\u00a0\u00bbrow\u00a0\u00bb use_row_as_full_screen_section=\u00a0\u00bbno\u00a0\u00bb type=\u00a0\u00bbfull_width\u00a0\u00bb angled_section=\u00a0\u00bbno\u00a0\u00bb text_align=\u00a0\u00bbleft\u00a0\u00bb background_image_as_pattern=\u00a0\u00bbwithout_pattern\u00a0\u00bb z_index=\u00a0\u00bb\u00a0\u00bb el_class=\u00a0\u00bbriga-testo-padding\u00a0\u00bb][vc_column offset=\u00a0\u00bbvc_col-md-3&Prime;][vc_widget_sidebar sidebar_id=\u00a0\u00bbSidebar-Societa\u00a0\u00bb][\/vc_column][vc_column offset=\u00a0\u00bbvc_col-md-9&Prime;][vc_column_text css=\u00a0\u00bb\u00a0\u00bb]Conform\u00e9ment \u00e0 l&rsquo;accord sign\u00e9 avec le minist\u00e8re des Infrastructures et des Transports le 5 mars 2024, la soci\u00e9t\u00e9 a soumis au conc\u00e9dant une proposition visant \u00e0 introduire des indicateurs de qualit\u00e9 pour...","og_url":"https:\/\/www.itpspa.it\/fr\/indicateurs\/","og_site_name":"ITP - Ivrea Torino Piacenza S.p.A.","article_modified_time":"2026-04-03T06:05:27+00:00","twitter_card":"summary_large_image","twitter_misc":{"Dur\u00e9e de lecture estim\u00e9e":"1 minute"},"schema":{"@context":"https:\/\/schema.org","@graph":[{"@type":"WebPage","@id":"https:\/\/www.itpspa.it\/fr\/indicateurs\/","url":"https:\/\/www.itpspa.it\/fr\/indicateurs\/","name":"Indicateurs - ITP - Ivrea Torino Piacenza S.p.A.","isPartOf":{"@id":"https:\/\/www.itpspa.it\/#website"},"datePublished":"2024-11-27T10:31:37+00:00","dateModified":"2026-04-03T06:05:27+00:00","breadcrumb":{"@id":"https:\/\/www.itpspa.it\/fr\/indicateurs\/#breadcrumb"},"inLanguage":"fr-FR","potentialAction":[{"@type":"ReadAction","target":["https:\/\/www.itpspa.it\/fr\/indicateurs\/"]}]},{"@type":"BreadcrumbList","@id":"https:\/\/www.itpspa.it\/fr\/indicateurs\/#breadcrumb","itemListElement":[{"@type":"ListItem","position":1,"name":"Home","item":"https:\/\/www.itpspa.it\/fr\/"},{"@type":"ListItem","position":2,"name":"Indicateurs"}]},{"@type":"WebSite","@id":"https:\/\/www.itpspa.it\/#website","url":"https:\/\/www.itpspa.it\/","name":"ITP - Ivrea Torino Piacenza S.p.A.","description":"ITP - Ivrea Torino Piacenza S.p.A.","publisher":{"@id":"https:\/\/www.itpspa.it\/#organization"},"alternateName":"ITP S.p.A.","potentialAction":[{"@type":"SearchAction","target":{"@type":"EntryPoint","urlTemplate":"https:\/\/www.itpspa.it\/?s={search_term_string}"},"query-input":{"@type":"PropertyValueSpecification","valueRequired":true,"valueName":"search_term_string"}}],"inLanguage":"fr-FR"},{"@type":"Organization","@id":"https:\/\/www.itpspa.it\/#organization","name":"ITP - Ivrea Torino Piacenza S.p.A.","alternateName":"ITP S.p.A.","url":"https:\/\/www.itpspa.it\/","logo":{"@type":"ImageObject","inLanguage":"fr-FR","@id":"https:\/\/www.itpspa.it\/#\/schema\/logo\/image\/","url":"https:\/\/www.itpspa.it\/wp-content\/uploads\/ITP-Concessionaria-autostrada-IVREA-TORINO-PIACENZA-1-1.svg","contentUrl":"https:\/\/www.itpspa.it\/wp-content\/uploads\/ITP-Concessionaria-autostrada-IVREA-TORINO-PIACENZA-1-1.svg","width":"1024","height":"1024","caption":"ITP - Ivrea Torino Piacenza S.p.A."},"image":{"@id":"https:\/\/www.itpspa.it\/#\/schema\/logo\/image\/"}}]}},"publishpress_future_workflow_manual_trigger":{"enabledWorkflows":[]},"_links":{"self":[{"href":"https:\/\/www.itpspa.it\/fr\/wp-json\/wp\/v2\/pages\/9049","targetHints":{"allow":["GET"]}}],"collection":[{"href":"https:\/\/www.itpspa.it\/fr\/wp-json\/wp\/v2\/pages"}],"about":[{"href":"https:\/\/www.itpspa.it\/fr\/wp-json\/wp\/v2\/types\/page"}],"author":[{"embeddable":true,"href":"https:\/\/www.itpspa.it\/fr\/wp-json\/wp\/v2\/users\/2"}],"replies":[{"embeddable":true,"href":"https:\/\/www.itpspa.it\/fr\/wp-json\/wp\/v2\/comments?post=9049"}],"version-history":[{"count":7,"href":"https:\/\/www.itpspa.it\/fr\/wp-json\/wp\/v2\/pages\/9049\/revisions"}],"predecessor-version":[{"id":9824,"href":"https:\/\/www.itpspa.it\/fr\/wp-json\/wp\/v2\/pages\/9049\/revisions\/9824"}],"wp:attachment":[{"href":"https:\/\/www.itpspa.it\/fr\/wp-json\/wp\/v2\/media?parent=9049"}],"curies":[{"name":"wp","href":"https:\/\/api.w.org\/{rel}","templated":true}]}}