{"id":9041,"date":"2024-11-27T09:32:33","date_gmt":"2024-11-27T08:32:33","guid":{"rendered":"https:\/\/www.itpspa.it\/organi-sociali\/"},"modified":"2026-02-09T11:35:56","modified_gmt":"2026-02-09T10:35:56","slug":"organes-dentreprise","status":"publish","type":"page","link":"https:\/\/www.itpspa.it\/fr\/organes-dentreprise\/","title":{"rendered":"Organes d\u2019entreprise"},"content":{"rendered":"<div class=\"wpb-content-wrapper\"><p>[vc_row css_animation=\u00a0\u00bb\u00a0\u00bb row_type=\u00a0\u00bbrow\u00a0\u00bb use_row_as_full_screen_section=\u00a0\u00bbno\u00a0\u00bb type=\u00a0\u00bbfull_width\u00a0\u00bb angled_section=\u00a0\u00bbno\u00a0\u00bb text_align=\u00a0\u00bbleft\u00a0\u00bb background_image_as_pattern=\u00a0\u00bbwithout_pattern\u00a0\u00bb z_index=\u00a0\u00bb\u00a0\u00bb el_class=\u00a0\u00bbriga-testo-padding\u00a0\u00bb][vc_column offset=\u00a0\u00bbvc_col-md-3&Prime;][vc_widget_sidebar sidebar_id=\u00a0\u00bbSidebar-Societa\u00a0\u00bb][\/vc_column][vc_column offset=\u00a0\u00bbvc_col-md-9&Prime;][vc_column_text css=\u00a0\u00bb\u00a0\u00bb]<\/p>\n<h2>ORGANIGRAMME DE LA SOCI\u00c9T\u00c9<\/h2>\n<p><strong>ITP<\/strong>\u00a0(IVREA TORINO PIACENZA S.p.A.) est une soci\u00e9t\u00e9 anonyme cr\u00e9\u00e9e \u00e0 Turin le 10 mars 2022 dans le but de construire et de g\u00e9rer des art\u00e8res autorouti\u00e8res \u00e0 p\u00e9age en concession.<br \/>\nLe si\u00e8ge social est situ\u00e9 \u00e0 Turin, Corso Vittorio Emanuele II, 178 10138, tandis que le si\u00e8ge d\u2019exploitation se trouve \u00e0 Turin, Strada della Cebrosa n\u00b0 86.<\/p>\n<p>&nbsp;<\/p>\n<h3>Organes d\u2019entreprise<\/h3>\n<ul>\n<li>Pr\u00e9sident du conseil GIUSEPPE MANGO<\/li>\n<li>Directeur g\u00e9n\u00e9ral\u00a0<span data-olk-copy-source=\"MessageBody\">CLAUDIO DOGLIANI<\/span><\/li>\n<li>Directeur g\u00e9n\u00e9ral\u00a0<span data-olk-copy-source=\"MessageBody\">FERNANDO JOAQUIN\u00a0<\/span><span data-olk-copy-source=\"MessageBody\">PARDO GARCIA\u00a0<\/span><\/li>\n<li>Conseiller\u00a0<span data-olk-copy-source=\"MessageBody\">FRANCESCO DOGLIANI<\/span><\/li>\n<li>Conseiller\u00a0<span data-olk-copy-source=\"MessageBody\">GIOVANNI SALVATORE D&rsquo;AGOSTINO<\/span><\/li>\n<li>Conseiller JIMENEZ ORTEGA DOMINGO<\/li>\n<li>Conseiller\u00a0<span data-olk-copy-source=\"MessageBody\">ELENA VAUDANO<\/span><\/li>\n<\/ul>\n<p>&nbsp;<\/p>\n<h3>Conseil des commissaires aux comptes<\/h3>\n<ul>\n<li><span data-olk-copy-source=\"MessageBody\">Pr\u00e9sident du conseil des commissaires aux comptes MARCELLO BESSONE<\/span><\/li>\n<li><span data-olk-copy-source=\"MessageBody\">Commissaire aux comptes RUGGIERO PINTO<\/span><\/li>\n<li><span data-olk-copy-source=\"MessageBody\">Commissaire aux comptes ROBERTO FRASCINELLI<\/span><\/li>\n<li><span data-olk-copy-source=\"MessageBody\">Commissaire aux comptes SALVATORE RAIA<\/span><\/li>\n<li><span data-olk-copy-source=\"MessageBody\">Commissaire aux comptes ANDREA GABOLA<\/span><\/li>\n<li><span data-olk-copy-source=\"MessageBody\">Commissaire aux comptes suppl\u00e9ant FRANCESCO SOLLAZZO<\/span><\/li>\n<li><span data-olk-copy-source=\"MessageBody\">Commissaire aux comptes suppl\u00e9ant ALESSANDRO PASQUINI<\/span><\/li>\n<\/ul>\n<p>&nbsp;<\/p>\n<h3>Soci\u00e9t\u00e9 d&rsquo;audit<\/h3>\n<ul>\n<li><span data-olk-copy-source=\"MessageBody\">BDO ITALIA SPA<\/span><\/li>\n<\/ul>\n<p>[\/vc_column_text][\/vc_column][\/vc_row]<\/p>\n<\/div>","protected":false},"excerpt":{"rendered":"<p>[vc_row css_animation=\u00a0\u00bb\u00a0\u00bb row_type=\u00a0\u00bbrow\u00a0\u00bb use_row_as_full_screen_section=\u00a0\u00bbno\u00a0\u00bb type=\u00a0\u00bbfull_width\u00a0\u00bb angled_section=\u00a0\u00bbno\u00a0\u00bb text_align=\u00a0\u00bbleft\u00a0\u00bb background_image_as_pattern=\u00a0\u00bbwithout_pattern\u00a0\u00bb z_index=\u00a0\u00bb\u00a0\u00bb el_class=\u00a0\u00bbriga-testo-padding\u00a0\u00bb][vc_column offset=\u00a0\u00bbvc_col-md-3&Prime;][vc_widget_sidebar sidebar_id=\u00a0\u00bbSidebar-Societa\u00a0\u00bb][\/vc_column][vc_column offset=\u00a0\u00bbvc_col-md-9&Prime;][vc_column_text css=\u00a0\u00bb\u00a0\u00bb] ORGANIGRAMME DE LA SOCI\u00c9T\u00c9 ITP\u00a0(IVREA TORINO PIACENZA S.p.A.) est une soci\u00e9t\u00e9 anonyme cr\u00e9\u00e9e \u00e0 Turin le 10 mars 2022 dans le but de construire et de g\u00e9rer des art\u00e8res autorouti\u00e8res \u00e0&#8230;<\/p>\n","protected":false},"author":2,"featured_media":0,"parent":0,"menu_order":0,"comment_status":"closed","ping_status":"closed","template":"full_width.php","meta":{"_acf_changed":false,"inline_featured_image":false,"footnotes":""},"class_list":["post-9041","page","type-page","status-publish","hentry","wpautop"],"acf":[],"yoast_head":"<!-- This site is optimized with the Yoast SEO plugin v27.2 - https:\/\/yoast.com\/product\/yoast-seo-wordpress\/ -->\n<title>Organes d\u2019entreprise - ITP - Ivrea Torino Piacenza S.p.A.<\/title>\n<meta name=\"robots\" content=\"index, follow, max-snippet:-1, max-image-preview:large, max-video-preview:-1\" \/>\n<link rel=\"canonical\" href=\"https:\/\/www.itpspa.it\/fr\/organes-dentreprise\/\" \/>\n<meta property=\"og:locale\" content=\"fr_FR\" \/>\n<meta property=\"og:type\" content=\"article\" \/>\n<meta property=\"og:title\" content=\"Organes d\u2019entreprise - ITP - Ivrea Torino Piacenza S.p.A.\" \/>\n<meta property=\"og:description\" content=\"[vc_row css_animation=\u00a0\u00bb\u00a0\u00bb row_type=\u00a0\u00bbrow\u00a0\u00bb use_row_as_full_screen_section=\u00a0\u00bbno\u00a0\u00bb type=\u00a0\u00bbfull_width\u00a0\u00bb angled_section=\u00a0\u00bbno\u00a0\u00bb text_align=\u00a0\u00bbleft\u00a0\u00bb background_image_as_pattern=\u00a0\u00bbwithout_pattern\u00a0\u00bb z_index=\u00a0\u00bb\u00a0\u00bb el_class=\u00a0\u00bbriga-testo-padding\u00a0\u00bb][vc_column offset=\u00a0\u00bbvc_col-md-3&Prime;][vc_widget_sidebar sidebar_id=\u00a0\u00bbSidebar-Societa\u00a0\u00bb][\/vc_column][vc_column offset=\u00a0\u00bbvc_col-md-9&Prime;][vc_column_text css=\u00a0\u00bb\u00a0\u00bb] ORGANIGRAMME DE LA SOCI\u00c9T\u00c9 ITP\u00a0(IVREA TORINO PIACENZA S.p.A.) est une soci\u00e9t\u00e9 anonyme cr\u00e9\u00e9e \u00e0 Turin le 10 mars 2022 dans le but de construire et de g\u00e9rer des art\u00e8res autorouti\u00e8res \u00e0...\" \/>\n<meta property=\"og:url\" content=\"https:\/\/www.itpspa.it\/fr\/organes-dentreprise\/\" \/>\n<meta property=\"og:site_name\" content=\"ITP - Ivrea Torino Piacenza S.p.A.\" \/>\n<meta property=\"article:modified_time\" content=\"2026-02-09T10:35:56+00:00\" \/>\n<meta name=\"twitter:card\" content=\"summary_large_image\" \/>\n<meta name=\"twitter:label1\" content=\"Dur\u00e9e de lecture estim\u00e9e\" \/>\n\t<meta name=\"twitter:data1\" content=\"1 minute\" \/>\n<script type=\"application\/ld+json\" class=\"yoast-schema-graph\">{\"@context\":\"https:\/\/schema.org\",\"@graph\":[{\"@type\":\"WebPage\",\"@id\":\"https:\/\/www.itpspa.it\/fr\/organes-dentreprise\/\",\"url\":\"https:\/\/www.itpspa.it\/fr\/organes-dentreprise\/\",\"name\":\"Organes d\u2019entreprise - ITP - Ivrea Torino Piacenza S.p.A.\",\"isPartOf\":{\"@id\":\"https:\/\/www.itpspa.it\/#website\"},\"datePublished\":\"2024-11-27T08:32:33+00:00\",\"dateModified\":\"2026-02-09T10:35:56+00:00\",\"breadcrumb\":{\"@id\":\"https:\/\/www.itpspa.it\/fr\/organes-dentreprise\/#breadcrumb\"},\"inLanguage\":\"fr-FR\",\"potentialAction\":[{\"@type\":\"ReadAction\",\"target\":[\"https:\/\/www.itpspa.it\/fr\/organes-dentreprise\/\"]}]},{\"@type\":\"BreadcrumbList\",\"@id\":\"https:\/\/www.itpspa.it\/fr\/organes-dentreprise\/#breadcrumb\",\"itemListElement\":[{\"@type\":\"ListItem\",\"position\":1,\"name\":\"Home\",\"item\":\"https:\/\/www.itpspa.it\/fr\/\"},{\"@type\":\"ListItem\",\"position\":2,\"name\":\"Organes d\u2019entreprise\"}]},{\"@type\":\"WebSite\",\"@id\":\"https:\/\/www.itpspa.it\/#website\",\"url\":\"https:\/\/www.itpspa.it\/\",\"name\":\"ITP - Ivrea Torino Piacenza S.p.A.\",\"description\":\"ITP - Ivrea Torino Piacenza S.p.A.\",\"publisher\":{\"@id\":\"https:\/\/www.itpspa.it\/#organization\"},\"alternateName\":\"ITP S.p.A.\",\"potentialAction\":[{\"@type\":\"SearchAction\",\"target\":{\"@type\":\"EntryPoint\",\"urlTemplate\":\"https:\/\/www.itpspa.it\/?s={search_term_string}\"},\"query-input\":{\"@type\":\"PropertyValueSpecification\",\"valueRequired\":true,\"valueName\":\"search_term_string\"}}],\"inLanguage\":\"fr-FR\"},{\"@type\":\"Organization\",\"@id\":\"https:\/\/www.itpspa.it\/#organization\",\"name\":\"ITP - Ivrea Torino Piacenza S.p.A.\",\"alternateName\":\"ITP S.p.A.\",\"url\":\"https:\/\/www.itpspa.it\/\",\"logo\":{\"@type\":\"ImageObject\",\"inLanguage\":\"fr-FR\",\"@id\":\"https:\/\/www.itpspa.it\/#\/schema\/logo\/image\/\",\"url\":\"https:\/\/www.itpspa.it\/wp-content\/uploads\/ITP-Concessionaria-autostrada-IVREA-TORINO-PIACENZA-1-1.svg\",\"contentUrl\":\"https:\/\/www.itpspa.it\/wp-content\/uploads\/ITP-Concessionaria-autostrada-IVREA-TORINO-PIACENZA-1-1.svg\",\"width\":\"1024\",\"height\":\"1024\",\"caption\":\"ITP - Ivrea Torino Piacenza S.p.A.\"},\"image\":{\"@id\":\"https:\/\/www.itpspa.it\/#\/schema\/logo\/image\/\"}}]}<\/script>\n<!-- \/ Yoast SEO plugin. -->","yoast_head_json":{"title":"Organes d\u2019entreprise - ITP - Ivrea Torino Piacenza S.p.A.","robots":{"index":"index","follow":"follow","max-snippet":"max-snippet:-1","max-image-preview":"max-image-preview:large","max-video-preview":"max-video-preview:-1"},"canonical":"https:\/\/www.itpspa.it\/fr\/organes-dentreprise\/","og_locale":"fr_FR","og_type":"article","og_title":"Organes d\u2019entreprise - ITP - Ivrea Torino Piacenza S.p.A.","og_description":"[vc_row css_animation=\u00a0\u00bb\u00a0\u00bb row_type=\u00a0\u00bbrow\u00a0\u00bb use_row_as_full_screen_section=\u00a0\u00bbno\u00a0\u00bb type=\u00a0\u00bbfull_width\u00a0\u00bb angled_section=\u00a0\u00bbno\u00a0\u00bb text_align=\u00a0\u00bbleft\u00a0\u00bb background_image_as_pattern=\u00a0\u00bbwithout_pattern\u00a0\u00bb z_index=\u00a0\u00bb\u00a0\u00bb el_class=\u00a0\u00bbriga-testo-padding\u00a0\u00bb][vc_column offset=\u00a0\u00bbvc_col-md-3&Prime;][vc_widget_sidebar sidebar_id=\u00a0\u00bbSidebar-Societa\u00a0\u00bb][\/vc_column][vc_column offset=\u00a0\u00bbvc_col-md-9&Prime;][vc_column_text css=\u00a0\u00bb\u00a0\u00bb] ORGANIGRAMME DE LA SOCI\u00c9T\u00c9 ITP\u00a0(IVREA TORINO PIACENZA S.p.A.) est une soci\u00e9t\u00e9 anonyme cr\u00e9\u00e9e \u00e0 Turin le 10 mars 2022 dans le but de construire et de g\u00e9rer des art\u00e8res autorouti\u00e8res \u00e0...","og_url":"https:\/\/www.itpspa.it\/fr\/organes-dentreprise\/","og_site_name":"ITP - Ivrea Torino Piacenza S.p.A.","article_modified_time":"2026-02-09T10:35:56+00:00","twitter_card":"summary_large_image","twitter_misc":{"Dur\u00e9e de lecture estim\u00e9e":"1 minute"},"schema":{"@context":"https:\/\/schema.org","@graph":[{"@type":"WebPage","@id":"https:\/\/www.itpspa.it\/fr\/organes-dentreprise\/","url":"https:\/\/www.itpspa.it\/fr\/organes-dentreprise\/","name":"Organes d\u2019entreprise - ITP - Ivrea Torino Piacenza S.p.A.","isPartOf":{"@id":"https:\/\/www.itpspa.it\/#website"},"datePublished":"2024-11-27T08:32:33+00:00","dateModified":"2026-02-09T10:35:56+00:00","breadcrumb":{"@id":"https:\/\/www.itpspa.it\/fr\/organes-dentreprise\/#breadcrumb"},"inLanguage":"fr-FR","potentialAction":[{"@type":"ReadAction","target":["https:\/\/www.itpspa.it\/fr\/organes-dentreprise\/"]}]},{"@type":"BreadcrumbList","@id":"https:\/\/www.itpspa.it\/fr\/organes-dentreprise\/#breadcrumb","itemListElement":[{"@type":"ListItem","position":1,"name":"Home","item":"https:\/\/www.itpspa.it\/fr\/"},{"@type":"ListItem","position":2,"name":"Organes d\u2019entreprise"}]},{"@type":"WebSite","@id":"https:\/\/www.itpspa.it\/#website","url":"https:\/\/www.itpspa.it\/","name":"ITP - Ivrea Torino Piacenza S.p.A.","description":"ITP - Ivrea Torino Piacenza S.p.A.","publisher":{"@id":"https:\/\/www.itpspa.it\/#organization"},"alternateName":"ITP S.p.A.","potentialAction":[{"@type":"SearchAction","target":{"@type":"EntryPoint","urlTemplate":"https:\/\/www.itpspa.it\/?s={search_term_string}"},"query-input":{"@type":"PropertyValueSpecification","valueRequired":true,"valueName":"search_term_string"}}],"inLanguage":"fr-FR"},{"@type":"Organization","@id":"https:\/\/www.itpspa.it\/#organization","name":"ITP - Ivrea Torino Piacenza S.p.A.","alternateName":"ITP S.p.A.","url":"https:\/\/www.itpspa.it\/","logo":{"@type":"ImageObject","inLanguage":"fr-FR","@id":"https:\/\/www.itpspa.it\/#\/schema\/logo\/image\/","url":"https:\/\/www.itpspa.it\/wp-content\/uploads\/ITP-Concessionaria-autostrada-IVREA-TORINO-PIACENZA-1-1.svg","contentUrl":"https:\/\/www.itpspa.it\/wp-content\/uploads\/ITP-Concessionaria-autostrada-IVREA-TORINO-PIACENZA-1-1.svg","width":"1024","height":"1024","caption":"ITP - Ivrea Torino Piacenza S.p.A."},"image":{"@id":"https:\/\/www.itpspa.it\/#\/schema\/logo\/image\/"}}]}},"publishpress_future_workflow_manual_trigger":{"enabledWorkflows":[]},"_links":{"self":[{"href":"https:\/\/www.itpspa.it\/fr\/wp-json\/wp\/v2\/pages\/9041","targetHints":{"allow":["GET"]}}],"collection":[{"href":"https:\/\/www.itpspa.it\/fr\/wp-json\/wp\/v2\/pages"}],"about":[{"href":"https:\/\/www.itpspa.it\/fr\/wp-json\/wp\/v2\/types\/page"}],"author":[{"embeddable":true,"href":"https:\/\/www.itpspa.it\/fr\/wp-json\/wp\/v2\/users\/2"}],"replies":[{"embeddable":true,"href":"https:\/\/www.itpspa.it\/fr\/wp-json\/wp\/v2\/comments?post=9041"}],"version-history":[{"count":1,"href":"https:\/\/www.itpspa.it\/fr\/wp-json\/wp\/v2\/pages\/9041\/revisions"}],"predecessor-version":[{"id":9042,"href":"https:\/\/www.itpspa.it\/fr\/wp-json\/wp\/v2\/pages\/9041\/revisions\/9042"}],"wp:attachment":[{"href":"https:\/\/www.itpspa.it\/fr\/wp-json\/wp\/v2\/media?parent=9041"}],"curies":[{"name":"wp","href":"https:\/\/api.w.org\/{rel}","templated":true}]}}